{"id":19402,"date":"2022-07-29T21:43:11","date_gmt":"2022-07-29T21:43:11","guid":{"rendered":"https:\/\/mabawater.com\/producto\/kit-equipo-suavizador-no-ensamblado-purikor3ft%c2%b3-tanque-fibra14x65-tanque-salmuera-145lts-valvula-pkvs27d-3-resina\/"},"modified":"2026-03-09T20:09:42","modified_gmt":"2026-03-09T20:09:42","slug":"kit-equipo-suavizador-no-ensamblado-purikor3ft%c2%b3-tanque-fibra14x65-tanque-salmuera-145lts-valvula-pkvs27d-3-resina","status":"publish","type":"product","link":"https:\/\/mabawater.com\/en\/product\/kit-equipo-suavizador-no-ensamblado-purikor3ft%c2%b3-tanque-fibra14x65-tanque-salmuera-145lts-valvula-pkvs27d-3-resina\/","title":{"rendered":"Kit equipo suavizador no ensamblado PURIKOR,3ft\u00b3, tanque fibra14&#8243;x65&#8243;, tanque salmuera 145lts, v\u00e1lvula PKVS27D, 3 resina"},"content":{"rendered":"","protected":false},"excerpt":{"rendered":"<p>El <strong data-start=\"370\" data-end=\"447\"><span class=\"whitespace-normal\">Purikor<\/span> Kit Equipo Suavizador de Agua 3 ft\u00b3<\/strong> es una soluci\u00f3n eficiente y confiable para eliminar la dureza del agua en aplicaciones residenciales, comerciales e industriales. Este sistema est\u00e1 dise\u00f1ado para <strong data-start=\"610\" data-end=\"655\">reducir la presencia de calcio y magnesio<\/strong>, responsables de la formaci\u00f3n de sarro en tuber\u00edas, calentadores, electrodom\u00e9sticos y <strong>equipos hidr\u00e1ulicos<\/strong>.<\/p>\n<ul>\n<li>Kit equipo suavizador no ensamblado <strong>PURIKOR<\/strong><\/li>\n<li>3ft\u00b3,<\/li>\n<li>Tanque fibra 14&#8243;x65&#8243;<\/li>\n<li>Tanque salmuera 145 lts<\/li>\n<li>V\u00e1lvula PKVS27D<\/li>\n<li>3 resina<\/li>\n<\/ul>\n<p><a href=\"https:\/\/mabawater.com\/wp-content\/uploads\/2022\/07\/cg_catalogo_de_kit_para_suavizadores.pdf\">Descarga la ficha t\u00e9cnica aqu\u00ed<\/a><\/p>","protected":false},"featured_media":19372,"comment_status":"open","ping_status":"closed","template":"","meta":[],"product_brand":[],"product_cat":[145,76],"product_tag":[],"class_list":{"0":"post-19402","1":"product","2":"type-product","3":"status-publish","4":"has-post-thumbnail","6":"product_cat-tratamiento-de-agua","7":"product_cat-linea-anti-sarro","9":"first","10":"instock","11":"shipping-taxable","12":"product-type-simple"},"yoast_head":"<!-- This site is optimized with the Yoast SEO plugin v26.6 - https:\/\/yoast.com\/wordpress\/plugins\/seo\/ -->\n<title>Kit equipo suavizador no ensamblado PURIKOR,3ft\u00b3, tanque fibra14&quot;x65&quot;, tanque salmuera 145lts, v\u00e1lvula PKVS27D, 3 resina - Maba Water<\/title>\n<meta name=\"robots\" content=\"index, follow, max-snippet:-1, max-image-preview:large, max-video-preview:-1\" \/>\n<link rel=\"canonical\" href=\"https:\/\/mabawater.com\/en\/product\/kit-equipo-suavizador-no-ensamblado-purikor3ft\u00b3-tanque-fibra14x65-tanque-salmuera-145lts-valvula-pkvs27d-3-resina\/\" \/>\n<meta property=\"og:locale\" content=\"en_US\" \/>\n<meta property=\"og:type\" content=\"article\" \/>\n<meta property=\"og:title\" content=\"Kit equipo suavizador no ensamblado PURIKOR,3ft\u00b3, tanque fibra14&quot;x65&quot;, tanque salmuera 145lts, v\u00e1lvula PKVS27D, 3 resina - Maba Water\" \/>\n<meta property=\"og:description\" content=\"El Purikor Kit Equipo Suavizador de Agua 3 ft\u00b3 es una soluci\u00f3n eficiente y confiable para eliminar la dureza del agua en aplicaciones residenciales, comerciales e industriales. Este sistema est\u00e1 dise\u00f1ado para reducir la presencia de calcio y magnesio, responsables de la formaci\u00f3n de sarro en tuber\u00edas, calentadores, electrodom\u00e9sticos y equipos hidr\u00e1ulicos.   Kit equipo suavizador no ensamblado PURIKOR  3ft\u00b3,  Tanque fibra 14&quot;x65&quot;  Tanque salmuera 145 lts  V\u00e1lvula PKVS27D  3 resina  Descarga la ficha t\u00e9cnica aqu\u00ed\" \/>\n<meta property=\"og:url\" content=\"https:\/\/mabawater.com\/en\/product\/kit-equipo-suavizador-no-ensamblado-purikor3ft\u00b3-tanque-fibra14x65-tanque-salmuera-145lts-valvula-pkvs27d-3-resina\/\" \/>\n<meta property=\"og:site_name\" content=\"Maba Water\" \/>\n<meta property=\"article:publisher\" content=\"https:\/\/www.facebook.com\/mabawater\/\" \/>\n<meta property=\"article:modified_time\" content=\"2026-03-09T20:09:42+00:00\" \/>\n<meta property=\"og:image\" content=\"https:\/\/mabawater.com\/wp-content\/uploads\/2022\/07\/soft32d-4.jpeg\" \/>\n\t<meta property=\"og:image:width\" content=\"1000\" \/>\n\t<meta property=\"og:image:height\" content=\"1000\" \/>\n\t<meta property=\"og:image:type\" content=\"image\/jpeg\" \/>\n<meta name=\"twitter:card\" content=\"summary_large_image\" \/>\n<!-- \/ Yoast SEO plugin. -->","yoast_head_json":{"title":"Kit equipo suavizador no ensamblado PURIKOR,3ft\u00b3, tanque fibra14\"x65\", tanque salmuera 145lts, v\u00e1lvula PKVS27D, 3 resina - Maba Water","robots":{"index":"index","follow":"follow","max-snippet":"max-snippet:-1","max-image-preview":"max-image-preview:large","max-video-preview":"max-video-preview:-1"},"canonical":"https:\/\/mabawater.com\/en\/product\/kit-equipo-suavizador-no-ensamblado-purikor3ft\u00b3-tanque-fibra14x65-tanque-salmuera-145lts-valvula-pkvs27d-3-resina\/","og_locale":"en_US","og_type":"article","og_title":"Kit equipo suavizador no ensamblado PURIKOR,3ft\u00b3, tanque fibra14\"x65\", tanque salmuera 145lts, v\u00e1lvula PKVS27D, 3 resina - Maba Water","og_description":"El Purikor Kit Equipo Suavizador de Agua 3 ft\u00b3 es una soluci\u00f3n eficiente y confiable para eliminar la dureza del agua en aplicaciones residenciales, comerciales e industriales. Este sistema est\u00e1 dise\u00f1ado para reducir la presencia de calcio y magnesio, responsables de la formaci\u00f3n de sarro en tuber\u00edas, calentadores, electrodom\u00e9sticos y equipos hidr\u00e1ulicos.   Kit equipo suavizador no ensamblado PURIKOR  3ft\u00b3,  Tanque fibra 14\"x65\"  Tanque salmuera 145 lts  V\u00e1lvula PKVS27D  3 resina  Descarga la ficha t\u00e9cnica aqu\u00ed","og_url":"https:\/\/mabawater.com\/en\/product\/kit-equipo-suavizador-no-ensamblado-purikor3ft\u00b3-tanque-fibra14x65-tanque-salmuera-145lts-valvula-pkvs27d-3-resina\/","og_site_name":"Maba Water","article_publisher":"https:\/\/www.facebook.com\/mabawater\/","article_modified_time":"2026-03-09T20:09:42+00:00","og_image":[{"width":1000,"height":1000,"url":"https:\/\/mabawater.com\/wp-content\/uploads\/2022\/07\/soft32d-4.jpeg","type":"image\/jpeg"}],"twitter_card":"summary_large_image","schema":{"@context":"https:\/\/schema.org","@graph":[{"@type":"WebPage","@id":"https:\/\/mabawater.com\/producto\/kit-equipo-suavizador-no-ensamblado-purikor3ft%c2%b3-tanque-fibra14x65-tanque-salmuera-145lts-valvula-pkvs27d-3-resina\/","url":"https:\/\/mabawater.com\/producto\/kit-equipo-suavizador-no-ensamblado-purikor3ft%c2%b3-tanque-fibra14x65-tanque-salmuera-145lts-valvula-pkvs27d-3-resina\/","name":"Kit equipo suavizador no ensamblado PURIKOR,3ft\u00b3, tanque fibra14\"x65\", tanque salmuera 145lts, v\u00e1lvula PKVS27D, 3 resina - Maba Water","isPartOf":{"@id":"https:\/\/mabawater.com\/#website"},"primaryImageOfPage":{"@id":"https:\/\/mabawater.com\/producto\/kit-equipo-suavizador-no-ensamblado-purikor3ft%c2%b3-tanque-fibra14x65-tanque-salmuera-145lts-valvula-pkvs27d-3-resina\/#primaryimage"},"image":{"@id":"https:\/\/mabawater.com\/producto\/kit-equipo-suavizador-no-ensamblado-purikor3ft%c2%b3-tanque-fibra14x65-tanque-salmuera-145lts-valvula-pkvs27d-3-resina\/#primaryimage"},"thumbnailUrl":"https:\/\/mabawater.com\/wp-content\/uploads\/2022\/07\/soft32d-4.jpeg","datePublished":"2022-07-29T21:43:11+00:00","dateModified":"2026-03-09T20:09:42+00:00","breadcrumb":{"@id":"https:\/\/mabawater.com\/producto\/kit-equipo-suavizador-no-ensamblado-purikor3ft%c2%b3-tanque-fibra14x65-tanque-salmuera-145lts-valvula-pkvs27d-3-resina\/#breadcrumb"},"inLanguage":"en-US","potentialAction":[{"@type":"ReadAction","target":["https:\/\/mabawater.com\/producto\/kit-equipo-suavizador-no-ensamblado-purikor3ft%c2%b3-tanque-fibra14x65-tanque-salmuera-145lts-valvula-pkvs27d-3-resina\/"]}]},{"@type":"ImageObject","inLanguage":"en-US","@id":"https:\/\/mabawater.com\/producto\/kit-equipo-suavizador-no-ensamblado-purikor3ft%c2%b3-tanque-fibra14x65-tanque-salmuera-145lts-valvula-pkvs27d-3-resina\/#primaryimage","url":"https:\/\/mabawater.com\/wp-content\/uploads\/2022\/07\/soft32d-4.jpeg","contentUrl":"https:\/\/mabawater.com\/wp-content\/uploads\/2022\/07\/soft32d-4.jpeg","width":1000,"height":1000},{"@type":"BreadcrumbList","@id":"https:\/\/mabawater.com\/producto\/kit-equipo-suavizador-no-ensamblado-purikor3ft%c2%b3-tanque-fibra14x65-tanque-salmuera-145lts-valvula-pkvs27d-3-resina\/#breadcrumb","itemListElement":[{"@type":"ListItem","position":1,"name":"Portada","item":"https:\/\/mabawater.com\/"},{"@type":"ListItem","position":2,"name":"Productos Para La Calidad Del Agua","item":"https:\/\/mabawater.com\/productos-para-la-calidad-del-agua\/"},{"@type":"ListItem","position":3,"name":"Kit equipo suavizador no ensamblado PURIKOR,3ft\u00b3, tanque fibra14&#8243;x65&#8243;, tanque salmuera 145lts, v\u00e1lvula PKVS27D, 3 resina"}]},{"@type":"WebSite","@id":"https:\/\/mabawater.com\/#website","url":"https:\/\/mabawater.com\/","name":"Maba Water","description":"Soluciones Hidr\u00e1ulicas Sustentables","publisher":{"@id":"https:\/\/mabawater.com\/#organization"},"potentialAction":[{"@type":"SearchAction","target":{"@type":"EntryPoint","urlTemplate":"https:\/\/mabawater.com\/?s={search_term_string}"},"query-input":{"@type":"PropertyValueSpecification","valueRequired":true,"valueName":"search_term_string"}}],"inLanguage":"en-US"},{"@type":"Organization","@id":"https:\/\/mabawater.com\/#organization","name":"Maba Water","url":"https:\/\/mabawater.com\/","logo":{"@type":"ImageObject","inLanguage":"en-US","@id":"https:\/\/mabawater.com\/#\/schema\/logo\/image\/","url":"https:\/\/mabawater.com\/wp-content\/uploads\/2021\/09\/water-icon.png","contentUrl":"https:\/\/mabawater.com\/wp-content\/uploads\/2021\/09\/water-icon.png","width":410,"height":176,"caption":"Maba Water"},"image":{"@id":"https:\/\/mabawater.com\/#\/schema\/logo\/image\/"},"sameAs":["https:\/\/www.facebook.com\/mabawater\/","https:\/\/www.instagram.com\/mabawater\/?hl=es-la"]}]}},"_links":{"self":[{"href":"https:\/\/mabawater.com\/en\/wp-json\/wp\/v2\/product\/19402","targetHints":{"allow":["GET"]}}],"collection":[{"href":"https:\/\/mabawater.com\/en\/wp-json\/wp\/v2\/product"}],"about":[{"href":"https:\/\/mabawater.com\/en\/wp-json\/wp\/v2\/types\/product"}],"replies":[{"embeddable":true,"href":"https:\/\/mabawater.com\/en\/wp-json\/wp\/v2\/comments?post=19402"}],"version-history":[{"count":2,"href":"https:\/\/mabawater.com\/en\/wp-json\/wp\/v2\/product\/19402\/revisions"}],"predecessor-version":[{"id":30279,"href":"https:\/\/mabawater.com\/en\/wp-json\/wp\/v2\/product\/19402\/revisions\/30279"}],"wp:featuredmedia":[{"embeddable":true,"href":"https:\/\/mabawater.com\/en\/wp-json\/wp\/v2\/media\/19372"}],"wp:attachment":[{"href":"https:\/\/mabawater.com\/en\/wp-json\/wp\/v2\/media?parent=19402"}],"wp:term":[{"taxonomy":"product_brand","embeddable":true,"href":"https:\/\/mabawater.com\/en\/wp-json\/wp\/v2\/product_brand?post=19402"},{"taxonomy":"product_cat","embeddable":true,"href":"https:\/\/mabawater.com\/en\/wp-json\/wp\/v2\/product_cat?post=19402"},{"taxonomy":"product_tag","embeddable":true,"href":"https:\/\/mabawater.com\/en\/wp-json\/wp\/v2\/product_tag?post=19402"}],"curies":[{"name":"wp","href":"https:\/\/api.w.org\/{rel}","templated":true}]}}