{"id":19406,"date":"2022-07-29T21:43:11","date_gmt":"2022-07-29T21:43:11","guid":{"rendered":"https:\/\/mabawater.com\/producto\/kit-equipo-suavizador-no-ensamblado-purikor7ft%c2%b3-tanque-fibra21x62-tanque-salmuera-200lts-valvula-pkvs48d-7-resina\/"},"modified":"2026-03-09T20:17:16","modified_gmt":"2026-03-09T20:17:16","slug":"kit-equipo-suavizador-no-ensamblado-purikor7ft%c2%b3-tanque-fibra21x62-tanque-salmuera-200lts-valvula-pkvs48d-7-resina","status":"publish","type":"product","link":"https:\/\/mabawater.com\/en\/product\/kit-equipo-suavizador-no-ensamblado-purikor7ft%c2%b3-tanque-fibra21x62-tanque-salmuera-200lts-valvula-pkvs48d-7-resina\/","title":{"rendered":"Kit equipo suavizador no ensamblado PURIKOR,7ft\u00b3, tanque fibra21&#8243;x62&#8243;, tanque salmuera 200lts, v\u00e1lvula PKVS48D, 7 resina"},"content":{"rendered":"","protected":false},"excerpt":{"rendered":"<p>El\u00a0<strong data-start=\"370\" data-end=\"447\"><span class=\"whitespace-normal\">Purikor<\/span> Kit Equipo Suavizador de Agua 7 ft\u00b3<\/strong>\u00a0es una soluci\u00f3n eficiente y confiable para eliminar la dureza del agua en aplicaciones residenciales, comerciales e industriales. Este sistema est\u00e1 dise\u00f1ado para\u00a0<strong data-start=\"610\" data-end=\"655\">reducir la presencia de calcio y magnesio<\/strong>, responsables de la formaci\u00f3n de sarro en tuber\u00edas, calentadores, electrodom\u00e9sticos y\u00a0<strong>equipos hidr\u00e1ulicos<\/strong>.<\/p>\n<ul>\n<li>Kit equipo suavizador no ensamblado PURIKOR<\/li>\n<li>7ft\u00b3<\/li>\n<li>Tanque fibra 21&#8243;x62&#8243;<\/li>\n<li>Tanque salmuera 200lts<\/li>\n<li>V\u00e1lvula PKVS48D<\/li>\n<li>7 resina<\/li>\n<\/ul>\n<p><a href=\"https:\/\/mabawater.com\/wp-content\/uploads\/2022\/07\/cg_catalogo_de_kit_para_suavizadores.pdf\">Descarga la ficha t\u00e9cnica aqu\u00ed<\/a><\/p>","protected":false},"featured_media":19373,"comment_status":"open","ping_status":"closed","template":"","meta":[],"product_brand":[],"product_cat":[145,76],"product_tag":[],"class_list":{"0":"post-19406","1":"product","2":"type-product","3":"status-publish","4":"has-post-thumbnail","6":"product_cat-tratamiento-de-agua","7":"product_cat-linea-anti-sarro","9":"first","10":"instock","11":"shipping-taxable","12":"product-type-simple"},"yoast_head":"<!-- This site is optimized with the Yoast SEO plugin v26.6 - https:\/\/yoast.com\/wordpress\/plugins\/seo\/ -->\n<title>Kit equipo suavizador no ensamblado PURIKOR,7ft\u00b3, tanque fibra21&quot;x62&quot;, tanque salmuera 200lts, v\u00e1lvula PKVS48D, 7 resina - Maba Water<\/title>\n<meta name=\"description\" content=\"El\u00a0Purikor Kit Equipo Suavizador de Agua 7 ft\u00b3\u00a0es una soluci\u00f3n eficiente y confiable para eliminar la dureza del agua\" \/>\n<meta name=\"robots\" content=\"index, follow, max-snippet:-1, max-image-preview:large, max-video-preview:-1\" \/>\n<link rel=\"canonical\" href=\"https:\/\/mabawater.com\/en\/product\/kit-equipo-suavizador-no-ensamblado-purikor7ft\u00b3-tanque-fibra21x62-tanque-salmuera-200lts-valvula-pkvs48d-7-resina\/\" \/>\n<meta property=\"og:locale\" content=\"en_US\" \/>\n<meta property=\"og:type\" content=\"article\" \/>\n<meta property=\"og:title\" content=\"Kit equipo suavizador no ensamblado PURIKOR,7ft\u00b3, tanque fibra21&quot;x62&quot;, tanque salmuera 200lts, v\u00e1lvula PKVS48D, 7 resina - Maba Water\" \/>\n<meta property=\"og:description\" content=\"El\u00a0Purikor Kit Equipo Suavizador de Agua 7 ft\u00b3\u00a0es una soluci\u00f3n eficiente y confiable para eliminar la dureza del agua\" \/>\n<meta property=\"og:url\" content=\"https:\/\/mabawater.com\/en\/product\/kit-equipo-suavizador-no-ensamblado-purikor7ft\u00b3-tanque-fibra21x62-tanque-salmuera-200lts-valvula-pkvs48d-7-resina\/\" \/>\n<meta property=\"og:site_name\" content=\"Maba Water\" \/>\n<meta property=\"article:publisher\" content=\"https:\/\/www.facebook.com\/mabawater\/\" \/>\n<meta property=\"article:modified_time\" content=\"2026-03-09T20:17:16+00:00\" \/>\n<meta property=\"og:image\" content=\"https:\/\/mabawater.com\/wp-content\/uploads\/2022\/07\/soft48d-10-1.jpeg\" \/>\n\t<meta property=\"og:image:width\" content=\"1000\" \/>\n\t<meta property=\"og:image:height\" content=\"1000\" \/>\n\t<meta property=\"og:image:type\" content=\"image\/jpeg\" \/>\n<meta name=\"twitter:card\" content=\"summary_large_image\" \/>\n<!-- \/ Yoast SEO plugin. -->","yoast_head_json":{"title":"Kit equipo suavizador no ensamblado PURIKOR,7ft\u00b3, tanque fibra21\"x62\", tanque salmuera 200lts, v\u00e1lvula PKVS48D, 7 resina - Maba Water","description":"El\u00a0Purikor Kit Equipo Suavizador de Agua 7 ft\u00b3\u00a0es una soluci\u00f3n eficiente y confiable para eliminar la dureza del agua","robots":{"index":"index","follow":"follow","max-snippet":"max-snippet:-1","max-image-preview":"max-image-preview:large","max-video-preview":"max-video-preview:-1"},"canonical":"https:\/\/mabawater.com\/en\/product\/kit-equipo-suavizador-no-ensamblado-purikor7ft\u00b3-tanque-fibra21x62-tanque-salmuera-200lts-valvula-pkvs48d-7-resina\/","og_locale":"en_US","og_type":"article","og_title":"Kit equipo suavizador no ensamblado PURIKOR,7ft\u00b3, tanque fibra21\"x62\", tanque salmuera 200lts, v\u00e1lvula PKVS48D, 7 resina - Maba Water","og_description":"El\u00a0Purikor Kit Equipo Suavizador de Agua 7 ft\u00b3\u00a0es una soluci\u00f3n eficiente y confiable para eliminar la dureza del agua","og_url":"https:\/\/mabawater.com\/en\/product\/kit-equipo-suavizador-no-ensamblado-purikor7ft\u00b3-tanque-fibra21x62-tanque-salmuera-200lts-valvula-pkvs48d-7-resina\/","og_site_name":"Maba Water","article_publisher":"https:\/\/www.facebook.com\/mabawater\/","article_modified_time":"2026-03-09T20:17:16+00:00","og_image":[{"width":1000,"height":1000,"url":"https:\/\/mabawater.com\/wp-content\/uploads\/2022\/07\/soft48d-10-1.jpeg","type":"image\/jpeg"}],"twitter_card":"summary_large_image","schema":{"@context":"https:\/\/schema.org","@graph":[{"@type":"WebPage","@id":"https:\/\/mabawater.com\/producto\/kit-equipo-suavizador-no-ensamblado-purikor7ft%c2%b3-tanque-fibra21x62-tanque-salmuera-200lts-valvula-pkvs48d-7-resina\/","url":"https:\/\/mabawater.com\/producto\/kit-equipo-suavizador-no-ensamblado-purikor7ft%c2%b3-tanque-fibra21x62-tanque-salmuera-200lts-valvula-pkvs48d-7-resina\/","name":"Kit equipo suavizador no ensamblado PURIKOR,7ft\u00b3, tanque fibra21\"x62\", tanque salmuera 200lts, v\u00e1lvula PKVS48D, 7 resina - Maba Water","isPartOf":{"@id":"https:\/\/mabawater.com\/#website"},"primaryImageOfPage":{"@id":"https:\/\/mabawater.com\/producto\/kit-equipo-suavizador-no-ensamblado-purikor7ft%c2%b3-tanque-fibra21x62-tanque-salmuera-200lts-valvula-pkvs48d-7-resina\/#primaryimage"},"image":{"@id":"https:\/\/mabawater.com\/producto\/kit-equipo-suavizador-no-ensamblado-purikor7ft%c2%b3-tanque-fibra21x62-tanque-salmuera-200lts-valvula-pkvs48d-7-resina\/#primaryimage"},"thumbnailUrl":"https:\/\/mabawater.com\/wp-content\/uploads\/2022\/07\/soft48d-10-1.jpeg","datePublished":"2022-07-29T21:43:11+00:00","dateModified":"2026-03-09T20:17:16+00:00","description":"El\u00a0Purikor Kit Equipo Suavizador de Agua 7 ft\u00b3\u00a0es una soluci\u00f3n eficiente y confiable para eliminar la dureza del agua","breadcrumb":{"@id":"https:\/\/mabawater.com\/producto\/kit-equipo-suavizador-no-ensamblado-purikor7ft%c2%b3-tanque-fibra21x62-tanque-salmuera-200lts-valvula-pkvs48d-7-resina\/#breadcrumb"},"inLanguage":"en-US","potentialAction":[{"@type":"ReadAction","target":["https:\/\/mabawater.com\/producto\/kit-equipo-suavizador-no-ensamblado-purikor7ft%c2%b3-tanque-fibra21x62-tanque-salmuera-200lts-valvula-pkvs48d-7-resina\/"]}]},{"@type":"ImageObject","inLanguage":"en-US","@id":"https:\/\/mabawater.com\/producto\/kit-equipo-suavizador-no-ensamblado-purikor7ft%c2%b3-tanque-fibra21x62-tanque-salmuera-200lts-valvula-pkvs48d-7-resina\/#primaryimage","url":"https:\/\/mabawater.com\/wp-content\/uploads\/2022\/07\/soft48d-10-1.jpeg","contentUrl":"https:\/\/mabawater.com\/wp-content\/uploads\/2022\/07\/soft48d-10-1.jpeg","width":1000,"height":1000},{"@type":"BreadcrumbList","@id":"https:\/\/mabawater.com\/producto\/kit-equipo-suavizador-no-ensamblado-purikor7ft%c2%b3-tanque-fibra21x62-tanque-salmuera-200lts-valvula-pkvs48d-7-resina\/#breadcrumb","itemListElement":[{"@type":"ListItem","position":1,"name":"Portada","item":"https:\/\/mabawater.com\/"},{"@type":"ListItem","position":2,"name":"Productos Para La Calidad Del Agua","item":"https:\/\/mabawater.com\/productos-para-la-calidad-del-agua\/"},{"@type":"ListItem","position":3,"name":"Kit equipo suavizador no ensamblado PURIKOR,7ft\u00b3, tanque fibra21&#8243;x62&#8243;, tanque salmuera 200lts, v\u00e1lvula PKVS48D, 7 resina"}]},{"@type":"WebSite","@id":"https:\/\/mabawater.com\/#website","url":"https:\/\/mabawater.com\/","name":"Maba Water","description":"Soluciones Hidr\u00e1ulicas Sustentables","publisher":{"@id":"https:\/\/mabawater.com\/#organization"},"potentialAction":[{"@type":"SearchAction","target":{"@type":"EntryPoint","urlTemplate":"https:\/\/mabawater.com\/?s={search_term_string}"},"query-input":{"@type":"PropertyValueSpecification","valueRequired":true,"valueName":"search_term_string"}}],"inLanguage":"en-US"},{"@type":"Organization","@id":"https:\/\/mabawater.com\/#organization","name":"Maba Water","url":"https:\/\/mabawater.com\/","logo":{"@type":"ImageObject","inLanguage":"en-US","@id":"https:\/\/mabawater.com\/#\/schema\/logo\/image\/","url":"https:\/\/mabawater.com\/wp-content\/uploads\/2021\/09\/water-icon.png","contentUrl":"https:\/\/mabawater.com\/wp-content\/uploads\/2021\/09\/water-icon.png","width":410,"height":176,"caption":"Maba Water"},"image":{"@id":"https:\/\/mabawater.com\/#\/schema\/logo\/image\/"},"sameAs":["https:\/\/www.facebook.com\/mabawater\/","https:\/\/www.instagram.com\/mabawater\/?hl=es-la"]}]}},"_links":{"self":[{"href":"https:\/\/mabawater.com\/en\/wp-json\/wp\/v2\/product\/19406","targetHints":{"allow":["GET"]}}],"collection":[{"href":"https:\/\/mabawater.com\/en\/wp-json\/wp\/v2\/product"}],"about":[{"href":"https:\/\/mabawater.com\/en\/wp-json\/wp\/v2\/types\/product"}],"replies":[{"embeddable":true,"href":"https:\/\/mabawater.com\/en\/wp-json\/wp\/v2\/comments?post=19406"}],"version-history":[{"count":2,"href":"https:\/\/mabawater.com\/en\/wp-json\/wp\/v2\/product\/19406\/revisions"}],"predecessor-version":[{"id":30283,"href":"https:\/\/mabawater.com\/en\/wp-json\/wp\/v2\/product\/19406\/revisions\/30283"}],"wp:featuredmedia":[{"embeddable":true,"href":"https:\/\/mabawater.com\/en\/wp-json\/wp\/v2\/media\/19373"}],"wp:attachment":[{"href":"https:\/\/mabawater.com\/en\/wp-json\/wp\/v2\/media?parent=19406"}],"wp:term":[{"taxonomy":"product_brand","embeddable":true,"href":"https:\/\/mabawater.com\/en\/wp-json\/wp\/v2\/product_brand?post=19406"},{"taxonomy":"product_cat","embeddable":true,"href":"https:\/\/mabawater.com\/en\/wp-json\/wp\/v2\/product_cat?post=19406"},{"taxonomy":"product_tag","embeddable":true,"href":"https:\/\/mabawater.com\/en\/wp-json\/wp\/v2\/product_tag?post=19406"}],"curies":[{"name":"wp","href":"https:\/\/api.w.org\/{rel}","templated":true}]}}