{"id":19432,"date":"2022-08-01T16:41:54","date_gmt":"2022-08-01T16:41:54","guid":{"rendered":"https:\/\/mabawater.com\/producto\/tanque-precargado-vertical-de-diafragma-altamira-serie-pro-lv-acero-al-carbon-38-litros-presion-maxima-150-psi\/"},"modified":"2022-08-01T16:41:54","modified_gmt":"2022-08-01T16:41:54","slug":"tanque-precargado-vertical-de-diafragma-altamira-serie-pro-lv-acero-al-carbon-38-litros-presion-maxima-150-psi","status":"publish","type":"product","link":"https:\/\/mabawater.com\/en\/product\/tanque-precargado-vertical-de-diafragma-altamira-serie-pro-lv-acero-al-carbon-38-litros-presion-maxima-150-psi\/","title":{"rendered":"Tanque precargado vertical de diafragma, ALTAMIRA, serie PRO LV, acero al carb\u00f3n, 38 litros, presi\u00f3n m\u00e1xima 150 psi"},"content":{"rendered":"<p>Tanque precargado vertical de diafragma, ALTAMIRA, serie PRO LV, acero al carb\u00f3n, 38 litros, presi\u00f3n m\u00e1xima 150 psi                       <\/p>\n<p> Descarga la ficha t\u00e9cnica <a href=\"https:\/\/mabawater.com\/wp-content\/uploads\/2022\/08\/ft_ficha_tecnica-altapro-lv.pdf \">aqu\u00ed<\/a><\/p>","protected":false},"excerpt":{"rendered":"<p>Tanque precargado vertical de diafragma, ALTAMIRA, serie PRO LV, acero al carb\u00f3n, 38 litros, presi\u00f3n m\u00e1xima 150 psi<\/p>\n<p> Tanques precargados con dise\u00f1o de diafragma para sistemas hidroneum\u00e1ticos de agua a presi\u00f3n.<\/p>","protected":false},"featured_media":19413,"comment_status":"open","ping_status":"closed","template":"","meta":[],"product_brand":[],"product_cat":[148,164],"product_tag":[485,605,1093,1094,198,1095,541,1090,1097,1092,1099,1089,1098,1091,547,483,1039,1084],"class_list":{"0":"post-19432","1":"product","2":"type-product","3":"status-publish","4":"has-post-thumbnail","6":"product_cat-hidroneumaticos","7":"product_cat-altamira","8":"product_tag-485","9":"product_tag-605","10":"product_tag-acero","11":"product_tag-al","12":"product_tag-altamira","13":"product_tag-carbon-2","14":"product_tag-de","15":"product_tag-diafragma","16":"product_tag-litros","17":"product_tag-lv","18":"product_tag-maxima","19":"product_tag-precargado","20":"product_tag-presion","21":"product_tag-pro","22":"product_tag-psi","23":"product_tag-serie","24":"product_tag-tanque","25":"product_tag-vertical","27":"first","28":"instock","29":"shipping-taxable","30":"product-type-simple"},"yoast_head":"<!-- This site is optimized with the Yoast SEO plugin v26.6 - https:\/\/yoast.com\/wordpress\/plugins\/seo\/ -->\n<title>Tanque precargado vertical de diafragma, ALTAMIRA, serie PRO LV, acero al carb\u00f3n, 38 litros, presi\u00f3n m\u00e1xima 150 psi - Maba Water<\/title>\n<meta name=\"robots\" content=\"index, follow, max-snippet:-1, max-image-preview:large, max-video-preview:-1\" \/>\n<link rel=\"canonical\" href=\"https:\/\/mabawater.com\/en\/product\/tanque-precargado-vertical-de-diafragma-altamira-serie-pro-lv-acero-al-carbon-38-litros-presion-maxima-150-psi\/\" \/>\n<meta property=\"og:locale\" content=\"en_US\" \/>\n<meta property=\"og:type\" content=\"article\" \/>\n<meta property=\"og:title\" content=\"Tanque precargado vertical de diafragma, ALTAMIRA, serie PRO LV, acero al carb\u00f3n, 38 litros, presi\u00f3n m\u00e1xima 150 psi - Maba Water\" \/>\n<meta property=\"og:description\" content=\"Tanque precargado vertical de diafragma, ALTAMIRA, serie PRO LV, acero al carb\u00f3n, 38 litros, presi\u00f3n m\u00e1xima 150 psi  Tanques precargados con dise\u00f1o de diafragma para sistemas hidroneum\u00e1ticos de agua a presi\u00f3n.\" \/>\n<meta property=\"og:url\" content=\"https:\/\/mabawater.com\/en\/product\/tanque-precargado-vertical-de-diafragma-altamira-serie-pro-lv-acero-al-carbon-38-litros-presion-maxima-150-psi\/\" \/>\n<meta property=\"og:site_name\" content=\"Maba Water\" \/>\n<meta property=\"article:publisher\" content=\"https:\/\/www.facebook.com\/mabawater\/\" \/>\n<meta property=\"og:image\" content=\"https:\/\/mabawater.com\/wp-content\/uploads\/2022\/08\/altaprolv24_nsf_1.jpeg\" \/>\n\t<meta property=\"og:image:width\" content=\"1000\" \/>\n\t<meta property=\"og:image:height\" content=\"1000\" \/>\n\t<meta property=\"og:image:type\" content=\"image\/jpeg\" \/>\n<meta name=\"twitter:card\" content=\"summary_large_image\" \/>\n<!-- \/ Yoast SEO plugin. -->","yoast_head_json":{"title":"Tanque precargado vertical de diafragma, ALTAMIRA, serie PRO LV, acero al carb\u00f3n, 38 litros, presi\u00f3n m\u00e1xima 150 psi - Maba Water","robots":{"index":"index","follow":"follow","max-snippet":"max-snippet:-1","max-image-preview":"max-image-preview:large","max-video-preview":"max-video-preview:-1"},"canonical":"https:\/\/mabawater.com\/en\/product\/tanque-precargado-vertical-de-diafragma-altamira-serie-pro-lv-acero-al-carbon-38-litros-presion-maxima-150-psi\/","og_locale":"en_US","og_type":"article","og_title":"Tanque precargado vertical de diafragma, ALTAMIRA, serie PRO LV, acero al carb\u00f3n, 38 litros, presi\u00f3n m\u00e1xima 150 psi - Maba Water","og_description":"Tanque precargado vertical de diafragma, ALTAMIRA, serie PRO LV, acero al carb\u00f3n, 38 litros, presi\u00f3n m\u00e1xima 150 psi  Tanques precargados con dise\u00f1o de diafragma para sistemas hidroneum\u00e1ticos de agua a presi\u00f3n.","og_url":"https:\/\/mabawater.com\/en\/product\/tanque-precargado-vertical-de-diafragma-altamira-serie-pro-lv-acero-al-carbon-38-litros-presion-maxima-150-psi\/","og_site_name":"Maba Water","article_publisher":"https:\/\/www.facebook.com\/mabawater\/","og_image":[{"width":1000,"height":1000,"url":"https:\/\/mabawater.com\/wp-content\/uploads\/2022\/08\/altaprolv24_nsf_1.jpeg","type":"image\/jpeg"}],"twitter_card":"summary_large_image","schema":{"@context":"https:\/\/schema.org","@graph":[{"@type":"WebPage","@id":"https:\/\/mabawater.com\/producto\/tanque-precargado-vertical-de-diafragma-altamira-serie-pro-lv-acero-al-carbon-38-litros-presion-maxima-150-psi\/","url":"https:\/\/mabawater.com\/producto\/tanque-precargado-vertical-de-diafragma-altamira-serie-pro-lv-acero-al-carbon-38-litros-presion-maxima-150-psi\/","name":"Tanque precargado vertical de diafragma, ALTAMIRA, serie PRO LV, acero al carb\u00f3n, 38 litros, presi\u00f3n m\u00e1xima 150 psi - Maba Water","isPartOf":{"@id":"https:\/\/mabawater.com\/#website"},"primaryImageOfPage":{"@id":"https:\/\/mabawater.com\/producto\/tanque-precargado-vertical-de-diafragma-altamira-serie-pro-lv-acero-al-carbon-38-litros-presion-maxima-150-psi\/#primaryimage"},"image":{"@id":"https:\/\/mabawater.com\/producto\/tanque-precargado-vertical-de-diafragma-altamira-serie-pro-lv-acero-al-carbon-38-litros-presion-maxima-150-psi\/#primaryimage"},"thumbnailUrl":"https:\/\/mabawater.com\/wp-content\/uploads\/2022\/08\/altaprolv24_nsf_1.jpeg","datePublished":"2022-08-01T16:41:54+00:00","breadcrumb":{"@id":"https:\/\/mabawater.com\/producto\/tanque-precargado-vertical-de-diafragma-altamira-serie-pro-lv-acero-al-carbon-38-litros-presion-maxima-150-psi\/#breadcrumb"},"inLanguage":"en-US","potentialAction":[{"@type":"ReadAction","target":["https:\/\/mabawater.com\/producto\/tanque-precargado-vertical-de-diafragma-altamira-serie-pro-lv-acero-al-carbon-38-litros-presion-maxima-150-psi\/"]}]},{"@type":"ImageObject","inLanguage":"en-US","@id":"https:\/\/mabawater.com\/producto\/tanque-precargado-vertical-de-diafragma-altamira-serie-pro-lv-acero-al-carbon-38-litros-presion-maxima-150-psi\/#primaryimage","url":"https:\/\/mabawater.com\/wp-content\/uploads\/2022\/08\/altaprolv24_nsf_1.jpeg","contentUrl":"https:\/\/mabawater.com\/wp-content\/uploads\/2022\/08\/altaprolv24_nsf_1.jpeg","width":1000,"height":1000},{"@type":"BreadcrumbList","@id":"https:\/\/mabawater.com\/producto\/tanque-precargado-vertical-de-diafragma-altamira-serie-pro-lv-acero-al-carbon-38-litros-presion-maxima-150-psi\/#breadcrumb","itemListElement":[{"@type":"ListItem","position":1,"name":"Portada","item":"https:\/\/mabawater.com\/"},{"@type":"ListItem","position":2,"name":"Productos Para La Calidad Del Agua","item":"https:\/\/mabawater.com\/productos-para-la-calidad-del-agua\/"},{"@type":"ListItem","position":3,"name":"Tanque precargado vertical de diafragma, ALTAMIRA, serie PRO LV, acero al carb\u00f3n, 38 litros, presi\u00f3n m\u00e1xima 150 psi"}]},{"@type":"WebSite","@id":"https:\/\/mabawater.com\/#website","url":"https:\/\/mabawater.com\/","name":"Maba Water","description":"Soluciones Hidr\u00e1ulicas Sustentables","publisher":{"@id":"https:\/\/mabawater.com\/#organization"},"potentialAction":[{"@type":"SearchAction","target":{"@type":"EntryPoint","urlTemplate":"https:\/\/mabawater.com\/?s={search_term_string}"},"query-input":{"@type":"PropertyValueSpecification","valueRequired":true,"valueName":"search_term_string"}}],"inLanguage":"en-US"},{"@type":"Organization","@id":"https:\/\/mabawater.com\/#organization","name":"Maba Water","url":"https:\/\/mabawater.com\/","logo":{"@type":"ImageObject","inLanguage":"en-US","@id":"https:\/\/mabawater.com\/#\/schema\/logo\/image\/","url":"https:\/\/mabawater.com\/wp-content\/uploads\/2021\/09\/water-icon.png","contentUrl":"https:\/\/mabawater.com\/wp-content\/uploads\/2021\/09\/water-icon.png","width":410,"height":176,"caption":"Maba Water"},"image":{"@id":"https:\/\/mabawater.com\/#\/schema\/logo\/image\/"},"sameAs":["https:\/\/www.facebook.com\/mabawater\/","https:\/\/www.instagram.com\/mabawater\/?hl=es-la"]}]}},"_links":{"self":[{"href":"https:\/\/mabawater.com\/en\/wp-json\/wp\/v2\/product\/19432","targetHints":{"allow":["GET"]}}],"collection":[{"href":"https:\/\/mabawater.com\/en\/wp-json\/wp\/v2\/product"}],"about":[{"href":"https:\/\/mabawater.com\/en\/wp-json\/wp\/v2\/types\/product"}],"replies":[{"embeddable":true,"href":"https:\/\/mabawater.com\/en\/wp-json\/wp\/v2\/comments?post=19432"}],"version-history":[{"count":0,"href":"https:\/\/mabawater.com\/en\/wp-json\/wp\/v2\/product\/19432\/revisions"}],"wp:featuredmedia":[{"embeddable":true,"href":"https:\/\/mabawater.com\/en\/wp-json\/wp\/v2\/media\/19413"}],"wp:attachment":[{"href":"https:\/\/mabawater.com\/en\/wp-json\/wp\/v2\/media?parent=19432"}],"wp:term":[{"taxonomy":"product_brand","embeddable":true,"href":"https:\/\/mabawater.com\/en\/wp-json\/wp\/v2\/product_brand?post=19432"},{"taxonomy":"product_cat","embeddable":true,"href":"https:\/\/mabawater.com\/en\/wp-json\/wp\/v2\/product_cat?post=19432"},{"taxonomy":"product_tag","embeddable":true,"href":"https:\/\/mabawater.com\/en\/wp-json\/wp\/v2\/product_tag?post=19432"}],"curies":[{"name":"wp","href":"https:\/\/api.w.org\/{rel}","templated":true}]}}