{"id":19434,"date":"2022-08-01T16:41:54","date_gmt":"2022-08-01T16:41:54","guid":{"rendered":"https:\/\/mabawater.com\/producto\/tanque-precargado-vertical-de-diafragma-altamira-serie-pro-xh-alta-presion-232-psi-20-gal-acero-al-carbon\/"},"modified":"2022-08-01T16:41:54","modified_gmt":"2022-08-01T16:41:54","slug":"tanque-precargado-vertical-de-diafragma-altamira-serie-pro-xh-alta-presion-232-psi-20-gal-acero-al-carbon","status":"publish","type":"product","link":"https:\/\/mabawater.com\/en\/product\/tanque-precargado-vertical-de-diafragma-altamira-serie-pro-xh-alta-presion-232-psi-20-gal-acero-al-carbon\/","title":{"rendered":"Tanque precargado vertical de diafragma, ALTAMIRA, serie PRO XH (ALTA PRESI\u00d3N 232 psi), 20 Gal, acero al carb\u00f3n."},"content":{"rendered":"<p>Tanque precargado vertical de diafragma, ALTAMIRA, serie PRO XH (ALTA PRESI\u00d3N 232 psi), 20 Gal, acero al carb\u00f3n.                   <\/p>\n<p> Descarga la ficha t\u00e9cnica <a href=\"https:\/\/mabawater.com\/wp-content\/uploads\/2022\/08\/ft_ficha_tecnica_.pdf \">aqu\u00ed<\/a><\/p>","protected":false},"excerpt":{"rendered":"<p>Tanque precargado vertical de diafragma, ALTAMIRA, serie PRO XH (ALTA PRESI\u00d3N 232 psi), 20 Gal, acero al carb\u00f3n.<\/p>\n<p> Tanque precargado con dise\u00f1o de diafragma para sistemas de alta presi\u00f3n.<\/p>","protected":false},"featured_media":19415,"comment_status":"open","ping_status":"closed","template":"","meta":[],"product_brand":[],"product_cat":[148,164],"product_tag":[1103,598,1104,1093,1094,198,1107,541,1090,1106,1089,1098,1091,1105,483,1039,1084,1102],"class_list":{"0":"post-19434","1":"product","2":"type-product","3":"status-publish","4":"has-post-thumbnail","6":"product_cat-hidroneumaticos","7":"product_cat-altamira","8":"product_tag-alta","9":"product_tag-598","10":"product_tag-1104","11":"product_tag-acero","12":"product_tag-al","13":"product_tag-altamira","14":"product_tag-carbon-3","15":"product_tag-de","16":"product_tag-diafragma","17":"product_tag-gal","18":"product_tag-precargado","19":"product_tag-presion","20":"product_tag-pro","21":"product_tag-psi-2","22":"product_tag-serie","23":"product_tag-tanque","24":"product_tag-vertical","25":"product_tag-xh","27":"first","28":"instock","29":"shipping-taxable","30":"product-type-simple"},"yoast_head":"<!-- This site is optimized with the Yoast SEO plugin v26.6 - https:\/\/yoast.com\/wordpress\/plugins\/seo\/ -->\n<title>Tanque precargado vertical de diafragma, ALTAMIRA, serie PRO XH (ALTA PRESI\u00d3N 232 psi), 20 Gal, acero al carb\u00f3n. - Maba Water<\/title>\n<meta name=\"robots\" content=\"index, follow, max-snippet:-1, max-image-preview:large, max-video-preview:-1\" \/>\n<link rel=\"canonical\" href=\"https:\/\/mabawater.com\/en\/product\/tanque-precargado-vertical-de-diafragma-altamira-serie-pro-xh-alta-presion-232-psi-20-gal-acero-al-carbon\/\" \/>\n<meta property=\"og:locale\" content=\"en_US\" \/>\n<meta property=\"og:type\" content=\"article\" \/>\n<meta property=\"og:title\" content=\"Tanque precargado vertical de diafragma, ALTAMIRA, serie PRO XH (ALTA PRESI\u00d3N 232 psi), 20 Gal, acero al carb\u00f3n. - Maba Water\" \/>\n<meta property=\"og:description\" content=\"Tanque precargado vertical de diafragma, ALTAMIRA, serie PRO XH (ALTA PRESI\u00d3N 232 psi), 20 Gal, acero al carb\u00f3n.  Tanque precargado con dise\u00f1o de diafragma para sistemas de alta presi\u00f3n.\" \/>\n<meta property=\"og:url\" content=\"https:\/\/mabawater.com\/en\/product\/tanque-precargado-vertical-de-diafragma-altamira-serie-pro-xh-alta-presion-232-psi-20-gal-acero-al-carbon\/\" \/>\n<meta property=\"og:site_name\" content=\"Maba Water\" \/>\n<meta property=\"article:publisher\" content=\"https:\/\/www.facebook.com\/mabawater\/\" \/>\n<meta property=\"og:image\" content=\"https:\/\/mabawater.com\/wp-content\/uploads\/2022\/08\/altaproxh20_1000x1000.jpeg\" \/>\n\t<meta property=\"og:image:width\" content=\"1000\" \/>\n\t<meta property=\"og:image:height\" content=\"1000\" \/>\n\t<meta property=\"og:image:type\" content=\"image\/jpeg\" \/>\n<meta name=\"twitter:card\" content=\"summary_large_image\" \/>\n<!-- \/ Yoast SEO plugin. -->","yoast_head_json":{"title":"Tanque precargado vertical de diafragma, ALTAMIRA, serie PRO XH (ALTA PRESI\u00d3N 232 psi), 20 Gal, acero al carb\u00f3n. - Maba Water","robots":{"index":"index","follow":"follow","max-snippet":"max-snippet:-1","max-image-preview":"max-image-preview:large","max-video-preview":"max-video-preview:-1"},"canonical":"https:\/\/mabawater.com\/en\/product\/tanque-precargado-vertical-de-diafragma-altamira-serie-pro-xh-alta-presion-232-psi-20-gal-acero-al-carbon\/","og_locale":"en_US","og_type":"article","og_title":"Tanque precargado vertical de diafragma, ALTAMIRA, serie PRO XH (ALTA PRESI\u00d3N 232 psi), 20 Gal, acero al carb\u00f3n. - Maba Water","og_description":"Tanque precargado vertical de diafragma, ALTAMIRA, serie PRO XH (ALTA PRESI\u00d3N 232 psi), 20 Gal, acero al carb\u00f3n.  Tanque precargado con dise\u00f1o de diafragma para sistemas de alta presi\u00f3n.","og_url":"https:\/\/mabawater.com\/en\/product\/tanque-precargado-vertical-de-diafragma-altamira-serie-pro-xh-alta-presion-232-psi-20-gal-acero-al-carbon\/","og_site_name":"Maba Water","article_publisher":"https:\/\/www.facebook.com\/mabawater\/","og_image":[{"width":1000,"height":1000,"url":"https:\/\/mabawater.com\/wp-content\/uploads\/2022\/08\/altaproxh20_1000x1000.jpeg","type":"image\/jpeg"}],"twitter_card":"summary_large_image","schema":{"@context":"https:\/\/schema.org","@graph":[{"@type":"WebPage","@id":"https:\/\/mabawater.com\/en\/product\/tanque-precargado-vertical-de-diafragma-altamira-serie-pro-xh-alta-presion-232-psi-20-gal-acero-al-carbon\/","url":"https:\/\/mabawater.com\/en\/product\/tanque-precargado-vertical-de-diafragma-altamira-serie-pro-xh-alta-presion-232-psi-20-gal-acero-al-carbon\/","name":"Tanque precargado vertical de diafragma, ALTAMIRA, serie PRO XH (ALTA PRESI\u00d3N 232 psi), 20 Gal, acero al carb\u00f3n. - Maba Water","isPartOf":{"@id":"https:\/\/mabawater.com\/#website"},"primaryImageOfPage":{"@id":"https:\/\/mabawater.com\/en\/product\/tanque-precargado-vertical-de-diafragma-altamira-serie-pro-xh-alta-presion-232-psi-20-gal-acero-al-carbon\/#primaryimage"},"image":{"@id":"https:\/\/mabawater.com\/en\/product\/tanque-precargado-vertical-de-diafragma-altamira-serie-pro-xh-alta-presion-232-psi-20-gal-acero-al-carbon\/#primaryimage"},"thumbnailUrl":"https:\/\/mabawater.com\/wp-content\/uploads\/2022\/08\/altaproxh20_1000x1000.jpeg","datePublished":"2022-08-01T16:41:54+00:00","breadcrumb":{"@id":"https:\/\/mabawater.com\/en\/product\/tanque-precargado-vertical-de-diafragma-altamira-serie-pro-xh-alta-presion-232-psi-20-gal-acero-al-carbon\/#breadcrumb"},"inLanguage":"en-US","potentialAction":[{"@type":"ReadAction","target":["https:\/\/mabawater.com\/en\/product\/tanque-precargado-vertical-de-diafragma-altamira-serie-pro-xh-alta-presion-232-psi-20-gal-acero-al-carbon\/"]}]},{"@type":"ImageObject","inLanguage":"en-US","@id":"https:\/\/mabawater.com\/en\/product\/tanque-precargado-vertical-de-diafragma-altamira-serie-pro-xh-alta-presion-232-psi-20-gal-acero-al-carbon\/#primaryimage","url":"https:\/\/mabawater.com\/wp-content\/uploads\/2022\/08\/altaproxh20_1000x1000.jpeg","contentUrl":"https:\/\/mabawater.com\/wp-content\/uploads\/2022\/08\/altaproxh20_1000x1000.jpeg","width":1000,"height":1000},{"@type":"BreadcrumbList","@id":"https:\/\/mabawater.com\/en\/product\/tanque-precargado-vertical-de-diafragma-altamira-serie-pro-xh-alta-presion-232-psi-20-gal-acero-al-carbon\/#breadcrumb","itemListElement":[{"@type":"ListItem","position":1,"name":"Portada","item":"https:\/\/mabawater.com\/"},{"@type":"ListItem","position":2,"name":"Productos Para La Calidad Del Agua","item":"https:\/\/mabawater.com\/productos-para-la-calidad-del-agua\/"},{"@type":"ListItem","position":3,"name":"Tanque precargado vertical de diafragma, ALTAMIRA, serie PRO XH (ALTA PRESI\u00d3N 232 psi), 20 Gal, acero al carb\u00f3n."}]},{"@type":"WebSite","@id":"https:\/\/mabawater.com\/#website","url":"https:\/\/mabawater.com\/","name":"Maba Water","description":"Soluciones Hidr\u00e1ulicas Sustentables","publisher":{"@id":"https:\/\/mabawater.com\/#organization"},"potentialAction":[{"@type":"SearchAction","target":{"@type":"EntryPoint","urlTemplate":"https:\/\/mabawater.com\/?s={search_term_string}"},"query-input":{"@type":"PropertyValueSpecification","valueRequired":true,"valueName":"search_term_string"}}],"inLanguage":"en-US"},{"@type":"Organization","@id":"https:\/\/mabawater.com\/#organization","name":"Maba Water","url":"https:\/\/mabawater.com\/","logo":{"@type":"ImageObject","inLanguage":"en-US","@id":"https:\/\/mabawater.com\/#\/schema\/logo\/image\/","url":"https:\/\/mabawater.com\/wp-content\/uploads\/2021\/09\/water-icon.png","contentUrl":"https:\/\/mabawater.com\/wp-content\/uploads\/2021\/09\/water-icon.png","width":410,"height":176,"caption":"Maba Water"},"image":{"@id":"https:\/\/mabawater.com\/#\/schema\/logo\/image\/"},"sameAs":["https:\/\/www.facebook.com\/mabawater\/","https:\/\/www.instagram.com\/mabawater\/?hl=es-la"]}]}},"_links":{"self":[{"href":"https:\/\/mabawater.com\/en\/wp-json\/wp\/v2\/product\/19434","targetHints":{"allow":["GET"]}}],"collection":[{"href":"https:\/\/mabawater.com\/en\/wp-json\/wp\/v2\/product"}],"about":[{"href":"https:\/\/mabawater.com\/en\/wp-json\/wp\/v2\/types\/product"}],"replies":[{"embeddable":true,"href":"https:\/\/mabawater.com\/en\/wp-json\/wp\/v2\/comments?post=19434"}],"version-history":[{"count":0,"href":"https:\/\/mabawater.com\/en\/wp-json\/wp\/v2\/product\/19434\/revisions"}],"wp:featuredmedia":[{"embeddable":true,"href":"https:\/\/mabawater.com\/en\/wp-json\/wp\/v2\/media\/19415"}],"wp:attachment":[{"href":"https:\/\/mabawater.com\/en\/wp-json\/wp\/v2\/media?parent=19434"}],"wp:term":[{"taxonomy":"product_brand","embeddable":true,"href":"https:\/\/mabawater.com\/en\/wp-json\/wp\/v2\/product_brand?post=19434"},{"taxonomy":"product_cat","embeddable":true,"href":"https:\/\/mabawater.com\/en\/wp-json\/wp\/v2\/product_cat?post=19434"},{"taxonomy":"product_tag","embeddable":true,"href":"https:\/\/mabawater.com\/en\/wp-json\/wp\/v2\/product_tag?post=19434"}],"curies":[{"name":"wp","href":"https:\/\/api.w.org\/{rel}","templated":true}]}}