{"id":19435,"date":"2022-08-01T16:41:54","date_gmt":"2022-08-01T16:41:54","guid":{"rendered":"https:\/\/mabawater.com\/producto\/tanque-precargado-vertical-de-diafragma-altamira-serie-pro-xh-alta-presion-232-psi-40-gal-acero-al-carbon\/"},"modified":"2024-09-11T18:16:22","modified_gmt":"2024-09-11T18:16:22","slug":"tanque-precargado-vertical-de-diafragma-altamira-serie-pro-xh-alta-presion-232-psi-40-gal-acero-al-carbon","status":"publish","type":"product","link":"https:\/\/mabawater.com\/en\/product\/tanque-precargado-vertical-de-diafragma-altamira-serie-pro-xh-alta-presion-232-psi-40-gal-acero-al-carbon\/","title":{"rendered":"Tanque precargado vertical de diafragma, ALTAMIRA, serie PRO XH (ALTA PRESI\u00d3N 232 psi), 40 Gal, acero al carb\u00f3n."},"content":{"rendered":"","protected":false},"excerpt":{"rendered":"<p><strong>Tanque precargado<\/strong> vertical de diafragma, <strong>ALTAMIRA<\/strong>, serie PRO XH (ALTA PRESI\u00d3N 232 psi), 40 Gal, <strong>acero al carb\u00f3n.<\/strong><\/p>\n<p>Tanques precargados con dise\u00f1o de diafragma para sistemas hidroneum\u00e1ticos de agua a presi\u00f3n<\/p>\n<p>Caracter\u00edsticas:<\/p>\n<ul>\n<li>Serie PRO XH (ALTA PRESI\u00d3N 232 psi)<\/li>\n<li>40 Gal<\/li>\n<li>Acero al carb\u00f3n.<\/li>\n<\/ul>\n<p><a href=\"https:\/\/mabawater.com\/wp-content\/uploads\/2022\/08\/ft_ficha_tecnica-SERIE-PRO-XLB-Y-PRO-XLT.pdf\">Descarga la ficha t\u00e9cnica aqu\u00ed<\/a><\/p>","protected":false},"featured_media":19417,"comment_status":"open","ping_status":"closed","template":"","meta":[],"product_brand":[],"product_cat":[148,164],"product_tag":[],"class_list":{"0":"post-19435","1":"product","2":"type-product","3":"status-publish","4":"has-post-thumbnail","6":"product_cat-hidroneumaticos","7":"product_cat-altamira","9":"first","10":"instock","11":"shipping-taxable","12":"product-type-simple"},"yoast_head":"<!-- This site is optimized with the Yoast SEO plugin v26.6 - https:\/\/yoast.com\/wordpress\/plugins\/seo\/ -->\n<title>Tanque precargado vertical de diafragma, ALTAMIRA, serie PRO XH (ALTA PRESI\u00d3N 232 psi), 40 Gal, acero al carb\u00f3n. - Maba Water<\/title>\n<meta name=\"description\" content=\"Tanque precargado vertical de diafragma, ALTAMIRA, serie PRO XH (ALTA PRESI\u00d3N 232 psi), 40 Gal, acero al carb\u00f3n... con dise\u00f1o de diafragma para sistemas...\" \/>\n<meta name=\"robots\" content=\"index, follow, max-snippet:-1, max-image-preview:large, max-video-preview:-1\" \/>\n<link rel=\"canonical\" href=\"https:\/\/mabawater.com\/en\/product\/tanque-precargado-vertical-de-diafragma-altamira-serie-pro-xh-alta-presion-232-psi-40-gal-acero-al-carbon\/\" \/>\n<meta property=\"og:locale\" content=\"en_US\" \/>\n<meta property=\"og:type\" content=\"article\" \/>\n<meta property=\"og:title\" content=\"Tanque precargado vertical de diafragma, ALTAMIRA, serie PRO XH (ALTA PRESI\u00d3N 232 psi), 40 Gal, acero al carb\u00f3n. - Maba Water\" \/>\n<meta property=\"og:description\" content=\"Tanque precargado vertical de diafragma, ALTAMIRA, serie PRO XH (ALTA PRESI\u00d3N 232 psi), 40 Gal, acero al carb\u00f3n... con dise\u00f1o de diafragma para sistemas...\" \/>\n<meta property=\"og:url\" content=\"https:\/\/mabawater.com\/en\/product\/tanque-precargado-vertical-de-diafragma-altamira-serie-pro-xh-alta-presion-232-psi-40-gal-acero-al-carbon\/\" \/>\n<meta property=\"og:site_name\" content=\"Maba Water\" \/>\n<meta property=\"article:publisher\" content=\"https:\/\/www.facebook.com\/mabawater\/\" \/>\n<meta property=\"article:modified_time\" content=\"2024-09-11T18:16:22+00:00\" \/>\n<meta property=\"og:image\" content=\"https:\/\/mabawater.com\/wp-content\/uploads\/2022\/08\/xlb-altamira.jpeg\" \/>\n\t<meta property=\"og:image:width\" content=\"1000\" \/>\n\t<meta property=\"og:image:height\" content=\"1000\" \/>\n\t<meta property=\"og:image:type\" content=\"image\/jpeg\" \/>\n<meta name=\"twitter:card\" content=\"summary_large_image\" \/>\n<!-- \/ Yoast SEO plugin. -->","yoast_head_json":{"title":"Tanque precargado vertical de diafragma, ALTAMIRA, serie PRO XH (ALTA PRESI\u00d3N 232 psi), 40 Gal, acero al carb\u00f3n. - Maba Water","description":"Tanque precargado vertical de diafragma, ALTAMIRA, serie PRO XH (ALTA PRESI\u00d3N 232 psi), 40 Gal, acero al carb\u00f3n... con dise\u00f1o de diafragma para sistemas...","robots":{"index":"index","follow":"follow","max-snippet":"max-snippet:-1","max-image-preview":"max-image-preview:large","max-video-preview":"max-video-preview:-1"},"canonical":"https:\/\/mabawater.com\/en\/product\/tanque-precargado-vertical-de-diafragma-altamira-serie-pro-xh-alta-presion-232-psi-40-gal-acero-al-carbon\/","og_locale":"en_US","og_type":"article","og_title":"Tanque precargado vertical de diafragma, ALTAMIRA, serie PRO XH (ALTA PRESI\u00d3N 232 psi), 40 Gal, acero al carb\u00f3n. - Maba Water","og_description":"Tanque precargado vertical de diafragma, ALTAMIRA, serie PRO XH (ALTA PRESI\u00d3N 232 psi), 40 Gal, acero al carb\u00f3n... con dise\u00f1o de diafragma para sistemas...","og_url":"https:\/\/mabawater.com\/en\/product\/tanque-precargado-vertical-de-diafragma-altamira-serie-pro-xh-alta-presion-232-psi-40-gal-acero-al-carbon\/","og_site_name":"Maba Water","article_publisher":"https:\/\/www.facebook.com\/mabawater\/","article_modified_time":"2024-09-11T18:16:22+00:00","og_image":[{"width":1000,"height":1000,"url":"https:\/\/mabawater.com\/wp-content\/uploads\/2022\/08\/xlb-altamira.jpeg","type":"image\/jpeg"}],"twitter_card":"summary_large_image","schema":{"@context":"https:\/\/schema.org","@graph":[{"@type":"WebPage","@id":"https:\/\/mabawater.com\/producto\/tanque-precargado-vertical-de-diafragma-altamira-serie-pro-xh-alta-presion-232-psi-40-gal-acero-al-carbon\/","url":"https:\/\/mabawater.com\/producto\/tanque-precargado-vertical-de-diafragma-altamira-serie-pro-xh-alta-presion-232-psi-40-gal-acero-al-carbon\/","name":"Tanque precargado vertical de diafragma, ALTAMIRA, serie PRO XH (ALTA PRESI\u00d3N 232 psi), 40 Gal, acero al carb\u00f3n. - Maba Water","isPartOf":{"@id":"https:\/\/mabawater.com\/#website"},"primaryImageOfPage":{"@id":"https:\/\/mabawater.com\/producto\/tanque-precargado-vertical-de-diafragma-altamira-serie-pro-xh-alta-presion-232-psi-40-gal-acero-al-carbon\/#primaryimage"},"image":{"@id":"https:\/\/mabawater.com\/producto\/tanque-precargado-vertical-de-diafragma-altamira-serie-pro-xh-alta-presion-232-psi-40-gal-acero-al-carbon\/#primaryimage"},"thumbnailUrl":"https:\/\/mabawater.com\/wp-content\/uploads\/2022\/08\/xlb-altamira.jpeg","datePublished":"2022-08-01T16:41:54+00:00","dateModified":"2024-09-11T18:16:22+00:00","description":"Tanque precargado vertical de diafragma, ALTAMIRA, serie PRO XH (ALTA PRESI\u00d3N 232 psi), 40 Gal, acero al carb\u00f3n... con dise\u00f1o de diafragma para sistemas...","breadcrumb":{"@id":"https:\/\/mabawater.com\/producto\/tanque-precargado-vertical-de-diafragma-altamira-serie-pro-xh-alta-presion-232-psi-40-gal-acero-al-carbon\/#breadcrumb"},"inLanguage":"en-US","potentialAction":[{"@type":"ReadAction","target":["https:\/\/mabawater.com\/producto\/tanque-precargado-vertical-de-diafragma-altamira-serie-pro-xh-alta-presion-232-psi-40-gal-acero-al-carbon\/"]}]},{"@type":"ImageObject","inLanguage":"en-US","@id":"https:\/\/mabawater.com\/producto\/tanque-precargado-vertical-de-diafragma-altamira-serie-pro-xh-alta-presion-232-psi-40-gal-acero-al-carbon\/#primaryimage","url":"https:\/\/mabawater.com\/wp-content\/uploads\/2022\/08\/xlb-altamira.jpeg","contentUrl":"https:\/\/mabawater.com\/wp-content\/uploads\/2022\/08\/xlb-altamira.jpeg","width":1000,"height":1000},{"@type":"BreadcrumbList","@id":"https:\/\/mabawater.com\/producto\/tanque-precargado-vertical-de-diafragma-altamira-serie-pro-xh-alta-presion-232-psi-40-gal-acero-al-carbon\/#breadcrumb","itemListElement":[{"@type":"ListItem","position":1,"name":"Portada","item":"https:\/\/mabawater.com\/"},{"@type":"ListItem","position":2,"name":"Productos Para La Calidad Del Agua","item":"https:\/\/mabawater.com\/productos-para-la-calidad-del-agua\/"},{"@type":"ListItem","position":3,"name":"Tanque precargado vertical de diafragma, ALTAMIRA, serie PRO XH (ALTA PRESI\u00d3N 232 psi), 40 Gal, acero al carb\u00f3n."}]},{"@type":"WebSite","@id":"https:\/\/mabawater.com\/#website","url":"https:\/\/mabawater.com\/","name":"Maba Water","description":"Soluciones Hidr\u00e1ulicas Sustentables","publisher":{"@id":"https:\/\/mabawater.com\/#organization"},"potentialAction":[{"@type":"SearchAction","target":{"@type":"EntryPoint","urlTemplate":"https:\/\/mabawater.com\/?s={search_term_string}"},"query-input":{"@type":"PropertyValueSpecification","valueRequired":true,"valueName":"search_term_string"}}],"inLanguage":"en-US"},{"@type":"Organization","@id":"https:\/\/mabawater.com\/#organization","name":"Maba Water","url":"https:\/\/mabawater.com\/","logo":{"@type":"ImageObject","inLanguage":"en-US","@id":"https:\/\/mabawater.com\/#\/schema\/logo\/image\/","url":"https:\/\/mabawater.com\/wp-content\/uploads\/2021\/09\/water-icon.png","contentUrl":"https:\/\/mabawater.com\/wp-content\/uploads\/2021\/09\/water-icon.png","width":410,"height":176,"caption":"Maba Water"},"image":{"@id":"https:\/\/mabawater.com\/#\/schema\/logo\/image\/"},"sameAs":["https:\/\/www.facebook.com\/mabawater\/","https:\/\/www.instagram.com\/mabawater\/?hl=es-la"]}]}},"_links":{"self":[{"href":"https:\/\/mabawater.com\/en\/wp-json\/wp\/v2\/product\/19435","targetHints":{"allow":["GET"]}}],"collection":[{"href":"https:\/\/mabawater.com\/en\/wp-json\/wp\/v2\/product"}],"about":[{"href":"https:\/\/mabawater.com\/en\/wp-json\/wp\/v2\/types\/product"}],"replies":[{"embeddable":true,"href":"https:\/\/mabawater.com\/en\/wp-json\/wp\/v2\/comments?post=19435"}],"version-history":[{"count":2,"href":"https:\/\/mabawater.com\/en\/wp-json\/wp\/v2\/product\/19435\/revisions"}],"predecessor-version":[{"id":28721,"href":"https:\/\/mabawater.com\/en\/wp-json\/wp\/v2\/product\/19435\/revisions\/28721"}],"wp:featuredmedia":[{"embeddable":true,"href":"https:\/\/mabawater.com\/en\/wp-json\/wp\/v2\/media\/19417"}],"wp:attachment":[{"href":"https:\/\/mabawater.com\/en\/wp-json\/wp\/v2\/media?parent=19435"}],"wp:term":[{"taxonomy":"product_brand","embeddable":true,"href":"https:\/\/mabawater.com\/en\/wp-json\/wp\/v2\/product_brand?post=19435"},{"taxonomy":"product_cat","embeddable":true,"href":"https:\/\/mabawater.com\/en\/wp-json\/wp\/v2\/product_cat?post=19435"},{"taxonomy":"product_tag","embeddable":true,"href":"https:\/\/mabawater.com\/en\/wp-json\/wp\/v2\/product_tag?post=19435"}],"curies":[{"name":"wp","href":"https:\/\/api.w.org\/{rel}","templated":true}]}}