{"id":19441,"date":"2022-08-01T16:41:55","date_gmt":"2022-08-01T16:41:55","guid":{"rendered":"https:\/\/mabawater.com\/producto\/tanque-precargado-horizontal-de-membrana-aqua-pak-serie-aq-acero-al-carbon-24-litros-presion-maxima-87-psi\/"},"modified":"2025-06-09T18:27:42","modified_gmt":"2025-06-09T18:27:42","slug":"tanque-precargado-horizontal-de-membrana-aqua-pak-serie-aq-acero-al-carbon-24-litros-presion-maxima-87-psi","status":"publish","type":"product","link":"https:\/\/mabawater.com\/en\/product\/tanque-precargado-horizontal-de-membrana-aqua-pak-serie-aq-acero-al-carbon-24-litros-presion-maxima-87-psi\/","title":{"rendered":"Tanque precargado horizontal de membrana, AQUA PAK, serie AQ, acero al carb\u00f3n, 24 Litros, presi\u00f3n m\u00e1xima 87 psi"},"content":{"rendered":"<p>Tanque precargado horizontal de membrana, AQUA PAK, serie AQ, acero al carb\u00f3n, 24 Litros, presi\u00f3n m\u00e1xima 87 psi<\/p>\n<p>Descarga la ficha t\u00e9cnica <a href=\"https:\/\/mabawater.com\/wp-content\/uploads\/2022\/08\/ft_ficha_tecnica-tanques.pdf \">aqu\u00ed<\/a><\/p>","protected":false},"excerpt":{"rendered":"<p>Tanque precargado horizontal de membrana, AQUA PAK, serie AQ, acero al carb\u00f3n, 24 Litros, presi\u00f3n m\u00e1xima 87 psi<\/p>\n<p>AQUA PAK HORIZONTAL TANQUES HORIZONTALES CON BASE PARA BOMBA.<\/p>","protected":false},"featured_media":24378,"comment_status":"open","ping_status":"closed","template":"","meta":[],"product_brand":[],"product_cat":[148,165],"product_tag":[563,1114,1093,1094,1113,521,1095,541,482,1097,1099,113,522,1089,1098,547,483,1039],"class_list":{"0":"post-19441","1":"product","2":"type-product","3":"status-publish","4":"has-post-thumbnail","6":"product_cat-hidroneumaticos","7":"product_cat-aquapak","8":"product_tag-563","9":"product_tag-1114","10":"product_tag-acero","11":"product_tag-al","12":"product_tag-aq","13":"product_tag-aqua","14":"product_tag-carbon-2","15":"product_tag-de","16":"product_tag-horizontal","17":"product_tag-litros","18":"product_tag-maxima","19":"product_tag-membrana","20":"product_tag-pak","21":"product_tag-precargado","22":"product_tag-presion","23":"product_tag-psi","24":"product_tag-serie","25":"product_tag-tanque","27":"first","28":"instock","29":"shipping-taxable","30":"product-type-simple"},"yoast_head":"<!-- This site is optimized with the Yoast SEO plugin v26.6 - https:\/\/yoast.com\/wordpress\/plugins\/seo\/ -->\n<title>Tanque precargado horizontal de membrana, AQUA PAK, serie AQ, acero al carb\u00f3n, 24 Litros, presi\u00f3n m\u00e1xima 87 psi - Maba Water<\/title>\n<meta name=\"robots\" content=\"index, follow, max-snippet:-1, max-image-preview:large, max-video-preview:-1\" \/>\n<link rel=\"canonical\" href=\"https:\/\/mabawater.com\/en\/product\/tanque-precargado-horizontal-de-membrana-aqua-pak-serie-aq-acero-al-carbon-24-litros-presion-maxima-87-psi\/\" \/>\n<meta property=\"og:locale\" content=\"en_US\" \/>\n<meta property=\"og:type\" content=\"article\" \/>\n<meta property=\"og:title\" content=\"Tanque precargado horizontal de membrana, AQUA PAK, serie AQ, acero al carb\u00f3n, 24 Litros, presi\u00f3n m\u00e1xima 87 psi - Maba Water\" \/>\n<meta property=\"og:description\" content=\"Tanque precargado horizontal de membrana, AQUA PAK, serie AQ, acero al carb\u00f3n, 24 Litros, presi\u00f3n m\u00e1xima 87 psi  AQUA PAK HORIZONTAL TANQUES HORIZONTALES CON BASE PARA BOMBA.\" \/>\n<meta property=\"og:url\" content=\"https:\/\/mabawater.com\/en\/product\/tanque-precargado-horizontal-de-membrana-aqua-pak-serie-aq-acero-al-carbon-24-litros-presion-maxima-87-psi\/\" \/>\n<meta property=\"og:site_name\" content=\"Maba Water\" \/>\n<meta property=\"article:publisher\" content=\"https:\/\/www.facebook.com\/mabawater\/\" \/>\n<meta property=\"article:modified_time\" content=\"2025-06-09T18:27:42+00:00\" \/>\n<meta property=\"og:image\" content=\"https:\/\/mabawater.com\/wp-content\/uploads\/2022\/08\/Tanque-precargado-horizontal.png\" \/>\n\t<meta property=\"og:image:width\" content=\"676\" \/>\n\t<meta property=\"og:image:height\" content=\"676\" \/>\n\t<meta property=\"og:image:type\" content=\"image\/png\" \/>\n<meta name=\"twitter:card\" content=\"summary_large_image\" \/>\n<!-- \/ Yoast SEO plugin. -->","yoast_head_json":{"title":"Tanque precargado horizontal de membrana, AQUA PAK, serie AQ, acero al carb\u00f3n, 24 Litros, presi\u00f3n m\u00e1xima 87 psi - Maba Water","robots":{"index":"index","follow":"follow","max-snippet":"max-snippet:-1","max-image-preview":"max-image-preview:large","max-video-preview":"max-video-preview:-1"},"canonical":"https:\/\/mabawater.com\/en\/product\/tanque-precargado-horizontal-de-membrana-aqua-pak-serie-aq-acero-al-carbon-24-litros-presion-maxima-87-psi\/","og_locale":"en_US","og_type":"article","og_title":"Tanque precargado horizontal de membrana, AQUA PAK, serie AQ, acero al carb\u00f3n, 24 Litros, presi\u00f3n m\u00e1xima 87 psi - Maba Water","og_description":"Tanque precargado horizontal de membrana, AQUA PAK, serie AQ, acero al carb\u00f3n, 24 Litros, presi\u00f3n m\u00e1xima 87 psi  AQUA PAK HORIZONTAL TANQUES HORIZONTALES CON BASE PARA BOMBA.","og_url":"https:\/\/mabawater.com\/en\/product\/tanque-precargado-horizontal-de-membrana-aqua-pak-serie-aq-acero-al-carbon-24-litros-presion-maxima-87-psi\/","og_site_name":"Maba Water","article_publisher":"https:\/\/www.facebook.com\/mabawater\/","article_modified_time":"2025-06-09T18:27:42+00:00","og_image":[{"width":676,"height":676,"url":"https:\/\/mabawater.com\/wp-content\/uploads\/2022\/08\/Tanque-precargado-horizontal.png","type":"image\/png"}],"twitter_card":"summary_large_image","schema":{"@context":"https:\/\/schema.org","@graph":[{"@type":"WebPage","@id":"https:\/\/mabawater.com\/producto\/tanque-precargado-horizontal-de-membrana-aqua-pak-serie-aq-acero-al-carbon-24-litros-presion-maxima-87-psi\/","url":"https:\/\/mabawater.com\/producto\/tanque-precargado-horizontal-de-membrana-aqua-pak-serie-aq-acero-al-carbon-24-litros-presion-maxima-87-psi\/","name":"Tanque precargado horizontal de membrana, AQUA PAK, serie AQ, acero al carb\u00f3n, 24 Litros, presi\u00f3n m\u00e1xima 87 psi - Maba Water","isPartOf":{"@id":"https:\/\/mabawater.com\/#website"},"primaryImageOfPage":{"@id":"https:\/\/mabawater.com\/producto\/tanque-precargado-horizontal-de-membrana-aqua-pak-serie-aq-acero-al-carbon-24-litros-presion-maxima-87-psi\/#primaryimage"},"image":{"@id":"https:\/\/mabawater.com\/producto\/tanque-precargado-horizontal-de-membrana-aqua-pak-serie-aq-acero-al-carbon-24-litros-presion-maxima-87-psi\/#primaryimage"},"thumbnailUrl":"https:\/\/mabawater.com\/wp-content\/uploads\/2022\/08\/Tanque-precargado-horizontal.png","datePublished":"2022-08-01T16:41:55+00:00","dateModified":"2025-06-09T18:27:42+00:00","breadcrumb":{"@id":"https:\/\/mabawater.com\/producto\/tanque-precargado-horizontal-de-membrana-aqua-pak-serie-aq-acero-al-carbon-24-litros-presion-maxima-87-psi\/#breadcrumb"},"inLanguage":"en-US","potentialAction":[{"@type":"ReadAction","target":["https:\/\/mabawater.com\/producto\/tanque-precargado-horizontal-de-membrana-aqua-pak-serie-aq-acero-al-carbon-24-litros-presion-maxima-87-psi\/"]}]},{"@type":"ImageObject","inLanguage":"en-US","@id":"https:\/\/mabawater.com\/producto\/tanque-precargado-horizontal-de-membrana-aqua-pak-serie-aq-acero-al-carbon-24-litros-presion-maxima-87-psi\/#primaryimage","url":"https:\/\/mabawater.com\/wp-content\/uploads\/2022\/08\/Tanque-precargado-horizontal.png","contentUrl":"https:\/\/mabawater.com\/wp-content\/uploads\/2022\/08\/Tanque-precargado-horizontal.png","width":676,"height":676},{"@type":"BreadcrumbList","@id":"https:\/\/mabawater.com\/producto\/tanque-precargado-horizontal-de-membrana-aqua-pak-serie-aq-acero-al-carbon-24-litros-presion-maxima-87-psi\/#breadcrumb","itemListElement":[{"@type":"ListItem","position":1,"name":"Portada","item":"https:\/\/mabawater.com\/"},{"@type":"ListItem","position":2,"name":"Productos Para La Calidad Del Agua","item":"https:\/\/mabawater.com\/productos-para-la-calidad-del-agua\/"},{"@type":"ListItem","position":3,"name":"Tanque precargado horizontal de membrana, AQUA PAK, serie AQ, acero al carb\u00f3n, 24 Litros, presi\u00f3n m\u00e1xima 87 psi"}]},{"@type":"WebSite","@id":"https:\/\/mabawater.com\/#website","url":"https:\/\/mabawater.com\/","name":"Maba Water","description":"Soluciones Hidr\u00e1ulicas Sustentables","publisher":{"@id":"https:\/\/mabawater.com\/#organization"},"potentialAction":[{"@type":"SearchAction","target":{"@type":"EntryPoint","urlTemplate":"https:\/\/mabawater.com\/?s={search_term_string}"},"query-input":{"@type":"PropertyValueSpecification","valueRequired":true,"valueName":"search_term_string"}}],"inLanguage":"en-US"},{"@type":"Organization","@id":"https:\/\/mabawater.com\/#organization","name":"Maba Water","url":"https:\/\/mabawater.com\/","logo":{"@type":"ImageObject","inLanguage":"en-US","@id":"https:\/\/mabawater.com\/#\/schema\/logo\/image\/","url":"https:\/\/mabawater.com\/wp-content\/uploads\/2021\/09\/water-icon.png","contentUrl":"https:\/\/mabawater.com\/wp-content\/uploads\/2021\/09\/water-icon.png","width":410,"height":176,"caption":"Maba Water"},"image":{"@id":"https:\/\/mabawater.com\/#\/schema\/logo\/image\/"},"sameAs":["https:\/\/www.facebook.com\/mabawater\/","https:\/\/www.instagram.com\/mabawater\/?hl=es-la"]}]}},"_links":{"self":[{"href":"https:\/\/mabawater.com\/en\/wp-json\/wp\/v2\/product\/19441","targetHints":{"allow":["GET"]}}],"collection":[{"href":"https:\/\/mabawater.com\/en\/wp-json\/wp\/v2\/product"}],"about":[{"href":"https:\/\/mabawater.com\/en\/wp-json\/wp\/v2\/types\/product"}],"replies":[{"embeddable":true,"href":"https:\/\/mabawater.com\/en\/wp-json\/wp\/v2\/comments?post=19441"}],"version-history":[{"count":1,"href":"https:\/\/mabawater.com\/en\/wp-json\/wp\/v2\/product\/19441\/revisions"}],"predecessor-version":[{"id":24379,"href":"https:\/\/mabawater.com\/en\/wp-json\/wp\/v2\/product\/19441\/revisions\/24379"}],"wp:featuredmedia":[{"embeddable":true,"href":"https:\/\/mabawater.com\/en\/wp-json\/wp\/v2\/media\/24378"}],"wp:attachment":[{"href":"https:\/\/mabawater.com\/en\/wp-json\/wp\/v2\/media?parent=19441"}],"wp:term":[{"taxonomy":"product_brand","embeddable":true,"href":"https:\/\/mabawater.com\/en\/wp-json\/wp\/v2\/product_brand?post=19441"},{"taxonomy":"product_cat","embeddable":true,"href":"https:\/\/mabawater.com\/en\/wp-json\/wp\/v2\/product_cat?post=19441"},{"taxonomy":"product_tag","embeddable":true,"href":"https:\/\/mabawater.com\/en\/wp-json\/wp\/v2\/product_tag?post=19441"}],"curies":[{"name":"wp","href":"https:\/\/api.w.org\/{rel}","templated":true}]}}