{"id":19465,"date":"2022-08-01T19:49:33","date_gmt":"2022-08-01T19:49:33","guid":{"rendered":"https:\/\/mabawater.com\/producto\/sistema-de-filtracion-basica-pou-marca-purikor-de-3-etapas-con-luz-uv-y-filtracion-de-5-micras-para-flujo-de-0-5-gpm\/"},"modified":"2023-09-04T02:36:10","modified_gmt":"2023-09-04T02:36:10","slug":"sistema-de-filtracion-basica-pou-marca-purikor-de-3-etapas-con-luz-uv-y-filtracion-de-5-micras-para-flujo-de-0-5-gpm","status":"publish","type":"product","link":"https:\/\/mabawater.com\/en\/product\/sistema-de-filtracion-basica-pou-marca-purikor-de-3-etapas-con-luz-uv-y-filtracion-de-5-micras-para-flujo-de-0-5-gpm\/","title":{"rendered":"Sistema de Filtraci\u00f3n B\u00e1sica POU marca PURIKOR de 3 etapas con LUZ UV y filtraci\u00f3n de 5 micras para flujo de 0.5 GPM"},"content":{"rendered":"<p>Sistema de Filtraci\u00f3n B\u00e1sica POU marca PURIKOR de 3 etapas con LUZ UV y filtraci\u00f3n de 5 micras para flujo de 0.5 GPM<\/p>\n<p>Descarga la ficha t\u00e9cnica <a href=\"https:\/\/mabawater.com\/wp-content\/uploads\/2022\/07\/ft_ficha_tecnica-purificador-residencial.pdf \">aqu\u00ed<\/a><\/p>","protected":false},"excerpt":{"rendered":"<p>Los sistemas PURIKOR de filtraci\u00f3n b\u00e1sica son equipos que le permitir\u00e1n comenzar a experimentar una vida m\u00e1s saludable.<\/p>","protected":false},"featured_media":19447,"comment_status":"open","ping_status":"closed","template":"","meta":[],"product_brand":[],"product_cat":[145,107],"product_tag":[575,487,505,597,500,541,488,1119,909,511,1123,1121,1122,526,1120,1035,1118,1124,544],"class_list":{"0":"post-19465","1":"product","2":"type-product","3":"status-publish","4":"has-post-thumbnail","6":"product_cat-tratamiento-de-agua","7":"product_cat-purificadores-residenciales","8":"product_tag-0-5","9":"product_tag-487","10":"product_tag-505","11":"product_tag-basica","12":"product_tag-con","13":"product_tag-de","14":"product_tag-etapas","15":"product_tag-filtracion","16":"product_tag-flujo","17":"product_tag-gpm","18":"product_tag-luz","19":"product_tag-marca","20":"product_tag-micras","21":"product_tag-para","22":"product_tag-pou","23":"product_tag-purikor","24":"product_tag-sistema","25":"product_tag-uv","26":"product_tag-y","28":"first","29":"instock","30":"shipping-taxable","31":"product-type-simple"},"yoast_head":"<!-- This site is optimized with the Yoast SEO plugin v26.6 - https:\/\/yoast.com\/wordpress\/plugins\/seo\/ -->\n<title>Sistema de Filtraci\u00f3n - Maba Water<\/title>\n<meta name=\"description\" content=\"Los sistemas de filtraci\u00f3n b\u00e1sica son equipos que le permitir\u00e1n comenzar a experimentar una vida m\u00e1s saludable. 3 etapas con LUZ UV y filtraci\u00f3n de 5 micras\" \/>\n<meta name=\"robots\" content=\"index, follow, max-snippet:-1, max-image-preview:large, max-video-preview:-1\" \/>\n<link rel=\"canonical\" href=\"https:\/\/mabawater.com\/en\/product\/sistema-de-filtracion-basica-pou-marca-purikor-de-3-etapas-con-luz-uv-y-filtracion-de-5-micras-para-flujo-de-0-5-gpm\/\" \/>\n<meta property=\"og:locale\" content=\"en_US\" \/>\n<meta property=\"og:type\" content=\"article\" \/>\n<meta property=\"og:title\" content=\"Sistema de Filtraci\u00f3n - Maba Water\" \/>\n<meta property=\"og:description\" content=\"Los sistemas de filtraci\u00f3n b\u00e1sica son equipos que le permitir\u00e1n comenzar a experimentar una vida m\u00e1s saludable. 3 etapas con LUZ UV y filtraci\u00f3n de 5 micras\" \/>\n<meta property=\"og:url\" content=\"https:\/\/mabawater.com\/en\/product\/sistema-de-filtracion-basica-pou-marca-purikor-de-3-etapas-con-luz-uv-y-filtracion-de-5-micras-para-flujo-de-0-5-gpm\/\" \/>\n<meta property=\"og:site_name\" content=\"Maba Water\" \/>\n<meta property=\"article:publisher\" content=\"https:\/\/www.facebook.com\/mabawater\/\" \/>\n<meta property=\"article:modified_time\" content=\"2023-09-04T02:36:10+00:00\" \/>\n<meta property=\"og:image\" content=\"https:\/\/mabawater.com\/wp-content\/uploads\/2022\/08\/pkf-3uv.jpeg\" \/>\n\t<meta property=\"og:image:width\" content=\"1000\" \/>\n\t<meta property=\"og:image:height\" content=\"1000\" \/>\n\t<meta property=\"og:image:type\" content=\"image\/jpeg\" \/>\n<meta name=\"twitter:card\" content=\"summary_large_image\" \/>\n<!-- \/ Yoast SEO plugin. -->","yoast_head_json":{"title":"Sistema de Filtraci\u00f3n - Maba Water","description":"Los sistemas de filtraci\u00f3n b\u00e1sica son equipos que le permitir\u00e1n comenzar a experimentar una vida m\u00e1s saludable. 3 etapas con LUZ UV y filtraci\u00f3n de 5 micras","robots":{"index":"index","follow":"follow","max-snippet":"max-snippet:-1","max-image-preview":"max-image-preview:large","max-video-preview":"max-video-preview:-1"},"canonical":"https:\/\/mabawater.com\/en\/product\/sistema-de-filtracion-basica-pou-marca-purikor-de-3-etapas-con-luz-uv-y-filtracion-de-5-micras-para-flujo-de-0-5-gpm\/","og_locale":"en_US","og_type":"article","og_title":"Sistema de Filtraci\u00f3n - Maba Water","og_description":"Los sistemas de filtraci\u00f3n b\u00e1sica son equipos que le permitir\u00e1n comenzar a experimentar una vida m\u00e1s saludable. 3 etapas con LUZ UV y filtraci\u00f3n de 5 micras","og_url":"https:\/\/mabawater.com\/en\/product\/sistema-de-filtracion-basica-pou-marca-purikor-de-3-etapas-con-luz-uv-y-filtracion-de-5-micras-para-flujo-de-0-5-gpm\/","og_site_name":"Maba Water","article_publisher":"https:\/\/www.facebook.com\/mabawater\/","article_modified_time":"2023-09-04T02:36:10+00:00","og_image":[{"width":1000,"height":1000,"url":"https:\/\/mabawater.com\/wp-content\/uploads\/2022\/08\/pkf-3uv.jpeg","type":"image\/jpeg"}],"twitter_card":"summary_large_image","schema":{"@context":"https:\/\/schema.org","@graph":[{"@type":"WebPage","@id":"https:\/\/mabawater.com\/producto\/sistema-de-filtracion-basica-pou-marca-purikor-de-3-etapas-con-luz-uv-y-filtracion-de-5-micras-para-flujo-de-0-5-gpm\/","url":"https:\/\/mabawater.com\/producto\/sistema-de-filtracion-basica-pou-marca-purikor-de-3-etapas-con-luz-uv-y-filtracion-de-5-micras-para-flujo-de-0-5-gpm\/","name":"Sistema de Filtraci\u00f3n - Maba Water","isPartOf":{"@id":"https:\/\/mabawater.com\/#website"},"primaryImageOfPage":{"@id":"https:\/\/mabawater.com\/producto\/sistema-de-filtracion-basica-pou-marca-purikor-de-3-etapas-con-luz-uv-y-filtracion-de-5-micras-para-flujo-de-0-5-gpm\/#primaryimage"},"image":{"@id":"https:\/\/mabawater.com\/producto\/sistema-de-filtracion-basica-pou-marca-purikor-de-3-etapas-con-luz-uv-y-filtracion-de-5-micras-para-flujo-de-0-5-gpm\/#primaryimage"},"thumbnailUrl":"https:\/\/mabawater.com\/wp-content\/uploads\/2022\/08\/pkf-3uv.jpeg","datePublished":"2022-08-01T19:49:33+00:00","dateModified":"2023-09-04T02:36:10+00:00","description":"Los sistemas de filtraci\u00f3n b\u00e1sica son equipos que le permitir\u00e1n comenzar a experimentar una vida m\u00e1s saludable. 3 etapas con LUZ UV y filtraci\u00f3n de 5 micras","breadcrumb":{"@id":"https:\/\/mabawater.com\/producto\/sistema-de-filtracion-basica-pou-marca-purikor-de-3-etapas-con-luz-uv-y-filtracion-de-5-micras-para-flujo-de-0-5-gpm\/#breadcrumb"},"inLanguage":"en-US","potentialAction":[{"@type":"ReadAction","target":["https:\/\/mabawater.com\/producto\/sistema-de-filtracion-basica-pou-marca-purikor-de-3-etapas-con-luz-uv-y-filtracion-de-5-micras-para-flujo-de-0-5-gpm\/"]}]},{"@type":"ImageObject","inLanguage":"en-US","@id":"https:\/\/mabawater.com\/producto\/sistema-de-filtracion-basica-pou-marca-purikor-de-3-etapas-con-luz-uv-y-filtracion-de-5-micras-para-flujo-de-0-5-gpm\/#primaryimage","url":"https:\/\/mabawater.com\/wp-content\/uploads\/2022\/08\/pkf-3uv.jpeg","contentUrl":"https:\/\/mabawater.com\/wp-content\/uploads\/2022\/08\/pkf-3uv.jpeg","width":1000,"height":1000},{"@type":"BreadcrumbList","@id":"https:\/\/mabawater.com\/producto\/sistema-de-filtracion-basica-pou-marca-purikor-de-3-etapas-con-luz-uv-y-filtracion-de-5-micras-para-flujo-de-0-5-gpm\/#breadcrumb","itemListElement":[{"@type":"ListItem","position":1,"name":"Portada","item":"https:\/\/mabawater.com\/"},{"@type":"ListItem","position":2,"name":"Productos Para La Calidad Del Agua","item":"https:\/\/mabawater.com\/productos-para-la-calidad-del-agua\/"},{"@type":"ListItem","position":3,"name":"Sistema de Filtraci\u00f3n B\u00e1sica POU marca PURIKOR de 3 etapas con LUZ UV y filtraci\u00f3n de 5 micras para flujo de 0.5 GPM"}]},{"@type":"WebSite","@id":"https:\/\/mabawater.com\/#website","url":"https:\/\/mabawater.com\/","name":"Maba Water","description":"Soluciones Hidr\u00e1ulicas Sustentables","publisher":{"@id":"https:\/\/mabawater.com\/#organization"},"potentialAction":[{"@type":"SearchAction","target":{"@type":"EntryPoint","urlTemplate":"https:\/\/mabawater.com\/?s={search_term_string}"},"query-input":{"@type":"PropertyValueSpecification","valueRequired":true,"valueName":"search_term_string"}}],"inLanguage":"en-US"},{"@type":"Organization","@id":"https:\/\/mabawater.com\/#organization","name":"Maba Water","url":"https:\/\/mabawater.com\/","logo":{"@type":"ImageObject","inLanguage":"en-US","@id":"https:\/\/mabawater.com\/#\/schema\/logo\/image\/","url":"https:\/\/mabawater.com\/wp-content\/uploads\/2021\/09\/water-icon.png","contentUrl":"https:\/\/mabawater.com\/wp-content\/uploads\/2021\/09\/water-icon.png","width":410,"height":176,"caption":"Maba Water"},"image":{"@id":"https:\/\/mabawater.com\/#\/schema\/logo\/image\/"},"sameAs":["https:\/\/www.facebook.com\/mabawater\/","https:\/\/www.instagram.com\/mabawater\/?hl=es-la"]}]}},"_links":{"self":[{"href":"https:\/\/mabawater.com\/en\/wp-json\/wp\/v2\/product\/19465","targetHints":{"allow":["GET"]}}],"collection":[{"href":"https:\/\/mabawater.com\/en\/wp-json\/wp\/v2\/product"}],"about":[{"href":"https:\/\/mabawater.com\/en\/wp-json\/wp\/v2\/types\/product"}],"replies":[{"embeddable":true,"href":"https:\/\/mabawater.com\/en\/wp-json\/wp\/v2\/comments?post=19465"}],"version-history":[{"count":1,"href":"https:\/\/mabawater.com\/en\/wp-json\/wp\/v2\/product\/19465\/revisions"}],"predecessor-version":[{"id":23367,"href":"https:\/\/mabawater.com\/en\/wp-json\/wp\/v2\/product\/19465\/revisions\/23367"}],"wp:featuredmedia":[{"embeddable":true,"href":"https:\/\/mabawater.com\/en\/wp-json\/wp\/v2\/media\/19447"}],"wp:attachment":[{"href":"https:\/\/mabawater.com\/en\/wp-json\/wp\/v2\/media?parent=19465"}],"wp:term":[{"taxonomy":"product_brand","embeddable":true,"href":"https:\/\/mabawater.com\/en\/wp-json\/wp\/v2\/product_brand?post=19465"},{"taxonomy":"product_cat","embeddable":true,"href":"https:\/\/mabawater.com\/en\/wp-json\/wp\/v2\/product_cat?post=19465"},{"taxonomy":"product_tag","embeddable":true,"href":"https:\/\/mabawater.com\/en\/wp-json\/wp\/v2\/product_tag?post=19465"}],"curies":[{"name":"wp","href":"https:\/\/api.w.org\/{rel}","templated":true}]}}