{"id":19466,"date":"2022-08-01T19:49:33","date_gmt":"2022-08-01T19:49:33","guid":{"rendered":"https:\/\/mabawater.com\/producto\/sistema-de-osmosis-inversa-pou-purikor-de-5-etapas-y-filtracion-de-5-micras-para-flujo-de-100-gpd\/"},"modified":"2025-02-26T20:35:12","modified_gmt":"2025-02-26T20:35:12","slug":"sistema-de-osmosis-inversa-pou-purikor-de-5-etapas-y-filtracion-de-5-micras-para-flujo-de-100-gpd","status":"publish","type":"product","link":"https:\/\/mabawater.com\/en\/product\/sistema-de-osmosis-inversa-pou-purikor-de-5-etapas-y-filtracion-de-5-micras-para-flujo-de-100-gpd\/","title":{"rendered":"Sistema de \u00d3smosis inversa POU, PURIKOR, de 5 etapas y filtraci\u00f3n de 5 micras para flujo de 100 GPD"},"content":{"rendered":"","protected":false},"excerpt":{"rendered":"<p><strong>Sistema de \u00d3smosis inversa<\/strong> POU, <strong>PURIKOR<\/strong>, de 5 etapas y filtraci\u00f3n de 5 micras para flujo de 100 GPD<\/p>\n<p>El sistema PURIKOR de \u00f3smosis inversa, utiliza t\u00e9cnicas avanzadas para entregar agua saludable y obtener un buen sabor.<\/p>\n<p>La parte central de la unidad es la<strong> membrana de \u00f3smosis inversa<\/strong> con una precisi\u00f3n de 0.001 micrones que remueve s\u00f3lidos disueltos, bacterias, metales pesados, sales minerales, sustancias da\u00f1inas y otras sustancias qu\u00edmicas disueltas en el agua.<\/p>\n<p><a href=\"https:\/\/mabawater.com\/wp-content\/uploads\/2022\/08\/ft_ficha_tecnica_osmosis-inversa.pdf\">Descarga la ficha t\u00e9cnica aqu\u00ed<\/a><\/p>","protected":false},"featured_media":19448,"comment_status":"open","ping_status":"closed","template":"","meta":[],"product_brand":[],"product_cat":[145,107],"product_tag":[],"class_list":{"0":"post-19466","1":"product","2":"type-product","3":"status-publish","4":"has-post-thumbnail","6":"product_cat-tratamiento-de-agua","7":"product_cat-purificadores-residenciales","9":"first","10":"instock","11":"shipping-taxable","12":"product-type-simple"},"yoast_head":"<!-- This site is optimized with the Yoast SEO plugin v26.6 - https:\/\/yoast.com\/wordpress\/plugins\/seo\/ -->\n<title>Sistema de \u00d3smosis inversa POU, PURIKOR, de 5 etapas y filtraci\u00f3n de 5 micras para flujo de 100 GPD - Maba Water<\/title>\n<meta name=\"description\" content=\"Sistema de \u00d3smosis inversa POU, PURIKOR, de 5 etapas y filtraci\u00f3n de 5 micras. T\u00e9cnicas avanzadas para entregar agua saludable y obtener un buen sabor.\" \/>\n<meta name=\"robots\" content=\"index, follow, max-snippet:-1, max-image-preview:large, max-video-preview:-1\" \/>\n<link rel=\"canonical\" href=\"https:\/\/mabawater.com\/en\/product\/sistema-de-osmosis-inversa-pou-purikor-de-5-etapas-y-filtracion-de-5-micras-para-flujo-de-100-gpd\/\" \/>\n<meta property=\"og:locale\" content=\"en_US\" \/>\n<meta property=\"og:type\" content=\"article\" \/>\n<meta property=\"og:title\" content=\"Sistema de \u00d3smosis inversa POU, PURIKOR, de 5 etapas y filtraci\u00f3n de 5 micras para flujo de 100 GPD - Maba Water\" \/>\n<meta property=\"og:description\" content=\"Sistema de \u00d3smosis inversa POU, PURIKOR, de 5 etapas y filtraci\u00f3n de 5 micras. T\u00e9cnicas avanzadas para entregar agua saludable y obtener un buen sabor.\" \/>\n<meta property=\"og:url\" content=\"https:\/\/mabawater.com\/en\/product\/sistema-de-osmosis-inversa-pou-purikor-de-5-etapas-y-filtracion-de-5-micras-para-flujo-de-100-gpd\/\" \/>\n<meta property=\"og:site_name\" content=\"Maba Water\" \/>\n<meta property=\"article:publisher\" content=\"https:\/\/www.facebook.com\/mabawater\/\" \/>\n<meta property=\"article:modified_time\" content=\"2025-02-26T20:35:12+00:00\" \/>\n<meta property=\"og:image\" content=\"https:\/\/mabawater.com\/wp-content\/uploads\/2022\/08\/pkro100-5p_1.jpeg\" \/>\n\t<meta property=\"og:image:width\" content=\"1000\" \/>\n\t<meta property=\"og:image:height\" content=\"1000\" \/>\n\t<meta property=\"og:image:type\" content=\"image\/jpeg\" \/>\n<meta name=\"twitter:card\" content=\"summary_large_image\" \/>\n<!-- \/ Yoast SEO plugin. -->","yoast_head_json":{"title":"Sistema de \u00d3smosis inversa POU, PURIKOR, de 5 etapas y filtraci\u00f3n de 5 micras para flujo de 100 GPD - Maba Water","description":"Sistema de \u00d3smosis inversa POU, PURIKOR, de 5 etapas y filtraci\u00f3n de 5 micras. T\u00e9cnicas avanzadas para entregar agua saludable y obtener un buen sabor.","robots":{"index":"index","follow":"follow","max-snippet":"max-snippet:-1","max-image-preview":"max-image-preview:large","max-video-preview":"max-video-preview:-1"},"canonical":"https:\/\/mabawater.com\/en\/product\/sistema-de-osmosis-inversa-pou-purikor-de-5-etapas-y-filtracion-de-5-micras-para-flujo-de-100-gpd\/","og_locale":"en_US","og_type":"article","og_title":"Sistema de \u00d3smosis inversa POU, PURIKOR, de 5 etapas y filtraci\u00f3n de 5 micras para flujo de 100 GPD - Maba Water","og_description":"Sistema de \u00d3smosis inversa POU, PURIKOR, de 5 etapas y filtraci\u00f3n de 5 micras. T\u00e9cnicas avanzadas para entregar agua saludable y obtener un buen sabor.","og_url":"https:\/\/mabawater.com\/en\/product\/sistema-de-osmosis-inversa-pou-purikor-de-5-etapas-y-filtracion-de-5-micras-para-flujo-de-100-gpd\/","og_site_name":"Maba Water","article_publisher":"https:\/\/www.facebook.com\/mabawater\/","article_modified_time":"2025-02-26T20:35:12+00:00","og_image":[{"width":1000,"height":1000,"url":"https:\/\/mabawater.com\/wp-content\/uploads\/2022\/08\/pkro100-5p_1.jpeg","type":"image\/jpeg"}],"twitter_card":"summary_large_image","schema":{"@context":"https:\/\/schema.org","@graph":[{"@type":"WebPage","@id":"https:\/\/mabawater.com\/producto\/sistema-de-osmosis-inversa-pou-purikor-de-5-etapas-y-filtracion-de-5-micras-para-flujo-de-100-gpd\/","url":"https:\/\/mabawater.com\/producto\/sistema-de-osmosis-inversa-pou-purikor-de-5-etapas-y-filtracion-de-5-micras-para-flujo-de-100-gpd\/","name":"Sistema de \u00d3smosis inversa POU, PURIKOR, de 5 etapas y filtraci\u00f3n de 5 micras para flujo de 100 GPD - Maba Water","isPartOf":{"@id":"https:\/\/mabawater.com\/#website"},"primaryImageOfPage":{"@id":"https:\/\/mabawater.com\/producto\/sistema-de-osmosis-inversa-pou-purikor-de-5-etapas-y-filtracion-de-5-micras-para-flujo-de-100-gpd\/#primaryimage"},"image":{"@id":"https:\/\/mabawater.com\/producto\/sistema-de-osmosis-inversa-pou-purikor-de-5-etapas-y-filtracion-de-5-micras-para-flujo-de-100-gpd\/#primaryimage"},"thumbnailUrl":"https:\/\/mabawater.com\/wp-content\/uploads\/2022\/08\/pkro100-5p_1.jpeg","datePublished":"2022-08-01T19:49:33+00:00","dateModified":"2025-02-26T20:35:12+00:00","description":"Sistema de \u00d3smosis inversa POU, PURIKOR, de 5 etapas y filtraci\u00f3n de 5 micras. T\u00e9cnicas avanzadas para entregar agua saludable y obtener un buen sabor.","breadcrumb":{"@id":"https:\/\/mabawater.com\/producto\/sistema-de-osmosis-inversa-pou-purikor-de-5-etapas-y-filtracion-de-5-micras-para-flujo-de-100-gpd\/#breadcrumb"},"inLanguage":"en-US","potentialAction":[{"@type":"ReadAction","target":["https:\/\/mabawater.com\/producto\/sistema-de-osmosis-inversa-pou-purikor-de-5-etapas-y-filtracion-de-5-micras-para-flujo-de-100-gpd\/"]}]},{"@type":"ImageObject","inLanguage":"en-US","@id":"https:\/\/mabawater.com\/producto\/sistema-de-osmosis-inversa-pou-purikor-de-5-etapas-y-filtracion-de-5-micras-para-flujo-de-100-gpd\/#primaryimage","url":"https:\/\/mabawater.com\/wp-content\/uploads\/2022\/08\/pkro100-5p_1.jpeg","contentUrl":"https:\/\/mabawater.com\/wp-content\/uploads\/2022\/08\/pkro100-5p_1.jpeg","width":1000,"height":1000},{"@type":"BreadcrumbList","@id":"https:\/\/mabawater.com\/producto\/sistema-de-osmosis-inversa-pou-purikor-de-5-etapas-y-filtracion-de-5-micras-para-flujo-de-100-gpd\/#breadcrumb","itemListElement":[{"@type":"ListItem","position":1,"name":"Portada","item":"https:\/\/mabawater.com\/"},{"@type":"ListItem","position":2,"name":"Productos Para La Calidad Del Agua","item":"https:\/\/mabawater.com\/productos-para-la-calidad-del-agua\/"},{"@type":"ListItem","position":3,"name":"Sistema de \u00d3smosis inversa POU, PURIKOR, de 5 etapas y filtraci\u00f3n de 5 micras para flujo de 100 GPD"}]},{"@type":"WebSite","@id":"https:\/\/mabawater.com\/#website","url":"https:\/\/mabawater.com\/","name":"Maba Water","description":"Soluciones Hidr\u00e1ulicas Sustentables","publisher":{"@id":"https:\/\/mabawater.com\/#organization"},"potentialAction":[{"@type":"SearchAction","target":{"@type":"EntryPoint","urlTemplate":"https:\/\/mabawater.com\/?s={search_term_string}"},"query-input":{"@type":"PropertyValueSpecification","valueRequired":true,"valueName":"search_term_string"}}],"inLanguage":"en-US"},{"@type":"Organization","@id":"https:\/\/mabawater.com\/#organization","name":"Maba Water","url":"https:\/\/mabawater.com\/","logo":{"@type":"ImageObject","inLanguage":"en-US","@id":"https:\/\/mabawater.com\/#\/schema\/logo\/image\/","url":"https:\/\/mabawater.com\/wp-content\/uploads\/2021\/09\/water-icon.png","contentUrl":"https:\/\/mabawater.com\/wp-content\/uploads\/2021\/09\/water-icon.png","width":410,"height":176,"caption":"Maba Water"},"image":{"@id":"https:\/\/mabawater.com\/#\/schema\/logo\/image\/"},"sameAs":["https:\/\/www.facebook.com\/mabawater\/","https:\/\/www.instagram.com\/mabawater\/?hl=es-la"]}]}},"_links":{"self":[{"href":"https:\/\/mabawater.com\/en\/wp-json\/wp\/v2\/product\/19466","targetHints":{"allow":["GET"]}}],"collection":[{"href":"https:\/\/mabawater.com\/en\/wp-json\/wp\/v2\/product"}],"about":[{"href":"https:\/\/mabawater.com\/en\/wp-json\/wp\/v2\/types\/product"}],"replies":[{"embeddable":true,"href":"https:\/\/mabawater.com\/en\/wp-json\/wp\/v2\/comments?post=19466"}],"version-history":[{"count":2,"href":"https:\/\/mabawater.com\/en\/wp-json\/wp\/v2\/product\/19466\/revisions"}],"predecessor-version":[{"id":27957,"href":"https:\/\/mabawater.com\/en\/wp-json\/wp\/v2\/product\/19466\/revisions\/27957"}],"wp:featuredmedia":[{"embeddable":true,"href":"https:\/\/mabawater.com\/en\/wp-json\/wp\/v2\/media\/19448"}],"wp:attachment":[{"href":"https:\/\/mabawater.com\/en\/wp-json\/wp\/v2\/media?parent=19466"}],"wp:term":[{"taxonomy":"product_brand","embeddable":true,"href":"https:\/\/mabawater.com\/en\/wp-json\/wp\/v2\/product_brand?post=19466"},{"taxonomy":"product_cat","embeddable":true,"href":"https:\/\/mabawater.com\/en\/wp-json\/wp\/v2\/product_cat?post=19466"},{"taxonomy":"product_tag","embeddable":true,"href":"https:\/\/mabawater.com\/en\/wp-json\/wp\/v2\/product_tag?post=19466"}],"curies":[{"name":"wp","href":"https:\/\/api.w.org\/{rel}","templated":true}]}}