{"id":19468,"date":"2022-08-01T19:49:33","date_gmt":"2022-08-01T19:49:33","guid":{"rendered":"https:\/\/mabawater.com\/producto\/sistema-de-osmosis-inversa-pou-purikor-de-6-etapas-con-luz-uv-y-filtracion-de-5-micras-para-flujo-de-400-gpd\/"},"modified":"2024-01-29T20:34:31","modified_gmt":"2024-01-29T20:34:31","slug":"sistema-de-osmosis-inversa-pou-purikor-de-6-etapas-con-luz-uv-y-filtracion-de-5-micras-para-flujo-de-400-gpd","status":"publish","type":"product","link":"https:\/\/mabawater.com\/en\/product\/sistema-de-osmosis-inversa-pou-purikor-de-6-etapas-con-luz-uv-y-filtracion-de-5-micras-para-flujo-de-400-gpd\/","title":{"rendered":"Sistema de \u00d3smosis inversa POU, PURIKOR de 6 etapas con LUZ UV y filtraci\u00f3n de 5 micras para flujo de 400 GPD"},"content":{"rendered":"<p>Sistema de \u00d3smosis inversa POU, PURIKOR de 6 etapas con LUZ UV y filtraci\u00f3n de 5 micras para flujo de 400 GPD<\/p>\n<p>Descarga la ficha t\u00e9cnica <a href=\"https:\/\/mabawater.com\/wp-content\/uploads\/2022\/08\/ft_ficha_tecnica_osmosis-inversa.pdf\">aqu\u00ed<\/a><\/p>","protected":false},"excerpt":{"rendered":"<p>El sistema PURIKOR de \u00f3smosis inversa, utiliza t\u00e9cnicas avanzadas para entregar agua saludable y obtener un buen sabor.<\/p>\n<p>La parte central de la unidad es la membrana de \u00f3smosis inversa con una precisi\u00f3n de 0.001 micrones que remueve s\u00f3lidos disueltos, bacterias, metales pesados, sales minerales, sustancias da\u00f1inas y otras sustancias qu\u00edmicas disueltas en el agua.<\/p>","protected":false},"featured_media":24287,"comment_status":"open","ping_status":"closed","template":"","meta":[],"product_brand":[],"product_cat":[145,107],"product_tag":[1128,505,506,500,541,488,1119,909,1127,1126,1123,1122,1125,526,1120,1035,1118,1124,544],"class_list":{"0":"post-19468","1":"product","2":"type-product","3":"status-publish","4":"has-post-thumbnail","6":"product_cat-tratamiento-de-agua","7":"product_cat-purificadores-residenciales","8":"product_tag-1128","9":"product_tag-505","10":"product_tag-506","11":"product_tag-con","12":"product_tag-de","13":"product_tag-etapas","14":"product_tag-filtracion","15":"product_tag-flujo","16":"product_tag-gpd","17":"product_tag-inversa","18":"product_tag-luz","19":"product_tag-micras","20":"product_tag-osmosis","21":"product_tag-para","22":"product_tag-pou","23":"product_tag-purikor","24":"product_tag-sistema","25":"product_tag-uv","26":"product_tag-y","28":"first","29":"instock","30":"shipping-taxable","31":"product-type-simple"},"yoast_head":"<!-- This site is optimized with the Yoast SEO plugin v26.6 - https:\/\/yoast.com\/wordpress\/plugins\/seo\/ -->\n<title>Sistema de \u00d3smosis inversa para flujo de 400 GPD - Maba Water<\/title>\n<meta name=\"description\" content=\"El sistema de \u00d3smosis inversa POU, PURIKOR para flujo de 400 GPD. utiliza t\u00e9cnicas avanzadas para entregar agua saludable y obtener un buen sabor.\" \/>\n<meta name=\"robots\" content=\"index, follow, max-snippet:-1, max-image-preview:large, max-video-preview:-1\" \/>\n<link rel=\"canonical\" href=\"https:\/\/mabawater.com\/en\/product\/sistema-de-osmosis-inversa-pou-purikor-de-6-etapas-con-luz-uv-y-filtracion-de-5-micras-para-flujo-de-400-gpd\/\" \/>\n<meta property=\"og:locale\" content=\"en_US\" \/>\n<meta property=\"og:type\" content=\"article\" \/>\n<meta property=\"og:title\" content=\"Sistema de \u00d3smosis inversa para flujo de 400 GPD - Maba Water\" \/>\n<meta property=\"og:description\" content=\"El sistema de \u00d3smosis inversa POU, PURIKOR para flujo de 400 GPD. utiliza t\u00e9cnicas avanzadas para entregar agua saludable y obtener un buen sabor.\" \/>\n<meta property=\"og:url\" content=\"https:\/\/mabawater.com\/en\/product\/sistema-de-osmosis-inversa-pou-purikor-de-6-etapas-con-luz-uv-y-filtracion-de-5-micras-para-flujo-de-400-gpd\/\" \/>\n<meta property=\"og:site_name\" content=\"Maba Water\" \/>\n<meta property=\"article:publisher\" content=\"https:\/\/www.facebook.com\/mabawater\/\" \/>\n<meta property=\"article:modified_time\" content=\"2024-01-29T20:34:31+00:00\" \/>\n<meta property=\"og:image\" content=\"https:\/\/mabawater.com\/wp-content\/uploads\/2022\/08\/Sistema-de-Osmosis-inversa-POU.png\" \/>\n\t<meta property=\"og:image:width\" content=\"1000\" \/>\n\t<meta property=\"og:image:height\" content=\"1000\" \/>\n\t<meta property=\"og:image:type\" content=\"image\/png\" \/>\n<meta name=\"twitter:card\" content=\"summary_large_image\" \/>\n<!-- \/ Yoast SEO plugin. -->","yoast_head_json":{"title":"Sistema de \u00d3smosis inversa para flujo de 400 GPD - Maba Water","description":"El sistema de \u00d3smosis inversa POU, PURIKOR para flujo de 400 GPD. utiliza t\u00e9cnicas avanzadas para entregar agua saludable y obtener un buen sabor.","robots":{"index":"index","follow":"follow","max-snippet":"max-snippet:-1","max-image-preview":"max-image-preview:large","max-video-preview":"max-video-preview:-1"},"canonical":"https:\/\/mabawater.com\/en\/product\/sistema-de-osmosis-inversa-pou-purikor-de-6-etapas-con-luz-uv-y-filtracion-de-5-micras-para-flujo-de-400-gpd\/","og_locale":"en_US","og_type":"article","og_title":"Sistema de \u00d3smosis inversa para flujo de 400 GPD - Maba Water","og_description":"El sistema de \u00d3smosis inversa POU, PURIKOR para flujo de 400 GPD. utiliza t\u00e9cnicas avanzadas para entregar agua saludable y obtener un buen sabor.","og_url":"https:\/\/mabawater.com\/en\/product\/sistema-de-osmosis-inversa-pou-purikor-de-6-etapas-con-luz-uv-y-filtracion-de-5-micras-para-flujo-de-400-gpd\/","og_site_name":"Maba Water","article_publisher":"https:\/\/www.facebook.com\/mabawater\/","article_modified_time":"2024-01-29T20:34:31+00:00","og_image":[{"width":1000,"height":1000,"url":"https:\/\/mabawater.com\/wp-content\/uploads\/2022\/08\/Sistema-de-Osmosis-inversa-POU.png","type":"image\/png"}],"twitter_card":"summary_large_image","schema":{"@context":"https:\/\/schema.org","@graph":[{"@type":"WebPage","@id":"https:\/\/mabawater.com\/producto\/sistema-de-osmosis-inversa-pou-purikor-de-6-etapas-con-luz-uv-y-filtracion-de-5-micras-para-flujo-de-400-gpd\/","url":"https:\/\/mabawater.com\/producto\/sistema-de-osmosis-inversa-pou-purikor-de-6-etapas-con-luz-uv-y-filtracion-de-5-micras-para-flujo-de-400-gpd\/","name":"Sistema de \u00d3smosis inversa para flujo de 400 GPD - Maba Water","isPartOf":{"@id":"https:\/\/mabawater.com\/#website"},"primaryImageOfPage":{"@id":"https:\/\/mabawater.com\/producto\/sistema-de-osmosis-inversa-pou-purikor-de-6-etapas-con-luz-uv-y-filtracion-de-5-micras-para-flujo-de-400-gpd\/#primaryimage"},"image":{"@id":"https:\/\/mabawater.com\/producto\/sistema-de-osmosis-inversa-pou-purikor-de-6-etapas-con-luz-uv-y-filtracion-de-5-micras-para-flujo-de-400-gpd\/#primaryimage"},"thumbnailUrl":"https:\/\/mabawater.com\/wp-content\/uploads\/2022\/08\/Sistema-de-Osmosis-inversa-POU.png","datePublished":"2022-08-01T19:49:33+00:00","dateModified":"2024-01-29T20:34:31+00:00","description":"El sistema de \u00d3smosis inversa POU, PURIKOR para flujo de 400 GPD. utiliza t\u00e9cnicas avanzadas para entregar agua saludable y obtener un buen sabor.","breadcrumb":{"@id":"https:\/\/mabawater.com\/producto\/sistema-de-osmosis-inversa-pou-purikor-de-6-etapas-con-luz-uv-y-filtracion-de-5-micras-para-flujo-de-400-gpd\/#breadcrumb"},"inLanguage":"en-US","potentialAction":[{"@type":"ReadAction","target":["https:\/\/mabawater.com\/producto\/sistema-de-osmosis-inversa-pou-purikor-de-6-etapas-con-luz-uv-y-filtracion-de-5-micras-para-flujo-de-400-gpd\/"]}]},{"@type":"ImageObject","inLanguage":"en-US","@id":"https:\/\/mabawater.com\/producto\/sistema-de-osmosis-inversa-pou-purikor-de-6-etapas-con-luz-uv-y-filtracion-de-5-micras-para-flujo-de-400-gpd\/#primaryimage","url":"https:\/\/mabawater.com\/wp-content\/uploads\/2022\/08\/Sistema-de-Osmosis-inversa-POU.png","contentUrl":"https:\/\/mabawater.com\/wp-content\/uploads\/2022\/08\/Sistema-de-Osmosis-inversa-POU.png","width":1000,"height":1000},{"@type":"BreadcrumbList","@id":"https:\/\/mabawater.com\/producto\/sistema-de-osmosis-inversa-pou-purikor-de-6-etapas-con-luz-uv-y-filtracion-de-5-micras-para-flujo-de-400-gpd\/#breadcrumb","itemListElement":[{"@type":"ListItem","position":1,"name":"Portada","item":"https:\/\/mabawater.com\/"},{"@type":"ListItem","position":2,"name":"Productos Para La Calidad Del Agua","item":"https:\/\/mabawater.com\/productos-para-la-calidad-del-agua\/"},{"@type":"ListItem","position":3,"name":"Sistema de \u00d3smosis inversa POU, PURIKOR de 6 etapas con LUZ UV y filtraci\u00f3n de 5 micras para flujo de 400 GPD"}]},{"@type":"WebSite","@id":"https:\/\/mabawater.com\/#website","url":"https:\/\/mabawater.com\/","name":"Maba Water","description":"Soluciones Hidr\u00e1ulicas Sustentables","publisher":{"@id":"https:\/\/mabawater.com\/#organization"},"potentialAction":[{"@type":"SearchAction","target":{"@type":"EntryPoint","urlTemplate":"https:\/\/mabawater.com\/?s={search_term_string}"},"query-input":{"@type":"PropertyValueSpecification","valueRequired":true,"valueName":"search_term_string"}}],"inLanguage":"en-US"},{"@type":"Organization","@id":"https:\/\/mabawater.com\/#organization","name":"Maba Water","url":"https:\/\/mabawater.com\/","logo":{"@type":"ImageObject","inLanguage":"en-US","@id":"https:\/\/mabawater.com\/#\/schema\/logo\/image\/","url":"https:\/\/mabawater.com\/wp-content\/uploads\/2021\/09\/water-icon.png","contentUrl":"https:\/\/mabawater.com\/wp-content\/uploads\/2021\/09\/water-icon.png","width":410,"height":176,"caption":"Maba Water"},"image":{"@id":"https:\/\/mabawater.com\/#\/schema\/logo\/image\/"},"sameAs":["https:\/\/www.facebook.com\/mabawater\/","https:\/\/www.instagram.com\/mabawater\/?hl=es-la"]}]}},"_links":{"self":[{"href":"https:\/\/mabawater.com\/en\/wp-json\/wp\/v2\/product\/19468","targetHints":{"allow":["GET"]}}],"collection":[{"href":"https:\/\/mabawater.com\/en\/wp-json\/wp\/v2\/product"}],"about":[{"href":"https:\/\/mabawater.com\/en\/wp-json\/wp\/v2\/types\/product"}],"replies":[{"embeddable":true,"href":"https:\/\/mabawater.com\/en\/wp-json\/wp\/v2\/comments?post=19468"}],"version-history":[{"count":1,"href":"https:\/\/mabawater.com\/en\/wp-json\/wp\/v2\/product\/19468\/revisions"}],"predecessor-version":[{"id":23371,"href":"https:\/\/mabawater.com\/en\/wp-json\/wp\/v2\/product\/19468\/revisions\/23371"}],"wp:featuredmedia":[{"embeddable":true,"href":"https:\/\/mabawater.com\/en\/wp-json\/wp\/v2\/media\/24287"}],"wp:attachment":[{"href":"https:\/\/mabawater.com\/en\/wp-json\/wp\/v2\/media?parent=19468"}],"wp:term":[{"taxonomy":"product_brand","embeddable":true,"href":"https:\/\/mabawater.com\/en\/wp-json\/wp\/v2\/product_brand?post=19468"},{"taxonomy":"product_cat","embeddable":true,"href":"https:\/\/mabawater.com\/en\/wp-json\/wp\/v2\/product_cat?post=19468"},{"taxonomy":"product_tag","embeddable":true,"href":"https:\/\/mabawater.com\/en\/wp-json\/wp\/v2\/product_tag?post=19468"}],"curies":[{"name":"wp","href":"https:\/\/api.w.org\/{rel}","templated":true}]}}