{"id":19469,"date":"2022-08-01T19:49:33","date_gmt":"2022-08-01T19:49:33","guid":{"rendered":"https:\/\/mabawater.com\/producto\/sistema-de-ultrafiltracion-pou-marca-purikor-de-5-etapas-y-filtracion-de-5-micras-para-flujo-de-0-66-gpm\/"},"modified":"2024-12-26T19:15:31","modified_gmt":"2024-12-26T19:15:31","slug":"sistema-de-ultrafiltracion-pou-marca-purikor-de-5-etapas-y-filtracion-de-5-micras-para-flujo-de-0-66-gpm","status":"publish","type":"product","link":"https:\/\/mabawater.com\/en\/product\/sistema-de-ultrafiltracion-pou-marca-purikor-de-5-etapas-y-filtracion-de-5-micras-para-flujo-de-0-66-gpm\/","title":{"rendered":"Sistema de Ultrafiltraci\u00f3n POU marca PURIKOR de 5 etapas y filtraci\u00f3n de 5 micras para flujo de 0.66 GPM"},"content":{"rendered":"","protected":false},"excerpt":{"rendered":"<p>El sistema <strong>PURIKOR<\/strong> de <strong>ultrafiltraci\u00f3n de agua<\/strong>, le ofrece una soluci\u00f3n que le permitir\u00e1 beber agua saludable.<\/p>\n<p>La parte central de la unidad es la<strong> membrana de ultrafiltraci\u00f3n de agua<\/strong> con una precisi\u00f3n de 0.01 micrones que retiene los s\u00f3lidos, solutos de alto peso molecular, turbiedad y bacterias.<\/p>\n<ul>\n<li><strong>Sistema de Ultrafiltraci\u00f3n de agua POU <\/strong><\/li>\n<li>Marca PURIKOR de 5 etapas y filtraci\u00f3n de 5 micras<\/li>\n<li>Para flujo de 0.66 GPM<\/li>\n<\/ul>\n<p><a href=\"https:\/\/mabawater.com\/wp-content\/uploads\/2022\/08\/ft_ficha_tecnica-ultrapurificacion.pdf\">Descarga la ficha t\u00e9cnica aqu\u00ed<\/a><\/p>","protected":false},"featured_media":19452,"comment_status":"open","ping_status":"closed","template":"","meta":[],"product_brand":[],"product_cat":[145,107],"product_tag":[],"class_list":{"0":"post-19469","1":"product","2":"type-product","3":"status-publish","4":"has-post-thumbnail","6":"product_cat-tratamiento-de-agua","7":"product_cat-purificadores-residenciales","9":"first","10":"instock","11":"shipping-taxable","12":"product-type-simple"},"yoast_head":"<!-- This site is optimized with the Yoast SEO plugin v26.6 - https:\/\/yoast.com\/wordpress\/plugins\/seo\/ -->\n<title>Sistema de Ultrafiltraci\u00f3n de Agua - Maba Water<\/title>\n<meta name=\"description\" content=\"Sistema de Ultrafiltraci\u00f3n de Agua POU marca PURIKOR: Le permitir\u00e1 beber agua saludable gracias a su membrana de ultrafiltraci\u00f3n de 0.01 micrones\" \/>\n<meta name=\"robots\" content=\"index, follow, max-snippet:-1, max-image-preview:large, max-video-preview:-1\" \/>\n<link rel=\"canonical\" href=\"https:\/\/mabawater.com\/en\/product\/sistema-de-ultrafiltracion-pou-marca-purikor-de-5-etapas-y-filtracion-de-5-micras-para-flujo-de-0-66-gpm\/\" \/>\n<meta property=\"og:locale\" content=\"en_US\" \/>\n<meta property=\"og:type\" content=\"article\" \/>\n<meta property=\"og:title\" content=\"Sistema de Ultrafiltraci\u00f3n de Agua - Maba Water\" \/>\n<meta property=\"og:description\" content=\"Sistema de Ultrafiltraci\u00f3n de Agua POU marca PURIKOR: Le permitir\u00e1 beber agua saludable gracias a su membrana de ultrafiltraci\u00f3n de 0.01 micrones\" \/>\n<meta property=\"og:url\" content=\"https:\/\/mabawater.com\/en\/product\/sistema-de-ultrafiltracion-pou-marca-purikor-de-5-etapas-y-filtracion-de-5-micras-para-flujo-de-0-66-gpm\/\" \/>\n<meta property=\"og:site_name\" content=\"Maba Water\" \/>\n<meta property=\"article:publisher\" content=\"https:\/\/www.facebook.com\/mabawater\/\" \/>\n<meta property=\"article:modified_time\" content=\"2024-12-26T19:15:31+00:00\" \/>\n<meta property=\"og:image\" content=\"https:\/\/mabawater.com\/wp-content\/uploads\/2022\/08\/pkuf-5.jpeg\" \/>\n\t<meta property=\"og:image:width\" content=\"1000\" \/>\n\t<meta property=\"og:image:height\" content=\"1000\" \/>\n\t<meta property=\"og:image:type\" content=\"image\/jpeg\" \/>\n<meta name=\"twitter:card\" content=\"summary_large_image\" \/>\n<!-- \/ Yoast SEO plugin. -->","yoast_head_json":{"title":"Sistema de Ultrafiltraci\u00f3n de Agua - Maba Water","description":"Sistema de Ultrafiltraci\u00f3n de Agua POU marca PURIKOR: Le permitir\u00e1 beber agua saludable gracias a su membrana de ultrafiltraci\u00f3n de 0.01 micrones","robots":{"index":"index","follow":"follow","max-snippet":"max-snippet:-1","max-image-preview":"max-image-preview:large","max-video-preview":"max-video-preview:-1"},"canonical":"https:\/\/mabawater.com\/en\/product\/sistema-de-ultrafiltracion-pou-marca-purikor-de-5-etapas-y-filtracion-de-5-micras-para-flujo-de-0-66-gpm\/","og_locale":"en_US","og_type":"article","og_title":"Sistema de Ultrafiltraci\u00f3n de Agua - Maba Water","og_description":"Sistema de Ultrafiltraci\u00f3n de Agua POU marca PURIKOR: Le permitir\u00e1 beber agua saludable gracias a su membrana de ultrafiltraci\u00f3n de 0.01 micrones","og_url":"https:\/\/mabawater.com\/en\/product\/sistema-de-ultrafiltracion-pou-marca-purikor-de-5-etapas-y-filtracion-de-5-micras-para-flujo-de-0-66-gpm\/","og_site_name":"Maba Water","article_publisher":"https:\/\/www.facebook.com\/mabawater\/","article_modified_time":"2024-12-26T19:15:31+00:00","og_image":[{"width":1000,"height":1000,"url":"https:\/\/mabawater.com\/wp-content\/uploads\/2022\/08\/pkuf-5.jpeg","type":"image\/jpeg"}],"twitter_card":"summary_large_image","schema":{"@context":"https:\/\/schema.org","@graph":[{"@type":"WebPage","@id":"https:\/\/mabawater.com\/producto\/sistema-de-ultrafiltracion-pou-marca-purikor-de-5-etapas-y-filtracion-de-5-micras-para-flujo-de-0-66-gpm\/","url":"https:\/\/mabawater.com\/producto\/sistema-de-ultrafiltracion-pou-marca-purikor-de-5-etapas-y-filtracion-de-5-micras-para-flujo-de-0-66-gpm\/","name":"Sistema de Ultrafiltraci\u00f3n de Agua - Maba Water","isPartOf":{"@id":"https:\/\/mabawater.com\/#website"},"primaryImageOfPage":{"@id":"https:\/\/mabawater.com\/producto\/sistema-de-ultrafiltracion-pou-marca-purikor-de-5-etapas-y-filtracion-de-5-micras-para-flujo-de-0-66-gpm\/#primaryimage"},"image":{"@id":"https:\/\/mabawater.com\/producto\/sistema-de-ultrafiltracion-pou-marca-purikor-de-5-etapas-y-filtracion-de-5-micras-para-flujo-de-0-66-gpm\/#primaryimage"},"thumbnailUrl":"https:\/\/mabawater.com\/wp-content\/uploads\/2022\/08\/pkuf-5.jpeg","datePublished":"2022-08-01T19:49:33+00:00","dateModified":"2024-12-26T19:15:31+00:00","description":"Sistema de Ultrafiltraci\u00f3n de Agua POU marca PURIKOR: Le permitir\u00e1 beber agua saludable gracias a su membrana de ultrafiltraci\u00f3n de 0.01 micrones","breadcrumb":{"@id":"https:\/\/mabawater.com\/producto\/sistema-de-ultrafiltracion-pou-marca-purikor-de-5-etapas-y-filtracion-de-5-micras-para-flujo-de-0-66-gpm\/#breadcrumb"},"inLanguage":"en-US","potentialAction":[{"@type":"ReadAction","target":["https:\/\/mabawater.com\/producto\/sistema-de-ultrafiltracion-pou-marca-purikor-de-5-etapas-y-filtracion-de-5-micras-para-flujo-de-0-66-gpm\/"]}]},{"@type":"ImageObject","inLanguage":"en-US","@id":"https:\/\/mabawater.com\/producto\/sistema-de-ultrafiltracion-pou-marca-purikor-de-5-etapas-y-filtracion-de-5-micras-para-flujo-de-0-66-gpm\/#primaryimage","url":"https:\/\/mabawater.com\/wp-content\/uploads\/2022\/08\/pkuf-5.jpeg","contentUrl":"https:\/\/mabawater.com\/wp-content\/uploads\/2022\/08\/pkuf-5.jpeg","width":1000,"height":1000},{"@type":"BreadcrumbList","@id":"https:\/\/mabawater.com\/producto\/sistema-de-ultrafiltracion-pou-marca-purikor-de-5-etapas-y-filtracion-de-5-micras-para-flujo-de-0-66-gpm\/#breadcrumb","itemListElement":[{"@type":"ListItem","position":1,"name":"Portada","item":"https:\/\/mabawater.com\/"},{"@type":"ListItem","position":2,"name":"Productos Para La Calidad Del Agua","item":"https:\/\/mabawater.com\/productos-para-la-calidad-del-agua\/"},{"@type":"ListItem","position":3,"name":"Sistema de Ultrafiltraci\u00f3n POU marca PURIKOR de 5 etapas y filtraci\u00f3n de 5 micras para flujo de 0.66 GPM"}]},{"@type":"WebSite","@id":"https:\/\/mabawater.com\/#website","url":"https:\/\/mabawater.com\/","name":"Maba Water","description":"Soluciones Hidr\u00e1ulicas Sustentables","publisher":{"@id":"https:\/\/mabawater.com\/#organization"},"potentialAction":[{"@type":"SearchAction","target":{"@type":"EntryPoint","urlTemplate":"https:\/\/mabawater.com\/?s={search_term_string}"},"query-input":{"@type":"PropertyValueSpecification","valueRequired":true,"valueName":"search_term_string"}}],"inLanguage":"en-US"},{"@type":"Organization","@id":"https:\/\/mabawater.com\/#organization","name":"Maba Water","url":"https:\/\/mabawater.com\/","logo":{"@type":"ImageObject","inLanguage":"en-US","@id":"https:\/\/mabawater.com\/#\/schema\/logo\/image\/","url":"https:\/\/mabawater.com\/wp-content\/uploads\/2021\/09\/water-icon.png","contentUrl":"https:\/\/mabawater.com\/wp-content\/uploads\/2021\/09\/water-icon.png","width":410,"height":176,"caption":"Maba Water"},"image":{"@id":"https:\/\/mabawater.com\/#\/schema\/logo\/image\/"},"sameAs":["https:\/\/www.facebook.com\/mabawater\/","https:\/\/www.instagram.com\/mabawater\/?hl=es-la"]}]}},"_links":{"self":[{"href":"https:\/\/mabawater.com\/en\/wp-json\/wp\/v2\/product\/19469","targetHints":{"allow":["GET"]}}],"collection":[{"href":"https:\/\/mabawater.com\/en\/wp-json\/wp\/v2\/product"}],"about":[{"href":"https:\/\/mabawater.com\/en\/wp-json\/wp\/v2\/types\/product"}],"replies":[{"embeddable":true,"href":"https:\/\/mabawater.com\/en\/wp-json\/wp\/v2\/comments?post=19469"}],"version-history":[{"count":3,"href":"https:\/\/mabawater.com\/en\/wp-json\/wp\/v2\/product\/19469\/revisions"}],"predecessor-version":[{"id":28979,"href":"https:\/\/mabawater.com\/en\/wp-json\/wp\/v2\/product\/19469\/revisions\/28979"}],"wp:featuredmedia":[{"embeddable":true,"href":"https:\/\/mabawater.com\/en\/wp-json\/wp\/v2\/media\/19452"}],"wp:attachment":[{"href":"https:\/\/mabawater.com\/en\/wp-json\/wp\/v2\/media?parent=19469"}],"wp:term":[{"taxonomy":"product_brand","embeddable":true,"href":"https:\/\/mabawater.com\/en\/wp-json\/wp\/v2\/product_brand?post=19469"},{"taxonomy":"product_cat","embeddable":true,"href":"https:\/\/mabawater.com\/en\/wp-json\/wp\/v2\/product_cat?post=19469"},{"taxonomy":"product_tag","embeddable":true,"href":"https:\/\/mabawater.com\/en\/wp-json\/wp\/v2\/product_tag?post=19469"}],"curies":[{"name":"wp","href":"https:\/\/api.w.org\/{rel}","templated":true}]}}