{"id":19471,"date":"2022-08-01T19:49:34","date_gmt":"2022-08-01T19:49:34","guid":{"rendered":"https:\/\/mabawater.com\/producto\/kit-de-mantenimiento-de-12-meses-purikor-para-filtracion-basica-con-uv-pkuf-3uv\/"},"modified":"2026-04-15T20:29:20","modified_gmt":"2026-04-15T20:29:20","slug":"kit-de-mantenimiento-de-12-meses-purikor-para-filtracion-basica-con-uv-pkuf-3uv","status":"publish","type":"product","link":"https:\/\/mabawater.com\/en\/product\/kit-de-mantenimiento-de-12-meses-purikor-para-filtracion-basica-con-uv-pkuf-3uv\/","title":{"rendered":"Kit de mantenimiento de 12 meses PURIKOR para filtraci\u00f3n b\u00e1sica con UV (PKUF-3UV)"},"content":{"rendered":"","protected":false},"excerpt":{"rendered":"<p data-start=\"588\" data-end=\"889\">El <strong>kit de mantenimiento<\/strong> de 12 meses <strong>Purikor<\/strong> PKUF-3UV es una soluci\u00f3n integral dise\u00f1ada para asegurar el \u00f3ptimo funcionamiento de<strong> sistemas de filtraci\u00f3n<\/strong> b\u00e1sica con luz ultravioleta. Este paquete incluye todos los repuestos necesarios para mantener la eficiencia del purificador durante un a\u00f1o completo.<\/p>\n<p data-start=\"588\" data-end=\"889\">El kit est\u00e1 compuesto por cartuchos de sedimentos de polipropileno, cartuchos de carb\u00f3n activado en bloque (CTO) y una l\u00e1mpara UV.<\/p>\n<p><a href=\"https:\/\/mabawater.com\/wp-content\/uploads\/2022\/08\/km_catalogo.pdf\">Descarga la ficha t\u00e9cnica aqu\u00ed<\/a><\/p>","protected":false},"featured_media":19454,"comment_status":"open","ping_status":"closed","template":"","meta":[],"product_brand":[],"product_cat":[145,107],"product_tag":[],"class_list":{"0":"post-19471","1":"product","2":"type-product","3":"status-publish","4":"has-post-thumbnail","6":"product_cat-tratamiento-de-agua","7":"product_cat-purificadores-residenciales","9":"first","10":"instock","11":"shipping-taxable","12":"product-type-simple"},"yoast_head":"<!-- This site is optimized with the Yoast SEO plugin v26.6 - https:\/\/yoast.com\/wordpress\/plugins\/seo\/ -->\n<title>Kit de mantenimiento de 12 meses PURIKOR para filtraci\u00f3n b\u00e1sica con UV (PKUF-3UV) - Maba Water<\/title>\n<meta name=\"description\" content=\"Kit de mantenimiento Purikor 12 meses para sistemas de filtraci\u00f3n con UV. Incluye filtros de sedimentos, carb\u00f3n activado y l\u00e1mpara UV. Ideal para purificadores residenciales.\" \/>\n<meta name=\"robots\" content=\"index, follow, max-snippet:-1, max-image-preview:large, max-video-preview:-1\" \/>\n<link rel=\"canonical\" href=\"https:\/\/mabawater.com\/en\/product\/kit-de-mantenimiento-de-12-meses-purikor-para-filtracion-basica-con-uv-pkuf-3uv\/\" \/>\n<meta property=\"og:locale\" content=\"en_US\" \/>\n<meta property=\"og:type\" content=\"article\" \/>\n<meta property=\"og:title\" content=\"Kit de mantenimiento de 12 meses PURIKOR para filtraci\u00f3n b\u00e1sica con UV (PKUF-3UV) - Maba Water\" \/>\n<meta property=\"og:description\" content=\"Kit de mantenimiento Purikor 12 meses para sistemas de filtraci\u00f3n con UV. Incluye filtros de sedimentos, carb\u00f3n activado y l\u00e1mpara UV. Ideal para purificadores residenciales.\" \/>\n<meta property=\"og:url\" content=\"https:\/\/mabawater.com\/en\/product\/kit-de-mantenimiento-de-12-meses-purikor-para-filtracion-basica-con-uv-pkuf-3uv\/\" \/>\n<meta property=\"og:site_name\" content=\"Maba Water\" \/>\n<meta property=\"article:publisher\" content=\"https:\/\/www.facebook.com\/mabawater\/\" \/>\n<meta property=\"article:modified_time\" content=\"2026-04-15T20:29:20+00:00\" \/>\n<meta property=\"og:image\" content=\"https:\/\/mabawater.com\/wp-content\/uploads\/2022\/08\/kit12-fb3uv.jpeg\" \/>\n\t<meta property=\"og:image:width\" content=\"1000\" \/>\n\t<meta property=\"og:image:height\" content=\"1000\" \/>\n\t<meta property=\"og:image:type\" content=\"image\/jpeg\" \/>\n<meta name=\"twitter:card\" content=\"summary_large_image\" \/>\n<!-- \/ Yoast SEO plugin. -->","yoast_head_json":{"title":"Kit de mantenimiento de 12 meses PURIKOR para filtraci\u00f3n b\u00e1sica con UV (PKUF-3UV) - Maba Water","description":"Kit de mantenimiento Purikor 12 meses para sistemas de filtraci\u00f3n con UV. Incluye filtros de sedimentos, carb\u00f3n activado y l\u00e1mpara UV. Ideal para purificadores residenciales.","robots":{"index":"index","follow":"follow","max-snippet":"max-snippet:-1","max-image-preview":"max-image-preview:large","max-video-preview":"max-video-preview:-1"},"canonical":"https:\/\/mabawater.com\/en\/product\/kit-de-mantenimiento-de-12-meses-purikor-para-filtracion-basica-con-uv-pkuf-3uv\/","og_locale":"en_US","og_type":"article","og_title":"Kit de mantenimiento de 12 meses PURIKOR para filtraci\u00f3n b\u00e1sica con UV (PKUF-3UV) - Maba Water","og_description":"Kit de mantenimiento Purikor 12 meses para sistemas de filtraci\u00f3n con UV. Incluye filtros de sedimentos, carb\u00f3n activado y l\u00e1mpara UV. Ideal para purificadores residenciales.","og_url":"https:\/\/mabawater.com\/en\/product\/kit-de-mantenimiento-de-12-meses-purikor-para-filtracion-basica-con-uv-pkuf-3uv\/","og_site_name":"Maba Water","article_publisher":"https:\/\/www.facebook.com\/mabawater\/","article_modified_time":"2026-04-15T20:29:20+00:00","og_image":[{"width":1000,"height":1000,"url":"https:\/\/mabawater.com\/wp-content\/uploads\/2022\/08\/kit12-fb3uv.jpeg","type":"image\/jpeg"}],"twitter_card":"summary_large_image","schema":{"@context":"https:\/\/schema.org","@graph":[{"@type":"WebPage","@id":"https:\/\/mabawater.com\/producto\/kit-de-mantenimiento-de-12-meses-purikor-para-filtracion-basica-con-uv-pkuf-3uv\/","url":"https:\/\/mabawater.com\/producto\/kit-de-mantenimiento-de-12-meses-purikor-para-filtracion-basica-con-uv-pkuf-3uv\/","name":"Kit de mantenimiento de 12 meses PURIKOR para filtraci\u00f3n b\u00e1sica con UV (PKUF-3UV) - Maba Water","isPartOf":{"@id":"https:\/\/mabawater.com\/#website"},"primaryImageOfPage":{"@id":"https:\/\/mabawater.com\/producto\/kit-de-mantenimiento-de-12-meses-purikor-para-filtracion-basica-con-uv-pkuf-3uv\/#primaryimage"},"image":{"@id":"https:\/\/mabawater.com\/producto\/kit-de-mantenimiento-de-12-meses-purikor-para-filtracion-basica-con-uv-pkuf-3uv\/#primaryimage"},"thumbnailUrl":"https:\/\/mabawater.com\/wp-content\/uploads\/2022\/08\/kit12-fb3uv.jpeg","datePublished":"2022-08-01T19:49:34+00:00","dateModified":"2026-04-15T20:29:20+00:00","description":"Kit de mantenimiento Purikor 12 meses para sistemas de filtraci\u00f3n con UV. Incluye filtros de sedimentos, carb\u00f3n activado y l\u00e1mpara UV. Ideal para purificadores residenciales.","breadcrumb":{"@id":"https:\/\/mabawater.com\/producto\/kit-de-mantenimiento-de-12-meses-purikor-para-filtracion-basica-con-uv-pkuf-3uv\/#breadcrumb"},"inLanguage":"en-US","potentialAction":[{"@type":"ReadAction","target":["https:\/\/mabawater.com\/producto\/kit-de-mantenimiento-de-12-meses-purikor-para-filtracion-basica-con-uv-pkuf-3uv\/"]}]},{"@type":"ImageObject","inLanguage":"en-US","@id":"https:\/\/mabawater.com\/producto\/kit-de-mantenimiento-de-12-meses-purikor-para-filtracion-basica-con-uv-pkuf-3uv\/#primaryimage","url":"https:\/\/mabawater.com\/wp-content\/uploads\/2022\/08\/kit12-fb3uv.jpeg","contentUrl":"https:\/\/mabawater.com\/wp-content\/uploads\/2022\/08\/kit12-fb3uv.jpeg","width":1000,"height":1000},{"@type":"BreadcrumbList","@id":"https:\/\/mabawater.com\/producto\/kit-de-mantenimiento-de-12-meses-purikor-para-filtracion-basica-con-uv-pkuf-3uv\/#breadcrumb","itemListElement":[{"@type":"ListItem","position":1,"name":"Portada","item":"https:\/\/mabawater.com\/"},{"@type":"ListItem","position":2,"name":"Productos Para La Calidad Del Agua","item":"https:\/\/mabawater.com\/productos-para-la-calidad-del-agua\/"},{"@type":"ListItem","position":3,"name":"Kit de mantenimiento de 12 meses PURIKOR para filtraci\u00f3n b\u00e1sica con UV (PKUF-3UV)"}]},{"@type":"WebSite","@id":"https:\/\/mabawater.com\/#website","url":"https:\/\/mabawater.com\/","name":"Maba Water","description":"Soluciones Hidr\u00e1ulicas Sustentables","publisher":{"@id":"https:\/\/mabawater.com\/#organization"},"potentialAction":[{"@type":"SearchAction","target":{"@type":"EntryPoint","urlTemplate":"https:\/\/mabawater.com\/?s={search_term_string}"},"query-input":{"@type":"PropertyValueSpecification","valueRequired":true,"valueName":"search_term_string"}}],"inLanguage":"en-US"},{"@type":"Organization","@id":"https:\/\/mabawater.com\/#organization","name":"Maba Water","url":"https:\/\/mabawater.com\/","logo":{"@type":"ImageObject","inLanguage":"en-US","@id":"https:\/\/mabawater.com\/#\/schema\/logo\/image\/","url":"https:\/\/mabawater.com\/wp-content\/uploads\/2021\/09\/water-icon.png","contentUrl":"https:\/\/mabawater.com\/wp-content\/uploads\/2021\/09\/water-icon.png","width":410,"height":176,"caption":"Maba Water"},"image":{"@id":"https:\/\/mabawater.com\/#\/schema\/logo\/image\/"},"sameAs":["https:\/\/www.facebook.com\/mabawater\/","https:\/\/www.instagram.com\/mabawater\/?hl=es-la"]}]}},"_links":{"self":[{"href":"https:\/\/mabawater.com\/en\/wp-json\/wp\/v2\/product\/19471","targetHints":{"allow":["GET"]}}],"collection":[{"href":"https:\/\/mabawater.com\/en\/wp-json\/wp\/v2\/product"}],"about":[{"href":"https:\/\/mabawater.com\/en\/wp-json\/wp\/v2\/types\/product"}],"replies":[{"embeddable":true,"href":"https:\/\/mabawater.com\/en\/wp-json\/wp\/v2\/comments?post=19471"}],"version-history":[{"count":3,"href":"https:\/\/mabawater.com\/en\/wp-json\/wp\/v2\/product\/19471\/revisions"}],"predecessor-version":[{"id":30415,"href":"https:\/\/mabawater.com\/en\/wp-json\/wp\/v2\/product\/19471\/revisions\/30415"}],"wp:featuredmedia":[{"embeddable":true,"href":"https:\/\/mabawater.com\/en\/wp-json\/wp\/v2\/media\/19454"}],"wp:attachment":[{"href":"https:\/\/mabawater.com\/en\/wp-json\/wp\/v2\/media?parent=19471"}],"wp:term":[{"taxonomy":"product_brand","embeddable":true,"href":"https:\/\/mabawater.com\/en\/wp-json\/wp\/v2\/product_brand?post=19471"},{"taxonomy":"product_cat","embeddable":true,"href":"https:\/\/mabawater.com\/en\/wp-json\/wp\/v2\/product_cat?post=19471"},{"taxonomy":"product_tag","embeddable":true,"href":"https:\/\/mabawater.com\/en\/wp-json\/wp\/v2\/product_tag?post=19471"}],"curies":[{"name":"wp","href":"https:\/\/api.w.org\/{rel}","templated":true}]}}