{"id":19598,"date":"2022-08-05T19:52:41","date_gmt":"2022-08-05T19:52:41","guid":{"rendered":"https:\/\/mabawater.com\/producto\/motobomba-multietapas-horizontal-altamira-serie-altapres-0-8-lps-15-etapas-1-5-hp-3-fases-230-460-volts\/"},"modified":"2025-06-09T16:17:32","modified_gmt":"2025-06-09T16:17:32","slug":"motobomba-multietapas-horizontal-altamira-serie-altapres-0-8-lps-15-etapas-1-5-hp-3-fases-230-460-volts","status":"publish","type":"product","link":"https:\/\/mabawater.com\/en\/product\/motobomba-multietapas-horizontal-altamira-serie-altapres-0-8-lps-15-etapas-1-5-hp-3-fases-230-460-volts\/","title":{"rendered":"Motobomba multietapas horizontal ALTAMIRA serie ALTAPRES, 0.8 lps, 15 etapas, 1.5 HP, 3 fases, 230\/460 volts"},"content":{"rendered":"<p>&#8211; Motobomba multietapas horizontal ALTAMIRA serie ALTAPRES, 0.8 lps, 15 etapas, 1.5 HP, 3 fases, 230\/460 volts<\/p>\n<p>Descarga la ficha t\u00e9cnica <a href=\"https:\/\/mabawater.com\/wp-content\/uploads\/2022\/08\/ft_ficha_tecnica_ALTAPRES-08P10M.pdf \">aqu\u00ed<\/a><\/p>","protected":false},"excerpt":{"rendered":"<p>Motobomba multietapas horizontal ALTAMIRA serie ALTAPRES, 0.8 lps, 15 etapas, 1.5 HP, 3 fases, 230\/460 volts<\/p>\n<p>La bomba marca Altamira serie ALTAPRES fue dise\u00f1ada para aumentar la presi\u00f3n del agua y puede ser usada en m\u00faltiples aplicaciones, gracias a su sistema de impulsor flotante se logran m\u00e1ximas eficiencias, larga vida \u00fatil y un incomparable desempe\u00f1o.<\/p>","protected":false},"featured_media":24304,"comment_status":"open","ping_status":"closed","template":"","meta":[],"product_brand":[],"product_cat":[146,160],"product_tag":[609,516,510,496,487,198,1157,488,495,482,490,564,103,447,483,494],"class_list":{"0":"post-19598","1":"product","2":"type-product","3":"status-publish","4":"has-post-thumbnail","6":"product_cat-bombeo","7":"product_cat-industrial-y-multietapas","8":"product_tag-0-8","9":"product_tag-1-5","10":"product_tag-510","11":"product_tag-230-460","12":"product_tag-487","13":"product_tag-altamira","14":"product_tag-altapres","15":"product_tag-etapas","16":"product_tag-fases","17":"product_tag-horizontal","18":"product_tag-hp","19":"product_tag-lps","20":"product_tag-motobomba","21":"product_tag-multietapas","22":"product_tag-serie","23":"product_tag-volts","25":"first","26":"instock","27":"shipping-taxable","28":"product-type-simple"},"yoast_head":"<!-- This site is optimized with the Yoast SEO plugin v26.6 - https:\/\/yoast.com\/wordpress\/plugins\/seo\/ -->\n<title>Motobomba multietapas horizontal ALTAMIRA serie ALTAPRES, 0.8 lps, 15 etapas, 1.5 HP, 3 fases, 230\/460 volts - Maba Water<\/title>\n<meta name=\"robots\" content=\"index, follow, max-snippet:-1, max-image-preview:large, max-video-preview:-1\" \/>\n<link rel=\"canonical\" href=\"https:\/\/mabawater.com\/en\/product\/motobomba-multietapas-horizontal-altamira-serie-altapres-0-8-lps-15-etapas-1-5-hp-3-fases-230-460-volts\/\" \/>\n<meta property=\"og:locale\" content=\"en_US\" \/>\n<meta property=\"og:type\" content=\"article\" \/>\n<meta property=\"og:title\" content=\"Motobomba multietapas horizontal ALTAMIRA serie ALTAPRES, 0.8 lps, 15 etapas, 1.5 HP, 3 fases, 230\/460 volts - Maba Water\" \/>\n<meta property=\"og:description\" content=\"Motobomba multietapas horizontal ALTAMIRA serie ALTAPRES, 0.8 lps, 15 etapas, 1.5 HP, 3 fases, 230\/460 volts  La bomba marca Altamira serie ALTAPRES fue dise\u00f1ada para aumentar la presi\u00f3n del agua y puede ser usada en m\u00faltiples aplicaciones, gracias a su sistema de impulsor flotante se logran m\u00e1ximas eficiencias, larga vida \u00fatil y un incomparable desempe\u00f1o.\" \/>\n<meta property=\"og:url\" content=\"https:\/\/mabawater.com\/en\/product\/motobomba-multietapas-horizontal-altamira-serie-altapres-0-8-lps-15-etapas-1-5-hp-3-fases-230-460-volts\/\" \/>\n<meta property=\"og:site_name\" content=\"Maba Water\" \/>\n<meta property=\"article:publisher\" content=\"https:\/\/www.facebook.com\/mabawater\/\" \/>\n<meta property=\"article:modified_time\" content=\"2025-06-09T16:17:32+00:00\" \/>\n<meta property=\"og:image\" content=\"https:\/\/mabawater.com\/wp-content\/uploads\/2022\/08\/Motobomba-multietapas-horizontal-ALTAMIRA.png\" \/>\n\t<meta property=\"og:image:width\" content=\"1000\" \/>\n\t<meta property=\"og:image:height\" content=\"1000\" \/>\n\t<meta property=\"og:image:type\" content=\"image\/png\" \/>\n<meta name=\"twitter:card\" content=\"summary_large_image\" \/>\n<!-- \/ Yoast SEO plugin. -->","yoast_head_json":{"title":"Motobomba multietapas horizontal ALTAMIRA serie ALTAPRES, 0.8 lps, 15 etapas, 1.5 HP, 3 fases, 230\/460 volts - Maba Water","robots":{"index":"index","follow":"follow","max-snippet":"max-snippet:-1","max-image-preview":"max-image-preview:large","max-video-preview":"max-video-preview:-1"},"canonical":"https:\/\/mabawater.com\/en\/product\/motobomba-multietapas-horizontal-altamira-serie-altapres-0-8-lps-15-etapas-1-5-hp-3-fases-230-460-volts\/","og_locale":"en_US","og_type":"article","og_title":"Motobomba multietapas horizontal ALTAMIRA serie ALTAPRES, 0.8 lps, 15 etapas, 1.5 HP, 3 fases, 230\/460 volts - Maba Water","og_description":"Motobomba multietapas horizontal ALTAMIRA serie ALTAPRES, 0.8 lps, 15 etapas, 1.5 HP, 3 fases, 230\/460 volts  La bomba marca Altamira serie ALTAPRES fue dise\u00f1ada para aumentar la presi\u00f3n del agua y puede ser usada en m\u00faltiples aplicaciones, gracias a su sistema de impulsor flotante se logran m\u00e1ximas eficiencias, larga vida \u00fatil y un incomparable desempe\u00f1o.","og_url":"https:\/\/mabawater.com\/en\/product\/motobomba-multietapas-horizontal-altamira-serie-altapres-0-8-lps-15-etapas-1-5-hp-3-fases-230-460-volts\/","og_site_name":"Maba Water","article_publisher":"https:\/\/www.facebook.com\/mabawater\/","article_modified_time":"2025-06-09T16:17:32+00:00","og_image":[{"width":1000,"height":1000,"url":"https:\/\/mabawater.com\/wp-content\/uploads\/2022\/08\/Motobomba-multietapas-horizontal-ALTAMIRA.png","type":"image\/png"}],"twitter_card":"summary_large_image","schema":{"@context":"https:\/\/schema.org","@graph":[{"@type":"WebPage","@id":"https:\/\/mabawater.com\/producto\/motobomba-multietapas-horizontal-altamira-serie-altapres-0-8-lps-15-etapas-1-5-hp-3-fases-230-460-volts\/","url":"https:\/\/mabawater.com\/producto\/motobomba-multietapas-horizontal-altamira-serie-altapres-0-8-lps-15-etapas-1-5-hp-3-fases-230-460-volts\/","name":"Motobomba multietapas horizontal ALTAMIRA serie ALTAPRES, 0.8 lps, 15 etapas, 1.5 HP, 3 fases, 230\/460 volts - Maba Water","isPartOf":{"@id":"https:\/\/mabawater.com\/#website"},"primaryImageOfPage":{"@id":"https:\/\/mabawater.com\/producto\/motobomba-multietapas-horizontal-altamira-serie-altapres-0-8-lps-15-etapas-1-5-hp-3-fases-230-460-volts\/#primaryimage"},"image":{"@id":"https:\/\/mabawater.com\/producto\/motobomba-multietapas-horizontal-altamira-serie-altapres-0-8-lps-15-etapas-1-5-hp-3-fases-230-460-volts\/#primaryimage"},"thumbnailUrl":"https:\/\/mabawater.com\/wp-content\/uploads\/2022\/08\/Motobomba-multietapas-horizontal-ALTAMIRA.png","datePublished":"2022-08-05T19:52:41+00:00","dateModified":"2025-06-09T16:17:32+00:00","breadcrumb":{"@id":"https:\/\/mabawater.com\/producto\/motobomba-multietapas-horizontal-altamira-serie-altapres-0-8-lps-15-etapas-1-5-hp-3-fases-230-460-volts\/#breadcrumb"},"inLanguage":"en-US","potentialAction":[{"@type":"ReadAction","target":["https:\/\/mabawater.com\/producto\/motobomba-multietapas-horizontal-altamira-serie-altapres-0-8-lps-15-etapas-1-5-hp-3-fases-230-460-volts\/"]}]},{"@type":"ImageObject","inLanguage":"en-US","@id":"https:\/\/mabawater.com\/producto\/motobomba-multietapas-horizontal-altamira-serie-altapres-0-8-lps-15-etapas-1-5-hp-3-fases-230-460-volts\/#primaryimage","url":"https:\/\/mabawater.com\/wp-content\/uploads\/2022\/08\/Motobomba-multietapas-horizontal-ALTAMIRA.png","contentUrl":"https:\/\/mabawater.com\/wp-content\/uploads\/2022\/08\/Motobomba-multietapas-horizontal-ALTAMIRA.png","width":1000,"height":1000},{"@type":"BreadcrumbList","@id":"https:\/\/mabawater.com\/producto\/motobomba-multietapas-horizontal-altamira-serie-altapres-0-8-lps-15-etapas-1-5-hp-3-fases-230-460-volts\/#breadcrumb","itemListElement":[{"@type":"ListItem","position":1,"name":"Portada","item":"https:\/\/mabawater.com\/"},{"@type":"ListItem","position":2,"name":"Productos Para La Calidad Del Agua","item":"https:\/\/mabawater.com\/productos-para-la-calidad-del-agua\/"},{"@type":"ListItem","position":3,"name":"Motobomba multietapas horizontal ALTAMIRA serie ALTAPRES, 0.8 lps, 15 etapas, 1.5 HP, 3 fases, 230\/460 volts"}]},{"@type":"WebSite","@id":"https:\/\/mabawater.com\/#website","url":"https:\/\/mabawater.com\/","name":"Maba Water","description":"Soluciones Hidr\u00e1ulicas Sustentables","publisher":{"@id":"https:\/\/mabawater.com\/#organization"},"potentialAction":[{"@type":"SearchAction","target":{"@type":"EntryPoint","urlTemplate":"https:\/\/mabawater.com\/?s={search_term_string}"},"query-input":{"@type":"PropertyValueSpecification","valueRequired":true,"valueName":"search_term_string"}}],"inLanguage":"en-US"},{"@type":"Organization","@id":"https:\/\/mabawater.com\/#organization","name":"Maba Water","url":"https:\/\/mabawater.com\/","logo":{"@type":"ImageObject","inLanguage":"en-US","@id":"https:\/\/mabawater.com\/#\/schema\/logo\/image\/","url":"https:\/\/mabawater.com\/wp-content\/uploads\/2021\/09\/water-icon.png","contentUrl":"https:\/\/mabawater.com\/wp-content\/uploads\/2021\/09\/water-icon.png","width":410,"height":176,"caption":"Maba Water"},"image":{"@id":"https:\/\/mabawater.com\/#\/schema\/logo\/image\/"},"sameAs":["https:\/\/www.facebook.com\/mabawater\/","https:\/\/www.instagram.com\/mabawater\/?hl=es-la"]}]}},"_links":{"self":[{"href":"https:\/\/mabawater.com\/en\/wp-json\/wp\/v2\/product\/19598","targetHints":{"allow":["GET"]}}],"collection":[{"href":"https:\/\/mabawater.com\/en\/wp-json\/wp\/v2\/product"}],"about":[{"href":"https:\/\/mabawater.com\/en\/wp-json\/wp\/v2\/types\/product"}],"replies":[{"embeddable":true,"href":"https:\/\/mabawater.com\/en\/wp-json\/wp\/v2\/comments?post=19598"}],"version-history":[{"count":1,"href":"https:\/\/mabawater.com\/en\/wp-json\/wp\/v2\/product\/19598\/revisions"}],"predecessor-version":[{"id":24305,"href":"https:\/\/mabawater.com\/en\/wp-json\/wp\/v2\/product\/19598\/revisions\/24305"}],"wp:featuredmedia":[{"embeddable":true,"href":"https:\/\/mabawater.com\/en\/wp-json\/wp\/v2\/media\/24304"}],"wp:attachment":[{"href":"https:\/\/mabawater.com\/en\/wp-json\/wp\/v2\/media?parent=19598"}],"wp:term":[{"taxonomy":"product_brand","embeddable":true,"href":"https:\/\/mabawater.com\/en\/wp-json\/wp\/v2\/product_brand?post=19598"},{"taxonomy":"product_cat","embeddable":true,"href":"https:\/\/mabawater.com\/en\/wp-json\/wp\/v2\/product_cat?post=19598"},{"taxonomy":"product_tag","embeddable":true,"href":"https:\/\/mabawater.com\/en\/wp-json\/wp\/v2\/product_tag?post=19598"}],"curies":[{"name":"wp","href":"https:\/\/api.w.org\/{rel}","templated":true}]}}