{"id":19622,"date":"2022-08-05T19:52:46","date_gmt":"2022-08-05T19:52:46","guid":{"rendered":"https:\/\/mabawater.com\/producto\/motor-electrico-eficiencia-premium-ie3-altamira-serie-mapt2p-50-hp-3-fases-220-440-volts\/"},"modified":"2022-08-05T19:52:46","modified_gmt":"2022-08-05T19:52:46","slug":"motor-electrico-eficiencia-premium-ie3-altamira-serie-mapt2p-50-hp-3-fases-220-440-volts","status":"publish","type":"product","link":"https:\/\/mabawater.com\/en\/product\/motor-electrico-eficiencia-premium-ie3-altamira-serie-mapt2p-50-hp-3-fases-220-440-volts\/","title":{"rendered":"Motor el\u00e9ctrico eficiencia PREMIUM (IE3), ALTAMIRA, serie MAPT2P, 50 HP, 3 fases, 220 \/ 440 Volts"},"content":{"rendered":"<p>&#8211; Motor el\u00e9ctrico eficiencia PREMIUM (IE3), ALTAMIRA, serie MAPT2P, 50 HP, 3 fases, 220 \/ 440 Volts<\/p>\n<p>Descarga la ficha t\u00e9cnica <a href=\"https:\/\/mabawater.com\/wp-content\/uploads\/2022\/08\/ft_ficha_tecnica-1.pdf \">aqu\u00ed<\/a><\/p>","protected":false},"excerpt":{"rendered":"<p>Motor el\u00e9ctrico eficiencia PREMIUM (IE3), ALTAMIRA, serie MAPT2P, 50 HP, 3 fases, 220 \/ 440 Volts<\/p>\n<p> Los Motores verticales altamira eficiencia premium, est\u00e1n fabricados con los m\u00e1s altos est\u00e1ndares de calidad para asegurar su m\u00e1ximo desempe\u00f1o.<\/p>","protected":false},"featured_media":19586,"comment_status":"open","ping_status":"closed","template":"","meta":[],"product_brand":[],"product_cat":[146,160],"product_tag":[1170,1172,514,487,1173,502,198,1168,1167,495,490,1171,1166,1169,483,494],"class_list":{"0":"post-19622","1":"product","2":"type-product","3":"status-publish","4":"has-post-thumbnail","6":"product_cat-bombeo","7":"product_cat-industrial-y-multietapas","8":"product_tag-ie3","9":"product_tag-1172","10":"product_tag-514","11":"product_tag-487","12":"product_tag-1173","13":"product_tag-502","14":"product_tag-altamira","15":"product_tag-eficiencia","16":"product_tag-electrico","17":"product_tag-fases","18":"product_tag-hp","19":"product_tag-mapt2p","20":"product_tag-motor","21":"product_tag-premium","22":"product_tag-serie","23":"product_tag-volts","25":"first","26":"instock","27":"shipping-taxable","28":"product-type-simple"},"yoast_head":"<!-- This site is optimized with the Yoast SEO plugin v26.6 - https:\/\/yoast.com\/wordpress\/plugins\/seo\/ -->\n<title>Motor el\u00e9ctrico eficiencia PREMIUM (IE3), ALTAMIRA, serie MAPT2P, 50 HP, 3 fases, 220 \/ 440 Volts - Maba Water<\/title>\n<meta name=\"robots\" content=\"index, follow, max-snippet:-1, max-image-preview:large, max-video-preview:-1\" \/>\n<link rel=\"canonical\" href=\"https:\/\/mabawater.com\/en\/product\/motor-electrico-eficiencia-premium-ie3-altamira-serie-mapt2p-50-hp-3-fases-220-440-volts\/\" \/>\n<meta property=\"og:locale\" content=\"en_US\" \/>\n<meta property=\"og:type\" content=\"article\" \/>\n<meta property=\"og:title\" content=\"Motor el\u00e9ctrico eficiencia PREMIUM (IE3), ALTAMIRA, serie MAPT2P, 50 HP, 3 fases, 220 \/ 440 Volts - Maba Water\" \/>\n<meta property=\"og:description\" content=\"Motor el\u00e9ctrico eficiencia PREMIUM (IE3), ALTAMIRA, serie MAPT2P, 50 HP, 3 fases, 220 \/ 440 Volts  Los Motores verticales altamira eficiencia premium, est\u00e1n fabricados con los m\u00e1s altos est\u00e1ndares de calidad para asegurar su m\u00e1ximo desempe\u00f1o.\" \/>\n<meta property=\"og:url\" content=\"https:\/\/mabawater.com\/en\/product\/motor-electrico-eficiencia-premium-ie3-altamira-serie-mapt2p-50-hp-3-fases-220-440-volts\/\" \/>\n<meta property=\"og:site_name\" content=\"Maba Water\" \/>\n<meta property=\"article:publisher\" content=\"https:\/\/www.facebook.com\/mabawater\/\" \/>\n<meta property=\"og:image\" content=\"https:\/\/mabawater.com\/wp-content\/uploads\/2022\/08\/tx_principal_1000__4-.jpeg\" \/>\n\t<meta property=\"og:image:width\" content=\"1000\" \/>\n\t<meta property=\"og:image:height\" content=\"1000\" \/>\n\t<meta property=\"og:image:type\" content=\"image\/jpeg\" \/>\n<meta name=\"twitter:card\" content=\"summary_large_image\" \/>\n<!-- \/ Yoast SEO plugin. -->","yoast_head_json":{"title":"Motor el\u00e9ctrico eficiencia PREMIUM (IE3), ALTAMIRA, serie MAPT2P, 50 HP, 3 fases, 220 \/ 440 Volts - Maba Water","robots":{"index":"index","follow":"follow","max-snippet":"max-snippet:-1","max-image-preview":"max-image-preview:large","max-video-preview":"max-video-preview:-1"},"canonical":"https:\/\/mabawater.com\/en\/product\/motor-electrico-eficiencia-premium-ie3-altamira-serie-mapt2p-50-hp-3-fases-220-440-volts\/","og_locale":"en_US","og_type":"article","og_title":"Motor el\u00e9ctrico eficiencia PREMIUM (IE3), ALTAMIRA, serie MAPT2P, 50 HP, 3 fases, 220 \/ 440 Volts - Maba Water","og_description":"Motor el\u00e9ctrico eficiencia PREMIUM (IE3), ALTAMIRA, serie MAPT2P, 50 HP, 3 fases, 220 \/ 440 Volts  Los Motores verticales altamira eficiencia premium, est\u00e1n fabricados con los m\u00e1s altos est\u00e1ndares de calidad para asegurar su m\u00e1ximo desempe\u00f1o.","og_url":"https:\/\/mabawater.com\/en\/product\/motor-electrico-eficiencia-premium-ie3-altamira-serie-mapt2p-50-hp-3-fases-220-440-volts\/","og_site_name":"Maba Water","article_publisher":"https:\/\/www.facebook.com\/mabawater\/","og_image":[{"width":1000,"height":1000,"url":"https:\/\/mabawater.com\/wp-content\/uploads\/2022\/08\/tx_principal_1000__4-.jpeg","type":"image\/jpeg"}],"twitter_card":"summary_large_image","schema":{"@context":"https:\/\/schema.org","@graph":[{"@type":"WebPage","@id":"https:\/\/mabawater.com\/en\/product\/motor-electrico-eficiencia-premium-ie3-altamira-serie-mapt2p-50-hp-3-fases-220-440-volts\/","url":"https:\/\/mabawater.com\/en\/product\/motor-electrico-eficiencia-premium-ie3-altamira-serie-mapt2p-50-hp-3-fases-220-440-volts\/","name":"Motor el\u00e9ctrico eficiencia PREMIUM (IE3), ALTAMIRA, serie MAPT2P, 50 HP, 3 fases, 220 \/ 440 Volts - Maba Water","isPartOf":{"@id":"https:\/\/mabawater.com\/#website"},"primaryImageOfPage":{"@id":"https:\/\/mabawater.com\/en\/product\/motor-electrico-eficiencia-premium-ie3-altamira-serie-mapt2p-50-hp-3-fases-220-440-volts\/#primaryimage"},"image":{"@id":"https:\/\/mabawater.com\/en\/product\/motor-electrico-eficiencia-premium-ie3-altamira-serie-mapt2p-50-hp-3-fases-220-440-volts\/#primaryimage"},"thumbnailUrl":"https:\/\/mabawater.com\/wp-content\/uploads\/2022\/08\/tx_principal_1000__4-.jpeg","datePublished":"2022-08-05T19:52:46+00:00","breadcrumb":{"@id":"https:\/\/mabawater.com\/en\/product\/motor-electrico-eficiencia-premium-ie3-altamira-serie-mapt2p-50-hp-3-fases-220-440-volts\/#breadcrumb"},"inLanguage":"en-US","potentialAction":[{"@type":"ReadAction","target":["https:\/\/mabawater.com\/en\/product\/motor-electrico-eficiencia-premium-ie3-altamira-serie-mapt2p-50-hp-3-fases-220-440-volts\/"]}]},{"@type":"ImageObject","inLanguage":"en-US","@id":"https:\/\/mabawater.com\/en\/product\/motor-electrico-eficiencia-premium-ie3-altamira-serie-mapt2p-50-hp-3-fases-220-440-volts\/#primaryimage","url":"https:\/\/mabawater.com\/wp-content\/uploads\/2022\/08\/tx_principal_1000__4-.jpeg","contentUrl":"https:\/\/mabawater.com\/wp-content\/uploads\/2022\/08\/tx_principal_1000__4-.jpeg","width":1000,"height":1000},{"@type":"BreadcrumbList","@id":"https:\/\/mabawater.com\/en\/product\/motor-electrico-eficiencia-premium-ie3-altamira-serie-mapt2p-50-hp-3-fases-220-440-volts\/#breadcrumb","itemListElement":[{"@type":"ListItem","position":1,"name":"Portada","item":"https:\/\/mabawater.com\/"},{"@type":"ListItem","position":2,"name":"Productos Para La Calidad Del Agua","item":"https:\/\/mabawater.com\/productos-para-la-calidad-del-agua\/"},{"@type":"ListItem","position":3,"name":"Motor el\u00e9ctrico eficiencia PREMIUM (IE3), ALTAMIRA, serie MAPT2P, 50 HP, 3 fases, 220 \/ 440 Volts"}]},{"@type":"WebSite","@id":"https:\/\/mabawater.com\/#website","url":"https:\/\/mabawater.com\/","name":"Maba Water","description":"Soluciones Hidr\u00e1ulicas Sustentables","publisher":{"@id":"https:\/\/mabawater.com\/#organization"},"potentialAction":[{"@type":"SearchAction","target":{"@type":"EntryPoint","urlTemplate":"https:\/\/mabawater.com\/?s={search_term_string}"},"query-input":{"@type":"PropertyValueSpecification","valueRequired":true,"valueName":"search_term_string"}}],"inLanguage":"en-US"},{"@type":"Organization","@id":"https:\/\/mabawater.com\/#organization","name":"Maba Water","url":"https:\/\/mabawater.com\/","logo":{"@type":"ImageObject","inLanguage":"en-US","@id":"https:\/\/mabawater.com\/#\/schema\/logo\/image\/","url":"https:\/\/mabawater.com\/wp-content\/uploads\/2021\/09\/water-icon.png","contentUrl":"https:\/\/mabawater.com\/wp-content\/uploads\/2021\/09\/water-icon.png","width":410,"height":176,"caption":"Maba Water"},"image":{"@id":"https:\/\/mabawater.com\/#\/schema\/logo\/image\/"},"sameAs":["https:\/\/www.facebook.com\/mabawater\/","https:\/\/www.instagram.com\/mabawater\/?hl=es-la"]}]}},"_links":{"self":[{"href":"https:\/\/mabawater.com\/en\/wp-json\/wp\/v2\/product\/19622","targetHints":{"allow":["GET"]}}],"collection":[{"href":"https:\/\/mabawater.com\/en\/wp-json\/wp\/v2\/product"}],"about":[{"href":"https:\/\/mabawater.com\/en\/wp-json\/wp\/v2\/types\/product"}],"replies":[{"embeddable":true,"href":"https:\/\/mabawater.com\/en\/wp-json\/wp\/v2\/comments?post=19622"}],"version-history":[{"count":0,"href":"https:\/\/mabawater.com\/en\/wp-json\/wp\/v2\/product\/19622\/revisions"}],"wp:featuredmedia":[{"embeddable":true,"href":"https:\/\/mabawater.com\/en\/wp-json\/wp\/v2\/media\/19586"}],"wp:attachment":[{"href":"https:\/\/mabawater.com\/en\/wp-json\/wp\/v2\/media?parent=19622"}],"wp:term":[{"taxonomy":"product_brand","embeddable":true,"href":"https:\/\/mabawater.com\/en\/wp-json\/wp\/v2\/product_brand?post=19622"},{"taxonomy":"product_cat","embeddable":true,"href":"https:\/\/mabawater.com\/en\/wp-json\/wp\/v2\/product_cat?post=19622"},{"taxonomy":"product_tag","embeddable":true,"href":"https:\/\/mabawater.com\/en\/wp-json\/wp\/v2\/product_tag?post=19622"}],"curies":[{"name":"wp","href":"https:\/\/api.w.org\/{rel}","templated":true}]}}