{"id":19631,"date":"2022-08-05T19:53:03","date_gmt":"2022-08-05T19:53:03","guid":{"rendered":"https:\/\/mabawater.com\/producto\/motobomba-centrifuga-horizontal-aqua-pak-serie-altra-300-lpm-1-etapa-2-hp-3-fases-230-460-volts\/"},"modified":"2025-04-12T16:43:35","modified_gmt":"2025-04-12T16:43:35","slug":"motobomba-centrifuga-horizontal-aqua-pak-serie-altra-300-lpm-1-etapa-2-hp-3-fases-230-460-volts","status":"publish","type":"product","link":"https:\/\/mabawater.com\/en\/product\/motobomba-centrifuga-horizontal-aqua-pak-serie-altra-300-lpm-1-etapa-2-hp-3-fases-230-460-volts\/","title":{"rendered":"Motobomba centr\u00edfuga horizontal, AQUA PAK, serie ALTRA, 300 lpm, 1 etapa, 2 HP, 3 fases, 230 \/460 volts"},"content":{"rendered":"<p>&#8211; Motobomba centr\u00edfuga horizontal, AQUA PAK, serie ALTRA, 300 lpm, 1 etapa, 2 HP, 3 fases, 230 \/460 volts<\/p>\n<p>Descarga la ficha t\u00e9cnica <a href=\"https:\/\/mabawater.com\/wp-content\/uploads\/2022\/08\/ft_ficha_tecnica-2_.pdf \">aqu\u00ed<\/a><\/p>","protected":false},"excerpt":{"rendered":"<p>Motobomba centr\u00edfuga horizontal, AQUA PAK, serie ALTRA, 300 lpm, 1 etapa, 2 HP, 3 fases, 230 \/460 volts<\/p>\n<p> Motobomba centr\u00edfuga horizontal monoetapa con dise\u00f1o de impulsor cerrado y cuerpo hidr\u00e1ulico en acero inoxidable 304, ideal para aplicaciones donde se requiere que el l\u00edquido no tenga contacto con materiales sujetos a oxidaci\u00f3n.<\/p>","protected":false},"featured_media":19591,"comment_status":"open","ping_status":"closed","template":"","meta":[],"product_brand":[],"product_cat":[146,160],"product_tag":[1178,491,489,493,487,1177,1175,521,556,599,495,482,490,486,103,522,483,494],"class_list":{"0":"post-19631","1":"product","2":"type-product","3":"status-publish","4":"has-post-thumbnail","6":"product_cat-bombeo","7":"product_cat-industrial-y-multietapas","8":"product_tag-1178","9":"product_tag-491","10":"product_tag-489","11":"product_tag-493","12":"product_tag-487","13":"product_tag-1177","14":"product_tag-altra","15":"product_tag-aqua","16":"product_tag-centrifuga","17":"product_tag-etapa","18":"product_tag-fases","19":"product_tag-horizontal","20":"product_tag-hp","21":"product_tag-lpm","22":"product_tag-motobomba","23":"product_tag-pak","24":"product_tag-serie","25":"product_tag-volts","27":"first","28":"instock","29":"shipping-taxable","30":"product-type-simple"},"yoast_head":"<!-- This site is optimized with the Yoast SEO plugin v26.6 - https:\/\/yoast.com\/wordpress\/plugins\/seo\/ -->\n<title>Motobomba centr\u00edfuga horizontal, AQUA PAK, serie ALTRA, 300 lpm, 1 etapa, 2 HP, 3 fases, 230 \/460 volts - Maba Water<\/title>\n<meta name=\"robots\" content=\"index, follow, max-snippet:-1, max-image-preview:large, max-video-preview:-1\" \/>\n<link rel=\"canonical\" href=\"https:\/\/mabawater.com\/en\/product\/motobomba-centrifuga-horizontal-aqua-pak-serie-altra-300-lpm-1-etapa-2-hp-3-fases-230-460-volts\/\" \/>\n<meta property=\"og:locale\" content=\"en_US\" \/>\n<meta property=\"og:type\" content=\"article\" \/>\n<meta property=\"og:title\" content=\"Motobomba centr\u00edfuga horizontal, AQUA PAK, serie ALTRA, 300 lpm, 1 etapa, 2 HP, 3 fases, 230 \/460 volts - Maba Water\" \/>\n<meta property=\"og:description\" content=\"Motobomba centr\u00edfuga horizontal, AQUA PAK, serie ALTRA, 300 lpm, 1 etapa, 2 HP, 3 fases, 230 \/460 volts  Motobomba centr\u00edfuga horizontal monoetapa con dise\u00f1o de impulsor cerrado y cuerpo hidr\u00e1ulico en acero inoxidable 304, ideal para aplicaciones donde se requiere que el l\u00edquido no tenga contacto con materiales sujetos a oxidaci\u00f3n.\" \/>\n<meta property=\"og:url\" content=\"https:\/\/mabawater.com\/en\/product\/motobomba-centrifuga-horizontal-aqua-pak-serie-altra-300-lpm-1-etapa-2-hp-3-fases-230-460-volts\/\" \/>\n<meta property=\"og:site_name\" content=\"Maba Water\" \/>\n<meta property=\"article:publisher\" content=\"https:\/\/www.facebook.com\/mabawater\/\" \/>\n<meta property=\"article:modified_time\" content=\"2025-04-12T16:43:35+00:00\" \/>\n<meta property=\"og:image\" content=\"https:\/\/mabawater.com\/wp-content\/uploads\/2022\/08\/altra03-1230-2_1-.jpeg\" \/>\n\t<meta property=\"og:image:width\" content=\"1000\" \/>\n\t<meta property=\"og:image:height\" content=\"1000\" \/>\n\t<meta property=\"og:image:type\" content=\"image\/jpeg\" \/>\n<meta name=\"twitter:card\" content=\"summary_large_image\" \/>\n<!-- \/ Yoast SEO plugin. -->","yoast_head_json":{"title":"Motobomba centr\u00edfuga horizontal, AQUA PAK, serie ALTRA, 300 lpm, 1 etapa, 2 HP, 3 fases, 230 \/460 volts - Maba Water","robots":{"index":"index","follow":"follow","max-snippet":"max-snippet:-1","max-image-preview":"max-image-preview:large","max-video-preview":"max-video-preview:-1"},"canonical":"https:\/\/mabawater.com\/en\/product\/motobomba-centrifuga-horizontal-aqua-pak-serie-altra-300-lpm-1-etapa-2-hp-3-fases-230-460-volts\/","og_locale":"en_US","og_type":"article","og_title":"Motobomba centr\u00edfuga horizontal, AQUA PAK, serie ALTRA, 300 lpm, 1 etapa, 2 HP, 3 fases, 230 \/460 volts - Maba Water","og_description":"Motobomba centr\u00edfuga horizontal, AQUA PAK, serie ALTRA, 300 lpm, 1 etapa, 2 HP, 3 fases, 230 \/460 volts  Motobomba centr\u00edfuga horizontal monoetapa con dise\u00f1o de impulsor cerrado y cuerpo hidr\u00e1ulico en acero inoxidable 304, ideal para aplicaciones donde se requiere que el l\u00edquido no tenga contacto con materiales sujetos a oxidaci\u00f3n.","og_url":"https:\/\/mabawater.com\/en\/product\/motobomba-centrifuga-horizontal-aqua-pak-serie-altra-300-lpm-1-etapa-2-hp-3-fases-230-460-volts\/","og_site_name":"Maba Water","article_publisher":"https:\/\/www.facebook.com\/mabawater\/","article_modified_time":"2025-04-12T16:43:35+00:00","og_image":[{"width":1000,"height":1000,"url":"https:\/\/mabawater.com\/wp-content\/uploads\/2022\/08\/altra03-1230-2_1-.jpeg","type":"image\/jpeg"}],"twitter_card":"summary_large_image","schema":{"@context":"https:\/\/schema.org","@graph":[{"@type":"WebPage","@id":"https:\/\/mabawater.com\/producto\/motobomba-centrifuga-horizontal-aqua-pak-serie-altra-300-lpm-1-etapa-2-hp-3-fases-230-460-volts\/","url":"https:\/\/mabawater.com\/producto\/motobomba-centrifuga-horizontal-aqua-pak-serie-altra-300-lpm-1-etapa-2-hp-3-fases-230-460-volts\/","name":"Motobomba centr\u00edfuga horizontal, AQUA PAK, serie ALTRA, 300 lpm, 1 etapa, 2 HP, 3 fases, 230 \/460 volts - Maba Water","isPartOf":{"@id":"https:\/\/mabawater.com\/#website"},"primaryImageOfPage":{"@id":"https:\/\/mabawater.com\/producto\/motobomba-centrifuga-horizontal-aqua-pak-serie-altra-300-lpm-1-etapa-2-hp-3-fases-230-460-volts\/#primaryimage"},"image":{"@id":"https:\/\/mabawater.com\/producto\/motobomba-centrifuga-horizontal-aqua-pak-serie-altra-300-lpm-1-etapa-2-hp-3-fases-230-460-volts\/#primaryimage"},"thumbnailUrl":"https:\/\/mabawater.com\/wp-content\/uploads\/2022\/08\/altra03-1230-2_1-.jpeg","datePublished":"2022-08-05T19:53:03+00:00","dateModified":"2025-04-12T16:43:35+00:00","breadcrumb":{"@id":"https:\/\/mabawater.com\/producto\/motobomba-centrifuga-horizontal-aqua-pak-serie-altra-300-lpm-1-etapa-2-hp-3-fases-230-460-volts\/#breadcrumb"},"inLanguage":"en-US","potentialAction":[{"@type":"ReadAction","target":["https:\/\/mabawater.com\/producto\/motobomba-centrifuga-horizontal-aqua-pak-serie-altra-300-lpm-1-etapa-2-hp-3-fases-230-460-volts\/"]}]},{"@type":"ImageObject","inLanguage":"en-US","@id":"https:\/\/mabawater.com\/producto\/motobomba-centrifuga-horizontal-aqua-pak-serie-altra-300-lpm-1-etapa-2-hp-3-fases-230-460-volts\/#primaryimage","url":"https:\/\/mabawater.com\/wp-content\/uploads\/2022\/08\/altra03-1230-2_1-.jpeg","contentUrl":"https:\/\/mabawater.com\/wp-content\/uploads\/2022\/08\/altra03-1230-2_1-.jpeg","width":1000,"height":1000},{"@type":"BreadcrumbList","@id":"https:\/\/mabawater.com\/producto\/motobomba-centrifuga-horizontal-aqua-pak-serie-altra-300-lpm-1-etapa-2-hp-3-fases-230-460-volts\/#breadcrumb","itemListElement":[{"@type":"ListItem","position":1,"name":"Portada","item":"https:\/\/mabawater.com\/"},{"@type":"ListItem","position":2,"name":"Productos Para La Calidad Del Agua","item":"https:\/\/mabawater.com\/productos-para-la-calidad-del-agua\/"},{"@type":"ListItem","position":3,"name":"Motobomba centr\u00edfuga horizontal, AQUA PAK, serie ALTRA, 300 lpm, 1 etapa, 2 HP, 3 fases, 230 \/460 volts"}]},{"@type":"WebSite","@id":"https:\/\/mabawater.com\/#website","url":"https:\/\/mabawater.com\/","name":"Maba Water","description":"Soluciones Hidr\u00e1ulicas Sustentables","publisher":{"@id":"https:\/\/mabawater.com\/#organization"},"potentialAction":[{"@type":"SearchAction","target":{"@type":"EntryPoint","urlTemplate":"https:\/\/mabawater.com\/?s={search_term_string}"},"query-input":{"@type":"PropertyValueSpecification","valueRequired":true,"valueName":"search_term_string"}}],"inLanguage":"en-US"},{"@type":"Organization","@id":"https:\/\/mabawater.com\/#organization","name":"Maba Water","url":"https:\/\/mabawater.com\/","logo":{"@type":"ImageObject","inLanguage":"en-US","@id":"https:\/\/mabawater.com\/#\/schema\/logo\/image\/","url":"https:\/\/mabawater.com\/wp-content\/uploads\/2021\/09\/water-icon.png","contentUrl":"https:\/\/mabawater.com\/wp-content\/uploads\/2021\/09\/water-icon.png","width":410,"height":176,"caption":"Maba Water"},"image":{"@id":"https:\/\/mabawater.com\/#\/schema\/logo\/image\/"},"sameAs":["https:\/\/www.facebook.com\/mabawater\/","https:\/\/www.instagram.com\/mabawater\/?hl=es-la"]}]}},"_links":{"self":[{"href":"https:\/\/mabawater.com\/en\/wp-json\/wp\/v2\/product\/19631","targetHints":{"allow":["GET"]}}],"collection":[{"href":"https:\/\/mabawater.com\/en\/wp-json\/wp\/v2\/product"}],"about":[{"href":"https:\/\/mabawater.com\/en\/wp-json\/wp\/v2\/types\/product"}],"replies":[{"embeddable":true,"href":"https:\/\/mabawater.com\/en\/wp-json\/wp\/v2\/comments?post=19631"}],"version-history":[{"count":0,"href":"https:\/\/mabawater.com\/en\/wp-json\/wp\/v2\/product\/19631\/revisions"}],"wp:featuredmedia":[{"embeddable":true,"href":"https:\/\/mabawater.com\/en\/wp-json\/wp\/v2\/media\/19591"}],"wp:attachment":[{"href":"https:\/\/mabawater.com\/en\/wp-json\/wp\/v2\/media?parent=19631"}],"wp:term":[{"taxonomy":"product_brand","embeddable":true,"href":"https:\/\/mabawater.com\/en\/wp-json\/wp\/v2\/product_brand?post=19631"},{"taxonomy":"product_cat","embeddable":true,"href":"https:\/\/mabawater.com\/en\/wp-json\/wp\/v2\/product_cat?post=19631"},{"taxonomy":"product_tag","embeddable":true,"href":"https:\/\/mabawater.com\/en\/wp-json\/wp\/v2\/product_tag?post=19631"}],"curies":[{"name":"wp","href":"https:\/\/api.w.org\/{rel}","templated":true}]}}