{"id":19635,"date":"2022-08-05T19:53:04","date_gmt":"2022-08-05T19:53:04","guid":{"rendered":"https:\/\/mabawater.com\/producto\/motobomba-centrifuga-horizontal-aqua-pak-serie-aly-70-lpm-1-etapas-1-2-hp-1-fase-230-volts\/"},"modified":"2022-08-05T19:53:04","modified_gmt":"2022-08-05T19:53:04","slug":"motobomba-centrifuga-horizontal-aqua-pak-serie-aly-70-lpm-1-etapas-1-2-hp-1-fase-230-volts","status":"publish","type":"product","link":"https:\/\/mabawater.com\/en\/product\/motobomba-centrifuga-horizontal-aqua-pak-serie-aly-70-lpm-1-etapas-1-2-hp-1-fase-230-volts\/","title":{"rendered":"Motobomba centr\u00edfuga horizontal, AQUA PAK, serie ALY, 70 lpm, 1 etapas, 1\/2 HP, 1 fase, 230 volts"},"content":{"rendered":"<p>&#8211; Motobomba centr\u00edfuga horizontal, AQUA PAK, serie ALY, 70 lpm, 1 etapas, 1\/2 HP, 1 fase, 230 volts<\/p>\n<p>Descarga la ficha t\u00e9cnica <a href=\"https:\/\/mabawater.com\/wp-content\/uploads\/2022\/08\/ft_ficha_tecnica-1-1-1.pdf \">aqu\u00ed<\/a><\/p>","protected":false},"excerpt":{"rendered":"<p>Motobomba centr\u00edfuga horizontal, AQUA PAK, serie ALY, 70 lpm, 1 etapas, 1\/2 HP, 1 fase, 230 volts<\/p>\n<p> Bomba centr\u00edfuga horizontal con cuerpo hidr\u00e1ulico en acero inoxidable 304, ideal para aplicaciones donde se requiere que el l\u00edquido no tenga contacto con materiales sujetos a oxidaci\u00f3n.<\/p>","protected":false},"featured_media":19591,"comment_status":"open","ping_status":"closed","template":"","meta":[],"product_brand":[],"product_cat":[146,160],"product_tag":[491,512,493,1180,1179,521,556,488,492,482,490,486,103,522,483,494],"class_list":{"0":"post-19635","1":"product","2":"type-product","3":"status-publish","4":"has-post-thumbnail","6":"product_cat-bombeo","7":"product_cat-industrial-y-multietapas","8":"product_tag-491","9":"product_tag-1-2-3","10":"product_tag-493","11":"product_tag-1180","12":"product_tag-aly","13":"product_tag-aqua","14":"product_tag-centrifuga","15":"product_tag-etapas","16":"product_tag-fase","17":"product_tag-horizontal","18":"product_tag-hp","19":"product_tag-lpm","20":"product_tag-motobomba","21":"product_tag-pak","22":"product_tag-serie","23":"product_tag-volts","25":"first","26":"instock","27":"shipping-taxable","28":"product-type-simple"},"yoast_head":"<!-- This site is optimized with the Yoast SEO plugin v26.6 - https:\/\/yoast.com\/wordpress\/plugins\/seo\/ -->\n<title>Motobomba centr\u00edfuga horizontal, AQUA PAK, serie ALY, 70 lpm, 1 etapas, 1\/2 HP, 1 fase, 230 volts - Maba Water<\/title>\n<meta name=\"robots\" content=\"index, follow, max-snippet:-1, max-image-preview:large, max-video-preview:-1\" \/>\n<link rel=\"canonical\" href=\"https:\/\/mabawater.com\/en\/product\/motobomba-centrifuga-horizontal-aqua-pak-serie-aly-70-lpm-1-etapas-1-2-hp-1-fase-230-volts\/\" \/>\n<meta property=\"og:locale\" content=\"en_US\" \/>\n<meta property=\"og:type\" content=\"article\" \/>\n<meta property=\"og:title\" content=\"Motobomba centr\u00edfuga horizontal, AQUA PAK, serie ALY, 70 lpm, 1 etapas, 1\/2 HP, 1 fase, 230 volts - Maba Water\" \/>\n<meta property=\"og:description\" content=\"Motobomba centr\u00edfuga horizontal, AQUA PAK, serie ALY, 70 lpm, 1 etapas, 1\/2 HP, 1 fase, 230 volts  Bomba centr\u00edfuga horizontal con cuerpo hidr\u00e1ulico en acero inoxidable 304, ideal para aplicaciones donde se requiere que el l\u00edquido no tenga contacto con materiales sujetos a oxidaci\u00f3n.\" \/>\n<meta property=\"og:url\" content=\"https:\/\/mabawater.com\/en\/product\/motobomba-centrifuga-horizontal-aqua-pak-serie-aly-70-lpm-1-etapas-1-2-hp-1-fase-230-volts\/\" \/>\n<meta property=\"og:site_name\" content=\"Maba Water\" \/>\n<meta property=\"article:publisher\" content=\"https:\/\/www.facebook.com\/mabawater\/\" \/>\n<meta property=\"og:image\" content=\"https:\/\/mabawater.com\/wp-content\/uploads\/2022\/08\/altra03-1230-2_1-.jpeg\" \/>\n\t<meta property=\"og:image:width\" content=\"1000\" \/>\n\t<meta property=\"og:image:height\" content=\"1000\" \/>\n\t<meta property=\"og:image:type\" content=\"image\/jpeg\" \/>\n<meta name=\"twitter:card\" content=\"summary_large_image\" \/>\n<!-- \/ Yoast SEO plugin. -->","yoast_head_json":{"title":"Motobomba centr\u00edfuga horizontal, AQUA PAK, serie ALY, 70 lpm, 1 etapas, 1\/2 HP, 1 fase, 230 volts - Maba Water","robots":{"index":"index","follow":"follow","max-snippet":"max-snippet:-1","max-image-preview":"max-image-preview:large","max-video-preview":"max-video-preview:-1"},"canonical":"https:\/\/mabawater.com\/en\/product\/motobomba-centrifuga-horizontal-aqua-pak-serie-aly-70-lpm-1-etapas-1-2-hp-1-fase-230-volts\/","og_locale":"en_US","og_type":"article","og_title":"Motobomba centr\u00edfuga horizontal, AQUA PAK, serie ALY, 70 lpm, 1 etapas, 1\/2 HP, 1 fase, 230 volts - Maba Water","og_description":"Motobomba centr\u00edfuga horizontal, AQUA PAK, serie ALY, 70 lpm, 1 etapas, 1\/2 HP, 1 fase, 230 volts  Bomba centr\u00edfuga horizontal con cuerpo hidr\u00e1ulico en acero inoxidable 304, ideal para aplicaciones donde se requiere que el l\u00edquido no tenga contacto con materiales sujetos a oxidaci\u00f3n.","og_url":"https:\/\/mabawater.com\/en\/product\/motobomba-centrifuga-horizontal-aqua-pak-serie-aly-70-lpm-1-etapas-1-2-hp-1-fase-230-volts\/","og_site_name":"Maba Water","article_publisher":"https:\/\/www.facebook.com\/mabawater\/","og_image":[{"width":1000,"height":1000,"url":"https:\/\/mabawater.com\/wp-content\/uploads\/2022\/08\/altra03-1230-2_1-.jpeg","type":"image\/jpeg"}],"twitter_card":"summary_large_image","schema":{"@context":"https:\/\/schema.org","@graph":[{"@type":"WebPage","@id":"https:\/\/mabawater.com\/producto\/motobomba-centrifuga-horizontal-aqua-pak-serie-aly-70-lpm-1-etapas-1-2-hp-1-fase-230-volts\/","url":"https:\/\/mabawater.com\/producto\/motobomba-centrifuga-horizontal-aqua-pak-serie-aly-70-lpm-1-etapas-1-2-hp-1-fase-230-volts\/","name":"Motobomba centr\u00edfuga horizontal, AQUA PAK, serie ALY, 70 lpm, 1 etapas, 1\/2 HP, 1 fase, 230 volts - Maba Water","isPartOf":{"@id":"https:\/\/mabawater.com\/#website"},"primaryImageOfPage":{"@id":"https:\/\/mabawater.com\/producto\/motobomba-centrifuga-horizontal-aqua-pak-serie-aly-70-lpm-1-etapas-1-2-hp-1-fase-230-volts\/#primaryimage"},"image":{"@id":"https:\/\/mabawater.com\/producto\/motobomba-centrifuga-horizontal-aqua-pak-serie-aly-70-lpm-1-etapas-1-2-hp-1-fase-230-volts\/#primaryimage"},"thumbnailUrl":"https:\/\/mabawater.com\/wp-content\/uploads\/2022\/08\/altra03-1230-2_1-.jpeg","datePublished":"2022-08-05T19:53:04+00:00","breadcrumb":{"@id":"https:\/\/mabawater.com\/producto\/motobomba-centrifuga-horizontal-aqua-pak-serie-aly-70-lpm-1-etapas-1-2-hp-1-fase-230-volts\/#breadcrumb"},"inLanguage":"en-US","potentialAction":[{"@type":"ReadAction","target":["https:\/\/mabawater.com\/producto\/motobomba-centrifuga-horizontal-aqua-pak-serie-aly-70-lpm-1-etapas-1-2-hp-1-fase-230-volts\/"]}]},{"@type":"ImageObject","inLanguage":"en-US","@id":"https:\/\/mabawater.com\/producto\/motobomba-centrifuga-horizontal-aqua-pak-serie-aly-70-lpm-1-etapas-1-2-hp-1-fase-230-volts\/#primaryimage","url":"https:\/\/mabawater.com\/wp-content\/uploads\/2022\/08\/altra03-1230-2_1-.jpeg","contentUrl":"https:\/\/mabawater.com\/wp-content\/uploads\/2022\/08\/altra03-1230-2_1-.jpeg","width":1000,"height":1000},{"@type":"BreadcrumbList","@id":"https:\/\/mabawater.com\/producto\/motobomba-centrifuga-horizontal-aqua-pak-serie-aly-70-lpm-1-etapas-1-2-hp-1-fase-230-volts\/#breadcrumb","itemListElement":[{"@type":"ListItem","position":1,"name":"Portada","item":"https:\/\/mabawater.com\/"},{"@type":"ListItem","position":2,"name":"Productos Para La Calidad Del Agua","item":"https:\/\/mabawater.com\/productos-para-la-calidad-del-agua\/"},{"@type":"ListItem","position":3,"name":"Motobomba centr\u00edfuga horizontal, AQUA PAK, serie ALY, 70 lpm, 1 etapas, 1\/2 HP, 1 fase, 230 volts"}]},{"@type":"WebSite","@id":"https:\/\/mabawater.com\/#website","url":"https:\/\/mabawater.com\/","name":"Maba Water","description":"Soluciones Hidr\u00e1ulicas Sustentables","publisher":{"@id":"https:\/\/mabawater.com\/#organization"},"potentialAction":[{"@type":"SearchAction","target":{"@type":"EntryPoint","urlTemplate":"https:\/\/mabawater.com\/?s={search_term_string}"},"query-input":{"@type":"PropertyValueSpecification","valueRequired":true,"valueName":"search_term_string"}}],"inLanguage":"en-US"},{"@type":"Organization","@id":"https:\/\/mabawater.com\/#organization","name":"Maba Water","url":"https:\/\/mabawater.com\/","logo":{"@type":"ImageObject","inLanguage":"en-US","@id":"https:\/\/mabawater.com\/#\/schema\/logo\/image\/","url":"https:\/\/mabawater.com\/wp-content\/uploads\/2021\/09\/water-icon.png","contentUrl":"https:\/\/mabawater.com\/wp-content\/uploads\/2021\/09\/water-icon.png","width":410,"height":176,"caption":"Maba Water"},"image":{"@id":"https:\/\/mabawater.com\/#\/schema\/logo\/image\/"},"sameAs":["https:\/\/www.facebook.com\/mabawater\/","https:\/\/www.instagram.com\/mabawater\/?hl=es-la"]}]}},"_links":{"self":[{"href":"https:\/\/mabawater.com\/en\/wp-json\/wp\/v2\/product\/19635","targetHints":{"allow":["GET"]}}],"collection":[{"href":"https:\/\/mabawater.com\/en\/wp-json\/wp\/v2\/product"}],"about":[{"href":"https:\/\/mabawater.com\/en\/wp-json\/wp\/v2\/types\/product"}],"replies":[{"embeddable":true,"href":"https:\/\/mabawater.com\/en\/wp-json\/wp\/v2\/comments?post=19635"}],"version-history":[{"count":0,"href":"https:\/\/mabawater.com\/en\/wp-json\/wp\/v2\/product\/19635\/revisions"}],"wp:featuredmedia":[{"embeddable":true,"href":"https:\/\/mabawater.com\/en\/wp-json\/wp\/v2\/media\/19591"}],"wp:attachment":[{"href":"https:\/\/mabawater.com\/en\/wp-json\/wp\/v2\/media?parent=19635"}],"wp:term":[{"taxonomy":"product_brand","embeddable":true,"href":"https:\/\/mabawater.com\/en\/wp-json\/wp\/v2\/product_brand?post=19635"},{"taxonomy":"product_cat","embeddable":true,"href":"https:\/\/mabawater.com\/en\/wp-json\/wp\/v2\/product_cat?post=19635"},{"taxonomy":"product_tag","embeddable":true,"href":"https:\/\/mabawater.com\/en\/wp-json\/wp\/v2\/product_tag?post=19635"}],"curies":[{"name":"wp","href":"https:\/\/api.w.org\/{rel}","templated":true}]}}