{"id":19769,"date":"2022-08-17T18:11:41","date_gmt":"2022-08-17T18:11:41","guid":{"rendered":"https:\/\/mabawater.com\/producto\/interruptor-de-presion-estandar-marca-altamira-calibrado-para-20-40-psi-con-conexion-de-1-4-rosca-npt-macho\/"},"modified":"2022-08-17T18:16:10","modified_gmt":"2022-08-17T18:16:10","slug":"interruptor-de-presion-estandar-marca-altamira-calibrado-para-20-40-psi-con-conexion-de-1-4-rosca-npt-macho","status":"publish","type":"product","link":"https:\/\/mabawater.com\/en\/product\/interruptor-de-presion-estandar-marca-altamira-calibrado-para-20-40-psi-con-conexion-de-1-4-rosca-npt-macho\/","title":{"rendered":"Interruptor de presi\u00f3n est\u00e1ndar marca ALTAMIRA calibrado para 20-40 PSI con conexi\u00f3n de 1\/4&#8243; rosca NPT macho"},"content":{"rendered":"<p>Interruptor de presi\u00f3n est\u00e1ndar marca ALTAMIRA calibrado para 20-40 PSI con conexi\u00f3n de 1\/4&#8243; rosca NPT macho<\/p>","protected":false},"excerpt":{"rendered":"<p>Interruptor de presi\u00f3n est\u00e1ndar marca ALTAMIRA calibrado para 20-40 PSI con conexi\u00f3n de 1\/4&#8243; rosca NPT macho<\/p>","protected":false},"featured_media":19710,"comment_status":"open","ping_status":"closed","template":"","meta":[],"product_brand":[],"product_cat":[148,164],"product_tag":[1212,1210,198,1209,500,1211,541,1208,1207,1206,1121,1205,526,1098,547,1203],"class_list":{"0":"post-19769","1":"product","2":"type-product","3":"status-publish","4":"has-post-thumbnail","6":"product_cat-hidroneumaticos","7":"product_cat-altamira","8":"product_tag-1-4-2","9":"product_tag-20-40","10":"product_tag-altamira","11":"product_tag-calibrado","12":"product_tag-con","13":"product_tag-conexion","14":"product_tag-de","15":"product_tag-estandar","16":"product_tag-interruptor","17":"product_tag-macho","18":"product_tag-marca","19":"product_tag-npt","20":"product_tag-para","21":"product_tag-presion","22":"product_tag-psi","23":"product_tag-rosca","25":"first","26":"instock","27":"shipping-taxable","28":"product-type-simple"},"yoast_head":"<!-- This site is optimized with the Yoast SEO plugin v26.6 - https:\/\/yoast.com\/wordpress\/plugins\/seo\/ -->\n<title>Interruptor de presi\u00f3n est\u00e1ndar marca ALTAMIRA calibrado para 20-40 PSI con conexi\u00f3n de 1\/4&quot; rosca NPT macho - Maba Water<\/title>\n<meta name=\"robots\" content=\"index, follow, max-snippet:-1, max-image-preview:large, max-video-preview:-1\" \/>\n<link rel=\"canonical\" href=\"https:\/\/mabawater.com\/en\/product\/interruptor-de-presion-estandar-marca-altamira-calibrado-para-20-40-psi-con-conexion-de-1-4-rosca-npt-macho\/\" \/>\n<meta property=\"og:locale\" content=\"en_US\" \/>\n<meta property=\"og:type\" content=\"article\" \/>\n<meta property=\"og:title\" content=\"Interruptor de presi\u00f3n est\u00e1ndar marca ALTAMIRA calibrado para 20-40 PSI con conexi\u00f3n de 1\/4&quot; rosca NPT macho - Maba Water\" \/>\n<meta property=\"og:description\" content=\"Interruptor de presi\u00f3n est\u00e1ndar marca ALTAMIRA calibrado para 20-40 PSI con conexi\u00f3n de 1\/4&quot; rosca NPT macho\" \/>\n<meta property=\"og:url\" content=\"https:\/\/mabawater.com\/en\/product\/interruptor-de-presion-estandar-marca-altamira-calibrado-para-20-40-psi-con-conexion-de-1-4-rosca-npt-macho\/\" \/>\n<meta property=\"og:site_name\" content=\"Maba Water\" \/>\n<meta property=\"article:publisher\" content=\"https:\/\/www.facebook.com\/mabawater\/\" \/>\n<meta property=\"article:modified_time\" content=\"2022-08-17T18:16:10+00:00\" \/>\n<meta property=\"og:image\" content=\"https:\/\/mabawater.com\/wp-content\/uploads\/2022\/08\/sw2040_am-1.jpeg\" \/>\n\t<meta property=\"og:image:width\" content=\"1000\" \/>\n\t<meta property=\"og:image:height\" content=\"1000\" \/>\n\t<meta property=\"og:image:type\" content=\"image\/jpeg\" \/>\n<meta name=\"twitter:card\" content=\"summary_large_image\" \/>\n<!-- \/ Yoast SEO plugin. -->","yoast_head_json":{"title":"Interruptor de presi\u00f3n est\u00e1ndar marca ALTAMIRA calibrado para 20-40 PSI con conexi\u00f3n de 1\/4\" rosca NPT macho - Maba Water","robots":{"index":"index","follow":"follow","max-snippet":"max-snippet:-1","max-image-preview":"max-image-preview:large","max-video-preview":"max-video-preview:-1"},"canonical":"https:\/\/mabawater.com\/en\/product\/interruptor-de-presion-estandar-marca-altamira-calibrado-para-20-40-psi-con-conexion-de-1-4-rosca-npt-macho\/","og_locale":"en_US","og_type":"article","og_title":"Interruptor de presi\u00f3n est\u00e1ndar marca ALTAMIRA calibrado para 20-40 PSI con conexi\u00f3n de 1\/4\" rosca NPT macho - Maba Water","og_description":"Interruptor de presi\u00f3n est\u00e1ndar marca ALTAMIRA calibrado para 20-40 PSI con conexi\u00f3n de 1\/4\" rosca NPT macho","og_url":"https:\/\/mabawater.com\/en\/product\/interruptor-de-presion-estandar-marca-altamira-calibrado-para-20-40-psi-con-conexion-de-1-4-rosca-npt-macho\/","og_site_name":"Maba Water","article_publisher":"https:\/\/www.facebook.com\/mabawater\/","article_modified_time":"2022-08-17T18:16:10+00:00","og_image":[{"width":1000,"height":1000,"url":"https:\/\/mabawater.com\/wp-content\/uploads\/2022\/08\/sw2040_am-1.jpeg","type":"image\/jpeg"}],"twitter_card":"summary_large_image","schema":{"@context":"https:\/\/schema.org","@graph":[{"@type":"WebPage","@id":"https:\/\/mabawater.com\/producto\/interruptor-de-presion-estandar-marca-altamira-calibrado-para-20-40-psi-con-conexion-de-1-4-rosca-npt-macho\/","url":"https:\/\/mabawater.com\/producto\/interruptor-de-presion-estandar-marca-altamira-calibrado-para-20-40-psi-con-conexion-de-1-4-rosca-npt-macho\/","name":"Interruptor de presi\u00f3n est\u00e1ndar marca ALTAMIRA calibrado para 20-40 PSI con conexi\u00f3n de 1\/4\" rosca NPT macho - Maba Water","isPartOf":{"@id":"https:\/\/mabawater.com\/#website"},"primaryImageOfPage":{"@id":"https:\/\/mabawater.com\/producto\/interruptor-de-presion-estandar-marca-altamira-calibrado-para-20-40-psi-con-conexion-de-1-4-rosca-npt-macho\/#primaryimage"},"image":{"@id":"https:\/\/mabawater.com\/producto\/interruptor-de-presion-estandar-marca-altamira-calibrado-para-20-40-psi-con-conexion-de-1-4-rosca-npt-macho\/#primaryimage"},"thumbnailUrl":"https:\/\/mabawater.com\/wp-content\/uploads\/2022\/08\/sw2040_am-1.jpeg","datePublished":"2022-08-17T18:11:41+00:00","dateModified":"2022-08-17T18:16:10+00:00","breadcrumb":{"@id":"https:\/\/mabawater.com\/producto\/interruptor-de-presion-estandar-marca-altamira-calibrado-para-20-40-psi-con-conexion-de-1-4-rosca-npt-macho\/#breadcrumb"},"inLanguage":"en-US","potentialAction":[{"@type":"ReadAction","target":["https:\/\/mabawater.com\/producto\/interruptor-de-presion-estandar-marca-altamira-calibrado-para-20-40-psi-con-conexion-de-1-4-rosca-npt-macho\/"]}]},{"@type":"ImageObject","inLanguage":"en-US","@id":"https:\/\/mabawater.com\/producto\/interruptor-de-presion-estandar-marca-altamira-calibrado-para-20-40-psi-con-conexion-de-1-4-rosca-npt-macho\/#primaryimage","url":"https:\/\/mabawater.com\/wp-content\/uploads\/2022\/08\/sw2040_am-1.jpeg","contentUrl":"https:\/\/mabawater.com\/wp-content\/uploads\/2022\/08\/sw2040_am-1.jpeg","width":1000,"height":1000},{"@type":"BreadcrumbList","@id":"https:\/\/mabawater.com\/producto\/interruptor-de-presion-estandar-marca-altamira-calibrado-para-20-40-psi-con-conexion-de-1-4-rosca-npt-macho\/#breadcrumb","itemListElement":[{"@type":"ListItem","position":1,"name":"Portada","item":"https:\/\/mabawater.com\/"},{"@type":"ListItem","position":2,"name":"Productos Para La Calidad Del Agua","item":"https:\/\/mabawater.com\/productos-para-la-calidad-del-agua\/"},{"@type":"ListItem","position":3,"name":"Interruptor de presi\u00f3n est\u00e1ndar marca ALTAMIRA calibrado para 20-40 PSI con conexi\u00f3n de 1\/4&#8243; rosca NPT macho"}]},{"@type":"WebSite","@id":"https:\/\/mabawater.com\/#website","url":"https:\/\/mabawater.com\/","name":"Maba Water","description":"Soluciones Hidr\u00e1ulicas Sustentables","publisher":{"@id":"https:\/\/mabawater.com\/#organization"},"potentialAction":[{"@type":"SearchAction","target":{"@type":"EntryPoint","urlTemplate":"https:\/\/mabawater.com\/?s={search_term_string}"},"query-input":{"@type":"PropertyValueSpecification","valueRequired":true,"valueName":"search_term_string"}}],"inLanguage":"en-US"},{"@type":"Organization","@id":"https:\/\/mabawater.com\/#organization","name":"Maba Water","url":"https:\/\/mabawater.com\/","logo":{"@type":"ImageObject","inLanguage":"en-US","@id":"https:\/\/mabawater.com\/#\/schema\/logo\/image\/","url":"https:\/\/mabawater.com\/wp-content\/uploads\/2021\/09\/water-icon.png","contentUrl":"https:\/\/mabawater.com\/wp-content\/uploads\/2021\/09\/water-icon.png","width":410,"height":176,"caption":"Maba Water"},"image":{"@id":"https:\/\/mabawater.com\/#\/schema\/logo\/image\/"},"sameAs":["https:\/\/www.facebook.com\/mabawater\/","https:\/\/www.instagram.com\/mabawater\/?hl=es-la"]}]}},"_links":{"self":[{"href":"https:\/\/mabawater.com\/en\/wp-json\/wp\/v2\/product\/19769","targetHints":{"allow":["GET"]}}],"collection":[{"href":"https:\/\/mabawater.com\/en\/wp-json\/wp\/v2\/product"}],"about":[{"href":"https:\/\/mabawater.com\/en\/wp-json\/wp\/v2\/types\/product"}],"replies":[{"embeddable":true,"href":"https:\/\/mabawater.com\/en\/wp-json\/wp\/v2\/comments?post=19769"}],"version-history":[{"count":1,"href":"https:\/\/mabawater.com\/en\/wp-json\/wp\/v2\/product\/19769\/revisions"}],"predecessor-version":[{"id":19805,"href":"https:\/\/mabawater.com\/en\/wp-json\/wp\/v2\/product\/19769\/revisions\/19805"}],"wp:featuredmedia":[{"embeddable":true,"href":"https:\/\/mabawater.com\/en\/wp-json\/wp\/v2\/media\/19710"}],"wp:attachment":[{"href":"https:\/\/mabawater.com\/en\/wp-json\/wp\/v2\/media?parent=19769"}],"wp:term":[{"taxonomy":"product_brand","embeddable":true,"href":"https:\/\/mabawater.com\/en\/wp-json\/wp\/v2\/product_brand?post=19769"},{"taxonomy":"product_cat","embeddable":true,"href":"https:\/\/mabawater.com\/en\/wp-json\/wp\/v2\/product_cat?post=19769"},{"taxonomy":"product_tag","embeddable":true,"href":"https:\/\/mabawater.com\/en\/wp-json\/wp\/v2\/product_tag?post=19769"}],"curies":[{"name":"wp","href":"https:\/\/api.w.org\/{rel}","templated":true}]}}