{"id":19777,"date":"2022-08-17T18:11:42","date_gmt":"2022-08-17T18:11:42","guid":{"rendered":"https:\/\/mabawater.com\/producto\/sistema-p-cte-ssxh60-3-hp\/"},"modified":"2024-01-01T08:38:10","modified_gmt":"2024-01-01T08:38:10","slug":"sistema-p-cte-ssxh60-3-hp","status":"publish","type":"product","link":"https:\/\/mabawater.com\/en\/product\/sistema-p-cte-ssxh60-3-hp\/","title":{"rendered":"SISTEMA P CTE SSXH60 3 HP"},"content":{"rendered":"<p>SISTEMA P CTE SSXH60 3 HP<\/p>\n<p>Descarga la ficha t\u00e9cnica <a href=\"https:\/\/mabawater.com\/wp-content\/uploads\/2022\/08\/SPCBP-SXH1E0300.pdf \">aqu\u00ed<\/a><\/p>","protected":false},"excerpt":{"rendered":"<p>Presurizaci\u00f3n de casas, farmacias, tiendas de conveniencia y peque\u00f1os locales.<\/p>\n<p>Tama\u00f1o muy compacto y construcci\u00f3n en acero inoxidable<\/p>","protected":false},"featured_media":19729,"comment_status":"open","ping_status":"closed","template":"","meta":[],"product_brand":[],"product_cat":[148,166],"product_tag":[487,1216,490,1215,1118,1226],"class_list":{"0":"post-19777","1":"product","2":"type-product","3":"status-publish","4":"has-post-thumbnail","6":"product_cat-hidroneumaticos","7":"product_cat-evans","8":"product_tag-487","9":"product_tag-cte","10":"product_tag-hp","11":"product_tag-p","12":"product_tag-sistema","13":"product_tag-ssxh60","15":"first","16":"instock","17":"shipping-taxable","18":"product-type-simple"},"yoast_head":"<!-- This site is optimized with the Yoast SEO plugin v26.6 - https:\/\/yoast.com\/wordpress\/plugins\/seo\/ -->\n<title>SISTEMA P CTE SSXH60 3 HP - Maba Water<\/title>\n<meta name=\"robots\" content=\"index, follow, max-snippet:-1, max-image-preview:large, max-video-preview:-1\" \/>\n<link rel=\"canonical\" href=\"https:\/\/mabawater.com\/en\/product\/sistema-p-cte-ssxh60-3-hp\/\" \/>\n<meta property=\"og:locale\" content=\"en_US\" \/>\n<meta property=\"og:type\" content=\"article\" \/>\n<meta property=\"og:title\" content=\"SISTEMA P CTE SSXH60 3 HP - Maba Water\" \/>\n<meta property=\"og:description\" content=\"Presurizaci\u00f3n de casas, farmacias, tiendas de conveniencia y peque\u00f1os locales.  Tama\u00f1o muy compacto y construcci\u00f3n en acero inoxidable\" \/>\n<meta property=\"og:url\" content=\"https:\/\/mabawater.com\/en\/product\/sistema-p-cte-ssxh60-3-hp\/\" \/>\n<meta property=\"og:site_name\" content=\"Maba Water\" \/>\n<meta property=\"article:publisher\" content=\"https:\/\/www.facebook.com\/mabawater\/\" \/>\n<meta property=\"article:modified_time\" content=\"2024-01-01T08:38:10+00:00\" \/>\n<meta property=\"og:image\" content=\"https:\/\/mabawater.com\/wp-content\/uploads\/2022\/08\/Hidroneumaticos_EVANS_SPCBP_SXH1E0100_1L_29.jpeg\" \/>\n\t<meta property=\"og:image:width\" content=\"500\" \/>\n\t<meta property=\"og:image:height\" content=\"500\" \/>\n\t<meta property=\"og:image:type\" content=\"image\/jpeg\" \/>\n<meta name=\"twitter:card\" content=\"summary_large_image\" \/>\n<!-- \/ Yoast SEO plugin. -->","yoast_head_json":{"title":"SISTEMA P CTE SSXH60 3 HP - Maba Water","robots":{"index":"index","follow":"follow","max-snippet":"max-snippet:-1","max-image-preview":"max-image-preview:large","max-video-preview":"max-video-preview:-1"},"canonical":"https:\/\/mabawater.com\/en\/product\/sistema-p-cte-ssxh60-3-hp\/","og_locale":"en_US","og_type":"article","og_title":"SISTEMA P CTE SSXH60 3 HP - Maba Water","og_description":"Presurizaci\u00f3n de casas, farmacias, tiendas de conveniencia y peque\u00f1os locales.  Tama\u00f1o muy compacto y construcci\u00f3n en acero inoxidable","og_url":"https:\/\/mabawater.com\/en\/product\/sistema-p-cte-ssxh60-3-hp\/","og_site_name":"Maba Water","article_publisher":"https:\/\/www.facebook.com\/mabawater\/","article_modified_time":"2024-01-01T08:38:10+00:00","og_image":[{"width":500,"height":500,"url":"https:\/\/mabawater.com\/wp-content\/uploads\/2022\/08\/Hidroneumaticos_EVANS_SPCBP_SXH1E0100_1L_29.jpeg","type":"image\/jpeg"}],"twitter_card":"summary_large_image","schema":{"@context":"https:\/\/schema.org","@graph":[{"@type":"WebPage","@id":"https:\/\/mabawater.com\/en\/product\/sistema-p-cte-ssxh60-3-hp\/","url":"https:\/\/mabawater.com\/en\/product\/sistema-p-cte-ssxh60-3-hp\/","name":"SISTEMA P CTE SSXH60 3 HP - Maba Water","isPartOf":{"@id":"https:\/\/mabawater.com\/#website"},"primaryImageOfPage":{"@id":"https:\/\/mabawater.com\/en\/product\/sistema-p-cte-ssxh60-3-hp\/#primaryimage"},"image":{"@id":"https:\/\/mabawater.com\/en\/product\/sistema-p-cte-ssxh60-3-hp\/#primaryimage"},"thumbnailUrl":"https:\/\/mabawater.com\/wp-content\/uploads\/2022\/08\/Hidroneumaticos_EVANS_SPCBP_SXH1E0100_1L_29.jpeg","datePublished":"2022-08-17T18:11:42+00:00","dateModified":"2024-01-01T08:38:10+00:00","breadcrumb":{"@id":"https:\/\/mabawater.com\/en\/product\/sistema-p-cte-ssxh60-3-hp\/#breadcrumb"},"inLanguage":"en-US","potentialAction":[{"@type":"ReadAction","target":["https:\/\/mabawater.com\/en\/product\/sistema-p-cte-ssxh60-3-hp\/"]}]},{"@type":"ImageObject","inLanguage":"en-US","@id":"https:\/\/mabawater.com\/en\/product\/sistema-p-cte-ssxh60-3-hp\/#primaryimage","url":"https:\/\/mabawater.com\/wp-content\/uploads\/2022\/08\/Hidroneumaticos_EVANS_SPCBP_SXH1E0100_1L_29.jpeg","contentUrl":"https:\/\/mabawater.com\/wp-content\/uploads\/2022\/08\/Hidroneumaticos_EVANS_SPCBP_SXH1E0100_1L_29.jpeg","width":500,"height":500},{"@type":"BreadcrumbList","@id":"https:\/\/mabawater.com\/en\/product\/sistema-p-cte-ssxh60-3-hp\/#breadcrumb","itemListElement":[{"@type":"ListItem","position":1,"name":"Portada","item":"https:\/\/mabawater.com\/"},{"@type":"ListItem","position":2,"name":"Productos Para La Calidad Del Agua","item":"https:\/\/mabawater.com\/productos-para-la-calidad-del-agua\/"},{"@type":"ListItem","position":3,"name":"SISTEMA P CTE SSXH60 3 HP"}]},{"@type":"WebSite","@id":"https:\/\/mabawater.com\/#website","url":"https:\/\/mabawater.com\/","name":"Maba Water","description":"Soluciones Hidr\u00e1ulicas Sustentables","publisher":{"@id":"https:\/\/mabawater.com\/#organization"},"potentialAction":[{"@type":"SearchAction","target":{"@type":"EntryPoint","urlTemplate":"https:\/\/mabawater.com\/?s={search_term_string}"},"query-input":{"@type":"PropertyValueSpecification","valueRequired":true,"valueName":"search_term_string"}}],"inLanguage":"en-US"},{"@type":"Organization","@id":"https:\/\/mabawater.com\/#organization","name":"Maba Water","url":"https:\/\/mabawater.com\/","logo":{"@type":"ImageObject","inLanguage":"en-US","@id":"https:\/\/mabawater.com\/#\/schema\/logo\/image\/","url":"https:\/\/mabawater.com\/wp-content\/uploads\/2021\/09\/water-icon.png","contentUrl":"https:\/\/mabawater.com\/wp-content\/uploads\/2021\/09\/water-icon.png","width":410,"height":176,"caption":"Maba Water"},"image":{"@id":"https:\/\/mabawater.com\/#\/schema\/logo\/image\/"},"sameAs":["https:\/\/www.facebook.com\/mabawater\/","https:\/\/www.instagram.com\/mabawater\/?hl=es-la"]}]}},"_links":{"self":[{"href":"https:\/\/mabawater.com\/en\/wp-json\/wp\/v2\/product\/19777","targetHints":{"allow":["GET"]}}],"collection":[{"href":"https:\/\/mabawater.com\/en\/wp-json\/wp\/v2\/product"}],"about":[{"href":"https:\/\/mabawater.com\/en\/wp-json\/wp\/v2\/types\/product"}],"replies":[{"embeddable":true,"href":"https:\/\/mabawater.com\/en\/wp-json\/wp\/v2\/comments?post=19777"}],"version-history":[{"count":1,"href":"https:\/\/mabawater.com\/en\/wp-json\/wp\/v2\/product\/19777\/revisions"}],"predecessor-version":[{"id":19811,"href":"https:\/\/mabawater.com\/en\/wp-json\/wp\/v2\/product\/19777\/revisions\/19811"}],"wp:featuredmedia":[{"embeddable":true,"href":"https:\/\/mabawater.com\/en\/wp-json\/wp\/v2\/media\/19729"}],"wp:attachment":[{"href":"https:\/\/mabawater.com\/en\/wp-json\/wp\/v2\/media?parent=19777"}],"wp:term":[{"taxonomy":"product_brand","embeddable":true,"href":"https:\/\/mabawater.com\/en\/wp-json\/wp\/v2\/product_brand?post=19777"},{"taxonomy":"product_cat","embeddable":true,"href":"https:\/\/mabawater.com\/en\/wp-json\/wp\/v2\/product_cat?post=19777"},{"taxonomy":"product_tag","embeddable":true,"href":"https:\/\/mabawater.com\/en\/wp-json\/wp\/v2\/product_tag?post=19777"}],"curies":[{"name":"wp","href":"https:\/\/api.w.org\/{rel}","templated":true}]}}