{"id":19891,"date":"2022-08-22T19:38:36","date_gmt":"2022-08-22T19:38:36","guid":{"rendered":"https:\/\/mabawater.com\/producto\/filtro-cartucho-de-carbon-activado-granular-gac-marca-purikor-con-dimensiones-de-4-5-x-20\/"},"modified":"2025-06-09T01:38:20","modified_gmt":"2025-06-09T01:38:20","slug":"filtro-cartucho-de-carbon-activado-granular-gac-marca-purikor-con-dimensiones-de-4-5-x-20","status":"publish","type":"product","link":"https:\/\/mabawater.com\/en\/product\/filtro-cartucho-de-carbon-activado-granular-gac-marca-purikor-con-dimensiones-de-4-5-x-20\/","title":{"rendered":"Filtro cartucho de Carb\u00f3n activado granular (GAC) marca PURIKOR con dimensiones de 4.5&#8243; x 20&#8243;"},"content":{"rendered":"<p>Filtro cartucho de Carb\u00f3n activado granular (GAC) marca PURIKOR con dimensiones de 4.5&#8243; x 20&#8243;<\/p>\n<p>Descarga la ficha t\u00e9cnica <a href=\"https:\/\/mabawater.com\/wp-content\/uploads\/2022\/08\/ft_ficha_tecnica_filtros_cartucho.pdf \">aqu\u00ed<\/a><\/p>","protected":false},"excerpt":{"rendered":"<p>PURIKOR pone a su disposici\u00f3n una gama de filtros cartucho de carb\u00f3n activado, para la reducci\u00f3n de cloro, sabores, olores y sedimentos presentes en el agua.<\/p>","protected":false},"featured_media":19880,"comment_status":"open","ping_status":"closed","template":"","meta":[],"product_brand":[],"product_cat":[145,79],"product_tag":[1259,1257,1258,1029,1095,81,500,541,1251,71,1249,1121,1035,1046],"class_list":{"0":"post-19891","1":"product","2":"type-product","3":"status-publish","4":"has-post-thumbnail","6":"product_cat-tratamiento-de-agua","7":"product_cat-maba-filtros","8":"product_tag-gac-2","9":"product_tag-20-2","10":"product_tag-4-5","11":"product_tag-activado","12":"product_tag-carbon-2","13":"product_tag-cartucho","14":"product_tag-con","15":"product_tag-de","16":"product_tag-dimensiones","17":"product_tag-filtro","18":"product_tag-granular","19":"product_tag-marca","20":"product_tag-purikor","21":"product_tag-x","23":"first","24":"instock","25":"shipping-taxable","26":"product-type-simple"},"yoast_head":"<!-- This site is optimized with the Yoast SEO plugin v26.6 - https:\/\/yoast.com\/wordpress\/plugins\/seo\/ -->\n<title>Filtro cartucho de Carb\u00f3n activado granular (GAC) marca PURIKOR con dimensiones de 4.5&quot; x 20&quot; - Maba Water<\/title>\n<meta name=\"robots\" content=\"index, follow, max-snippet:-1, max-image-preview:large, max-video-preview:-1\" \/>\n<link rel=\"canonical\" href=\"https:\/\/mabawater.com\/en\/product\/filtro-cartucho-de-carbon-activado-granular-gac-marca-purikor-con-dimensiones-de-4-5-x-20\/\" \/>\n<meta property=\"og:locale\" content=\"en_US\" \/>\n<meta property=\"og:type\" content=\"article\" \/>\n<meta property=\"og:title\" content=\"Filtro cartucho de Carb\u00f3n activado granular (GAC) marca PURIKOR con dimensiones de 4.5&quot; x 20&quot; - Maba Water\" \/>\n<meta property=\"og:description\" content=\"PURIKOR pone a su disposici\u00f3n una gama de filtros cartucho de carb\u00f3n activado, para la reducci\u00f3n de cloro, sabores, olores y sedimentos presentes en el agua.\" \/>\n<meta property=\"og:url\" content=\"https:\/\/mabawater.com\/en\/product\/filtro-cartucho-de-carbon-activado-granular-gac-marca-purikor-con-dimensiones-de-4-5-x-20\/\" \/>\n<meta property=\"og:site_name\" content=\"Maba Water\" \/>\n<meta property=\"article:publisher\" content=\"https:\/\/www.facebook.com\/mabawater\/\" \/>\n<meta property=\"article:modified_time\" content=\"2025-06-09T01:38:20+00:00\" \/>\n<meta property=\"og:image\" content=\"https:\/\/mabawater.com\/wp-content\/uploads\/2022\/08\/pkcgac45x20.jpeg\" \/>\n\t<meta property=\"og:image:width\" content=\"1000\" \/>\n\t<meta property=\"og:image:height\" content=\"1000\" \/>\n\t<meta property=\"og:image:type\" content=\"image\/jpeg\" \/>\n<meta name=\"twitter:card\" content=\"summary_large_image\" \/>\n<!-- \/ Yoast SEO plugin. -->","yoast_head_json":{"title":"Filtro cartucho de Carb\u00f3n activado granular (GAC) marca PURIKOR con dimensiones de 4.5\" x 20\" - Maba Water","robots":{"index":"index","follow":"follow","max-snippet":"max-snippet:-1","max-image-preview":"max-image-preview:large","max-video-preview":"max-video-preview:-1"},"canonical":"https:\/\/mabawater.com\/en\/product\/filtro-cartucho-de-carbon-activado-granular-gac-marca-purikor-con-dimensiones-de-4-5-x-20\/","og_locale":"en_US","og_type":"article","og_title":"Filtro cartucho de Carb\u00f3n activado granular (GAC) marca PURIKOR con dimensiones de 4.5\" x 20\" - Maba Water","og_description":"PURIKOR pone a su disposici\u00f3n una gama de filtros cartucho de carb\u00f3n activado, para la reducci\u00f3n de cloro, sabores, olores y sedimentos presentes en el agua.","og_url":"https:\/\/mabawater.com\/en\/product\/filtro-cartucho-de-carbon-activado-granular-gac-marca-purikor-con-dimensiones-de-4-5-x-20\/","og_site_name":"Maba Water","article_publisher":"https:\/\/www.facebook.com\/mabawater\/","article_modified_time":"2025-06-09T01:38:20+00:00","og_image":[{"width":1000,"height":1000,"url":"https:\/\/mabawater.com\/wp-content\/uploads\/2022\/08\/pkcgac45x20.jpeg","type":"image\/jpeg"}],"twitter_card":"summary_large_image","schema":{"@context":"https:\/\/schema.org","@graph":[{"@type":"WebPage","@id":"https:\/\/mabawater.com\/en\/product\/filtro-cartucho-de-carbon-activado-granular-gac-marca-purikor-con-dimensiones-de-4-5-x-20\/","url":"https:\/\/mabawater.com\/en\/product\/filtro-cartucho-de-carbon-activado-granular-gac-marca-purikor-con-dimensiones-de-4-5-x-20\/","name":"Filtro cartucho de Carb\u00f3n activado granular (GAC) marca PURIKOR con dimensiones de 4.5\" x 20\" - Maba Water","isPartOf":{"@id":"https:\/\/mabawater.com\/#website"},"primaryImageOfPage":{"@id":"https:\/\/mabawater.com\/en\/product\/filtro-cartucho-de-carbon-activado-granular-gac-marca-purikor-con-dimensiones-de-4-5-x-20\/#primaryimage"},"image":{"@id":"https:\/\/mabawater.com\/en\/product\/filtro-cartucho-de-carbon-activado-granular-gac-marca-purikor-con-dimensiones-de-4-5-x-20\/#primaryimage"},"thumbnailUrl":"https:\/\/mabawater.com\/wp-content\/uploads\/2022\/08\/pkcgac45x20.jpeg","datePublished":"2022-08-22T19:38:36+00:00","dateModified":"2025-06-09T01:38:20+00:00","breadcrumb":{"@id":"https:\/\/mabawater.com\/en\/product\/filtro-cartucho-de-carbon-activado-granular-gac-marca-purikor-con-dimensiones-de-4-5-x-20\/#breadcrumb"},"inLanguage":"en-US","potentialAction":[{"@type":"ReadAction","target":["https:\/\/mabawater.com\/en\/product\/filtro-cartucho-de-carbon-activado-granular-gac-marca-purikor-con-dimensiones-de-4-5-x-20\/"]}]},{"@type":"ImageObject","inLanguage":"en-US","@id":"https:\/\/mabawater.com\/en\/product\/filtro-cartucho-de-carbon-activado-granular-gac-marca-purikor-con-dimensiones-de-4-5-x-20\/#primaryimage","url":"https:\/\/mabawater.com\/wp-content\/uploads\/2022\/08\/pkcgac45x20.jpeg","contentUrl":"https:\/\/mabawater.com\/wp-content\/uploads\/2022\/08\/pkcgac45x20.jpeg","width":1000,"height":1000},{"@type":"BreadcrumbList","@id":"https:\/\/mabawater.com\/en\/product\/filtro-cartucho-de-carbon-activado-granular-gac-marca-purikor-con-dimensiones-de-4-5-x-20\/#breadcrumb","itemListElement":[{"@type":"ListItem","position":1,"name":"Portada","item":"https:\/\/mabawater.com\/"},{"@type":"ListItem","position":2,"name":"Productos Para La Calidad Del Agua","item":"https:\/\/mabawater.com\/productos-para-la-calidad-del-agua\/"},{"@type":"ListItem","position":3,"name":"Filtro cartucho de Carb\u00f3n activado granular (GAC) marca PURIKOR con dimensiones de 4.5&#8243; x 20&#8243;"}]},{"@type":"WebSite","@id":"https:\/\/mabawater.com\/#website","url":"https:\/\/mabawater.com\/","name":"Maba Water","description":"Soluciones Hidr\u00e1ulicas Sustentables","publisher":{"@id":"https:\/\/mabawater.com\/#organization"},"potentialAction":[{"@type":"SearchAction","target":{"@type":"EntryPoint","urlTemplate":"https:\/\/mabawater.com\/?s={search_term_string}"},"query-input":{"@type":"PropertyValueSpecification","valueRequired":true,"valueName":"search_term_string"}}],"inLanguage":"en-US"},{"@type":"Organization","@id":"https:\/\/mabawater.com\/#organization","name":"Maba Water","url":"https:\/\/mabawater.com\/","logo":{"@type":"ImageObject","inLanguage":"en-US","@id":"https:\/\/mabawater.com\/#\/schema\/logo\/image\/","url":"https:\/\/mabawater.com\/wp-content\/uploads\/2021\/09\/water-icon.png","contentUrl":"https:\/\/mabawater.com\/wp-content\/uploads\/2021\/09\/water-icon.png","width":410,"height":176,"caption":"Maba Water"},"image":{"@id":"https:\/\/mabawater.com\/#\/schema\/logo\/image\/"},"sameAs":["https:\/\/www.facebook.com\/mabawater\/","https:\/\/www.instagram.com\/mabawater\/?hl=es-la"]}]}},"_links":{"self":[{"href":"https:\/\/mabawater.com\/en\/wp-json\/wp\/v2\/product\/19891","targetHints":{"allow":["GET"]}}],"collection":[{"href":"https:\/\/mabawater.com\/en\/wp-json\/wp\/v2\/product"}],"about":[{"href":"https:\/\/mabawater.com\/en\/wp-json\/wp\/v2\/types\/product"}],"replies":[{"embeddable":true,"href":"https:\/\/mabawater.com\/en\/wp-json\/wp\/v2\/comments?post=19891"}],"version-history":[{"count":1,"href":"https:\/\/mabawater.com\/en\/wp-json\/wp\/v2\/product\/19891\/revisions"}],"predecessor-version":[{"id":21344,"href":"https:\/\/mabawater.com\/en\/wp-json\/wp\/v2\/product\/19891\/revisions\/21344"}],"wp:featuredmedia":[{"embeddable":true,"href":"https:\/\/mabawater.com\/en\/wp-json\/wp\/v2\/media\/19880"}],"wp:attachment":[{"href":"https:\/\/mabawater.com\/en\/wp-json\/wp\/v2\/media?parent=19891"}],"wp:term":[{"taxonomy":"product_brand","embeddable":true,"href":"https:\/\/mabawater.com\/en\/wp-json\/wp\/v2\/product_brand?post=19891"},{"taxonomy":"product_cat","embeddable":true,"href":"https:\/\/mabawater.com\/en\/wp-json\/wp\/v2\/product_cat?post=19891"},{"taxonomy":"product_tag","embeddable":true,"href":"https:\/\/mabawater.com\/en\/wp-json\/wp\/v2\/product_tag?post=19891"}],"curies":[{"name":"wp","href":"https:\/\/api.w.org\/{rel}","templated":true}]}}