{"id":19897,"date":"2022-08-22T19:38:37","date_gmt":"2022-08-22T19:38:37","guid":{"rendered":"https:\/\/mabawater.com\/producto\/filtro-cartucho-plegable-de-polipropileno-marca-purikor-con-dimensiones-de-4-5-x-10-para-filtrado-de-1-micra\/"},"modified":"2025-09-03T20:10:43","modified_gmt":"2025-09-03T20:10:43","slug":"filtro-cartucho-plegable-de-polipropileno-marca-purikor-con-dimensiones-de-4-5-x-10-para-filtrado-de-1-micra","status":"publish","type":"product","link":"https:\/\/mabawater.com\/en\/product\/filtro-cartucho-plegable-de-polipropileno-marca-purikor-con-dimensiones-de-4-5-x-10-para-filtrado-de-1-micra\/","title":{"rendered":"Filtro cartucho plegable de Polipropileno marca PURIKOR con dimensiones de 4.5&#8243; x 10&#8243; para filtrado de 1 micra"},"content":{"rendered":"","protected":false},"excerpt":{"rendered":"<p><strong>PURIKOR<\/strong> le ofrece una serie de <strong>filtros cartucho<\/strong> de alta eficiencia, con dise\u00f1o plegable para la <strong>reducci\u00f3n de sedimentos en el agua.<\/strong><\/p>\n<p>Caracter\u00edsticas del filtro <strong>cartucho plegable de Polipropileno:<\/strong><\/p>\n<ul>\n<li>Marca <strong>PURIKOR<\/strong><\/li>\n<li>Dimensiones de 4.5&#8243; x 10&#8243; para filtrado de 1 micra<\/li>\n<li>Pre-tratamiento para sistemas de <strong>\u00f3smosis inversa<\/strong>, <strong>ultrafiltraci\u00f3n<\/strong> y <strong>filtraci\u00f3n<\/strong> b\u00e1sica<\/li>\n<\/ul>\n<p><a href=\"https:\/\/mabawater.com\/wp-content\/uploads\/2022\/08\/ft_ficha_tecnica-filtros-cartucho.pdf\">Descarga la ficha t\u00e9cnica aqu\u00ed<\/a><\/p>","protected":false},"featured_media":19851,"comment_status":"open","ping_status":"closed","template":"","meta":[],"product_brand":[],"product_cat":[145,79],"product_tag":[],"class_list":{"0":"post-19897","1":"product","2":"type-product","3":"status-publish","4":"has-post-thumbnail","6":"product_cat-tratamiento-de-agua","7":"product_cat-maba-filtros","9":"first","10":"instock","11":"shipping-taxable","12":"product-type-simple"},"yoast_head":"<!-- This site is optimized with the Yoast SEO plugin v26.6 - https:\/\/yoast.com\/wordpress\/plugins\/seo\/ -->\n<title>Filtro cartucho plegable de Polipropileno marca PURIKOR con dimensiones de 4.5&quot; x 10&quot; para filtrado de 1 micra - Maba Water<\/title>\n<meta name=\"description\" content=\"Filtro Polipropileno PURIKOR 4.5&quot; x 10&quot; para filtrado de 1 micra. Pre-tratamiento para sistemas de \u00f3smosis inversa, ultrafiltraci\u00f3n y filtraci\u00f3n b\u00e1sica\" \/>\n<meta name=\"robots\" content=\"index, follow, max-snippet:-1, max-image-preview:large, max-video-preview:-1\" \/>\n<link rel=\"canonical\" href=\"https:\/\/mabawater.com\/en\/product\/filtro-cartucho-plegable-de-polipropileno-marca-purikor-con-dimensiones-de-4-5-x-10-para-filtrado-de-1-micra\/\" \/>\n<meta property=\"og:locale\" content=\"en_US\" \/>\n<meta property=\"og:type\" content=\"article\" \/>\n<meta property=\"og:title\" content=\"Filtro cartucho plegable de Polipropileno marca PURIKOR con dimensiones de 4.5&quot; x 10&quot; para filtrado de 1 micra - Maba Water\" \/>\n<meta property=\"og:description\" content=\"Filtro Polipropileno PURIKOR 4.5&quot; x 10&quot; para filtrado de 1 micra. Pre-tratamiento para sistemas de \u00f3smosis inversa, ultrafiltraci\u00f3n y filtraci\u00f3n b\u00e1sica\" \/>\n<meta property=\"og:url\" content=\"https:\/\/mabawater.com\/en\/product\/filtro-cartucho-plegable-de-polipropileno-marca-purikor-con-dimensiones-de-4-5-x-10-para-filtrado-de-1-micra\/\" \/>\n<meta property=\"og:site_name\" content=\"Maba Water\" \/>\n<meta property=\"article:publisher\" content=\"https:\/\/www.facebook.com\/mabawater\/\" \/>\n<meta property=\"article:modified_time\" content=\"2025-09-03T20:10:43+00:00\" \/>\n<meta property=\"og:image\" content=\"https:\/\/mabawater.com\/wp-content\/uploads\/2022\/08\/pkcpl45x10x1.jpeg\" \/>\n\t<meta property=\"og:image:width\" content=\"1000\" \/>\n\t<meta property=\"og:image:height\" content=\"1000\" \/>\n\t<meta property=\"og:image:type\" content=\"image\/jpeg\" \/>\n<meta name=\"twitter:card\" content=\"summary_large_image\" \/>\n<!-- \/ Yoast SEO plugin. -->","yoast_head_json":{"title":"Filtro cartucho plegable de Polipropileno marca PURIKOR con dimensiones de 4.5\" x 10\" para filtrado de 1 micra - Maba Water","description":"Filtro Polipropileno PURIKOR 4.5\" x 10\" para filtrado de 1 micra. Pre-tratamiento para sistemas de \u00f3smosis inversa, ultrafiltraci\u00f3n y filtraci\u00f3n b\u00e1sica","robots":{"index":"index","follow":"follow","max-snippet":"max-snippet:-1","max-image-preview":"max-image-preview:large","max-video-preview":"max-video-preview:-1"},"canonical":"https:\/\/mabawater.com\/en\/product\/filtro-cartucho-plegable-de-polipropileno-marca-purikor-con-dimensiones-de-4-5-x-10-para-filtrado-de-1-micra\/","og_locale":"en_US","og_type":"article","og_title":"Filtro cartucho plegable de Polipropileno marca PURIKOR con dimensiones de 4.5\" x 10\" para filtrado de 1 micra - Maba Water","og_description":"Filtro Polipropileno PURIKOR 4.5\" x 10\" para filtrado de 1 micra. Pre-tratamiento para sistemas de \u00f3smosis inversa, ultrafiltraci\u00f3n y filtraci\u00f3n b\u00e1sica","og_url":"https:\/\/mabawater.com\/en\/product\/filtro-cartucho-plegable-de-polipropileno-marca-purikor-con-dimensiones-de-4-5-x-10-para-filtrado-de-1-micra\/","og_site_name":"Maba Water","article_publisher":"https:\/\/www.facebook.com\/mabawater\/","article_modified_time":"2025-09-03T20:10:43+00:00","og_image":[{"width":1000,"height":1000,"url":"https:\/\/mabawater.com\/wp-content\/uploads\/2022\/08\/pkcpl45x10x1.jpeg","type":"image\/jpeg"}],"twitter_card":"summary_large_image","schema":{"@context":"https:\/\/schema.org","@graph":[{"@type":"WebPage","@id":"https:\/\/mabawater.com\/producto\/filtro-cartucho-plegable-de-polipropileno-marca-purikor-con-dimensiones-de-4-5-x-10-para-filtrado-de-1-micra\/","url":"https:\/\/mabawater.com\/producto\/filtro-cartucho-plegable-de-polipropileno-marca-purikor-con-dimensiones-de-4-5-x-10-para-filtrado-de-1-micra\/","name":"Filtro cartucho plegable de Polipropileno marca PURIKOR con dimensiones de 4.5\" x 10\" para filtrado de 1 micra - Maba Water","isPartOf":{"@id":"https:\/\/mabawater.com\/#website"},"primaryImageOfPage":{"@id":"https:\/\/mabawater.com\/producto\/filtro-cartucho-plegable-de-polipropileno-marca-purikor-con-dimensiones-de-4-5-x-10-para-filtrado-de-1-micra\/#primaryimage"},"image":{"@id":"https:\/\/mabawater.com\/producto\/filtro-cartucho-plegable-de-polipropileno-marca-purikor-con-dimensiones-de-4-5-x-10-para-filtrado-de-1-micra\/#primaryimage"},"thumbnailUrl":"https:\/\/mabawater.com\/wp-content\/uploads\/2022\/08\/pkcpl45x10x1.jpeg","datePublished":"2022-08-22T19:38:37+00:00","dateModified":"2025-09-03T20:10:43+00:00","description":"Filtro Polipropileno PURIKOR 4.5\" x 10\" para filtrado de 1 micra. Pre-tratamiento para sistemas de \u00f3smosis inversa, ultrafiltraci\u00f3n y filtraci\u00f3n b\u00e1sica","breadcrumb":{"@id":"https:\/\/mabawater.com\/producto\/filtro-cartucho-plegable-de-polipropileno-marca-purikor-con-dimensiones-de-4-5-x-10-para-filtrado-de-1-micra\/#breadcrumb"},"inLanguage":"en-US","potentialAction":[{"@type":"ReadAction","target":["https:\/\/mabawater.com\/producto\/filtro-cartucho-plegable-de-polipropileno-marca-purikor-con-dimensiones-de-4-5-x-10-para-filtrado-de-1-micra\/"]}]},{"@type":"ImageObject","inLanguage":"en-US","@id":"https:\/\/mabawater.com\/producto\/filtro-cartucho-plegable-de-polipropileno-marca-purikor-con-dimensiones-de-4-5-x-10-para-filtrado-de-1-micra\/#primaryimage","url":"https:\/\/mabawater.com\/wp-content\/uploads\/2022\/08\/pkcpl45x10x1.jpeg","contentUrl":"https:\/\/mabawater.com\/wp-content\/uploads\/2022\/08\/pkcpl45x10x1.jpeg","width":1000,"height":1000},{"@type":"BreadcrumbList","@id":"https:\/\/mabawater.com\/producto\/filtro-cartucho-plegable-de-polipropileno-marca-purikor-con-dimensiones-de-4-5-x-10-para-filtrado-de-1-micra\/#breadcrumb","itemListElement":[{"@type":"ListItem","position":1,"name":"Portada","item":"https:\/\/mabawater.com\/"},{"@type":"ListItem","position":2,"name":"Productos Para La Calidad Del Agua","item":"https:\/\/mabawater.com\/productos-para-la-calidad-del-agua\/"},{"@type":"ListItem","position":3,"name":"Filtro cartucho plegable de Polipropileno marca PURIKOR con dimensiones de 4.5&#8243; x 10&#8243; para filtrado de 1 micra"}]},{"@type":"WebSite","@id":"https:\/\/mabawater.com\/#website","url":"https:\/\/mabawater.com\/","name":"Maba Water","description":"Soluciones Hidr\u00e1ulicas Sustentables","publisher":{"@id":"https:\/\/mabawater.com\/#organization"},"potentialAction":[{"@type":"SearchAction","target":{"@type":"EntryPoint","urlTemplate":"https:\/\/mabawater.com\/?s={search_term_string}"},"query-input":{"@type":"PropertyValueSpecification","valueRequired":true,"valueName":"search_term_string"}}],"inLanguage":"en-US"},{"@type":"Organization","@id":"https:\/\/mabawater.com\/#organization","name":"Maba Water","url":"https:\/\/mabawater.com\/","logo":{"@type":"ImageObject","inLanguage":"en-US","@id":"https:\/\/mabawater.com\/#\/schema\/logo\/image\/","url":"https:\/\/mabawater.com\/wp-content\/uploads\/2021\/09\/water-icon.png","contentUrl":"https:\/\/mabawater.com\/wp-content\/uploads\/2021\/09\/water-icon.png","width":410,"height":176,"caption":"Maba Water"},"image":{"@id":"https:\/\/mabawater.com\/#\/schema\/logo\/image\/"},"sameAs":["https:\/\/www.facebook.com\/mabawater\/","https:\/\/www.instagram.com\/mabawater\/?hl=es-la"]}]}},"_links":{"self":[{"href":"https:\/\/mabawater.com\/en\/wp-json\/wp\/v2\/product\/19897","targetHints":{"allow":["GET"]}}],"collection":[{"href":"https:\/\/mabawater.com\/en\/wp-json\/wp\/v2\/product"}],"about":[{"href":"https:\/\/mabawater.com\/en\/wp-json\/wp\/v2\/types\/product"}],"replies":[{"embeddable":true,"href":"https:\/\/mabawater.com\/en\/wp-json\/wp\/v2\/comments?post=19897"}],"version-history":[{"count":2,"href":"https:\/\/mabawater.com\/en\/wp-json\/wp\/v2\/product\/19897\/revisions"}],"predecessor-version":[{"id":29616,"href":"https:\/\/mabawater.com\/en\/wp-json\/wp\/v2\/product\/19897\/revisions\/29616"}],"wp:featuredmedia":[{"embeddable":true,"href":"https:\/\/mabawater.com\/en\/wp-json\/wp\/v2\/media\/19851"}],"wp:attachment":[{"href":"https:\/\/mabawater.com\/en\/wp-json\/wp\/v2\/media?parent=19897"}],"wp:term":[{"taxonomy":"product_brand","embeddable":true,"href":"https:\/\/mabawater.com\/en\/wp-json\/wp\/v2\/product_brand?post=19897"},{"taxonomy":"product_cat","embeddable":true,"href":"https:\/\/mabawater.com\/en\/wp-json\/wp\/v2\/product_cat?post=19897"},{"taxonomy":"product_tag","embeddable":true,"href":"https:\/\/mabawater.com\/en\/wp-json\/wp\/v2\/product_tag?post=19897"}],"curies":[{"name":"wp","href":"https:\/\/api.w.org\/{rel}","templated":true}]}}