{"id":19899,"date":"2022-08-22T19:38:37","date_gmt":"2022-08-22T19:38:37","guid":{"rendered":"https:\/\/mabawater.com\/producto\/filtro-cartucho-plegable-de-polipropileno-marca-purikor-con-dimensiones-de-4-5-x-10-para-filtrado-de-5-micras\/"},"modified":"2025-10-06T01:03:22","modified_gmt":"2025-10-06T01:03:22","slug":"filtro-cartucho-plegable-de-polipropileno-marca-purikor-con-dimensiones-de-4-5-x-10-para-filtrado-de-5-micras","status":"publish","type":"product","link":"https:\/\/mabawater.com\/en\/product\/filtro-cartucho-plegable-de-polipropileno-marca-purikor-con-dimensiones-de-4-5-x-10-para-filtrado-de-5-micras\/","title":{"rendered":"Filtro cartucho plegable de Polipropileno marca PURIKOR con dimensiones de 4.5&#8243; x 10&#8243; para filtrado de 5 micras"},"content":{"rendered":"","protected":false},"excerpt":{"rendered":"<p data-start=\"319\" data-end=\"703\">El <strong data-start=\"322\" data-end=\"375\">filtro cartucho plegable de polipropileno Purikor<\/strong> con dimensiones de <strong data-start=\"395\" data-end=\"416\">4.5 \u00d7 10 pulgadas<\/strong> est\u00e1 dise\u00f1ado para ofrecer una <strong data-start=\"448\" data-end=\"484\">filtraci\u00f3n eficiente de 5 micras<\/strong>, removiendo sedimentos, part\u00edculas finas, \u00f3xidos y otras impurezas del agua. Gracias a su construcci\u00f3n en polipropileno de alta calidad, garantiza una excelente resistencia qu\u00edmica y mec\u00e1nica, prolongando su vida \u00fatil.<\/p>\n<p data-start=\"319\" data-end=\"703\"><a href=\"https:\/\/mabawater.com\/wp-content\/uploads\/2022\/08\/ft_ficha_tecnica-filtros-cartucho.pdf\">Descarga la ficha t\u00e9cnica aqu\u00ed<\/a><\/p>","protected":false},"featured_media":19875,"comment_status":"open","ping_status":"closed","template":"","meta":[],"product_brand":[],"product_cat":[145,79],"product_tag":[],"class_list":{"0":"post-19899","1":"product","2":"type-product","3":"status-publish","4":"has-post-thumbnail","6":"product_cat-tratamiento-de-agua","7":"product_cat-maba-filtros","9":"first","10":"instock","11":"shipping-taxable","12":"product-type-simple"},"yoast_head":"<!-- This site is optimized with the Yoast SEO plugin v26.6 - https:\/\/yoast.com\/wordpress\/plugins\/seo\/ -->\n<title>Filtro cartucho plegable de Polipropileno marca PURIKOR con dimensiones de 4.5&quot; x 10&quot; para filtrado de 5 micras - Maba Water<\/title>\n<meta name=\"description\" content=\"El filtro cartucho plegable de polipropileno Purikor con dimensiones de 4.5 \u00d7 10 pulgadas est\u00e1 dise\u00f1ado para ofrecer una filtraci\u00f3n eficiente de 5 micras\" \/>\n<meta name=\"robots\" content=\"index, follow, max-snippet:-1, max-image-preview:large, max-video-preview:-1\" \/>\n<link rel=\"canonical\" href=\"https:\/\/mabawater.com\/en\/product\/filtro-cartucho-plegable-de-polipropileno-marca-purikor-con-dimensiones-de-4-5-x-10-para-filtrado-de-5-micras\/\" \/>\n<meta property=\"og:locale\" content=\"en_US\" \/>\n<meta property=\"og:type\" content=\"article\" \/>\n<meta property=\"og:title\" content=\"Filtro cartucho plegable de Polipropileno marca PURIKOR con dimensiones de 4.5&quot; x 10&quot; para filtrado de 5 micras - Maba Water\" \/>\n<meta property=\"og:description\" content=\"El filtro cartucho plegable de polipropileno Purikor con dimensiones de 4.5 \u00d7 10 pulgadas est\u00e1 dise\u00f1ado para ofrecer una filtraci\u00f3n eficiente de 5 micras\" \/>\n<meta property=\"og:url\" content=\"https:\/\/mabawater.com\/en\/product\/filtro-cartucho-plegable-de-polipropileno-marca-purikor-con-dimensiones-de-4-5-x-10-para-filtrado-de-5-micras\/\" \/>\n<meta property=\"og:site_name\" content=\"Maba Water\" \/>\n<meta property=\"article:publisher\" content=\"https:\/\/www.facebook.com\/mabawater\/\" \/>\n<meta property=\"article:modified_time\" content=\"2025-10-06T01:03:22+00:00\" \/>\n<meta property=\"og:image\" content=\"https:\/\/mabawater.com\/wp-content\/uploads\/2022\/08\/pkcpl45x10x5.jpeg\" \/>\n\t<meta property=\"og:image:width\" content=\"1000\" \/>\n\t<meta property=\"og:image:height\" content=\"1000\" \/>\n\t<meta property=\"og:image:type\" content=\"image\/jpeg\" \/>\n<meta name=\"twitter:card\" content=\"summary_large_image\" \/>\n<!-- \/ Yoast SEO plugin. -->","yoast_head_json":{"title":"Filtro cartucho plegable de Polipropileno marca PURIKOR con dimensiones de 4.5\" x 10\" para filtrado de 5 micras - Maba Water","description":"El filtro cartucho plegable de polipropileno Purikor con dimensiones de 4.5 \u00d7 10 pulgadas est\u00e1 dise\u00f1ado para ofrecer una filtraci\u00f3n eficiente de 5 micras","robots":{"index":"index","follow":"follow","max-snippet":"max-snippet:-1","max-image-preview":"max-image-preview:large","max-video-preview":"max-video-preview:-1"},"canonical":"https:\/\/mabawater.com\/en\/product\/filtro-cartucho-plegable-de-polipropileno-marca-purikor-con-dimensiones-de-4-5-x-10-para-filtrado-de-5-micras\/","og_locale":"en_US","og_type":"article","og_title":"Filtro cartucho plegable de Polipropileno marca PURIKOR con dimensiones de 4.5\" x 10\" para filtrado de 5 micras - Maba Water","og_description":"El filtro cartucho plegable de polipropileno Purikor con dimensiones de 4.5 \u00d7 10 pulgadas est\u00e1 dise\u00f1ado para ofrecer una filtraci\u00f3n eficiente de 5 micras","og_url":"https:\/\/mabawater.com\/en\/product\/filtro-cartucho-plegable-de-polipropileno-marca-purikor-con-dimensiones-de-4-5-x-10-para-filtrado-de-5-micras\/","og_site_name":"Maba Water","article_publisher":"https:\/\/www.facebook.com\/mabawater\/","article_modified_time":"2025-10-06T01:03:22+00:00","og_image":[{"width":1000,"height":1000,"url":"https:\/\/mabawater.com\/wp-content\/uploads\/2022\/08\/pkcpl45x10x5.jpeg","type":"image\/jpeg"}],"twitter_card":"summary_large_image","schema":{"@context":"https:\/\/schema.org","@graph":[{"@type":"WebPage","@id":"https:\/\/mabawater.com\/producto\/filtro-cartucho-plegable-de-polipropileno-marca-purikor-con-dimensiones-de-4-5-x-10-para-filtrado-de-5-micras\/","url":"https:\/\/mabawater.com\/producto\/filtro-cartucho-plegable-de-polipropileno-marca-purikor-con-dimensiones-de-4-5-x-10-para-filtrado-de-5-micras\/","name":"Filtro cartucho plegable de Polipropileno marca PURIKOR con dimensiones de 4.5\" x 10\" para filtrado de 5 micras - Maba Water","isPartOf":{"@id":"https:\/\/mabawater.com\/#website"},"primaryImageOfPage":{"@id":"https:\/\/mabawater.com\/producto\/filtro-cartucho-plegable-de-polipropileno-marca-purikor-con-dimensiones-de-4-5-x-10-para-filtrado-de-5-micras\/#primaryimage"},"image":{"@id":"https:\/\/mabawater.com\/producto\/filtro-cartucho-plegable-de-polipropileno-marca-purikor-con-dimensiones-de-4-5-x-10-para-filtrado-de-5-micras\/#primaryimage"},"thumbnailUrl":"https:\/\/mabawater.com\/wp-content\/uploads\/2022\/08\/pkcpl45x10x5.jpeg","datePublished":"2022-08-22T19:38:37+00:00","dateModified":"2025-10-06T01:03:22+00:00","description":"El filtro cartucho plegable de polipropileno Purikor con dimensiones de 4.5 \u00d7 10 pulgadas est\u00e1 dise\u00f1ado para ofrecer una filtraci\u00f3n eficiente de 5 micras","breadcrumb":{"@id":"https:\/\/mabawater.com\/producto\/filtro-cartucho-plegable-de-polipropileno-marca-purikor-con-dimensiones-de-4-5-x-10-para-filtrado-de-5-micras\/#breadcrumb"},"inLanguage":"en-US","potentialAction":[{"@type":"ReadAction","target":["https:\/\/mabawater.com\/producto\/filtro-cartucho-plegable-de-polipropileno-marca-purikor-con-dimensiones-de-4-5-x-10-para-filtrado-de-5-micras\/"]}]},{"@type":"ImageObject","inLanguage":"en-US","@id":"https:\/\/mabawater.com\/producto\/filtro-cartucho-plegable-de-polipropileno-marca-purikor-con-dimensiones-de-4-5-x-10-para-filtrado-de-5-micras\/#primaryimage","url":"https:\/\/mabawater.com\/wp-content\/uploads\/2022\/08\/pkcpl45x10x5.jpeg","contentUrl":"https:\/\/mabawater.com\/wp-content\/uploads\/2022\/08\/pkcpl45x10x5.jpeg","width":1000,"height":1000},{"@type":"BreadcrumbList","@id":"https:\/\/mabawater.com\/producto\/filtro-cartucho-plegable-de-polipropileno-marca-purikor-con-dimensiones-de-4-5-x-10-para-filtrado-de-5-micras\/#breadcrumb","itemListElement":[{"@type":"ListItem","position":1,"name":"Portada","item":"https:\/\/mabawater.com\/"},{"@type":"ListItem","position":2,"name":"Productos Para La Calidad Del Agua","item":"https:\/\/mabawater.com\/productos-para-la-calidad-del-agua\/"},{"@type":"ListItem","position":3,"name":"Filtro cartucho plegable de Polipropileno marca PURIKOR con dimensiones de 4.5&#8243; x 10&#8243; para filtrado de 5 micras"}]},{"@type":"WebSite","@id":"https:\/\/mabawater.com\/#website","url":"https:\/\/mabawater.com\/","name":"Maba Water","description":"Soluciones Hidr\u00e1ulicas Sustentables","publisher":{"@id":"https:\/\/mabawater.com\/#organization"},"potentialAction":[{"@type":"SearchAction","target":{"@type":"EntryPoint","urlTemplate":"https:\/\/mabawater.com\/?s={search_term_string}"},"query-input":{"@type":"PropertyValueSpecification","valueRequired":true,"valueName":"search_term_string"}}],"inLanguage":"en-US"},{"@type":"Organization","@id":"https:\/\/mabawater.com\/#organization","name":"Maba Water","url":"https:\/\/mabawater.com\/","logo":{"@type":"ImageObject","inLanguage":"en-US","@id":"https:\/\/mabawater.com\/#\/schema\/logo\/image\/","url":"https:\/\/mabawater.com\/wp-content\/uploads\/2021\/09\/water-icon.png","contentUrl":"https:\/\/mabawater.com\/wp-content\/uploads\/2021\/09\/water-icon.png","width":410,"height":176,"caption":"Maba Water"},"image":{"@id":"https:\/\/mabawater.com\/#\/schema\/logo\/image\/"},"sameAs":["https:\/\/www.facebook.com\/mabawater\/","https:\/\/www.instagram.com\/mabawater\/?hl=es-la"]}]}},"_links":{"self":[{"href":"https:\/\/mabawater.com\/en\/wp-json\/wp\/v2\/product\/19899","targetHints":{"allow":["GET"]}}],"collection":[{"href":"https:\/\/mabawater.com\/en\/wp-json\/wp\/v2\/product"}],"about":[{"href":"https:\/\/mabawater.com\/en\/wp-json\/wp\/v2\/types\/product"}],"replies":[{"embeddable":true,"href":"https:\/\/mabawater.com\/en\/wp-json\/wp\/v2\/comments?post=19899"}],"version-history":[{"count":2,"href":"https:\/\/mabawater.com\/en\/wp-json\/wp\/v2\/product\/19899\/revisions"}],"predecessor-version":[{"id":29776,"href":"https:\/\/mabawater.com\/en\/wp-json\/wp\/v2\/product\/19899\/revisions\/29776"}],"wp:featuredmedia":[{"embeddable":true,"href":"https:\/\/mabawater.com\/en\/wp-json\/wp\/v2\/media\/19875"}],"wp:attachment":[{"href":"https:\/\/mabawater.com\/en\/wp-json\/wp\/v2\/media?parent=19899"}],"wp:term":[{"taxonomy":"product_brand","embeddable":true,"href":"https:\/\/mabawater.com\/en\/wp-json\/wp\/v2\/product_brand?post=19899"},{"taxonomy":"product_cat","embeddable":true,"href":"https:\/\/mabawater.com\/en\/wp-json\/wp\/v2\/product_cat?post=19899"},{"taxonomy":"product_tag","embeddable":true,"href":"https:\/\/mabawater.com\/en\/wp-json\/wp\/v2\/product_tag?post=19899"}],"curies":[{"name":"wp","href":"https:\/\/api.w.org\/{rel}","templated":true}]}}