{"id":19942,"date":"2022-08-22T21:36:36","date_gmt":"2022-08-22T21:36:36","guid":{"rendered":"https:\/\/mabawater.com\/producto\/lampara-ultra-violeta-de-75-watts-de-la-serie-platinum\/"},"modified":"2025-11-02T20:40:28","modified_gmt":"2025-11-02T20:40:28","slug":"lampara-ultra-violeta-de-75-watts-de-la-serie-platinum","status":"publish","type":"product","link":"https:\/\/mabawater.com\/en\/product\/lampara-ultra-violeta-de-75-watts-de-la-serie-platinum\/","title":{"rendered":"L\u00e1mpara ultra violeta de 75 watts de la serie PLATINUM"},"content":{"rendered":"","protected":false},"excerpt":{"rendered":"<p><strong>Mejora la calidad de tu agua<\/strong> con esta <strong>l\u00e1mpara ultravioleta<\/strong> espec\u00edficamente dise\u00f1ada para los equipos de la l\u00ednea <strong data-start=\"414\" data-end=\"431\">Serie Platinum<\/strong>. Con una potencia de 75 watts, esta l\u00e1mpara ofrece un tratamiento efectivo para <strong>eliminar y prevenir la proliferaci\u00f3n de bacterias<\/strong>, virus y otros microorganismos, garantizando un agua m\u00e1s segura y cristalina.<\/p>","protected":false},"featured_media":22942,"comment_status":"open","ping_status":"closed","template":"","meta":[],"product_brand":[],"product_cat":[145,1264],"product_tag":[],"class_list":{"0":"post-19942","1":"product","2":"type-product","3":"status-publish","4":"has-post-thumbnail","6":"product_cat-tratamiento-de-agua","7":"product_cat-luz-ultravioleta","9":"first","10":"instock","11":"shipping-taxable","12":"product-type-simple"},"yoast_head":"<!-- This site is optimized with the Yoast SEO plugin v26.6 - https:\/\/yoast.com\/wordpress\/plugins\/seo\/ -->\n<title>L\u00e1mpara ultra violeta de 75 watts de la serie PLATINUM - Maba Water<\/title>\n<meta name=\"description\" content=\"Obt\u00e9n la L\u00e1mpara ultra violeta de 75 watts de la serie PLATINUM, ideal para una desinfecci\u00f3n efectiva y agua segura en tu sistema de purificaci\u00f3n.\" \/>\n<meta name=\"robots\" content=\"index, follow, max-snippet:-1, max-image-preview:large, max-video-preview:-1\" \/>\n<link rel=\"canonical\" href=\"https:\/\/mabawater.com\/en\/product\/lampara-ultra-violeta-de-75-watts-de-la-serie-platinum\/\" \/>\n<meta property=\"og:locale\" content=\"en_US\" \/>\n<meta property=\"og:type\" content=\"article\" \/>\n<meta property=\"og:title\" content=\"L\u00e1mpara ultra violeta de 75 watts de la serie PLATINUM - Maba Water\" \/>\n<meta property=\"og:description\" content=\"Obt\u00e9n la L\u00e1mpara ultra violeta de 75 watts de la serie PLATINUM, ideal para una desinfecci\u00f3n efectiva y agua segura en tu sistema de purificaci\u00f3n.\" \/>\n<meta property=\"og:url\" content=\"https:\/\/mabawater.com\/en\/product\/lampara-ultra-violeta-de-75-watts-de-la-serie-platinum\/\" \/>\n<meta property=\"og:site_name\" content=\"Maba Water\" \/>\n<meta property=\"article:publisher\" content=\"https:\/\/www.facebook.com\/mabawater\/\" \/>\n<meta property=\"article:modified_time\" content=\"2025-11-02T20:40:28+00:00\" \/>\n<meta property=\"og:image\" content=\"https:\/\/mabawater.com\/wp-content\/uploads\/2022\/08\/lampara-ultravioleta.png\" \/>\n\t<meta property=\"og:image:width\" content=\"600\" \/>\n\t<meta property=\"og:image:height\" content=\"600\" \/>\n\t<meta property=\"og:image:type\" content=\"image\/png\" \/>\n<meta name=\"twitter:card\" content=\"summary_large_image\" \/>\n<!-- \/ Yoast SEO plugin. -->","yoast_head_json":{"title":"L\u00e1mpara ultra violeta de 75 watts de la serie PLATINUM - Maba Water","description":"Obt\u00e9n la L\u00e1mpara ultra violeta de 75 watts de la serie PLATINUM, ideal para una desinfecci\u00f3n efectiva y agua segura en tu sistema de purificaci\u00f3n.","robots":{"index":"index","follow":"follow","max-snippet":"max-snippet:-1","max-image-preview":"max-image-preview:large","max-video-preview":"max-video-preview:-1"},"canonical":"https:\/\/mabawater.com\/en\/product\/lampara-ultra-violeta-de-75-watts-de-la-serie-platinum\/","og_locale":"en_US","og_type":"article","og_title":"L\u00e1mpara ultra violeta de 75 watts de la serie PLATINUM - Maba Water","og_description":"Obt\u00e9n la L\u00e1mpara ultra violeta de 75 watts de la serie PLATINUM, ideal para una desinfecci\u00f3n efectiva y agua segura en tu sistema de purificaci\u00f3n.","og_url":"https:\/\/mabawater.com\/en\/product\/lampara-ultra-violeta-de-75-watts-de-la-serie-platinum\/","og_site_name":"Maba Water","article_publisher":"https:\/\/www.facebook.com\/mabawater\/","article_modified_time":"2025-11-02T20:40:28+00:00","og_image":[{"width":600,"height":600,"url":"https:\/\/mabawater.com\/wp-content\/uploads\/2022\/08\/lampara-ultravioleta.png","type":"image\/png"}],"twitter_card":"summary_large_image","schema":{"@context":"https:\/\/schema.org","@graph":[{"@type":"WebPage","@id":"https:\/\/mabawater.com\/producto\/lampara-ultra-violeta-de-75-watts-de-la-serie-platinum\/","url":"https:\/\/mabawater.com\/producto\/lampara-ultra-violeta-de-75-watts-de-la-serie-platinum\/","name":"L\u00e1mpara ultra violeta de 75 watts de la serie PLATINUM - Maba Water","isPartOf":{"@id":"https:\/\/mabawater.com\/#website"},"primaryImageOfPage":{"@id":"https:\/\/mabawater.com\/producto\/lampara-ultra-violeta-de-75-watts-de-la-serie-platinum\/#primaryimage"},"image":{"@id":"https:\/\/mabawater.com\/producto\/lampara-ultra-violeta-de-75-watts-de-la-serie-platinum\/#primaryimage"},"thumbnailUrl":"https:\/\/mabawater.com\/wp-content\/uploads\/2022\/08\/lampara-ultravioleta.png","datePublished":"2022-08-22T21:36:36+00:00","dateModified":"2025-11-02T20:40:28+00:00","description":"Obt\u00e9n la L\u00e1mpara ultra violeta de 75 watts de la serie PLATINUM, ideal para una desinfecci\u00f3n efectiva y agua segura en tu sistema de purificaci\u00f3n.","breadcrumb":{"@id":"https:\/\/mabawater.com\/producto\/lampara-ultra-violeta-de-75-watts-de-la-serie-platinum\/#breadcrumb"},"inLanguage":"en-US","potentialAction":[{"@type":"ReadAction","target":["https:\/\/mabawater.com\/producto\/lampara-ultra-violeta-de-75-watts-de-la-serie-platinum\/"]}]},{"@type":"ImageObject","inLanguage":"en-US","@id":"https:\/\/mabawater.com\/producto\/lampara-ultra-violeta-de-75-watts-de-la-serie-platinum\/#primaryimage","url":"https:\/\/mabawater.com\/wp-content\/uploads\/2022\/08\/lampara-ultravioleta.png","contentUrl":"https:\/\/mabawater.com\/wp-content\/uploads\/2022\/08\/lampara-ultravioleta.png","width":600,"height":600},{"@type":"BreadcrumbList","@id":"https:\/\/mabawater.com\/producto\/lampara-ultra-violeta-de-75-watts-de-la-serie-platinum\/#breadcrumb","itemListElement":[{"@type":"ListItem","position":1,"name":"Portada","item":"https:\/\/mabawater.com\/"},{"@type":"ListItem","position":2,"name":"Productos Para La Calidad Del Agua","item":"https:\/\/mabawater.com\/productos-para-la-calidad-del-agua\/"},{"@type":"ListItem","position":3,"name":"L\u00e1mpara ultra violeta de 75 watts de la serie PLATINUM"}]},{"@type":"WebSite","@id":"https:\/\/mabawater.com\/#website","url":"https:\/\/mabawater.com\/","name":"Maba Water","description":"Soluciones Hidr\u00e1ulicas Sustentables","publisher":{"@id":"https:\/\/mabawater.com\/#organization"},"potentialAction":[{"@type":"SearchAction","target":{"@type":"EntryPoint","urlTemplate":"https:\/\/mabawater.com\/?s={search_term_string}"},"query-input":{"@type":"PropertyValueSpecification","valueRequired":true,"valueName":"search_term_string"}}],"inLanguage":"en-US"},{"@type":"Organization","@id":"https:\/\/mabawater.com\/#organization","name":"Maba Water","url":"https:\/\/mabawater.com\/","logo":{"@type":"ImageObject","inLanguage":"en-US","@id":"https:\/\/mabawater.com\/#\/schema\/logo\/image\/","url":"https:\/\/mabawater.com\/wp-content\/uploads\/2021\/09\/water-icon.png","contentUrl":"https:\/\/mabawater.com\/wp-content\/uploads\/2021\/09\/water-icon.png","width":410,"height":176,"caption":"Maba Water"},"image":{"@id":"https:\/\/mabawater.com\/#\/schema\/logo\/image\/"},"sameAs":["https:\/\/www.facebook.com\/mabawater\/","https:\/\/www.instagram.com\/mabawater\/?hl=es-la"]}]}},"_links":{"self":[{"href":"https:\/\/mabawater.com\/en\/wp-json\/wp\/v2\/product\/19942","targetHints":{"allow":["GET"]}}],"collection":[{"href":"https:\/\/mabawater.com\/en\/wp-json\/wp\/v2\/product"}],"about":[{"href":"https:\/\/mabawater.com\/en\/wp-json\/wp\/v2\/types\/product"}],"replies":[{"embeddable":true,"href":"https:\/\/mabawater.com\/en\/wp-json\/wp\/v2\/comments?post=19942"}],"version-history":[{"count":2,"href":"https:\/\/mabawater.com\/en\/wp-json\/wp\/v2\/product\/19942\/revisions"}],"predecessor-version":[{"id":29838,"href":"https:\/\/mabawater.com\/en\/wp-json\/wp\/v2\/product\/19942\/revisions\/29838"}],"wp:featuredmedia":[{"embeddable":true,"href":"https:\/\/mabawater.com\/en\/wp-json\/wp\/v2\/media\/22942"}],"wp:attachment":[{"href":"https:\/\/mabawater.com\/en\/wp-json\/wp\/v2\/media?parent=19942"}],"wp:term":[{"taxonomy":"product_brand","embeddable":true,"href":"https:\/\/mabawater.com\/en\/wp-json\/wp\/v2\/product_brand?post=19942"},{"taxonomy":"product_cat","embeddable":true,"href":"https:\/\/mabawater.com\/en\/wp-json\/wp\/v2\/product_cat?post=19942"},{"taxonomy":"product_tag","embeddable":true,"href":"https:\/\/mabawater.com\/en\/wp-json\/wp\/v2\/product_tag?post=19942"}],"curies":[{"name":"wp","href":"https:\/\/api.w.org\/{rel}","templated":true}]}}