{"id":19998,"date":"2022-08-23T19:31:04","date_gmt":"2022-08-23T19:31:04","guid":{"rendered":"https:\/\/mabawater.com\/producto\/valvula-para-suavizador-marca-purikor-con-capacidad-de-1-5ft%c2%b3-para-tanque-de-10x54-y-funcion-regeneracion-por-tiempo\/"},"modified":"2024-02-21T17:11:29","modified_gmt":"2024-02-21T17:11:29","slug":"valvula-para-suavizador-marca-purikor-con-capacidad-de-1-5ft%c2%b3-para-tanque-de-10x54-y-funcion-regeneracion-por-tiempo","status":"publish","type":"product","link":"https:\/\/mabawater.com\/en\/product\/valvula-para-suavizador-marca-purikor-con-capacidad-de-1-5ft%c2%b3-para-tanque-de-10x54-y-funcion-regeneracion-por-tiempo\/","title":{"rendered":"V\u00e1lvula para suavizador marca PURIKOR con capacidad de 1.5ft\u00b3 para tanque de 10&#8243;x54&#8243; y funci\u00f3n regeneraci\u00f3n por tiempo"},"content":{"rendered":"","protected":false},"excerpt":{"rendered":"<p><strong>V\u00e1lvula para suavizador<\/strong> marca <strong>PURIKOR<\/strong> con capacidad de 1.5ft\u00b3 para tanque de 10&#8243;x54&#8243; y funci\u00f3n regeneraci\u00f3n por tiempo. Las <strong>v\u00e1lvulas PURIKOR<\/strong>, ofrecen un control autom\u00e1tico sobre los ciclos de los <strong>sistemas de filtraci\u00f3n de agua<\/strong>.<\/p>\n<ul>\n<li>Incluye transformador para la alimentaci\u00f3n de la <strong>v\u00e1lvula<\/strong> (120v a 12v)<\/li>\n<li>El agua nunca est\u00e1 en contacto con materiales sujetos a oxidaci\u00f3n<\/li>\n<li>Hora de retrolavado ajustable (excepto PKVF26T)<\/li>\n<\/ul>\n<p><a href=\"https:\/\/mabawater.com\/wp-content\/uploads\/2022\/08\/ft_ficha_tecnica-valvulas-para-filtracion.pdf\">Descarga la ficha t\u00e9cnica aqu\u00ed<\/a><\/p>","protected":false},"featured_media":19945,"comment_status":"open","ping_status":"closed","template":"","meta":[],"product_brand":[],"product_cat":[145,1280],"product_tag":[],"class_list":{"0":"post-19998","1":"product","2":"type-product","3":"status-publish","4":"has-post-thumbnail","6":"product_cat-tratamiento-de-agua","7":"product_cat-valvulas-automaticas-para-suavizacion-y-filtracion","9":"first","10":"instock","11":"shipping-taxable","12":"product-type-simple"},"yoast_head":"<!-- This site is optimized with the Yoast SEO plugin v26.6 - https:\/\/yoast.com\/wordpress\/plugins\/seo\/ -->\n<title>V\u00e1lvula para suavizador marca PURIKOR con capacidad de 1.5ft\u00b3 para tanque de 10&quot;x54&quot; y funci\u00f3n regeneraci\u00f3n por tiempo - Maba Water<\/title>\n<meta name=\"description\" content=\"V\u00e1lvula para suavizador marca PURIKOR con capacidad de 1.5ft\u00b3 para tanque de 10&quot;x54&quot;\" \/>\n<meta name=\"robots\" content=\"index, follow, max-snippet:-1, max-image-preview:large, max-video-preview:-1\" \/>\n<link rel=\"canonical\" href=\"https:\/\/mabawater.com\/en\/product\/valvula-para-suavizador-marca-purikor-con-capacidad-de-1-5ft\u00b3-para-tanque-de-10x54-y-funcion-regeneracion-por-tiempo\/\" \/>\n<meta property=\"og:locale\" content=\"en_US\" \/>\n<meta property=\"og:type\" content=\"article\" \/>\n<meta property=\"og:title\" content=\"V\u00e1lvula para suavizador marca PURIKOR con capacidad de 1.5ft\u00b3 para tanque de 10&quot;x54&quot; y funci\u00f3n regeneraci\u00f3n por tiempo - Maba Water\" \/>\n<meta property=\"og:description\" content=\"V\u00e1lvula para suavizador marca PURIKOR con capacidad de 1.5ft\u00b3 para tanque de 10&quot;x54&quot;\" \/>\n<meta property=\"og:url\" content=\"https:\/\/mabawater.com\/en\/product\/valvula-para-suavizador-marca-purikor-con-capacidad-de-1-5ft\u00b3-para-tanque-de-10x54-y-funcion-regeneracion-por-tiempo\/\" \/>\n<meta property=\"og:site_name\" content=\"Maba Water\" \/>\n<meta property=\"article:publisher\" content=\"https:\/\/www.facebook.com\/mabawater\/\" \/>\n<meta property=\"article:modified_time\" content=\"2024-02-21T17:11:29+00:00\" \/>\n<meta property=\"og:image\" content=\"https:\/\/mabawater.com\/wp-content\/uploads\/2022\/08\/pkvf26t.jpeg\" \/>\n\t<meta property=\"og:image:width\" content=\"1000\" \/>\n\t<meta property=\"og:image:height\" content=\"1000\" \/>\n\t<meta property=\"og:image:type\" content=\"image\/jpeg\" \/>\n<meta name=\"twitter:card\" content=\"summary_large_image\" \/>\n<!-- \/ Yoast SEO plugin. -->","yoast_head_json":{"title":"V\u00e1lvula para suavizador marca PURIKOR con capacidad de 1.5ft\u00b3 para tanque de 10\"x54\" y funci\u00f3n regeneraci\u00f3n por tiempo - Maba Water","description":"V\u00e1lvula para suavizador marca PURIKOR con capacidad de 1.5ft\u00b3 para tanque de 10\"x54\"","robots":{"index":"index","follow":"follow","max-snippet":"max-snippet:-1","max-image-preview":"max-image-preview:large","max-video-preview":"max-video-preview:-1"},"canonical":"https:\/\/mabawater.com\/en\/product\/valvula-para-suavizador-marca-purikor-con-capacidad-de-1-5ft\u00b3-para-tanque-de-10x54-y-funcion-regeneracion-por-tiempo\/","og_locale":"en_US","og_type":"article","og_title":"V\u00e1lvula para suavizador marca PURIKOR con capacidad de 1.5ft\u00b3 para tanque de 10\"x54\" y funci\u00f3n regeneraci\u00f3n por tiempo - Maba Water","og_description":"V\u00e1lvula para suavizador marca PURIKOR con capacidad de 1.5ft\u00b3 para tanque de 10\"x54\"","og_url":"https:\/\/mabawater.com\/en\/product\/valvula-para-suavizador-marca-purikor-con-capacidad-de-1-5ft\u00b3-para-tanque-de-10x54-y-funcion-regeneracion-por-tiempo\/","og_site_name":"Maba Water","article_publisher":"https:\/\/www.facebook.com\/mabawater\/","article_modified_time":"2024-02-21T17:11:29+00:00","og_image":[{"width":1000,"height":1000,"url":"https:\/\/mabawater.com\/wp-content\/uploads\/2022\/08\/pkvf26t.jpeg","type":"image\/jpeg"}],"twitter_card":"summary_large_image","schema":{"@context":"https:\/\/schema.org","@graph":[{"@type":"WebPage","@id":"https:\/\/mabawater.com\/producto\/valvula-para-suavizador-marca-purikor-con-capacidad-de-1-5ft%c2%b3-para-tanque-de-10x54-y-funcion-regeneracion-por-tiempo\/","url":"https:\/\/mabawater.com\/producto\/valvula-para-suavizador-marca-purikor-con-capacidad-de-1-5ft%c2%b3-para-tanque-de-10x54-y-funcion-regeneracion-por-tiempo\/","name":"V\u00e1lvula para suavizador marca PURIKOR con capacidad de 1.5ft\u00b3 para tanque de 10\"x54\" y funci\u00f3n regeneraci\u00f3n por tiempo - Maba Water","isPartOf":{"@id":"https:\/\/mabawater.com\/#website"},"primaryImageOfPage":{"@id":"https:\/\/mabawater.com\/producto\/valvula-para-suavizador-marca-purikor-con-capacidad-de-1-5ft%c2%b3-para-tanque-de-10x54-y-funcion-regeneracion-por-tiempo\/#primaryimage"},"image":{"@id":"https:\/\/mabawater.com\/producto\/valvula-para-suavizador-marca-purikor-con-capacidad-de-1-5ft%c2%b3-para-tanque-de-10x54-y-funcion-regeneracion-por-tiempo\/#primaryimage"},"thumbnailUrl":"https:\/\/mabawater.com\/wp-content\/uploads\/2022\/08\/pkvf26t.jpeg","datePublished":"2022-08-23T19:31:04+00:00","dateModified":"2024-02-21T17:11:29+00:00","description":"V\u00e1lvula para suavizador marca PURIKOR con capacidad de 1.5ft\u00b3 para tanque de 10\"x54\"","breadcrumb":{"@id":"https:\/\/mabawater.com\/producto\/valvula-para-suavizador-marca-purikor-con-capacidad-de-1-5ft%c2%b3-para-tanque-de-10x54-y-funcion-regeneracion-por-tiempo\/#breadcrumb"},"inLanguage":"en-US","potentialAction":[{"@type":"ReadAction","target":["https:\/\/mabawater.com\/producto\/valvula-para-suavizador-marca-purikor-con-capacidad-de-1-5ft%c2%b3-para-tanque-de-10x54-y-funcion-regeneracion-por-tiempo\/"]}]},{"@type":"ImageObject","inLanguage":"en-US","@id":"https:\/\/mabawater.com\/producto\/valvula-para-suavizador-marca-purikor-con-capacidad-de-1-5ft%c2%b3-para-tanque-de-10x54-y-funcion-regeneracion-por-tiempo\/#primaryimage","url":"https:\/\/mabawater.com\/wp-content\/uploads\/2022\/08\/pkvf26t.jpeg","contentUrl":"https:\/\/mabawater.com\/wp-content\/uploads\/2022\/08\/pkvf26t.jpeg","width":1000,"height":1000},{"@type":"BreadcrumbList","@id":"https:\/\/mabawater.com\/producto\/valvula-para-suavizador-marca-purikor-con-capacidad-de-1-5ft%c2%b3-para-tanque-de-10x54-y-funcion-regeneracion-por-tiempo\/#breadcrumb","itemListElement":[{"@type":"ListItem","position":1,"name":"Portada","item":"https:\/\/mabawater.com\/"},{"@type":"ListItem","position":2,"name":"Productos Para La Calidad Del Agua","item":"https:\/\/mabawater.com\/productos-para-la-calidad-del-agua\/"},{"@type":"ListItem","position":3,"name":"V\u00e1lvula para suavizador marca PURIKOR con capacidad de 1.5ft\u00b3 para tanque de 10&#8243;x54&#8243; y funci\u00f3n regeneraci\u00f3n por tiempo"}]},{"@type":"WebSite","@id":"https:\/\/mabawater.com\/#website","url":"https:\/\/mabawater.com\/","name":"Maba Water","description":"Soluciones Hidr\u00e1ulicas Sustentables","publisher":{"@id":"https:\/\/mabawater.com\/#organization"},"potentialAction":[{"@type":"SearchAction","target":{"@type":"EntryPoint","urlTemplate":"https:\/\/mabawater.com\/?s={search_term_string}"},"query-input":{"@type":"PropertyValueSpecification","valueRequired":true,"valueName":"search_term_string"}}],"inLanguage":"en-US"},{"@type":"Organization","@id":"https:\/\/mabawater.com\/#organization","name":"Maba Water","url":"https:\/\/mabawater.com\/","logo":{"@type":"ImageObject","inLanguage":"en-US","@id":"https:\/\/mabawater.com\/#\/schema\/logo\/image\/","url":"https:\/\/mabawater.com\/wp-content\/uploads\/2021\/09\/water-icon.png","contentUrl":"https:\/\/mabawater.com\/wp-content\/uploads\/2021\/09\/water-icon.png","width":410,"height":176,"caption":"Maba Water"},"image":{"@id":"https:\/\/mabawater.com\/#\/schema\/logo\/image\/"},"sameAs":["https:\/\/www.facebook.com\/mabawater\/","https:\/\/www.instagram.com\/mabawater\/?hl=es-la"]}]}},"_links":{"self":[{"href":"https:\/\/mabawater.com\/en\/wp-json\/wp\/v2\/product\/19998","targetHints":{"allow":["GET"]}}],"collection":[{"href":"https:\/\/mabawater.com\/en\/wp-json\/wp\/v2\/product"}],"about":[{"href":"https:\/\/mabawater.com\/en\/wp-json\/wp\/v2\/types\/product"}],"replies":[{"embeddable":true,"href":"https:\/\/mabawater.com\/en\/wp-json\/wp\/v2\/comments?post=19998"}],"version-history":[{"count":2,"href":"https:\/\/mabawater.com\/en\/wp-json\/wp\/v2\/product\/19998\/revisions"}],"predecessor-version":[{"id":24446,"href":"https:\/\/mabawater.com\/en\/wp-json\/wp\/v2\/product\/19998\/revisions\/24446"}],"wp:featuredmedia":[{"embeddable":true,"href":"https:\/\/mabawater.com\/en\/wp-json\/wp\/v2\/media\/19945"}],"wp:attachment":[{"href":"https:\/\/mabawater.com\/en\/wp-json\/wp\/v2\/media?parent=19998"}],"wp:term":[{"taxonomy":"product_brand","embeddable":true,"href":"https:\/\/mabawater.com\/en\/wp-json\/wp\/v2\/product_brand?post=19998"},{"taxonomy":"product_cat","embeddable":true,"href":"https:\/\/mabawater.com\/en\/wp-json\/wp\/v2\/product_cat?post=19998"},{"taxonomy":"product_tag","embeddable":true,"href":"https:\/\/mabawater.com\/en\/wp-json\/wp\/v2\/product_tag?post=19998"}],"curies":[{"name":"wp","href":"https:\/\/api.w.org\/{rel}","templated":true}]}}