{"id":20002,"date":"2022-08-23T19:31:04","date_gmt":"2022-08-23T19:31:04","guid":{"rendered":"https:\/\/mabawater.com\/producto\/valvula-para-suavizador-marca-purikor-con-capacidad-de-4ft%c2%b3-para-tanque-de-16x65-y-funcion-regeneracion-por-demanda\/"},"modified":"2022-08-23T19:31:04","modified_gmt":"2022-08-23T19:31:04","slug":"valvula-para-suavizador-marca-purikor-con-capacidad-de-4ft%c2%b3-para-tanque-de-16x65-y-funcion-regeneracion-por-demanda","status":"publish","type":"product","link":"https:\/\/mabawater.com\/en\/product\/valvula-para-suavizador-marca-purikor-con-capacidad-de-4ft%c2%b3-para-tanque-de-16x65-y-funcion-regeneracion-por-demanda\/","title":{"rendered":"V\u00e1lvula para suavizador marca PURIKOR con capacidad de 4ft\u00b3 para tanque de 16&#8243;x65&#8243; y funci\u00f3n regeneraci\u00f3n por demanda"},"content":{"rendered":"<p>V\u00e1lvula para suavizador marca PURIKOR con capacidad de 4ft\u00b3 para tanque de 16&#8243;x65&#8243; y funci\u00f3n regeneraci\u00f3n por demanda<\/p>\n<p>Descarga la ficha t\u00e9cnica <a href=\"https:\/\/mabawater.com\/wp-content\/uploads\/2022\/08\/ft_ficha_tecnica-valvulas-para-filtracion.pdf \">aqu\u00ed<\/a><\/p>","protected":false},"excerpt":{"rendered":"<p>Las v\u00e1lvulas PURIKOR, ofrecen un control autom\u00e1tico sobre los ciclos de los sistemas de filtraci\u00f3n de agua.<\/p>","protected":false},"featured_media":19947,"comment_status":"open","ping_status":"closed","template":"","meta":[],"product_brand":[],"product_cat":[145,1280],"product_tag":[1295,1069,1281,500,541,1286,1283,1121,526,1285,1035,1290,70,1039,1053,544],"class_list":{"0":"post-20002","1":"product","2":"type-product","3":"status-publish","4":"has-post-thumbnail","6":"product_cat-tratamiento-de-agua","7":"product_cat-valvulas-automaticas-para-suavizacion-y-filtracion","8":"product_tag-16x65","9":"product_tag-4ft","10":"product_tag-capacidad","11":"product_tag-con","12":"product_tag-de","13":"product_tag-demanda","14":"product_tag-funcion","15":"product_tag-marca","16":"product_tag-para","17":"product_tag-por","18":"product_tag-purikor","19":"product_tag-regeneracion","20":"product_tag-suavizador","21":"product_tag-tanque","22":"product_tag-valvula","23":"product_tag-y","25":"first","26":"instock","27":"shipping-taxable","28":"product-type-simple"},"yoast_head":"<!-- This site is optimized with the Yoast SEO plugin v26.6 - https:\/\/yoast.com\/wordpress\/plugins\/seo\/ -->\n<title>V\u00e1lvula para suavizador marca PURIKOR con capacidad de 4ft\u00b3 para tanque de 16&quot;x65&quot; y funci\u00f3n regeneraci\u00f3n por demanda - Maba Water<\/title>\n<meta name=\"robots\" content=\"index, follow, max-snippet:-1, max-image-preview:large, max-video-preview:-1\" \/>\n<link rel=\"canonical\" href=\"https:\/\/mabawater.com\/en\/product\/valvula-para-suavizador-marca-purikor-con-capacidad-de-4ft\u00b3-para-tanque-de-16x65-y-funcion-regeneracion-por-demanda\/\" \/>\n<meta property=\"og:locale\" content=\"en_US\" \/>\n<meta property=\"og:type\" content=\"article\" \/>\n<meta property=\"og:title\" content=\"V\u00e1lvula para suavizador marca PURIKOR con capacidad de 4ft\u00b3 para tanque de 16&quot;x65&quot; y funci\u00f3n regeneraci\u00f3n por demanda - Maba Water\" \/>\n<meta property=\"og:description\" content=\"Las v\u00e1lvulas PURIKOR, ofrecen un control autom\u00e1tico sobre los ciclos de los sistemas de filtraci\u00f3n de agua.\" \/>\n<meta property=\"og:url\" content=\"https:\/\/mabawater.com\/en\/product\/valvula-para-suavizador-marca-purikor-con-capacidad-de-4ft\u00b3-para-tanque-de-16x65-y-funcion-regeneracion-por-demanda\/\" \/>\n<meta property=\"og:site_name\" content=\"Maba Water\" \/>\n<meta property=\"article:publisher\" content=\"https:\/\/www.facebook.com\/mabawater\/\" \/>\n<meta property=\"og:image\" content=\"https:\/\/mabawater.com\/wp-content\/uploads\/2022\/08\/pkvs32d.jpeg\" \/>\n\t<meta property=\"og:image:width\" content=\"1000\" \/>\n\t<meta property=\"og:image:height\" content=\"1000\" \/>\n\t<meta property=\"og:image:type\" content=\"image\/jpeg\" \/>\n<meta name=\"twitter:card\" content=\"summary_large_image\" \/>\n<!-- \/ Yoast SEO plugin. -->","yoast_head_json":{"title":"V\u00e1lvula para suavizador marca PURIKOR con capacidad de 4ft\u00b3 para tanque de 16\"x65\" y funci\u00f3n regeneraci\u00f3n por demanda - Maba Water","robots":{"index":"index","follow":"follow","max-snippet":"max-snippet:-1","max-image-preview":"max-image-preview:large","max-video-preview":"max-video-preview:-1"},"canonical":"https:\/\/mabawater.com\/en\/product\/valvula-para-suavizador-marca-purikor-con-capacidad-de-4ft\u00b3-para-tanque-de-16x65-y-funcion-regeneracion-por-demanda\/","og_locale":"en_US","og_type":"article","og_title":"V\u00e1lvula para suavizador marca PURIKOR con capacidad de 4ft\u00b3 para tanque de 16\"x65\" y funci\u00f3n regeneraci\u00f3n por demanda - Maba Water","og_description":"Las v\u00e1lvulas PURIKOR, ofrecen un control autom\u00e1tico sobre los ciclos de los sistemas de filtraci\u00f3n de agua.","og_url":"https:\/\/mabawater.com\/en\/product\/valvula-para-suavizador-marca-purikor-con-capacidad-de-4ft\u00b3-para-tanque-de-16x65-y-funcion-regeneracion-por-demanda\/","og_site_name":"Maba Water","article_publisher":"https:\/\/www.facebook.com\/mabawater\/","og_image":[{"width":1000,"height":1000,"url":"https:\/\/mabawater.com\/wp-content\/uploads\/2022\/08\/pkvs32d.jpeg","type":"image\/jpeg"}],"twitter_card":"summary_large_image","schema":{"@context":"https:\/\/schema.org","@graph":[{"@type":"WebPage","@id":"https:\/\/mabawater.com\/producto\/valvula-para-suavizador-marca-purikor-con-capacidad-de-4ft%c2%b3-para-tanque-de-16x65-y-funcion-regeneracion-por-demanda\/","url":"https:\/\/mabawater.com\/producto\/valvula-para-suavizador-marca-purikor-con-capacidad-de-4ft%c2%b3-para-tanque-de-16x65-y-funcion-regeneracion-por-demanda\/","name":"V\u00e1lvula para suavizador marca PURIKOR con capacidad de 4ft\u00b3 para tanque de 16\"x65\" y funci\u00f3n regeneraci\u00f3n por demanda - Maba Water","isPartOf":{"@id":"https:\/\/mabawater.com\/#website"},"primaryImageOfPage":{"@id":"https:\/\/mabawater.com\/producto\/valvula-para-suavizador-marca-purikor-con-capacidad-de-4ft%c2%b3-para-tanque-de-16x65-y-funcion-regeneracion-por-demanda\/#primaryimage"},"image":{"@id":"https:\/\/mabawater.com\/producto\/valvula-para-suavizador-marca-purikor-con-capacidad-de-4ft%c2%b3-para-tanque-de-16x65-y-funcion-regeneracion-por-demanda\/#primaryimage"},"thumbnailUrl":"https:\/\/mabawater.com\/wp-content\/uploads\/2022\/08\/pkvs32d.jpeg","datePublished":"2022-08-23T19:31:04+00:00","breadcrumb":{"@id":"https:\/\/mabawater.com\/producto\/valvula-para-suavizador-marca-purikor-con-capacidad-de-4ft%c2%b3-para-tanque-de-16x65-y-funcion-regeneracion-por-demanda\/#breadcrumb"},"inLanguage":"en-US","potentialAction":[{"@type":"ReadAction","target":["https:\/\/mabawater.com\/producto\/valvula-para-suavizador-marca-purikor-con-capacidad-de-4ft%c2%b3-para-tanque-de-16x65-y-funcion-regeneracion-por-demanda\/"]}]},{"@type":"ImageObject","inLanguage":"en-US","@id":"https:\/\/mabawater.com\/producto\/valvula-para-suavizador-marca-purikor-con-capacidad-de-4ft%c2%b3-para-tanque-de-16x65-y-funcion-regeneracion-por-demanda\/#primaryimage","url":"https:\/\/mabawater.com\/wp-content\/uploads\/2022\/08\/pkvs32d.jpeg","contentUrl":"https:\/\/mabawater.com\/wp-content\/uploads\/2022\/08\/pkvs32d.jpeg","width":1000,"height":1000},{"@type":"BreadcrumbList","@id":"https:\/\/mabawater.com\/producto\/valvula-para-suavizador-marca-purikor-con-capacidad-de-4ft%c2%b3-para-tanque-de-16x65-y-funcion-regeneracion-por-demanda\/#breadcrumb","itemListElement":[{"@type":"ListItem","position":1,"name":"Portada","item":"https:\/\/mabawater.com\/"},{"@type":"ListItem","position":2,"name":"Productos Para La Calidad Del Agua","item":"https:\/\/mabawater.com\/productos-para-la-calidad-del-agua\/"},{"@type":"ListItem","position":3,"name":"V\u00e1lvula para suavizador marca PURIKOR con capacidad de 4ft\u00b3 para tanque de 16&#8243;x65&#8243; y funci\u00f3n regeneraci\u00f3n por demanda"}]},{"@type":"WebSite","@id":"https:\/\/mabawater.com\/#website","url":"https:\/\/mabawater.com\/","name":"Maba Water","description":"Soluciones Hidr\u00e1ulicas Sustentables","publisher":{"@id":"https:\/\/mabawater.com\/#organization"},"potentialAction":[{"@type":"SearchAction","target":{"@type":"EntryPoint","urlTemplate":"https:\/\/mabawater.com\/?s={search_term_string}"},"query-input":{"@type":"PropertyValueSpecification","valueRequired":true,"valueName":"search_term_string"}}],"inLanguage":"en-US"},{"@type":"Organization","@id":"https:\/\/mabawater.com\/#organization","name":"Maba Water","url":"https:\/\/mabawater.com\/","logo":{"@type":"ImageObject","inLanguage":"en-US","@id":"https:\/\/mabawater.com\/#\/schema\/logo\/image\/","url":"https:\/\/mabawater.com\/wp-content\/uploads\/2021\/09\/water-icon.png","contentUrl":"https:\/\/mabawater.com\/wp-content\/uploads\/2021\/09\/water-icon.png","width":410,"height":176,"caption":"Maba Water"},"image":{"@id":"https:\/\/mabawater.com\/#\/schema\/logo\/image\/"},"sameAs":["https:\/\/www.facebook.com\/mabawater\/","https:\/\/www.instagram.com\/mabawater\/?hl=es-la"]}]}},"_links":{"self":[{"href":"https:\/\/mabawater.com\/en\/wp-json\/wp\/v2\/product\/20002","targetHints":{"allow":["GET"]}}],"collection":[{"href":"https:\/\/mabawater.com\/en\/wp-json\/wp\/v2\/product"}],"about":[{"href":"https:\/\/mabawater.com\/en\/wp-json\/wp\/v2\/types\/product"}],"replies":[{"embeddable":true,"href":"https:\/\/mabawater.com\/en\/wp-json\/wp\/v2\/comments?post=20002"}],"version-history":[{"count":0,"href":"https:\/\/mabawater.com\/en\/wp-json\/wp\/v2\/product\/20002\/revisions"}],"wp:featuredmedia":[{"embeddable":true,"href":"https:\/\/mabawater.com\/en\/wp-json\/wp\/v2\/media\/19947"}],"wp:attachment":[{"href":"https:\/\/mabawater.com\/en\/wp-json\/wp\/v2\/media?parent=20002"}],"wp:term":[{"taxonomy":"product_brand","embeddable":true,"href":"https:\/\/mabawater.com\/en\/wp-json\/wp\/v2\/product_brand?post=20002"},{"taxonomy":"product_cat","embeddable":true,"href":"https:\/\/mabawater.com\/en\/wp-json\/wp\/v2\/product_cat?post=20002"},{"taxonomy":"product_tag","embeddable":true,"href":"https:\/\/mabawater.com\/en\/wp-json\/wp\/v2\/product_tag?post=20002"}],"curies":[{"name":"wp","href":"https:\/\/api.w.org\/{rel}","templated":true}]}}