{"id":20018,"date":"2022-08-23T19:34:37","date_gmt":"2022-08-23T19:34:37","guid":{"rendered":"https:\/\/mabawater.com\/producto\/tanque-en-fibra-de-vidrio-marca-purikor-con-volumen-de-190-2-galones-y-capacidad-para-15-ft%c2%b3-de-material-filtrante\/"},"modified":"2023-11-24T16:20:55","modified_gmt":"2023-11-24T16:20:55","slug":"tanque-en-fibra-de-vidrio-marca-purikor-con-volumen-de-190-2-galones-y-capacidad-para-15-ft%c2%b3-de-material-filtrante","status":"publish","type":"product","link":"https:\/\/mabawater.com\/en\/product\/tanque-en-fibra-de-vidrio-marca-purikor-con-volumen-de-190-2-galones-y-capacidad-para-15-ft%c2%b3-de-material-filtrante\/","title":{"rendered":"Tanque en fibra de vidrio marca PURIKOR con volumen de 190.2 Galones y capacidad para 15 ft\u00b3 de material filtrante"},"content":{"rendered":"","protected":false},"excerpt":{"rendered":"<p>La marca PURIKOR ofrece una amplia gama de tanques en fibra de vidrio para sistemas de suavizaci\u00f3n y filtraci\u00f3n, teniendo el tanque m\u00e1s adecuado para cada aplicaci\u00f3n y a la medida de sus necesidades.<\/p>\n<p>Tanque en fibra de vidrio marca PURIKOR con volumen de 190.2 Galones y capacidad para 15 ft\u00b3 de material filtrante<\/p>\n<p>Descarga la ficha t\u00e9cnica <a href=\"https:\/\/mabawater.com\/wp-content\/uploads\/2022\/08\/ft_ficha_tecnica-tanques-de-fibra-de-vidrio.pdf \">aqu\u00ed<\/a><\/p>","protected":false},"featured_media":19979,"comment_status":"open","ping_status":"closed","template":"","meta":[],"product_brand":[],"product_cat":[145,156],"product_tag":[510,1312,1281,500,541,1032,1049,1303,1044,1041,1121,1302,526,1035,1039,1299,1300,544],"class_list":{"0":"post-20018","1":"product","2":"type-product","3":"status-publish","4":"has-post-thumbnail","6":"product_cat-tratamiento-de-agua","7":"product_cat-tanque-de-fibra-de-vidrio","8":"product_tag-510","9":"product_tag-190-2","10":"product_tag-capacidad","11":"product_tag-con","12":"product_tag-de","13":"product_tag-en","14":"product_tag-fibra","15":"product_tag-filtrante","16":"product_tag-ft","17":"product_tag-galones","18":"product_tag-marca","19":"product_tag-material","20":"product_tag-para","21":"product_tag-purikor","22":"product_tag-tanque","23":"product_tag-vidrio","24":"product_tag-volumen","25":"product_tag-y","27":"first","28":"instock","29":"shipping-taxable","30":"product-type-simple"},"yoast_head":"<!-- This site is optimized with the Yoast SEO plugin v26.6 - https:\/\/yoast.com\/wordpress\/plugins\/seo\/ -->\n<title>Tanque en fibra de vidrio PURIKOR de 190.2 Galones - Maba Water<\/title>\n<meta name=\"description\" content=\"Tanque en fibra de vidrio marca PURIKOR con volumen de 190.2 Galones y capacidad para 15 ft\u00b3 de material filtrante. Tanques 100% libres de corrosi\u00f3n.\" \/>\n<meta name=\"robots\" content=\"index, follow, max-snippet:-1, max-image-preview:large, max-video-preview:-1\" \/>\n<link rel=\"canonical\" href=\"https:\/\/mabawater.com\/en\/product\/tanque-en-fibra-de-vidrio-marca-purikor-con-volumen-de-190-2-galones-y-capacidad-para-15-ft\u00b3-de-material-filtrante\/\" \/>\n<meta property=\"og:locale\" content=\"en_US\" \/>\n<meta property=\"og:type\" content=\"article\" \/>\n<meta property=\"og:title\" content=\"Tanque en fibra de vidrio PURIKOR de 190.2 Galones - Maba Water\" \/>\n<meta property=\"og:description\" content=\"Tanque en fibra de vidrio marca PURIKOR con volumen de 190.2 Galones y capacidad para 15 ft\u00b3 de material filtrante. Tanques 100% libres de corrosi\u00f3n.\" \/>\n<meta property=\"og:url\" content=\"https:\/\/mabawater.com\/en\/product\/tanque-en-fibra-de-vidrio-marca-purikor-con-volumen-de-190-2-galones-y-capacidad-para-15-ft\u00b3-de-material-filtrante\/\" \/>\n<meta property=\"og:site_name\" content=\"Maba Water\" \/>\n<meta property=\"article:publisher\" content=\"https:\/\/www.facebook.com\/mabawater\/\" \/>\n<meta property=\"article:modified_time\" content=\"2023-11-24T16:20:55+00:00\" \/>\n<meta property=\"og:image\" content=\"https:\/\/mabawater.com\/wp-content\/uploads\/2022\/08\/pkt3072-15_2.jpeg\" \/>\n\t<meta property=\"og:image:width\" content=\"1000\" \/>\n\t<meta property=\"og:image:height\" content=\"1000\" \/>\n\t<meta property=\"og:image:type\" content=\"image\/jpeg\" \/>\n<meta name=\"twitter:card\" content=\"summary_large_image\" \/>\n<!-- \/ Yoast SEO plugin. -->","yoast_head_json":{"title":"Tanque en fibra de vidrio PURIKOR de 190.2 Galones - Maba Water","description":"Tanque en fibra de vidrio marca PURIKOR con volumen de 190.2 Galones y capacidad para 15 ft\u00b3 de material filtrante. Tanques 100% libres de corrosi\u00f3n.","robots":{"index":"index","follow":"follow","max-snippet":"max-snippet:-1","max-image-preview":"max-image-preview:large","max-video-preview":"max-video-preview:-1"},"canonical":"https:\/\/mabawater.com\/en\/product\/tanque-en-fibra-de-vidrio-marca-purikor-con-volumen-de-190-2-galones-y-capacidad-para-15-ft\u00b3-de-material-filtrante\/","og_locale":"en_US","og_type":"article","og_title":"Tanque en fibra de vidrio PURIKOR de 190.2 Galones - Maba Water","og_description":"Tanque en fibra de vidrio marca PURIKOR con volumen de 190.2 Galones y capacidad para 15 ft\u00b3 de material filtrante. Tanques 100% libres de corrosi\u00f3n.","og_url":"https:\/\/mabawater.com\/en\/product\/tanque-en-fibra-de-vidrio-marca-purikor-con-volumen-de-190-2-galones-y-capacidad-para-15-ft\u00b3-de-material-filtrante\/","og_site_name":"Maba Water","article_publisher":"https:\/\/www.facebook.com\/mabawater\/","article_modified_time":"2023-11-24T16:20:55+00:00","og_image":[{"width":1000,"height":1000,"url":"https:\/\/mabawater.com\/wp-content\/uploads\/2022\/08\/pkt3072-15_2.jpeg","type":"image\/jpeg"}],"twitter_card":"summary_large_image","schema":{"@context":"https:\/\/schema.org","@graph":[{"@type":"WebPage","@id":"https:\/\/mabawater.com\/producto\/tanque-en-fibra-de-vidrio-marca-purikor-con-volumen-de-190-2-galones-y-capacidad-para-15-ft%c2%b3-de-material-filtrante\/","url":"https:\/\/mabawater.com\/producto\/tanque-en-fibra-de-vidrio-marca-purikor-con-volumen-de-190-2-galones-y-capacidad-para-15-ft%c2%b3-de-material-filtrante\/","name":"Tanque en fibra de vidrio PURIKOR de 190.2 Galones - Maba Water","isPartOf":{"@id":"https:\/\/mabawater.com\/#website"},"primaryImageOfPage":{"@id":"https:\/\/mabawater.com\/producto\/tanque-en-fibra-de-vidrio-marca-purikor-con-volumen-de-190-2-galones-y-capacidad-para-15-ft%c2%b3-de-material-filtrante\/#primaryimage"},"image":{"@id":"https:\/\/mabawater.com\/producto\/tanque-en-fibra-de-vidrio-marca-purikor-con-volumen-de-190-2-galones-y-capacidad-para-15-ft%c2%b3-de-material-filtrante\/#primaryimage"},"thumbnailUrl":"https:\/\/mabawater.com\/wp-content\/uploads\/2022\/08\/pkt3072-15_2.jpeg","datePublished":"2022-08-23T19:34:37+00:00","dateModified":"2023-11-24T16:20:55+00:00","description":"Tanque en fibra de vidrio marca PURIKOR con volumen de 190.2 Galones y capacidad para 15 ft\u00b3 de material filtrante. Tanques 100% libres de corrosi\u00f3n.","breadcrumb":{"@id":"https:\/\/mabawater.com\/producto\/tanque-en-fibra-de-vidrio-marca-purikor-con-volumen-de-190-2-galones-y-capacidad-para-15-ft%c2%b3-de-material-filtrante\/#breadcrumb"},"inLanguage":"en-US","potentialAction":[{"@type":"ReadAction","target":["https:\/\/mabawater.com\/producto\/tanque-en-fibra-de-vidrio-marca-purikor-con-volumen-de-190-2-galones-y-capacidad-para-15-ft%c2%b3-de-material-filtrante\/"]}]},{"@type":"ImageObject","inLanguage":"en-US","@id":"https:\/\/mabawater.com\/producto\/tanque-en-fibra-de-vidrio-marca-purikor-con-volumen-de-190-2-galones-y-capacidad-para-15-ft%c2%b3-de-material-filtrante\/#primaryimage","url":"https:\/\/mabawater.com\/wp-content\/uploads\/2022\/08\/pkt3072-15_2.jpeg","contentUrl":"https:\/\/mabawater.com\/wp-content\/uploads\/2022\/08\/pkt3072-15_2.jpeg","width":1000,"height":1000},{"@type":"BreadcrumbList","@id":"https:\/\/mabawater.com\/producto\/tanque-en-fibra-de-vidrio-marca-purikor-con-volumen-de-190-2-galones-y-capacidad-para-15-ft%c2%b3-de-material-filtrante\/#breadcrumb","itemListElement":[{"@type":"ListItem","position":1,"name":"Portada","item":"https:\/\/mabawater.com\/"},{"@type":"ListItem","position":2,"name":"Productos Para La Calidad Del Agua","item":"https:\/\/mabawater.com\/productos-para-la-calidad-del-agua\/"},{"@type":"ListItem","position":3,"name":"Tanque en fibra de vidrio marca PURIKOR con volumen de 190.2 Galones y capacidad para 15 ft\u00b3 de material filtrante"}]},{"@type":"WebSite","@id":"https:\/\/mabawater.com\/#website","url":"https:\/\/mabawater.com\/","name":"Maba Water","description":"Soluciones Hidr\u00e1ulicas Sustentables","publisher":{"@id":"https:\/\/mabawater.com\/#organization"},"potentialAction":[{"@type":"SearchAction","target":{"@type":"EntryPoint","urlTemplate":"https:\/\/mabawater.com\/?s={search_term_string}"},"query-input":{"@type":"PropertyValueSpecification","valueRequired":true,"valueName":"search_term_string"}}],"inLanguage":"en-US"},{"@type":"Organization","@id":"https:\/\/mabawater.com\/#organization","name":"Maba Water","url":"https:\/\/mabawater.com\/","logo":{"@type":"ImageObject","inLanguage":"en-US","@id":"https:\/\/mabawater.com\/#\/schema\/logo\/image\/","url":"https:\/\/mabawater.com\/wp-content\/uploads\/2021\/09\/water-icon.png","contentUrl":"https:\/\/mabawater.com\/wp-content\/uploads\/2021\/09\/water-icon.png","width":410,"height":176,"caption":"Maba Water"},"image":{"@id":"https:\/\/mabawater.com\/#\/schema\/logo\/image\/"},"sameAs":["https:\/\/www.facebook.com\/mabawater\/","https:\/\/www.instagram.com\/mabawater\/?hl=es-la"]}]}},"_links":{"self":[{"href":"https:\/\/mabawater.com\/en\/wp-json\/wp\/v2\/product\/20018","targetHints":{"allow":["GET"]}}],"collection":[{"href":"https:\/\/mabawater.com\/en\/wp-json\/wp\/v2\/product"}],"about":[{"href":"https:\/\/mabawater.com\/en\/wp-json\/wp\/v2\/types\/product"}],"replies":[{"embeddable":true,"href":"https:\/\/mabawater.com\/en\/wp-json\/wp\/v2\/comments?post=20018"}],"version-history":[{"count":2,"href":"https:\/\/mabawater.com\/en\/wp-json\/wp\/v2\/product\/20018\/revisions"}],"predecessor-version":[{"id":24017,"href":"https:\/\/mabawater.com\/en\/wp-json\/wp\/v2\/product\/20018\/revisions\/24017"}],"wp:featuredmedia":[{"embeddable":true,"href":"https:\/\/mabawater.com\/en\/wp-json\/wp\/v2\/media\/19979"}],"wp:attachment":[{"href":"https:\/\/mabawater.com\/en\/wp-json\/wp\/v2\/media?parent=20018"}],"wp:term":[{"taxonomy":"product_brand","embeddable":true,"href":"https:\/\/mabawater.com\/en\/wp-json\/wp\/v2\/product_brand?post=20018"},{"taxonomy":"product_cat","embeddable":true,"href":"https:\/\/mabawater.com\/en\/wp-json\/wp\/v2\/product_cat?post=20018"},{"taxonomy":"product_tag","embeddable":true,"href":"https:\/\/mabawater.com\/en\/wp-json\/wp\/v2\/product_tag?post=20018"}],"curies":[{"name":"wp","href":"https:\/\/api.w.org\/{rel}","templated":true}]}}