{"id":20028,"date":"2022-08-23T19:37:40","date_gmt":"2022-08-23T19:37:40","guid":{"rendered":"https:\/\/mabawater.com\/producto\/kit-de-conexiones-victaulicas-para-portambranas-purikor-1-macho\/"},"modified":"2026-03-09T23:10:33","modified_gmt":"2026-03-09T23:10:33","slug":"kit-de-conexiones-victaulicas-para-portambranas-purikor-1-macho","status":"publish","type":"product","link":"https:\/\/mabawater.com\/en\/product\/kit-de-conexiones-victaulicas-para-portambranas-purikor-1-macho\/","title":{"rendered":"Kit de conexiones victaulicas para portambranas, PURIKOR, 1&#8243; macho"},"content":{"rendered":"","protected":false},"excerpt":{"rendered":"<p data-start=\"115\" data-end=\"491\">El <strong data-start=\"118\" data-end=\"190\">Kit de Conexiones Victaulicas para Portamembranas Purikor 1\u2033 macho<\/strong> es un accesorio dise\u00f1ado para facilitar la <strong data-start=\"234\" data-end=\"309\">instalaci\u00f3n y conexi\u00f3n de portamembranas en sistemas de \u00f3smosis inversa<\/strong> comerciales o industriales.<\/p>\n<p data-start=\"115\" data-end=\"491\">Este kit permite unir de forma segura los componentes hidr\u00e1ulicos del sistema, asegurando un flujo eficiente del agua dentro del equipo de tratamiento.<\/p>\n<p><a href=\"https:\/\/mabawater.com\/wp-content\/uploads\/2022\/08\/ft_ficha_tecnica_portamembranas.pdf\">Descarga la ficha t\u00e9cnica aqu\u00ed<\/a><\/p>","protected":false},"featured_media":19959,"comment_status":"open","ping_status":"closed","template":"","meta":[],"product_brand":[],"product_cat":[145,154],"product_tag":[],"class_list":{"0":"post-20028","1":"product","2":"type-product","3":"status-publish","4":"has-post-thumbnail","6":"product_cat-tratamiento-de-agua","7":"product_cat-membranas-de-osmosis-inversa","9":"first","10":"instock","11":"shipping-taxable","12":"product-type-simple"},"yoast_head":"<!-- This site is optimized with the Yoast SEO plugin v26.6 - https:\/\/yoast.com\/wordpress\/plugins\/seo\/ -->\n<title>Kit de conexiones victaulicas para portambranas, PURIKOR, 1&quot; macho - Maba Water<\/title>\n<meta name=\"description\" content=\"El Kit de Conexiones Victaulicas para Portamembranas Purikor 1\u2033 macho es un accesorio dise\u00f1ado para facilitar la instalaci\u00f3n y conexi\u00f3n de portamembranas\" \/>\n<meta name=\"robots\" content=\"index, follow, max-snippet:-1, max-image-preview:large, max-video-preview:-1\" \/>\n<link rel=\"canonical\" href=\"https:\/\/mabawater.com\/en\/product\/kit-de-conexiones-victaulicas-para-portambranas-purikor-1-macho\/\" \/>\n<meta property=\"og:locale\" content=\"en_US\" \/>\n<meta property=\"og:type\" content=\"article\" \/>\n<meta property=\"og:title\" content=\"Kit de conexiones victaulicas para portambranas, PURIKOR, 1&quot; macho - Maba Water\" \/>\n<meta property=\"og:description\" content=\"El Kit de Conexiones Victaulicas para Portamembranas Purikor 1\u2033 macho es un accesorio dise\u00f1ado para facilitar la instalaci\u00f3n y conexi\u00f3n de portamembranas\" \/>\n<meta property=\"og:url\" content=\"https:\/\/mabawater.com\/en\/product\/kit-de-conexiones-victaulicas-para-portambranas-purikor-1-macho\/\" \/>\n<meta property=\"og:site_name\" content=\"Maba Water\" \/>\n<meta property=\"article:publisher\" content=\"https:\/\/www.facebook.com\/mabawater\/\" \/>\n<meta property=\"article:modified_time\" content=\"2026-03-09T23:10:33+00:00\" \/>\n<meta property=\"og:image\" content=\"https:\/\/mabawater.com\/wp-content\/uploads\/2022\/08\/pkpm-kitvit1_.jpeg\" \/>\n\t<meta property=\"og:image:width\" content=\"1000\" \/>\n\t<meta property=\"og:image:height\" content=\"1000\" \/>\n\t<meta property=\"og:image:type\" content=\"image\/jpeg\" \/>\n<meta name=\"twitter:card\" content=\"summary_large_image\" \/>\n<!-- \/ Yoast SEO plugin. -->","yoast_head_json":{"title":"Kit de conexiones victaulicas para portambranas, PURIKOR, 1\" macho - Maba Water","description":"El Kit de Conexiones Victaulicas para Portamembranas Purikor 1\u2033 macho es un accesorio dise\u00f1ado para facilitar la instalaci\u00f3n y conexi\u00f3n de portamembranas","robots":{"index":"index","follow":"follow","max-snippet":"max-snippet:-1","max-image-preview":"max-image-preview:large","max-video-preview":"max-video-preview:-1"},"canonical":"https:\/\/mabawater.com\/en\/product\/kit-de-conexiones-victaulicas-para-portambranas-purikor-1-macho\/","og_locale":"en_US","og_type":"article","og_title":"Kit de conexiones victaulicas para portambranas, PURIKOR, 1\" macho - Maba Water","og_description":"El Kit de Conexiones Victaulicas para Portamembranas Purikor 1\u2033 macho es un accesorio dise\u00f1ado para facilitar la instalaci\u00f3n y conexi\u00f3n de portamembranas","og_url":"https:\/\/mabawater.com\/en\/product\/kit-de-conexiones-victaulicas-para-portambranas-purikor-1-macho\/","og_site_name":"Maba Water","article_publisher":"https:\/\/www.facebook.com\/mabawater\/","article_modified_time":"2026-03-09T23:10:33+00:00","og_image":[{"width":1000,"height":1000,"url":"https:\/\/mabawater.com\/wp-content\/uploads\/2022\/08\/pkpm-kitvit1_.jpeg","type":"image\/jpeg"}],"twitter_card":"summary_large_image","schema":{"@context":"https:\/\/schema.org","@graph":[{"@type":"WebPage","@id":"https:\/\/mabawater.com\/producto\/kit-de-conexiones-victaulicas-para-portambranas-purikor-1-macho\/","url":"https:\/\/mabawater.com\/producto\/kit-de-conexiones-victaulicas-para-portambranas-purikor-1-macho\/","name":"Kit de conexiones victaulicas para portambranas, PURIKOR, 1\" macho - Maba Water","isPartOf":{"@id":"https:\/\/mabawater.com\/#website"},"primaryImageOfPage":{"@id":"https:\/\/mabawater.com\/producto\/kit-de-conexiones-victaulicas-para-portambranas-purikor-1-macho\/#primaryimage"},"image":{"@id":"https:\/\/mabawater.com\/producto\/kit-de-conexiones-victaulicas-para-portambranas-purikor-1-macho\/#primaryimage"},"thumbnailUrl":"https:\/\/mabawater.com\/wp-content\/uploads\/2022\/08\/pkpm-kitvit1_.jpeg","datePublished":"2022-08-23T19:37:40+00:00","dateModified":"2026-03-09T23:10:33+00:00","description":"El Kit de Conexiones Victaulicas para Portamembranas Purikor 1\u2033 macho es un accesorio dise\u00f1ado para facilitar la instalaci\u00f3n y conexi\u00f3n de portamembranas","breadcrumb":{"@id":"https:\/\/mabawater.com\/producto\/kit-de-conexiones-victaulicas-para-portambranas-purikor-1-macho\/#breadcrumb"},"inLanguage":"en-US","potentialAction":[{"@type":"ReadAction","target":["https:\/\/mabawater.com\/producto\/kit-de-conexiones-victaulicas-para-portambranas-purikor-1-macho\/"]}]},{"@type":"ImageObject","inLanguage":"en-US","@id":"https:\/\/mabawater.com\/producto\/kit-de-conexiones-victaulicas-para-portambranas-purikor-1-macho\/#primaryimage","url":"https:\/\/mabawater.com\/wp-content\/uploads\/2022\/08\/pkpm-kitvit1_.jpeg","contentUrl":"https:\/\/mabawater.com\/wp-content\/uploads\/2022\/08\/pkpm-kitvit1_.jpeg","width":1000,"height":1000},{"@type":"BreadcrumbList","@id":"https:\/\/mabawater.com\/producto\/kit-de-conexiones-victaulicas-para-portambranas-purikor-1-macho\/#breadcrumb","itemListElement":[{"@type":"ListItem","position":1,"name":"Portada","item":"https:\/\/mabawater.com\/"},{"@type":"ListItem","position":2,"name":"Productos Para La Calidad Del Agua","item":"https:\/\/mabawater.com\/productos-para-la-calidad-del-agua\/"},{"@type":"ListItem","position":3,"name":"Kit de conexiones victaulicas para portambranas, PURIKOR, 1&#8243; macho"}]},{"@type":"WebSite","@id":"https:\/\/mabawater.com\/#website","url":"https:\/\/mabawater.com\/","name":"Maba Water","description":"Soluciones Hidr\u00e1ulicas Sustentables","publisher":{"@id":"https:\/\/mabawater.com\/#organization"},"potentialAction":[{"@type":"SearchAction","target":{"@type":"EntryPoint","urlTemplate":"https:\/\/mabawater.com\/?s={search_term_string}"},"query-input":{"@type":"PropertyValueSpecification","valueRequired":true,"valueName":"search_term_string"}}],"inLanguage":"en-US"},{"@type":"Organization","@id":"https:\/\/mabawater.com\/#organization","name":"Maba Water","url":"https:\/\/mabawater.com\/","logo":{"@type":"ImageObject","inLanguage":"en-US","@id":"https:\/\/mabawater.com\/#\/schema\/logo\/image\/","url":"https:\/\/mabawater.com\/wp-content\/uploads\/2021\/09\/water-icon.png","contentUrl":"https:\/\/mabawater.com\/wp-content\/uploads\/2021\/09\/water-icon.png","width":410,"height":176,"caption":"Maba Water"},"image":{"@id":"https:\/\/mabawater.com\/#\/schema\/logo\/image\/"},"sameAs":["https:\/\/www.facebook.com\/mabawater\/","https:\/\/www.instagram.com\/mabawater\/?hl=es-la"]}]}},"_links":{"self":[{"href":"https:\/\/mabawater.com\/en\/wp-json\/wp\/v2\/product\/20028","targetHints":{"allow":["GET"]}}],"collection":[{"href":"https:\/\/mabawater.com\/en\/wp-json\/wp\/v2\/product"}],"about":[{"href":"https:\/\/mabawater.com\/en\/wp-json\/wp\/v2\/types\/product"}],"replies":[{"embeddable":true,"href":"https:\/\/mabawater.com\/en\/wp-json\/wp\/v2\/comments?post=20028"}],"version-history":[{"count":1,"href":"https:\/\/mabawater.com\/en\/wp-json\/wp\/v2\/product\/20028\/revisions"}],"predecessor-version":[{"id":30300,"href":"https:\/\/mabawater.com\/en\/wp-json\/wp\/v2\/product\/20028\/revisions\/30300"}],"wp:featuredmedia":[{"embeddable":true,"href":"https:\/\/mabawater.com\/en\/wp-json\/wp\/v2\/media\/19959"}],"wp:attachment":[{"href":"https:\/\/mabawater.com\/en\/wp-json\/wp\/v2\/media?parent=20028"}],"wp:term":[{"taxonomy":"product_brand","embeddable":true,"href":"https:\/\/mabawater.com\/en\/wp-json\/wp\/v2\/product_brand?post=20028"},{"taxonomy":"product_cat","embeddable":true,"href":"https:\/\/mabawater.com\/en\/wp-json\/wp\/v2\/product_cat?post=20028"},{"taxonomy":"product_tag","embeddable":true,"href":"https:\/\/mabawater.com\/en\/wp-json\/wp\/v2\/product_tag?post=20028"}],"curies":[{"name":"wp","href":"https:\/\/api.w.org\/{rel}","templated":true}]}}