{"id":20035,"date":"2022-08-23T19:37:41","date_gmt":"2022-08-23T19:37:41","guid":{"rendered":"https:\/\/mabawater.com\/producto\/membrana-para-sistemas-osmosis-inversa-purikor-8-x-40-ultra-baja-presion-10500-gpd-150-psi\/"},"modified":"2025-04-19T08:46:11","modified_gmt":"2025-04-19T08:46:11","slug":"membrana-para-sistemas-osmosis-inversa-purikor-8-x-40-ultra-baja-presion-10500-gpd-150-psi","status":"publish","type":"product","link":"https:\/\/mabawater.com\/en\/product\/membrana-para-sistemas-osmosis-inversa-purikor-8-x-40-ultra-baja-presion-10500-gpd-150-psi\/","title":{"rendered":"Membrana para sistemas \u00f3smosis inversa PURIKOR, 8&#8243; x 40&#8243;, ultra baja presi\u00f3n, 10500 gpd, 150 psi"},"content":{"rendered":"","protected":false},"excerpt":{"rendered":"<p>Las membranas <strong>PURIKOR<\/strong> para <strong>sistemas de \u00f3smosis inversa<\/strong> est\u00e1n fabricadas con la mejor tecnolog\u00eda y materiales de la m\u00e1s alta calidad.\u00a0<strong> Membrana para sistemas \u00f3smosis inversa<\/strong> <strong>PURIKOR, 8&#8243; x 40&#8243;<\/strong>, ultra baja presi\u00f3n, 10500 gpd, 150 psi. Dise\u00f1adas para trabajar en ultrabaja (ULP), baja (LP) presi\u00f3n y con agua de mar (SW).<\/p>\n<ul>\n<li>Producci\u00f3n de agua potable<\/li>\n<li>Desalinizaci\u00f3n<\/li>\n<li>Procesos Alimenticios<\/li>\n<li>Industria farmac\u00e9utica<\/li>\n<\/ul>\n<p><a href=\"https:\/\/mabawater.com\/wp-content\/uploads\/2022\/08\/ft_ficha_tecnica-membranas.pdf\">Descarga la ficha t\u00e9cnica aqu\u00ed<\/a><\/p>","protected":false},"featured_media":19966,"comment_status":"open","ping_status":"closed","template":"","meta":[],"product_brand":[],"product_cat":[145,154],"product_tag":[],"class_list":{"0":"post-20035","1":"product","2":"type-product","3":"status-publish","4":"has-post-thumbnail","6":"product_cat-tratamiento-de-agua","7":"product_cat-membranas-de-osmosis-inversa","9":"first","10":"instock","11":"shipping-taxable","12":"product-type-simple"},"yoast_head":"<!-- This site is optimized with the Yoast SEO plugin v26.6 - https:\/\/yoast.com\/wordpress\/plugins\/seo\/ -->\n<title>Membrana para sistemas \u00f3smosis inversa PURIKOR, 8&quot; x 40&quot;, ultra baja presi\u00f3n, 10500 gpd, 150 psi - Maba Water<\/title>\n<meta name=\"robots\" content=\"index, follow, max-snippet:-1, max-image-preview:large, max-video-preview:-1\" \/>\n<link rel=\"canonical\" href=\"https:\/\/mabawater.com\/en\/product\/membrana-para-sistemas-osmosis-inversa-purikor-8-x-40-ultra-baja-presion-10500-gpd-150-psi\/\" \/>\n<meta property=\"og:locale\" content=\"en_US\" \/>\n<meta property=\"og:type\" content=\"article\" \/>\n<meta property=\"og:title\" content=\"Membrana para sistemas \u00f3smosis inversa PURIKOR, 8&quot; x 40&quot;, ultra baja presi\u00f3n, 10500 gpd, 150 psi - Maba Water\" \/>\n<meta property=\"og:description\" content=\"Las membranas PURIKOR para sistemas de \u00f3smosis inversa est\u00e1n fabricadas con la mejor tecnolog\u00eda y materiales de la m\u00e1s alta calidad.\u00a0 Membrana para sistemas \u00f3smosis inversa PURIKOR, 8&quot; x 40&quot;, ultra baja presi\u00f3n, 10500 gpd, 150 psi. Dise\u00f1adas para trabajar en ultrabaja (ULP), baja (LP) presi\u00f3n y con agua de mar (SW).   Producci\u00f3n de agua potable  Desalinizaci\u00f3n  Procesos Alimenticios  Industria farmac\u00e9utica  Descarga la ficha t\u00e9cnica aqu\u00ed\" \/>\n<meta property=\"og:url\" content=\"https:\/\/mabawater.com\/en\/product\/membrana-para-sistemas-osmosis-inversa-purikor-8-x-40-ultra-baja-presion-10500-gpd-150-psi\/\" \/>\n<meta property=\"og:site_name\" content=\"Maba Water\" \/>\n<meta property=\"article:publisher\" content=\"https:\/\/www.facebook.com\/mabawater\/\" \/>\n<meta property=\"article:modified_time\" content=\"2025-04-19T08:46:11+00:00\" \/>\n<meta property=\"og:image\" content=\"https:\/\/mabawater.com\/wp-content\/uploads\/2022\/08\/pkro-8040ulp.jpeg\" \/>\n\t<meta property=\"og:image:width\" content=\"1000\" \/>\n\t<meta property=\"og:image:height\" content=\"1000\" \/>\n\t<meta property=\"og:image:type\" content=\"image\/jpeg\" \/>\n<meta name=\"twitter:card\" content=\"summary_large_image\" \/>\n<!-- \/ Yoast SEO plugin. -->","yoast_head_json":{"title":"Membrana para sistemas \u00f3smosis inversa PURIKOR, 8\" x 40\", ultra baja presi\u00f3n, 10500 gpd, 150 psi - Maba Water","robots":{"index":"index","follow":"follow","max-snippet":"max-snippet:-1","max-image-preview":"max-image-preview:large","max-video-preview":"max-video-preview:-1"},"canonical":"https:\/\/mabawater.com\/en\/product\/membrana-para-sistemas-osmosis-inversa-purikor-8-x-40-ultra-baja-presion-10500-gpd-150-psi\/","og_locale":"en_US","og_type":"article","og_title":"Membrana para sistemas \u00f3smosis inversa PURIKOR, 8\" x 40\", ultra baja presi\u00f3n, 10500 gpd, 150 psi - Maba Water","og_description":"Las membranas PURIKOR para sistemas de \u00f3smosis inversa est\u00e1n fabricadas con la mejor tecnolog\u00eda y materiales de la m\u00e1s alta calidad.\u00a0 Membrana para sistemas \u00f3smosis inversa PURIKOR, 8\" x 40\", ultra baja presi\u00f3n, 10500 gpd, 150 psi. Dise\u00f1adas para trabajar en ultrabaja (ULP), baja (LP) presi\u00f3n y con agua de mar (SW).   Producci\u00f3n de agua potable  Desalinizaci\u00f3n  Procesos Alimenticios  Industria farmac\u00e9utica  Descarga la ficha t\u00e9cnica aqu\u00ed","og_url":"https:\/\/mabawater.com\/en\/product\/membrana-para-sistemas-osmosis-inversa-purikor-8-x-40-ultra-baja-presion-10500-gpd-150-psi\/","og_site_name":"Maba Water","article_publisher":"https:\/\/www.facebook.com\/mabawater\/","article_modified_time":"2025-04-19T08:46:11+00:00","og_image":[{"width":1000,"height":1000,"url":"https:\/\/mabawater.com\/wp-content\/uploads\/2022\/08\/pkro-8040ulp.jpeg","type":"image\/jpeg"}],"twitter_card":"summary_large_image","schema":{"@context":"https:\/\/schema.org","@graph":[{"@type":"WebPage","@id":"https:\/\/mabawater.com\/producto\/membrana-para-sistemas-osmosis-inversa-purikor-8-x-40-ultra-baja-presion-10500-gpd-150-psi\/","url":"https:\/\/mabawater.com\/producto\/membrana-para-sistemas-osmosis-inversa-purikor-8-x-40-ultra-baja-presion-10500-gpd-150-psi\/","name":"Membrana para sistemas \u00f3smosis inversa PURIKOR, 8\" x 40\", ultra baja presi\u00f3n, 10500 gpd, 150 psi - Maba Water","isPartOf":{"@id":"https:\/\/mabawater.com\/#website"},"primaryImageOfPage":{"@id":"https:\/\/mabawater.com\/producto\/membrana-para-sistemas-osmosis-inversa-purikor-8-x-40-ultra-baja-presion-10500-gpd-150-psi\/#primaryimage"},"image":{"@id":"https:\/\/mabawater.com\/producto\/membrana-para-sistemas-osmosis-inversa-purikor-8-x-40-ultra-baja-presion-10500-gpd-150-psi\/#primaryimage"},"thumbnailUrl":"https:\/\/mabawater.com\/wp-content\/uploads\/2022\/08\/pkro-8040ulp.jpeg","datePublished":"2022-08-23T19:37:41+00:00","dateModified":"2025-04-19T08:46:11+00:00","breadcrumb":{"@id":"https:\/\/mabawater.com\/producto\/membrana-para-sistemas-osmosis-inversa-purikor-8-x-40-ultra-baja-presion-10500-gpd-150-psi\/#breadcrumb"},"inLanguage":"en-US","potentialAction":[{"@type":"ReadAction","target":["https:\/\/mabawater.com\/producto\/membrana-para-sistemas-osmosis-inversa-purikor-8-x-40-ultra-baja-presion-10500-gpd-150-psi\/"]}]},{"@type":"ImageObject","inLanguage":"en-US","@id":"https:\/\/mabawater.com\/producto\/membrana-para-sistemas-osmosis-inversa-purikor-8-x-40-ultra-baja-presion-10500-gpd-150-psi\/#primaryimage","url":"https:\/\/mabawater.com\/wp-content\/uploads\/2022\/08\/pkro-8040ulp.jpeg","contentUrl":"https:\/\/mabawater.com\/wp-content\/uploads\/2022\/08\/pkro-8040ulp.jpeg","width":1000,"height":1000},{"@type":"BreadcrumbList","@id":"https:\/\/mabawater.com\/producto\/membrana-para-sistemas-osmosis-inversa-purikor-8-x-40-ultra-baja-presion-10500-gpd-150-psi\/#breadcrumb","itemListElement":[{"@type":"ListItem","position":1,"name":"Portada","item":"https:\/\/mabawater.com\/"},{"@type":"ListItem","position":2,"name":"Productos Para La Calidad Del Agua","item":"https:\/\/mabawater.com\/productos-para-la-calidad-del-agua\/"},{"@type":"ListItem","position":3,"name":"Membrana para sistemas \u00f3smosis inversa PURIKOR, 8&#8243; x 40&#8243;, ultra baja presi\u00f3n, 10500 gpd, 150 psi"}]},{"@type":"WebSite","@id":"https:\/\/mabawater.com\/#website","url":"https:\/\/mabawater.com\/","name":"Maba Water","description":"Soluciones Hidr\u00e1ulicas Sustentables","publisher":{"@id":"https:\/\/mabawater.com\/#organization"},"potentialAction":[{"@type":"SearchAction","target":{"@type":"EntryPoint","urlTemplate":"https:\/\/mabawater.com\/?s={search_term_string}"},"query-input":{"@type":"PropertyValueSpecification","valueRequired":true,"valueName":"search_term_string"}}],"inLanguage":"en-US"},{"@type":"Organization","@id":"https:\/\/mabawater.com\/#organization","name":"Maba Water","url":"https:\/\/mabawater.com\/","logo":{"@type":"ImageObject","inLanguage":"en-US","@id":"https:\/\/mabawater.com\/#\/schema\/logo\/image\/","url":"https:\/\/mabawater.com\/wp-content\/uploads\/2021\/09\/water-icon.png","contentUrl":"https:\/\/mabawater.com\/wp-content\/uploads\/2021\/09\/water-icon.png","width":410,"height":176,"caption":"Maba Water"},"image":{"@id":"https:\/\/mabawater.com\/#\/schema\/logo\/image\/"},"sameAs":["https:\/\/www.facebook.com\/mabawater\/","https:\/\/www.instagram.com\/mabawater\/?hl=es-la"]}]}},"_links":{"self":[{"href":"https:\/\/mabawater.com\/en\/wp-json\/wp\/v2\/product\/20035","targetHints":{"allow":["GET"]}}],"collection":[{"href":"https:\/\/mabawater.com\/en\/wp-json\/wp\/v2\/product"}],"about":[{"href":"https:\/\/mabawater.com\/en\/wp-json\/wp\/v2\/types\/product"}],"replies":[{"embeddable":true,"href":"https:\/\/mabawater.com\/en\/wp-json\/wp\/v2\/comments?post=20035"}],"version-history":[{"count":2,"href":"https:\/\/mabawater.com\/en\/wp-json\/wp\/v2\/product\/20035\/revisions"}],"predecessor-version":[{"id":24459,"href":"https:\/\/mabawater.com\/en\/wp-json\/wp\/v2\/product\/20035\/revisions\/24459"}],"wp:featuredmedia":[{"embeddable":true,"href":"https:\/\/mabawater.com\/en\/wp-json\/wp\/v2\/media\/19966"}],"wp:attachment":[{"href":"https:\/\/mabawater.com\/en\/wp-json\/wp\/v2\/media?parent=20035"}],"wp:term":[{"taxonomy":"product_brand","embeddable":true,"href":"https:\/\/mabawater.com\/en\/wp-json\/wp\/v2\/product_brand?post=20035"},{"taxonomy":"product_cat","embeddable":true,"href":"https:\/\/mabawater.com\/en\/wp-json\/wp\/v2\/product_cat?post=20035"},{"taxonomy":"product_tag","embeddable":true,"href":"https:\/\/mabawater.com\/en\/wp-json\/wp\/v2\/product_tag?post=20035"}],"curies":[{"name":"wp","href":"https:\/\/api.w.org\/{rel}","templated":true}]}}