{"id":20189,"date":"2022-08-24T22:20:28","date_gmt":"2022-08-24T22:20:28","guid":{"rendered":"https:\/\/mabawater.com\/producto\/revolvedora-1-saco-9-0hp-250-l\/"},"modified":"2023-01-27T23:02:20","modified_gmt":"2023-01-27T23:02:20","slug":"revolvedora-1-saco-9-0hp-250-l","status":"publish","type":"product","link":"https:\/\/mabawater.com\/en\/product\/revolvedora-1-saco-9-0hp-250-l\/","title":{"rendered":"REVOLVEDORA 1 SACO 9.0HP 250 L"},"content":{"rendered":"<p>REVOLVEDORA 1 SACO 9.0HP 250 L<\/p>\n<p>Descarga la ficha t\u00e9cnica <a href=\"https:\/\/mabawater.com\/wp-content\/uploads\/2022\/08\/REV100MG0900THE_compressed.pdf \">aqu\u00ed<\/a><\/p>\n<h2>\u00bfC\u00f3mo comprar?<\/h2>\n<p>En MabaWater, ofrecemos una amplia variedad de productos de calidad para el tratamiento de agua. Explora nuestro cat\u00e1logo y encuentra la opci\u00f3n perfecta para satisfacer tus necesidades. Si tienes alguna duda o necesitas m\u00e1s informaci\u00f3n, no dudes en contactarnos a trav\u00e9s del chat o registrandote en el formulario.<\/p>\n<p>Realizar la compra es f\u00e1cil y seguro en nuestra tienda. Aceptamos todas las tarjetas de cr\u00e9dito, dep\u00f3sitos bancarios y transferencias SPEI. Adem\u00e1s, proporcionando tu direcci\u00f3n completa, podremos calcular el costo del env\u00edo y asegurarnos de que tu producto llegue a tu hogar de manera r\u00e1pida y segura.<\/p>\n<p>En MabaWater, nos esforzamos por ofrecer un excelente servicio al cliente, por eso nos aseguramos de que nuestros productos cumplen con los est\u00e1ndares de calidad y esperamos que quedes completamente satisfecho con tu compra. Adem\u00e1s, Si necesitas asesoramiento para la selecci\u00f3n de productos o servicios de instalaci\u00f3n, nuestros expertos estar\u00e1n disponibles para ayudarte.<\/p>\n<h2>Nuestra garant\u00eda<\/h2>\n<p>1 a\u00f1o de garantia en funcionamiento1 mes de garantia en satisfacci\u00f3n<\/p>\n<h3>Encu\u00e9ntranos es:<\/h3>\n<p>Calzada Zavaleta #1302. local 101, 75150 Puebla de Zaragoza, M\u00e9xico<\/p>\n<h3>Ll\u00e1manos a:<\/h3>\n<p>Tel\u00e9fono: 222 369 0818Ventas &#8211; Ext 1Atenci\u00f3n a clientes &#8211; Ext 2Asistencia t\u00e9cnica y \u00e1rea de ingenieria &#8211; Ext 3<\/p>\n<p>Consulta m\u00e1s de nuestro aviso de privacidad <a href=\"https:\/\/mabawater.com\/en\/aviso-de-privacidad\/\">aqu\u00ed<\/a><\/p>\n<h3>Escribenos a:<\/h3>\n<p><a href=\"mailto:contacto@mabawater.com\">contacto@mabawater.com<\/a><\/p>","protected":false},"excerpt":{"rendered":"<p>Ayuda a la mezcla \u00f3ptima para producir concreto o cemento, funciona desde para obras de autoconstrucci\u00f3n hasta obras grandes.<\/p>","protected":false},"featured_media":20074,"comment_status":"open","ping_status":"closed","template":"","meta":[],"product_brand":[],"product_cat":[15,1335],"product_tag":[491,1365,1364,1366,1362,1363],"class_list":{"0":"post-20189","1":"product","2":"type-product","3":"status-publish","4":"has-post-thumbnail","6":"product_cat-otros","7":"product_cat-construccion","8":"product_tag-491","9":"product_tag-1365","10":"product_tag-9-0hp","11":"product_tag-l","12":"product_tag-revolvedora","13":"product_tag-saco","15":"first","16":"instock","17":"shipping-taxable","18":"product-type-simple"},"yoast_head":"<!-- This site is optimized with the Yoast SEO plugin v26.6 - https:\/\/yoast.com\/wordpress\/plugins\/seo\/ -->\n<title>REVOLVEDORA 1 SACO 9.0HP 250 L - Maba Water<\/title>\n<meta name=\"description\" content=\"REVOLVEDORA 1 SACO 9.0HP 250 L envios a todo M\u00e9xico, entra y consulta m\u00e1s de 50 productos que tenemos para ti, solo las mejores marcas.\" \/>\n<meta name=\"robots\" content=\"index, follow, max-snippet:-1, max-image-preview:large, max-video-preview:-1\" \/>\n<link rel=\"canonical\" href=\"https:\/\/mabawater.com\/en\/product\/revolvedora-1-saco-9-0hp-250-l\/\" \/>\n<meta property=\"og:locale\" content=\"en_US\" \/>\n<meta property=\"og:type\" content=\"article\" \/>\n<meta property=\"og:title\" content=\"REVOLVEDORA 1 SACO 9.0HP 250 L - Maba Water\" \/>\n<meta property=\"og:description\" content=\"REVOLVEDORA 1 SACO 9.0HP 250 L envios a todo M\u00e9xico, entra y consulta m\u00e1s de 50 productos que tenemos para ti, solo las mejores marcas.\" \/>\n<meta property=\"og:url\" content=\"https:\/\/mabawater.com\/en\/product\/revolvedora-1-saco-9-0hp-250-l\/\" \/>\n<meta property=\"og:site_name\" content=\"Maba Water\" \/>\n<meta property=\"article:publisher\" content=\"https:\/\/www.facebook.com\/mabawater\/\" \/>\n<meta property=\"article:modified_time\" content=\"2023-01-27T23:02:20+00:00\" \/>\n<meta property=\"og:image\" content=\"https:\/\/mabawater.com\/wp-content\/uploads\/2022\/08\/Construccion_EVANS_REV100MG0900THE_1L_20-1-1.jpeg\" \/>\n\t<meta property=\"og:image:width\" content=\"500\" \/>\n\t<meta property=\"og:image:height\" content=\"500\" \/>\n\t<meta property=\"og:image:type\" content=\"image\/jpeg\" \/>\n<meta name=\"twitter:card\" content=\"summary_large_image\" \/>\n<meta name=\"twitter:label1\" content=\"Est. reading time\" \/>\n\t<meta name=\"twitter:data1\" content=\"1 minute\" \/>\n<!-- \/ Yoast SEO plugin. -->","yoast_head_json":{"title":"REVOLVEDORA 1 SACO 9.0HP 250 L - Maba Water","description":"REVOLVEDORA 1 SACO 9.0HP 250 L envios a todo M\u00e9xico, entra y consulta m\u00e1s de 50 productos que tenemos para ti, solo las mejores marcas.","robots":{"index":"index","follow":"follow","max-snippet":"max-snippet:-1","max-image-preview":"max-image-preview:large","max-video-preview":"max-video-preview:-1"},"canonical":"https:\/\/mabawater.com\/en\/product\/revolvedora-1-saco-9-0hp-250-l\/","og_locale":"en_US","og_type":"article","og_title":"REVOLVEDORA 1 SACO 9.0HP 250 L - Maba Water","og_description":"REVOLVEDORA 1 SACO 9.0HP 250 L envios a todo M\u00e9xico, entra y consulta m\u00e1s de 50 productos que tenemos para ti, solo las mejores marcas.","og_url":"https:\/\/mabawater.com\/en\/product\/revolvedora-1-saco-9-0hp-250-l\/","og_site_name":"Maba Water","article_publisher":"https:\/\/www.facebook.com\/mabawater\/","article_modified_time":"2023-01-27T23:02:20+00:00","og_image":[{"width":500,"height":500,"url":"https:\/\/mabawater.com\/wp-content\/uploads\/2022\/08\/Construccion_EVANS_REV100MG0900THE_1L_20-1-1.jpeg","type":"image\/jpeg"}],"twitter_card":"summary_large_image","twitter_misc":{"Est. reading time":"1 minute"},"schema":{"@context":"https:\/\/schema.org","@graph":[{"@type":"WebPage","@id":"https:\/\/mabawater.com\/producto\/revolvedora-1-saco-9-0hp-250-l\/","url":"https:\/\/mabawater.com\/producto\/revolvedora-1-saco-9-0hp-250-l\/","name":"REVOLVEDORA 1 SACO 9.0HP 250 L - Maba Water","isPartOf":{"@id":"https:\/\/mabawater.com\/#website"},"primaryImageOfPage":{"@id":"https:\/\/mabawater.com\/producto\/revolvedora-1-saco-9-0hp-250-l\/#primaryimage"},"image":{"@id":"https:\/\/mabawater.com\/producto\/revolvedora-1-saco-9-0hp-250-l\/#primaryimage"},"thumbnailUrl":"https:\/\/mabawater.com\/wp-content\/uploads\/2022\/08\/Construccion_EVANS_REV100MG0900THE_1L_20-1-1.jpeg","datePublished":"2022-08-24T22:20:28+00:00","dateModified":"2023-01-27T23:02:20+00:00","description":"REVOLVEDORA 1 SACO 9.0HP 250 L envios a todo M\u00e9xico, entra y consulta m\u00e1s de 50 productos que tenemos para ti, solo las mejores marcas.","breadcrumb":{"@id":"https:\/\/mabawater.com\/producto\/revolvedora-1-saco-9-0hp-250-l\/#breadcrumb"},"inLanguage":"en-US","potentialAction":[{"@type":"ReadAction","target":["https:\/\/mabawater.com\/producto\/revolvedora-1-saco-9-0hp-250-l\/"]}]},{"@type":"ImageObject","inLanguage":"en-US","@id":"https:\/\/mabawater.com\/producto\/revolvedora-1-saco-9-0hp-250-l\/#primaryimage","url":"https:\/\/mabawater.com\/wp-content\/uploads\/2022\/08\/Construccion_EVANS_REV100MG0900THE_1L_20-1-1.jpeg","contentUrl":"https:\/\/mabawater.com\/wp-content\/uploads\/2022\/08\/Construccion_EVANS_REV100MG0900THE_1L_20-1-1.jpeg","width":500,"height":500},{"@type":"BreadcrumbList","@id":"https:\/\/mabawater.com\/producto\/revolvedora-1-saco-9-0hp-250-l\/#breadcrumb","itemListElement":[{"@type":"ListItem","position":1,"name":"Portada","item":"https:\/\/mabawater.com\/"},{"@type":"ListItem","position":2,"name":"Productos Para La Calidad Del Agua","item":"https:\/\/mabawater.com\/productos-para-la-calidad-del-agua\/"},{"@type":"ListItem","position":3,"name":"REVOLVEDORA 1 SACO 9.0HP 250 L"}]},{"@type":"WebSite","@id":"https:\/\/mabawater.com\/#website","url":"https:\/\/mabawater.com\/","name":"Maba Water","description":"Soluciones Hidr\u00e1ulicas Sustentables","publisher":{"@id":"https:\/\/mabawater.com\/#organization"},"potentialAction":[{"@type":"SearchAction","target":{"@type":"EntryPoint","urlTemplate":"https:\/\/mabawater.com\/?s={search_term_string}"},"query-input":{"@type":"PropertyValueSpecification","valueRequired":true,"valueName":"search_term_string"}}],"inLanguage":"en-US"},{"@type":"Organization","@id":"https:\/\/mabawater.com\/#organization","name":"Maba Water","url":"https:\/\/mabawater.com\/","logo":{"@type":"ImageObject","inLanguage":"en-US","@id":"https:\/\/mabawater.com\/#\/schema\/logo\/image\/","url":"https:\/\/mabawater.com\/wp-content\/uploads\/2021\/09\/water-icon.png","contentUrl":"https:\/\/mabawater.com\/wp-content\/uploads\/2021\/09\/water-icon.png","width":410,"height":176,"caption":"Maba Water"},"image":{"@id":"https:\/\/mabawater.com\/#\/schema\/logo\/image\/"},"sameAs":["https:\/\/www.facebook.com\/mabawater\/","https:\/\/www.instagram.com\/mabawater\/?hl=es-la"]}]}},"_links":{"self":[{"href":"https:\/\/mabawater.com\/en\/wp-json\/wp\/v2\/product\/20189","targetHints":{"allow":["GET"]}}],"collection":[{"href":"https:\/\/mabawater.com\/en\/wp-json\/wp\/v2\/product"}],"about":[{"href":"https:\/\/mabawater.com\/en\/wp-json\/wp\/v2\/types\/product"}],"replies":[{"embeddable":true,"href":"https:\/\/mabawater.com\/en\/wp-json\/wp\/v2\/comments?post=20189"}],"version-history":[{"count":1,"href":"https:\/\/mabawater.com\/en\/wp-json\/wp\/v2\/product\/20189\/revisions"}],"predecessor-version":[{"id":21982,"href":"https:\/\/mabawater.com\/en\/wp-json\/wp\/v2\/product\/20189\/revisions\/21982"}],"wp:featuredmedia":[{"embeddable":true,"href":"https:\/\/mabawater.com\/en\/wp-json\/wp\/v2\/media\/20074"}],"wp:attachment":[{"href":"https:\/\/mabawater.com\/en\/wp-json\/wp\/v2\/media?parent=20189"}],"wp:term":[{"taxonomy":"product_brand","embeddable":true,"href":"https:\/\/mabawater.com\/en\/wp-json\/wp\/v2\/product_brand?post=20189"},{"taxonomy":"product_cat","embeddable":true,"href":"https:\/\/mabawater.com\/en\/wp-json\/wp\/v2\/product_cat?post=20189"},{"taxonomy":"product_tag","embeddable":true,"href":"https:\/\/mabawater.com\/en\/wp-json\/wp\/v2\/product_tag?post=20189"}],"curies":[{"name":"wp","href":"https:\/\/api.w.org\/{rel}","templated":true}]}}