{"id":20193,"date":"2022-08-24T22:20:29","date_gmt":"2022-08-24T22:20:29","guid":{"rendered":"https:\/\/mabawater.com\/producto\/revolvedora-6-5hp-gas-bs\/"},"modified":"2025-03-31T22:33:49","modified_gmt":"2025-03-31T22:33:49","slug":"revolvedora-6-5hp-gas-bs","status":"publish","type":"product","link":"https:\/\/mabawater.com\/en\/product\/revolvedora-6-5hp-gas-bs\/","title":{"rendered":"REVOLVEDORA 6.5HP GAS. B&#038;S"},"content":{"rendered":"<h2>\u00bfC\u00f3mo comprar?<\/h2>\n<p>En MabaWater, ofrecemos una amplia variedad de productos de calidad para el tratamiento de agua. Explora nuestro cat\u00e1logo y encuentra la opci\u00f3n perfecta para satisfacer tus necesidades. Si tienes alguna duda o necesitas m\u00e1s informaci\u00f3n, no dudes en contactarnos a trav\u00e9s del chat o registrandote en el formulario.<\/p>\n<p>Realizar la compra es f\u00e1cil y seguro en nuestra tienda. Aceptamos todas las tarjetas de cr\u00e9dito, dep\u00f3sitos bancarios y transferencias SPEI. Adem\u00e1s, proporcionando tu direcci\u00f3n completa, podremos calcular el costo del env\u00edo y asegurarnos de que tu producto llegue a tu hogar de manera r\u00e1pida y segura.<\/p>\n<p>En MabaWater, nos esforzamos por ofrecer un excelente servicio al cliente, por eso nos aseguramos de que nuestros productos cumplen con los est\u00e1ndares de calidad y esperamos que quedes completamente satisfecho con tu compra. Adem\u00e1s, Si necesitas asesoramiento para la selecci\u00f3n de productos o servicios de instalaci\u00f3n, nuestros expertos estar\u00e1n disponibles para ayudarte.<\/p>\n<h2>Nuestra garant\u00eda<\/h2>\n<ul>\n<li>1 a\u00f1o de garant\u00eda en funcionamiento<\/li>\n<li>1 mes de garant\u00eda en satisfacci\u00f3n<\/li>\n<\/ul>\n<h3>Encu\u00e9ntranos es:<\/h3>\n<p>Calzada Zavaleta #1302. local 101, 75150 Puebla de Zaragoza, M\u00e9xico<\/p>\n<h3>Ll\u00e1manos a:<\/h3>\n<p>Tel\u00e9fono: 222 369 0818Ventas &#8211; Ext 1Atenci\u00f3n a clientes &#8211; Ext 2Asistencia t\u00e9cnica y \u00e1rea de ingenier\u00eda &#8211; Ext 3<\/p>\n<p>Consulta m\u00e1s de nuestro aviso de privacidad <a href=\"https:\/\/mabawater.com\/en\/aviso-de-privacidad\/\">aqu\u00ed<\/a><\/p>\n<h3>Escr\u00edbenos a:<\/h3>\n<p><a href=\"mailto:contacto@mabawater.com\">contacto@mabawater.com<\/a><\/p>","protected":false},"excerpt":{"rendered":"<p><strong>REVOLVEDORA 6.5 HP<\/strong> GAS. B&amp;S: Para uso de la<strong> fabricaci\u00f3n de concreto<\/strong> en obras grandes y peque\u00f1as logrando una mejor mezcla de los componentes de facil operaci\u00f3n para carga y descarga.<\/p>\n<p><a href=\"https:\/\/mabawater.com\/wp-content\/uploads\/2022\/08\/REV075MG0650BS.pdf\">Descarga la ficha t\u00e9cnica aqu\u00ed<\/a><\/p>","protected":false},"featured_media":20083,"comment_status":"open","ping_status":"closed","template":"","meta":[],"product_brand":[],"product_cat":[15,1335],"product_tag":[],"class_list":{"0":"post-20193","1":"product","2":"type-product","3":"status-publish","4":"has-post-thumbnail","6":"product_cat-otros","7":"product_cat-construccion","9":"first","10":"instock","11":"shipping-taxable","12":"product-type-simple"},"yoast_head":"<!-- This site is optimized with the Yoast SEO plugin v26.6 - https:\/\/yoast.com\/wordpress\/plugins\/seo\/ -->\n<title>REVOLVEDORA 6.5HP GAS. B&amp;S - Maba Water<\/title>\n<meta name=\"description\" content=\"REVOLVEDORA 6.5HP GAS. B&amp;S envios a todo M\u00e9xico, entra y consulta m\u00e1s de 50 productos que tenemos para ti, solo las mejores marcas.\" \/>\n<meta name=\"robots\" content=\"index, follow, max-snippet:-1, max-image-preview:large, max-video-preview:-1\" \/>\n<link rel=\"canonical\" href=\"https:\/\/mabawater.com\/en\/product\/revolvedora-6-5hp-gas-bs\/\" \/>\n<meta property=\"og:locale\" content=\"en_US\" \/>\n<meta property=\"og:type\" content=\"article\" \/>\n<meta property=\"og:title\" content=\"REVOLVEDORA 6.5HP GAS. B&amp;S - Maba Water\" \/>\n<meta property=\"og:description\" content=\"REVOLVEDORA 6.5HP GAS. B&amp;S envios a todo M\u00e9xico, entra y consulta m\u00e1s de 50 productos que tenemos para ti, solo las mejores marcas.\" \/>\n<meta property=\"og:url\" content=\"https:\/\/mabawater.com\/en\/product\/revolvedora-6-5hp-gas-bs\/\" \/>\n<meta property=\"og:site_name\" content=\"Maba Water\" \/>\n<meta property=\"article:publisher\" content=\"https:\/\/www.facebook.com\/mabawater\/\" \/>\n<meta property=\"article:modified_time\" content=\"2025-03-31T22:33:49+00:00\" \/>\n<meta property=\"og:image\" content=\"https:\/\/mabawater.com\/wp-content\/uploads\/2022\/08\/Construccion_EVANS_REV075MG0650TH_1L_12.jpeg\" \/>\n\t<meta property=\"og:image:width\" content=\"500\" \/>\n\t<meta property=\"og:image:height\" content=\"500\" \/>\n\t<meta property=\"og:image:type\" content=\"image\/jpeg\" \/>\n<meta name=\"twitter:card\" content=\"summary_large_image\" \/>\n<meta name=\"twitter:label1\" content=\"Est. reading time\" \/>\n\t<meta name=\"twitter:data1\" content=\"1 minute\" \/>\n<!-- \/ Yoast SEO plugin. -->","yoast_head_json":{"title":"REVOLVEDORA 6.5HP GAS. B&S - Maba Water","description":"REVOLVEDORA 6.5HP GAS. B&S envios a todo M\u00e9xico, entra y consulta m\u00e1s de 50 productos que tenemos para ti, solo las mejores marcas.","robots":{"index":"index","follow":"follow","max-snippet":"max-snippet:-1","max-image-preview":"max-image-preview:large","max-video-preview":"max-video-preview:-1"},"canonical":"https:\/\/mabawater.com\/en\/product\/revolvedora-6-5hp-gas-bs\/","og_locale":"en_US","og_type":"article","og_title":"REVOLVEDORA 6.5HP GAS. B&S - Maba Water","og_description":"REVOLVEDORA 6.5HP GAS. B&S envios a todo M\u00e9xico, entra y consulta m\u00e1s de 50 productos que tenemos para ti, solo las mejores marcas.","og_url":"https:\/\/mabawater.com\/en\/product\/revolvedora-6-5hp-gas-bs\/","og_site_name":"Maba Water","article_publisher":"https:\/\/www.facebook.com\/mabawater\/","article_modified_time":"2025-03-31T22:33:49+00:00","og_image":[{"width":500,"height":500,"url":"https:\/\/mabawater.com\/wp-content\/uploads\/2022\/08\/Construccion_EVANS_REV075MG0650TH_1L_12.jpeg","type":"image\/jpeg"}],"twitter_card":"summary_large_image","twitter_misc":{"Est. reading time":"1 minute"},"schema":{"@context":"https:\/\/schema.org","@graph":[{"@type":"WebPage","@id":"https:\/\/mabawater.com\/producto\/revolvedora-6-5hp-gas-bs\/","url":"https:\/\/mabawater.com\/producto\/revolvedora-6-5hp-gas-bs\/","name":"REVOLVEDORA 6.5HP GAS. B&S - Maba Water","isPartOf":{"@id":"https:\/\/mabawater.com\/#website"},"primaryImageOfPage":{"@id":"https:\/\/mabawater.com\/producto\/revolvedora-6-5hp-gas-bs\/#primaryimage"},"image":{"@id":"https:\/\/mabawater.com\/producto\/revolvedora-6-5hp-gas-bs\/#primaryimage"},"thumbnailUrl":"https:\/\/mabawater.com\/wp-content\/uploads\/2022\/08\/Construccion_EVANS_REV075MG0650TH_1L_12.jpeg","datePublished":"2022-08-24T22:20:29+00:00","dateModified":"2025-03-31T22:33:49+00:00","description":"REVOLVEDORA 6.5HP GAS. B&S envios a todo M\u00e9xico, entra y consulta m\u00e1s de 50 productos que tenemos para ti, solo las mejores marcas.","breadcrumb":{"@id":"https:\/\/mabawater.com\/producto\/revolvedora-6-5hp-gas-bs\/#breadcrumb"},"inLanguage":"en-US","potentialAction":[{"@type":"ReadAction","target":["https:\/\/mabawater.com\/producto\/revolvedora-6-5hp-gas-bs\/"]}]},{"@type":"ImageObject","inLanguage":"en-US","@id":"https:\/\/mabawater.com\/producto\/revolvedora-6-5hp-gas-bs\/#primaryimage","url":"https:\/\/mabawater.com\/wp-content\/uploads\/2022\/08\/Construccion_EVANS_REV075MG0650TH_1L_12.jpeg","contentUrl":"https:\/\/mabawater.com\/wp-content\/uploads\/2022\/08\/Construccion_EVANS_REV075MG0650TH_1L_12.jpeg","width":500,"height":500},{"@type":"BreadcrumbList","@id":"https:\/\/mabawater.com\/producto\/revolvedora-6-5hp-gas-bs\/#breadcrumb","itemListElement":[{"@type":"ListItem","position":1,"name":"Portada","item":"https:\/\/mabawater.com\/"},{"@type":"ListItem","position":2,"name":"Productos Para La Calidad Del Agua","item":"https:\/\/mabawater.com\/productos-para-la-calidad-del-agua\/"},{"@type":"ListItem","position":3,"name":"REVOLVEDORA 6.5HP GAS. B&#038;S"}]},{"@type":"WebSite","@id":"https:\/\/mabawater.com\/#website","url":"https:\/\/mabawater.com\/","name":"Maba Water","description":"Soluciones Hidr\u00e1ulicas Sustentables","publisher":{"@id":"https:\/\/mabawater.com\/#organization"},"potentialAction":[{"@type":"SearchAction","target":{"@type":"EntryPoint","urlTemplate":"https:\/\/mabawater.com\/?s={search_term_string}"},"query-input":{"@type":"PropertyValueSpecification","valueRequired":true,"valueName":"search_term_string"}}],"inLanguage":"en-US"},{"@type":"Organization","@id":"https:\/\/mabawater.com\/#organization","name":"Maba Water","url":"https:\/\/mabawater.com\/","logo":{"@type":"ImageObject","inLanguage":"en-US","@id":"https:\/\/mabawater.com\/#\/schema\/logo\/image\/","url":"https:\/\/mabawater.com\/wp-content\/uploads\/2021\/09\/water-icon.png","contentUrl":"https:\/\/mabawater.com\/wp-content\/uploads\/2021\/09\/water-icon.png","width":410,"height":176,"caption":"Maba Water"},"image":{"@id":"https:\/\/mabawater.com\/#\/schema\/logo\/image\/"},"sameAs":["https:\/\/www.facebook.com\/mabawater\/","https:\/\/www.instagram.com\/mabawater\/?hl=es-la"]}]}},"_links":{"self":[{"href":"https:\/\/mabawater.com\/en\/wp-json\/wp\/v2\/product\/20193","targetHints":{"allow":["GET"]}}],"collection":[{"href":"https:\/\/mabawater.com\/en\/wp-json\/wp\/v2\/product"}],"about":[{"href":"https:\/\/mabawater.com\/en\/wp-json\/wp\/v2\/types\/product"}],"replies":[{"embeddable":true,"href":"https:\/\/mabawater.com\/en\/wp-json\/wp\/v2\/comments?post=20193"}],"version-history":[{"count":3,"href":"https:\/\/mabawater.com\/en\/wp-json\/wp\/v2\/product\/20193\/revisions"}],"predecessor-version":[{"id":29215,"href":"https:\/\/mabawater.com\/en\/wp-json\/wp\/v2\/product\/20193\/revisions\/29215"}],"wp:featuredmedia":[{"embeddable":true,"href":"https:\/\/mabawater.com\/en\/wp-json\/wp\/v2\/media\/20083"}],"wp:attachment":[{"href":"https:\/\/mabawater.com\/en\/wp-json\/wp\/v2\/media?parent=20193"}],"wp:term":[{"taxonomy":"product_brand","embeddable":true,"href":"https:\/\/mabawater.com\/en\/wp-json\/wp\/v2\/product_brand?post=20193"},{"taxonomy":"product_cat","embeddable":true,"href":"https:\/\/mabawater.com\/en\/wp-json\/wp\/v2\/product_cat?post=20193"},{"taxonomy":"product_tag","embeddable":true,"href":"https:\/\/mabawater.com\/en\/wp-json\/wp\/v2\/product_tag?post=20193"}],"curies":[{"name":"wp","href":"https:\/\/api.w.org\/{rel}","templated":true}]}}