{"id":20200,"date":"2022-08-24T22:26:26","date_gmt":"2022-08-24T22:26:26","guid":{"rendered":"https:\/\/mabawater.com\/producto\/bailarina-c-motor-4-0hp-rob\/"},"modified":"2024-05-31T07:52:18","modified_gmt":"2024-05-31T07:52:18","slug":"bailarina-c-motor-4-0hp-rob","status":"publish","type":"product","link":"https:\/\/mabawater.com\/en\/product\/bailarina-c-motor-4-0hp-rob\/","title":{"rendered":"BAILARINA C\/MOTOR 4.0HP ROB"},"content":{"rendered":"<h1>BAILARINA C\/MOTOR 4.0HP ROB<\/h1>\n<p>La BAILARINA C\/MOTOR 4.0HP ROB Su uso es ideal para poder ayudar a pulir el concreto y el piso en cualquier obra ya sea de carreteras naves industriales o de construcci\u00f3n habitacional.<\/p>\n<p>Somos una empresa mexicana especializada en soluciones h\u00eddricas sustentables, implementamos proyectos y tecnolog\u00eda que garantice una gesti\u00f3n integral del agua con el objetivo de generar ahorro, uso y manejo responsable\u00a0 y eficiente del recurso, brindar seguridad, calidad y constancia en el suministro de agua potable y saneamiento.<\/p>\n<h2>\u00bfC\u00f3mo comprar?<\/h2>\n<p>En MabaWater, ofrecemos una amplia variedad de productos de calidad para el tratamiento de agua. Explora nuestro cat\u00e1logo y encuentra la opci\u00f3n perfecta para satisfacer tus necesidades. Si tienes alguna duda o necesitas m\u00e1s informaci\u00f3n, no dudes en contactarnos a trav\u00e9s del chat o registrandote en el formulario.<\/p>\n<p>Realizar la compra es f\u00e1cil y seguro en nuestra tienda. Aceptamos todas las tarjetas de cr\u00e9dito, dep\u00f3sitos bancarios y transferencias SPEI. Adem\u00e1s, proporcionando tu direcci\u00f3n completa, podremos calcular el costo del env\u00edo y asegurarnos de que tu producto llegue a tu hogar de manera r\u00e1pida y segura.<\/p>\n<p>En MabaWater, nos esforzamos por ofrecer un excelente servicio al cliente, por eso nos aseguramos de que nuestros productos cumplen con los est\u00e1ndares de calidad y esperamos que quedes completamente satisfecho con tu compra. Adem\u00e1s, Si necesitas asesoramiento para la selecci\u00f3n de productos o servicios de instalaci\u00f3n, nuestros expertos estar\u00e1n disponibles para ayudarte.<\/p>\n<h2>Nuestra garant\u00eda<\/h2>\n<p>1 a\u00f1o de garantia en funcionamiento1 mes de garantia en satisfacci\u00f3n<\/p>\n<h3>Encu\u00e9ntranos es:<\/h3>\n<p>Calzada Zavaleta #1302. local 101, 75150 Puebla de Zaragoza, M\u00e9xico<\/p>\n<h3>Ll\u00e1manos a:<\/h3>\n<p>Tel\u00e9fono: 222 369 0818Ventas &#8211; Ext 1Atenci\u00f3n a clientes &#8211; Ext 2Asistencia t\u00e9cnica y \u00e1rea de ingenieria &#8211; Ext 3<\/p>\n<p>Consulta m\u00e1s de nuestro aviso de privacidad <a href=\"https:\/\/mabawater.com\/en\/aviso-de-privacidad\/\">aqu\u00ed<\/a><\/p>\n<h3>Escribenos a:<\/h3>\n<p><a href=\"mailto:contacto@mabawater.com\">contacto@mabawater.com<\/a><\/p>\n<p>El\u00a0<b>concreto<\/b><sup id=\"cite_ref-3\" class=\"reference separada\"><a href=\"https:\/\/es.wikipedia.org\/wiki\/Concreto#cite_note-3\">3<\/a><\/sup>\u200b (del\u00a0<a title=\"Idioma ingl\u00e9s\" href=\"https:\/\/es.wikipedia.org\/wiki\/Idioma_ingl%C3%A9s\">ingl\u00e9s<\/a>\u00a0<i>concrete<\/i>, y este del\u00a0<a title=\"Lat\u00edn\" href=\"https:\/\/es.wikipedia.org\/wiki\/Lat%C3%ADn\">lat\u00edn<\/a>\u00a0<i>concr\u0113tus<\/i>, \u2018agregado\u2019, \u2018condensado\u2019) u\u00a0<b>hormig\u00f3n<\/b><sup id=\"cite_ref-5\" class=\"reference separada\"><a href=\"https:\/\/es.wikipedia.org\/wiki\/Concreto#cite_note-5\">5<\/a><\/sup>\u200b (de\u00a0<i>hormigo<\/i>, \u2018gachas de harina\u2019)<sup id=\"cite_ref-hormig\u00f3n_4-1\" class=\"reference separada\"><a href=\"https:\/\/es.wikipedia.org\/wiki\/Concreto#cite_note-hormig%C3%B3n-4\">4<\/a><\/sup>\u200b es un\u00a0<a title=\"Material compuesto\" href=\"https:\/\/es.wikipedia.org\/wiki\/Material_compuesto\">material compuesto<\/a> empleado en construcci\u00f3n \u200b<\/p>\n<p>Descarga la ficha t\u00e9cnica <a href=\"https:\/\/mabawater.com\/wp-content\/uploads\/2022\/08\/MR75R.pdf \">aqu\u00ed<\/a><\/p>","protected":false},"excerpt":{"rendered":"<p>Se utiliza principalmente para la compactaci\u00f3n de suelos, principalmente chapopote o tierra u otras superficies, ideal en lugares m\u00e1s angostos y donde se requiera una compactaci\u00f3n m\u00e1s fuerte.<\/p>\n<p>Utilizado por constructoras, contratistas y renteros.<\/p>","protected":false},"featured_media":20114,"comment_status":"open","ping_status":"closed","template":"","meta":[],"product_brand":[],"product_cat":[15,1335],"product_tag":[1389,1385,1388,1390],"class_list":{"0":"post-20200","1":"product","2":"type-product","3":"status-publish","4":"has-post-thumbnail","6":"product_cat-otros","7":"product_cat-construccion","8":"product_tag-4-0hp","9":"product_tag-bailarina","10":"product_tag-c-motor","11":"product_tag-rob","13":"first","14":"instock","15":"shipping-taxable","16":"product-type-simple"},"yoast_head":"<!-- This site is optimized with the Yoast SEO plugin v26.6 - https:\/\/yoast.com\/wordpress\/plugins\/seo\/ -->\n<title>BAILARINA C\/MOTOR 4.0HP ROB - Maba Water<\/title>\n<meta name=\"description\" content=\"La BAILARINA C\/MOTOR 4.0HP ROB Su uso es ideal para poder ayudar a pulir el concreto y el piso en cualquier obra ya sea de carreteras naves industriales\" \/>\n<meta name=\"robots\" content=\"index, follow, max-snippet:-1, max-image-preview:large, max-video-preview:-1\" \/>\n<link rel=\"canonical\" href=\"https:\/\/mabawater.com\/en\/product\/bailarina-c-motor-4-0hp-rob\/\" \/>\n<meta property=\"og:locale\" content=\"en_US\" \/>\n<meta property=\"og:type\" content=\"article\" \/>\n<meta property=\"og:title\" content=\"BAILARINA C\/MOTOR 4.0HP ROB - Maba Water\" \/>\n<meta property=\"og:description\" content=\"La BAILARINA C\/MOTOR 4.0HP ROB Su uso es ideal para poder ayudar a pulir el concreto y el piso en cualquier obra ya sea de carreteras naves industriales\" \/>\n<meta property=\"og:url\" content=\"https:\/\/mabawater.com\/en\/product\/bailarina-c-motor-4-0hp-rob\/\" \/>\n<meta property=\"og:site_name\" content=\"Maba Water\" \/>\n<meta property=\"article:publisher\" content=\"https:\/\/www.facebook.com\/mabawater\/\" \/>\n<meta property=\"article:modified_time\" content=\"2024-05-31T07:52:18+00:00\" \/>\n<meta property=\"og:image\" content=\"https:\/\/mabawater.com\/wp-content\/uploads\/2022\/08\/Construccion_EVANS_MR75R_1L_15.jpeg\" \/>\n\t<meta property=\"og:image:width\" content=\"500\" \/>\n\t<meta property=\"og:image:height\" content=\"500\" \/>\n\t<meta property=\"og:image:type\" content=\"image\/jpeg\" \/>\n<meta name=\"twitter:card\" content=\"summary_large_image\" \/>\n<meta name=\"twitter:label1\" content=\"Est. reading time\" \/>\n\t<meta name=\"twitter:data1\" content=\"2 minutes\" \/>\n<!-- \/ Yoast SEO plugin. -->","yoast_head_json":{"title":"BAILARINA C\/MOTOR 4.0HP ROB - Maba Water","description":"La BAILARINA C\/MOTOR 4.0HP ROB Su uso es ideal para poder ayudar a pulir el concreto y el piso en cualquier obra ya sea de carreteras naves industriales","robots":{"index":"index","follow":"follow","max-snippet":"max-snippet:-1","max-image-preview":"max-image-preview:large","max-video-preview":"max-video-preview:-1"},"canonical":"https:\/\/mabawater.com\/en\/product\/bailarina-c-motor-4-0hp-rob\/","og_locale":"en_US","og_type":"article","og_title":"BAILARINA C\/MOTOR 4.0HP ROB - Maba Water","og_description":"La BAILARINA C\/MOTOR 4.0HP ROB Su uso es ideal para poder ayudar a pulir el concreto y el piso en cualquier obra ya sea de carreteras naves industriales","og_url":"https:\/\/mabawater.com\/en\/product\/bailarina-c-motor-4-0hp-rob\/","og_site_name":"Maba Water","article_publisher":"https:\/\/www.facebook.com\/mabawater\/","article_modified_time":"2024-05-31T07:52:18+00:00","og_image":[{"width":500,"height":500,"url":"https:\/\/mabawater.com\/wp-content\/uploads\/2022\/08\/Construccion_EVANS_MR75R_1L_15.jpeg","type":"image\/jpeg"}],"twitter_card":"summary_large_image","twitter_misc":{"Est. reading time":"2 minutes"},"schema":{"@context":"https:\/\/schema.org","@graph":[{"@type":"WebPage","@id":"https:\/\/mabawater.com\/producto\/bailarina-c-motor-4-0hp-rob\/","url":"https:\/\/mabawater.com\/producto\/bailarina-c-motor-4-0hp-rob\/","name":"BAILARINA C\/MOTOR 4.0HP ROB - Maba Water","isPartOf":{"@id":"https:\/\/mabawater.com\/#website"},"primaryImageOfPage":{"@id":"https:\/\/mabawater.com\/producto\/bailarina-c-motor-4-0hp-rob\/#primaryimage"},"image":{"@id":"https:\/\/mabawater.com\/producto\/bailarina-c-motor-4-0hp-rob\/#primaryimage"},"thumbnailUrl":"https:\/\/mabawater.com\/wp-content\/uploads\/2022\/08\/Construccion_EVANS_MR75R_1L_15.jpeg","datePublished":"2022-08-24T22:26:26+00:00","dateModified":"2024-05-31T07:52:18+00:00","description":"La BAILARINA C\/MOTOR 4.0HP ROB Su uso es ideal para poder ayudar a pulir el concreto y el piso en cualquier obra ya sea de carreteras naves industriales","breadcrumb":{"@id":"https:\/\/mabawater.com\/producto\/bailarina-c-motor-4-0hp-rob\/#breadcrumb"},"inLanguage":"en-US","potentialAction":[{"@type":"ReadAction","target":["https:\/\/mabawater.com\/producto\/bailarina-c-motor-4-0hp-rob\/"]}]},{"@type":"ImageObject","inLanguage":"en-US","@id":"https:\/\/mabawater.com\/producto\/bailarina-c-motor-4-0hp-rob\/#primaryimage","url":"https:\/\/mabawater.com\/wp-content\/uploads\/2022\/08\/Construccion_EVANS_MR75R_1L_15.jpeg","contentUrl":"https:\/\/mabawater.com\/wp-content\/uploads\/2022\/08\/Construccion_EVANS_MR75R_1L_15.jpeg","width":500,"height":500},{"@type":"BreadcrumbList","@id":"https:\/\/mabawater.com\/producto\/bailarina-c-motor-4-0hp-rob\/#breadcrumb","itemListElement":[{"@type":"ListItem","position":1,"name":"Portada","item":"https:\/\/mabawater.com\/"},{"@type":"ListItem","position":2,"name":"Productos Para La Calidad Del Agua","item":"https:\/\/mabawater.com\/productos-para-la-calidad-del-agua\/"},{"@type":"ListItem","position":3,"name":"BAILARINA C\/MOTOR 4.0HP ROB"}]},{"@type":"WebSite","@id":"https:\/\/mabawater.com\/#website","url":"https:\/\/mabawater.com\/","name":"Maba Water","description":"Soluciones Hidr\u00e1ulicas Sustentables","publisher":{"@id":"https:\/\/mabawater.com\/#organization"},"potentialAction":[{"@type":"SearchAction","target":{"@type":"EntryPoint","urlTemplate":"https:\/\/mabawater.com\/?s={search_term_string}"},"query-input":{"@type":"PropertyValueSpecification","valueRequired":true,"valueName":"search_term_string"}}],"inLanguage":"en-US"},{"@type":"Organization","@id":"https:\/\/mabawater.com\/#organization","name":"Maba Water","url":"https:\/\/mabawater.com\/","logo":{"@type":"ImageObject","inLanguage":"en-US","@id":"https:\/\/mabawater.com\/#\/schema\/logo\/image\/","url":"https:\/\/mabawater.com\/wp-content\/uploads\/2021\/09\/water-icon.png","contentUrl":"https:\/\/mabawater.com\/wp-content\/uploads\/2021\/09\/water-icon.png","width":410,"height":176,"caption":"Maba Water"},"image":{"@id":"https:\/\/mabawater.com\/#\/schema\/logo\/image\/"},"sameAs":["https:\/\/www.facebook.com\/mabawater\/","https:\/\/www.instagram.com\/mabawater\/?hl=es-la"]}]}},"_links":{"self":[{"href":"https:\/\/mabawater.com\/en\/wp-json\/wp\/v2\/product\/20200","targetHints":{"allow":["GET"]}}],"collection":[{"href":"https:\/\/mabawater.com\/en\/wp-json\/wp\/v2\/product"}],"about":[{"href":"https:\/\/mabawater.com\/en\/wp-json\/wp\/v2\/types\/product"}],"replies":[{"embeddable":true,"href":"https:\/\/mabawater.com\/en\/wp-json\/wp\/v2\/comments?post=20200"}],"version-history":[{"count":3,"href":"https:\/\/mabawater.com\/en\/wp-json\/wp\/v2\/product\/20200\/revisions"}],"predecessor-version":[{"id":21969,"href":"https:\/\/mabawater.com\/en\/wp-json\/wp\/v2\/product\/20200\/revisions\/21969"}],"wp:featuredmedia":[{"embeddable":true,"href":"https:\/\/mabawater.com\/en\/wp-json\/wp\/v2\/media\/20114"}],"wp:attachment":[{"href":"https:\/\/mabawater.com\/en\/wp-json\/wp\/v2\/media?parent=20200"}],"wp:term":[{"taxonomy":"product_brand","embeddable":true,"href":"https:\/\/mabawater.com\/en\/wp-json\/wp\/v2\/product_brand?post=20200"},{"taxonomy":"product_cat","embeddable":true,"href":"https:\/\/mabawater.com\/en\/wp-json\/wp\/v2\/product_cat?post=20200"},{"taxonomy":"product_tag","embeddable":true,"href":"https:\/\/mabawater.com\/en\/wp-json\/wp\/v2\/product_tag?post=20200"}],"curies":[{"name":"wp","href":"https:\/\/api.w.org\/{rel}","templated":true}]}}