{"id":20203,"date":"2022-08-24T22:26:26","date_gmt":"2022-08-24T22:26:26","guid":{"rendered":"https:\/\/mabawater.com\/producto\/placa-compac-rev-6-5hp-bs\/"},"modified":"2023-01-27T22:35:44","modified_gmt":"2023-01-27T22:35:44","slug":"placa-compac-rev-6-5hp-bs","status":"publish","type":"product","link":"https:\/\/mabawater.com\/en\/product\/placa-compac-rev-6-5hp-bs\/","title":{"rendered":"PLACA COMPAC REV 6.5HP"},"content":{"rendered":"<h1>PLACA COMPAC REV 6.5HP<\/h1>\n<p>La PLACA COMPAC REV 6.5HP es ideal para poder ayudar a pulir el concreto y el piso en cualquier obra ya sea de carreteras naves industriales o de construcci\u00f3n habitacional. Somos una empresa mexicana especializada en soluciones h\u00eddricas sustentables, implementamos proyectos y tecnolog\u00eda que garantice una gesti\u00f3n integral del agua con el objetivo de generar ahorro, uso y manejo responsable\u00a0 y eficiente del recurso, brindar seguridad, calidad y constancia en el suministro de agua potable y saneamiento.<\/p>\n<h2>\u00bfC\u00f3mo comprar?<\/h2>\n<p>En MabaWater, ofrecemos una amplia variedad de productos de calidad para el tratamiento de agua. Explora nuestro cat\u00e1logo y encuentra la opci\u00f3n perfecta para satisfacer tus necesidades. Si tienes alguna duda o necesitas m\u00e1s informaci\u00f3n, no dudes en contactarnos a trav\u00e9s del chat o registrandote en el formulario.<\/p>\n<p>Realizar la compra es f\u00e1cil y seguro en nuestra tienda. Aceptamos todas las tarjetas de cr\u00e9dito, dep\u00f3sitos bancarios y transferencias SPEI. Adem\u00e1s, proporcionando tu direcci\u00f3n completa, podremos calcular el costo del env\u00edo y asegurarnos de que tu producto llegue a tu hogar de manera r\u00e1pida y segura.<\/p>\n<p>En MabaWater, nos esforzamos por ofrecer un excelente servicio al cliente, por eso nos aseguramos de que nuestros productos cumplen con los est\u00e1ndares de calidad y esperamos que quedes completamente satisfecho con tu compra. Adem\u00e1s, Si necesitas asesoramiento para la selecci\u00f3n de productos o servicios de instalaci\u00f3n, nuestros expertos estar\u00e1n disponibles para ayudarte.<\/p>\n<h2>Nuestra garant\u00eda<\/h2>\n<p>1 a\u00f1o de garantia en funcionamiento1 mes de garantia en satisfacci\u00f3n<\/p>\n<h3>Encu\u00e9ntranos es:<\/h3>\n<p>Calzada Zavaleta #1302. local 101, 75150 Puebla de Zaragoza, M\u00e9xico<\/p>\n<h3>Ll\u00e1manos a:<\/h3>\n<p>Tel\u00e9fono: 222 369 0818Ventas &#8211; Ext 1Atenci\u00f3n a clientes &#8211; Ext 2Asistencia t\u00e9cnica y \u00e1rea de ingenieria &#8211; Ext 3<\/p>\n<p>Consulta m\u00e1s de nuestro aviso de privacidad <a href=\"https:\/\/mabawater.com\/en\/aviso-de-privacidad\/\">aqu\u00ed<\/a><\/p>\n<h3>Escribenos a:<\/h3>\n<p><a href=\"mailto:contacto@mabawater.com\">contacto@mabawater.com<\/a><\/p>\n<p>Los\u00a0<a title=\"Cemento\" href=\"https:\/\/es.wikipedia.org\/wiki\/Cemento\">cementos<\/a>\u00a0son productos que amasados con agua fraguan y endurecen form\u00e1ndose nuevos compuestos resultantes de reacciones de hidrataci\u00f3n que son estables tanto al aire como sumergidos en agua.<sup id=\"cite_ref-JM4_26-0\" class=\"reference separada\"><\/sup>\u200b<\/p>\n<p>Hay varios tipos de cementos. Las propiedades de cada uno de ellos est\u00e1n \u00edntimamente asociadas a la composici\u00f3n qu\u00edmica.<\/p>\n<p>El cemento suele venderse en sacos o bolsas, los cuales, dependiendo de las normas de cada pa\u00eds, tienen un peso y volumen espec\u00edficos. Por lo general, un saco de cemento tiene un peso de 42,5 kg y un volumen de 1\u00a0<a title=\"\" href=\"https:\/\/es.wikipedia.org\/wiki\/Pie_c%C3%BAbico\">pie c\u00fabico<\/a>.<sup id=\"cite_ref-1\" class=\"reference separada\"><a href=\"https:\/\/es.wikipedia.org\/wiki\/Cemento#cite_note-1\">1<\/a><\/sup>\u200b Es por ello tambi\u00e9n que, en construcci\u00f3n, se suele utilizar \u00absaco\u00bb o \u00abbolsa\u00bb como unidad de volumen de cemento.<\/p>\n<p>Descarga la ficha t\u00e9cnica <a href=\"https:\/\/mabawater.com\/wp-content\/uploads\/2022\/08\/PMT36BS.pdf \">aqu\u00ed<\/a><\/p>","protected":false},"excerpt":{"rendered":"<p>Su uso es ideal para poder ayudar a pulir el concreto y el piso en cualquier obra ya sea de carreteras naves industriales o de construcci\u00f3n habitacional.<\/p>","protected":false},"featured_media":20130,"comment_status":"open","ping_status":"closed","template":"","meta":[],"product_brand":[],"product_cat":[15,1335],"product_tag":[1371,1346,1397,1394,1398],"class_list":{"0":"post-20203","1":"product","2":"type-product","3":"status-publish","4":"has-post-thumbnail","6":"product_cat-otros","7":"product_cat-construccion","8":"product_tag-6-5hp","9":"product_tag-bs","10":"product_tag-compac-2","11":"product_tag-placa","12":"product_tag-rev","14":"first","15":"instock","16":"shipping-taxable","17":"product-type-simple"},"yoast_head":"<!-- This site is optimized with the Yoast SEO plugin v26.6 - https:\/\/yoast.com\/wordpress\/plugins\/seo\/ -->\n<title>PLACA COMPAC REV 6.5HP - Maba Water<\/title>\n<meta name=\"description\" content=\"La PLACA COMPAC. REV 6.5HP B&amp;S es ideal para poder ayudar a pulir el concreto y el piso en cualquier obra ya sea de carreteras naves industriales\" \/>\n<meta name=\"robots\" content=\"index, follow, max-snippet:-1, max-image-preview:large, max-video-preview:-1\" \/>\n<link rel=\"canonical\" href=\"https:\/\/mabawater.com\/en\/product\/placa-compac-rev-6-5hp-bs\/\" \/>\n<meta property=\"og:locale\" content=\"en_US\" \/>\n<meta property=\"og:type\" content=\"article\" \/>\n<meta property=\"og:title\" content=\"PLACA COMPAC REV 6.5HP - Maba Water\" \/>\n<meta property=\"og:description\" content=\"La PLACA COMPAC. REV 6.5HP B&amp;S es ideal para poder ayudar a pulir el concreto y el piso en cualquier obra ya sea de carreteras naves industriales\" \/>\n<meta property=\"og:url\" content=\"https:\/\/mabawater.com\/en\/product\/placa-compac-rev-6-5hp-bs\/\" \/>\n<meta property=\"og:site_name\" content=\"Maba Water\" \/>\n<meta property=\"article:publisher\" content=\"https:\/\/www.facebook.com\/mabawater\/\" \/>\n<meta property=\"article:modified_time\" content=\"2023-01-27T22:35:44+00:00\" \/>\n<meta property=\"og:image\" content=\"https:\/\/mabawater.com\/wp-content\/uploads\/2022\/08\/Construccion_EVANS_PMT36BS_1L_2.jpeg\" \/>\n\t<meta property=\"og:image:width\" content=\"500\" \/>\n\t<meta property=\"og:image:height\" content=\"500\" \/>\n\t<meta property=\"og:image:type\" content=\"image\/jpeg\" \/>\n<meta name=\"twitter:card\" content=\"summary_large_image\" \/>\n<meta name=\"twitter:label1\" content=\"Est. reading time\" \/>\n\t<meta name=\"twitter:data1\" content=\"2 minutes\" \/>\n<!-- \/ Yoast SEO plugin. -->","yoast_head_json":{"title":"PLACA COMPAC REV 6.5HP - Maba Water","description":"La PLACA COMPAC. REV 6.5HP B&S es ideal para poder ayudar a pulir el concreto y el piso en cualquier obra ya sea de carreteras naves industriales","robots":{"index":"index","follow":"follow","max-snippet":"max-snippet:-1","max-image-preview":"max-image-preview:large","max-video-preview":"max-video-preview:-1"},"canonical":"https:\/\/mabawater.com\/en\/product\/placa-compac-rev-6-5hp-bs\/","og_locale":"en_US","og_type":"article","og_title":"PLACA COMPAC REV 6.5HP - Maba Water","og_description":"La PLACA COMPAC. REV 6.5HP B&S es ideal para poder ayudar a pulir el concreto y el piso en cualquier obra ya sea de carreteras naves industriales","og_url":"https:\/\/mabawater.com\/en\/product\/placa-compac-rev-6-5hp-bs\/","og_site_name":"Maba Water","article_publisher":"https:\/\/www.facebook.com\/mabawater\/","article_modified_time":"2023-01-27T22:35:44+00:00","og_image":[{"width":500,"height":500,"url":"https:\/\/mabawater.com\/wp-content\/uploads\/2022\/08\/Construccion_EVANS_PMT36BS_1L_2.jpeg","type":"image\/jpeg"}],"twitter_card":"summary_large_image","twitter_misc":{"Est. reading time":"2 minutes"},"schema":{"@context":"https:\/\/schema.org","@graph":[{"@type":"WebPage","@id":"https:\/\/mabawater.com\/producto\/placa-compac-rev-6-5hp-bs\/","url":"https:\/\/mabawater.com\/producto\/placa-compac-rev-6-5hp-bs\/","name":"PLACA COMPAC REV 6.5HP - Maba Water","isPartOf":{"@id":"https:\/\/mabawater.com\/#website"},"primaryImageOfPage":{"@id":"https:\/\/mabawater.com\/producto\/placa-compac-rev-6-5hp-bs\/#primaryimage"},"image":{"@id":"https:\/\/mabawater.com\/producto\/placa-compac-rev-6-5hp-bs\/#primaryimage"},"thumbnailUrl":"https:\/\/mabawater.com\/wp-content\/uploads\/2022\/08\/Construccion_EVANS_PMT36BS_1L_2.jpeg","datePublished":"2022-08-24T22:26:26+00:00","dateModified":"2023-01-27T22:35:44+00:00","description":"La PLACA COMPAC. REV 6.5HP B&S es ideal para poder ayudar a pulir el concreto y el piso en cualquier obra ya sea de carreteras naves industriales","breadcrumb":{"@id":"https:\/\/mabawater.com\/producto\/placa-compac-rev-6-5hp-bs\/#breadcrumb"},"inLanguage":"en-US","potentialAction":[{"@type":"ReadAction","target":["https:\/\/mabawater.com\/producto\/placa-compac-rev-6-5hp-bs\/"]}]},{"@type":"ImageObject","inLanguage":"en-US","@id":"https:\/\/mabawater.com\/producto\/placa-compac-rev-6-5hp-bs\/#primaryimage","url":"https:\/\/mabawater.com\/wp-content\/uploads\/2022\/08\/Construccion_EVANS_PMT36BS_1L_2.jpeg","contentUrl":"https:\/\/mabawater.com\/wp-content\/uploads\/2022\/08\/Construccion_EVANS_PMT36BS_1L_2.jpeg","width":500,"height":500,"caption":"PLACA COMPAC REV 6.5HP"},{"@type":"BreadcrumbList","@id":"https:\/\/mabawater.com\/producto\/placa-compac-rev-6-5hp-bs\/#breadcrumb","itemListElement":[{"@type":"ListItem","position":1,"name":"Portada","item":"https:\/\/mabawater.com\/"},{"@type":"ListItem","position":2,"name":"Productos Para La Calidad Del Agua","item":"https:\/\/mabawater.com\/productos-para-la-calidad-del-agua\/"},{"@type":"ListItem","position":3,"name":"PLACA COMPAC REV 6.5HP"}]},{"@type":"WebSite","@id":"https:\/\/mabawater.com\/#website","url":"https:\/\/mabawater.com\/","name":"Maba Water","description":"Soluciones Hidr\u00e1ulicas Sustentables","publisher":{"@id":"https:\/\/mabawater.com\/#organization"},"potentialAction":[{"@type":"SearchAction","target":{"@type":"EntryPoint","urlTemplate":"https:\/\/mabawater.com\/?s={search_term_string}"},"query-input":{"@type":"PropertyValueSpecification","valueRequired":true,"valueName":"search_term_string"}}],"inLanguage":"en-US"},{"@type":"Organization","@id":"https:\/\/mabawater.com\/#organization","name":"Maba Water","url":"https:\/\/mabawater.com\/","logo":{"@type":"ImageObject","inLanguage":"en-US","@id":"https:\/\/mabawater.com\/#\/schema\/logo\/image\/","url":"https:\/\/mabawater.com\/wp-content\/uploads\/2021\/09\/water-icon.png","contentUrl":"https:\/\/mabawater.com\/wp-content\/uploads\/2021\/09\/water-icon.png","width":410,"height":176,"caption":"Maba Water"},"image":{"@id":"https:\/\/mabawater.com\/#\/schema\/logo\/image\/"},"sameAs":["https:\/\/www.facebook.com\/mabawater\/","https:\/\/www.instagram.com\/mabawater\/?hl=es-la"]}]}},"_links":{"self":[{"href":"https:\/\/mabawater.com\/en\/wp-json\/wp\/v2\/product\/20203","targetHints":{"allow":["GET"]}}],"collection":[{"href":"https:\/\/mabawater.com\/en\/wp-json\/wp\/v2\/product"}],"about":[{"href":"https:\/\/mabawater.com\/en\/wp-json\/wp\/v2\/types\/product"}],"replies":[{"embeddable":true,"href":"https:\/\/mabawater.com\/en\/wp-json\/wp\/v2\/comments?post=20203"}],"version-history":[{"count":9,"href":"https:\/\/mabawater.com\/en\/wp-json\/wp\/v2\/product\/20203\/revisions"}],"predecessor-version":[{"id":21970,"href":"https:\/\/mabawater.com\/en\/wp-json\/wp\/v2\/product\/20203\/revisions\/21970"}],"wp:featuredmedia":[{"embeddable":true,"href":"https:\/\/mabawater.com\/en\/wp-json\/wp\/v2\/media\/20130"}],"wp:attachment":[{"href":"https:\/\/mabawater.com\/en\/wp-json\/wp\/v2\/media?parent=20203"}],"wp:term":[{"taxonomy":"product_brand","embeddable":true,"href":"https:\/\/mabawater.com\/en\/wp-json\/wp\/v2\/product_brand?post=20203"},{"taxonomy":"product_cat","embeddable":true,"href":"https:\/\/mabawater.com\/en\/wp-json\/wp\/v2\/product_cat?post=20203"},{"taxonomy":"product_tag","embeddable":true,"href":"https:\/\/mabawater.com\/en\/wp-json\/wp\/v2\/product_tag?post=20203"}],"curies":[{"name":"wp","href":"https:\/\/api.w.org\/{rel}","templated":true}]}}