{"id":20216,"date":"2022-08-26T14:01:35","date_gmt":"2022-08-26T14:01:35","guid":{"rendered":"https:\/\/mabawater.com\/?post_type=product&#038;p=20216"},"modified":"2025-06-09T22:30:43","modified_gmt":"2025-06-09T22:30:43","slug":"celula-fotovoltaica-monocristalino-connera-serie-astral-xhc-460-watts-144-celdas-marco-de-aluminio","status":"publish","type":"product","link":"https:\/\/mabawater.com\/en\/product\/celula-fotovoltaica-monocristalino-connera-serie-astral-xhc-460-watts-144-celdas-marco-de-aluminio\/","title":{"rendered":"Ce\u0301lula fotovoltaica monocristalino, CONNERA, serie ASTRAL XHC, 460 watts, 144 celdas, marco de aluminio"},"content":{"rendered":"<h1>Ce\u0301lula fotovoltaica monocristalino, CONNERA<\/h1>\n<p>serie ASTRAL XHC, 460 watts, 144 celdas, marco de aluminio<\/p>\n<p>Nuestra Ce\u0301lula fotovoltaica monocristalino, CONNERA<\/p>\n<div class=\"woocommerce-product-details__short-description\">\n<ul>\n<li>La tecnolog\u00eda Half-Cell incrementa la eficiencia del circuito el\u00e9ctrico interno al reducir la corriente, la temperatura y las p\u00e9rdidas por<br \/>\nresistencia. Logrando as\u00ed una mayor eficiencia y potencia de salida.<\/li>\n<li>Vidrio anti-reflejante que mejora la absorci\u00f3n de la luz y hace m\u00e1s f\u00e1cil<br \/>\nque se limpie con el agua de lluvia.<\/li>\n<li>Marco altamente resistente para soportar vientos de hasta 2,400Pa<br \/>\n(130 km\/h) y cargas de nieve de 5,400Pa (551 kg\/m).<\/li>\n<li>Excelente resistencia contra PID (degradaci\u00f3n por potencia inducida,<br \/>\npor sus siglas en ingl\u00e9s).<\/li>\n<li>C\u00e9lulas con capacidad de recolecci\u00f3n de corriente m\u00e1s uniforme, con<br \/>\nesto se reduce la p\u00e9rdida interna de corriente.<\/li>\n<\/ul>\n<\/div>\n<form class=\"cart\" action=\"https:\/\/mabawater.com\/en\/product\/celula-fotovoltaica-monocristalino-connera-serie-astral-xhc-460-watts-144-celdas-marco-de-aluminio\/\" enctype=\"multipart\/form-data\" method=\"post\" data-trp-original-action=\"https:\/\/mabawater.com\/producto\/celula-fotovoltaica-monocristalino-connera-serie-astral-xhc-460-watts-144-celdas-marco-de-aluminio\/\">\n<div class=\"quantity\">\n<p>Somos una empresa mexicana especializada en soluciones h\u00eddricas sustentables, implementamos proyectos y tecnolog\u00eda que garantice una gesti\u00f3n integral del agua con el objetivo de generar ahorro, uso y manejo responsable\u00a0 y eficiente del recurso, brindar seguridad, calidad y constancia en el suministro de agua potable y saneamiento.<\/p>\n<h2>\u00bfC\u00f3mo comprar?<\/h2>\n<p>En MabaWater, ofrecemos una amplia variedad de productos de calidad para el tratamiento de agua. Explora nuestro cat\u00e1logo y encuentra la opci\u00f3n perfecta para satisfacer tus necesidades. Si tienes alguna duda o necesitas m\u00e1s informaci\u00f3n, no dudes en contactarnos a trav\u00e9s del chat o registrandote en el formulario.<\/p>\n<p>Realizar la compra es f\u00e1cil y seguro en nuestra tienda. Aceptamos todas las tarjetas de cr\u00e9dito, dep\u00f3sitos bancarios y transferencias SPEI. Adem\u00e1s, proporcionando tu direcci\u00f3n completa, podremos calcular el costo del env\u00edo y asegurarnos de que tu producto llegue a tu hogar de manera r\u00e1pida y segura.<\/p>\n<p>En MabaWater, nos esforzamos por ofrecer un excelente servicio al cliente, por eso nos aseguramos de que nuestros productos cumplen con los est\u00e1ndares de calidad y esperamos que quedes completamente satisfecho con tu compra. Adem\u00e1s, Si necesitas asesoramiento para la selecci\u00f3n de productos o servicios de instalaci\u00f3n, nuestros expertos estar\u00e1n disponibles para ayudarte.<\/p>\n<h2>Nuestra garant\u00eda<\/h2>\n<p>1 a\u00f1o de garantia en funcionamiento1 mes de garantia en satisfacci\u00f3n<\/p>\n<h3>Encu\u00e9ntranos es:<\/h3>\n<p>Calzada Zavaleta #1302. local 101, 75150 Puebla de Zaragoza, M\u00e9xico<\/p>\n<h3>Ll\u00e1manos a:<\/h3>\n<p>Tel\u00e9fono: 222 369 0818Ventas &#8211; Ext 1Atenci\u00f3n a clientes &#8211; Ext 2Asistencia t\u00e9cnica y \u00e1rea de ingenieria &#8211; Ext 3<\/p>\n<p>Consulta m\u00e1s de nuestro aviso de privacidad <a href=\"https:\/\/mabawater.com\/en\/aviso-de-privacidad\/\">aqu\u00ed<\/a><\/p>\n<h3>Escribenos a:<\/h3>\n<p><a href=\"mailto:contacto@mabawater.com\">contacto@mabawater.com<\/a><\/p>\n<p>Una\u00a0<b>c\u00e9lula fotoel\u00e9ctrica<\/b>, tambi\u00e9n llamada\u00a0<b>celda solar, c\u00e9lula solar, fotoc\u00e9lula o c\u00e9lula fotovoltaica<\/b>, es un dispositivo electr\u00f3nico que permite transformar la energ\u00eda lum\u00ednica (<a title=\"Fot\u00f3n\" href=\"https:\/\/es.wikipedia.org\/wiki\/Fot%C3%B3n\">fotones<\/a>) en energ\u00eda el\u00e9ctrica (<a title=\"\" href=\"https:\/\/es.wikipedia.org\/wiki\/Corriente_el%C3%A9ctrica\">flujo de electrones libres<\/a>) mediante el\u00a0<a title=\"Efecto fotoel\u00e9ctrico\" href=\"https:\/\/es.wikipedia.org\/wiki\/Efecto_fotoel%C3%A9ctrico\">efecto fotoel\u00e9ctrico<\/a>, generando\u00a0<a title=\"Energ\u00eda solar fotovoltaica\" href=\"https:\/\/es.wikipedia.org\/wiki\/Energ%C3%ADa_solar_fotovoltaica\">energ\u00eda solar fotovoltaica<\/a>. Compuesto de un material que presenta efecto fotoel\u00e9ctrico: absorbe fotones de luz y emite electrones. Cuando estos electrones libres son capturados, el resultado es una corriente el\u00e9ctrica que puede ser utilizada como electricidad.<\/p>\n<\/div>\n<input type=\"hidden\" name=\"trp-form-language\" value=\"en\"\/><\/form>\n<p>Descarga la ficha t\u00e9cnica <a href=\"https:\/\/mabawater.com\/wp-content\/uploads\/2022\/08\/ft_ficha_tecnica_460_watts.pdf\">aqu\u00ed<\/a><\/p>","protected":false},"excerpt":{"rendered":"<ul>\n<li>La tecnolog\u00eda Half-Cell incrementa la eficiencia del circuito el\u00e9ctrico interno al reducir la corriente, la temperatura y las p\u00e9rdidas por<br \/>\nresistencia. Logrando as\u00ed una mayor eficiencia y potencia de salida.<\/li>\n<li>Vidrio anti-reflejante que mejora la absorci\u00f3n de la luz y hace m\u00e1s f\u00e1cil<br \/>\nque se limpie con el agua de lluvia.<\/li>\n<li>Marco altamente resistente para soportar vientos de hasta 2,400Pa<br \/>\n(130 km\/h) y cargas de nieve de 5,400Pa (551 kg\/m).<\/li>\n<li>Excelente resistencia contra PID (degradaci\u00f3n por potencia inducida,<br \/>\npor sus siglas en ingl\u00e9s).<\/li>\n<li>C\u00e9lulas con capacidad de recolecci\u00f3n de corriente m\u00e1s uniforme, con<br \/>\nesto se reduce la p\u00e9rdida interna de corriente.<\/li>\n<\/ul>","protected":false},"featured_media":20217,"comment_status":"open","ping_status":"closed","template":"","meta":[],"product_brand":[],"product_cat":[190],"product_tag":[724,723,721,696,1415,1414],"class_list":{"0":"post-20216","1":"product","2":"type-product","3":"status-publish","4":"has-post-thumbnail","6":"product_cat-celdas-solares","7":"product_tag-144-celdas","8":"product_tag-460-w","9":"product_tag-celula-fotovoltaica-monocristalino","10":"product_tag-connera","11":"product_tag-marco-de-aluminio","12":"product_tag-serie-astral-xhc","14":"first","15":"instock","16":"shipping-taxable","17":"product-type-simple"},"yoast_head":"<!-- This site is optimized with the Yoast SEO plugin v26.6 - https:\/\/yoast.com\/wordpress\/plugins\/seo\/ -->\n<title>Ce\u0301lula fotovoltaica monocristalino, CONNERA - Maba Water<\/title>\n<meta name=\"description\" content=\"Ce\u0301lula fotovoltaica monocristalino CONNERA, Nuestra Ce\u0301lula fotovoltaica monocristalino, CONNERALa tecnolog\u00eda Half-Cell incrementa la eficiencia\" \/>\n<meta name=\"robots\" content=\"index, follow, max-snippet:-1, max-image-preview:large, max-video-preview:-1\" \/>\n<link rel=\"canonical\" href=\"https:\/\/mabawater.com\/en\/product\/celula-fotovoltaica-monocristalino-connera-serie-astral-xhc-460-watts-144-celdas-marco-de-aluminio\/\" \/>\n<meta property=\"og:locale\" content=\"en_US\" \/>\n<meta property=\"og:type\" content=\"article\" \/>\n<meta property=\"og:title\" content=\"Ce\u0301lula fotovoltaica monocristalino, CONNERA - Maba Water\" \/>\n<meta property=\"og:description\" content=\"Ce\u0301lula fotovoltaica monocristalino CONNERA, Nuestra Ce\u0301lula fotovoltaica monocristalino, CONNERALa tecnolog\u00eda Half-Cell incrementa la eficiencia\" \/>\n<meta property=\"og:url\" content=\"https:\/\/mabawater.com\/en\/product\/celula-fotovoltaica-monocristalino-connera-serie-astral-xhc-460-watts-144-celdas-marco-de-aluminio\/\" \/>\n<meta property=\"og:site_name\" content=\"Maba Water\" \/>\n<meta property=\"article:publisher\" content=\"https:\/\/www.facebook.com\/mabawater\/\" \/>\n<meta property=\"article:modified_time\" content=\"2025-06-09T22:30:43+00:00\" \/>\n<meta property=\"og:image\" content=\"https:\/\/mabawater.com\/wp-content\/uploads\/2022\/08\/astral-duo-hc-460-m144-re-sin-fide-celdaa__1000_g-3-min.jpeg\" \/>\n\t<meta property=\"og:image:width\" content=\"1000\" \/>\n\t<meta property=\"og:image:height\" content=\"1000\" \/>\n\t<meta property=\"og:image:type\" content=\"image\/jpeg\" \/>\n<meta name=\"twitter:card\" content=\"summary_large_image\" \/>\n<meta name=\"twitter:label1\" content=\"Est. reading time\" \/>\n\t<meta name=\"twitter:data1\" content=\"3 minutes\" \/>\n<!-- \/ Yoast SEO plugin. -->","yoast_head_json":{"title":"Ce\u0301lula fotovoltaica monocristalino, CONNERA - Maba Water","description":"Ce\u0301lula fotovoltaica monocristalino CONNERA, Nuestra Ce\u0301lula fotovoltaica monocristalino, CONNERALa tecnolog\u00eda Half-Cell incrementa la eficiencia","robots":{"index":"index","follow":"follow","max-snippet":"max-snippet:-1","max-image-preview":"max-image-preview:large","max-video-preview":"max-video-preview:-1"},"canonical":"https:\/\/mabawater.com\/en\/product\/celula-fotovoltaica-monocristalino-connera-serie-astral-xhc-460-watts-144-celdas-marco-de-aluminio\/","og_locale":"en_US","og_type":"article","og_title":"Ce\u0301lula fotovoltaica monocristalino, CONNERA - Maba Water","og_description":"Ce\u0301lula fotovoltaica monocristalino CONNERA, Nuestra Ce\u0301lula fotovoltaica monocristalino, CONNERALa tecnolog\u00eda Half-Cell incrementa la eficiencia","og_url":"https:\/\/mabawater.com\/en\/product\/celula-fotovoltaica-monocristalino-connera-serie-astral-xhc-460-watts-144-celdas-marco-de-aluminio\/","og_site_name":"Maba Water","article_publisher":"https:\/\/www.facebook.com\/mabawater\/","article_modified_time":"2025-06-09T22:30:43+00:00","og_image":[{"width":1000,"height":1000,"url":"https:\/\/mabawater.com\/wp-content\/uploads\/2022\/08\/astral-duo-hc-460-m144-re-sin-fide-celdaa__1000_g-3-min.jpeg","type":"image\/jpeg"}],"twitter_card":"summary_large_image","twitter_misc":{"Est. reading time":"3 minutes"},"schema":{"@context":"https:\/\/schema.org","@graph":[{"@type":"WebPage","@id":"https:\/\/mabawater.com\/en\/product\/celula-fotovoltaica-monocristalino-connera-serie-astral-xhc-460-watts-144-celdas-marco-de-aluminio\/","url":"https:\/\/mabawater.com\/en\/product\/celula-fotovoltaica-monocristalino-connera-serie-astral-xhc-460-watts-144-celdas-marco-de-aluminio\/","name":"Ce\u0301lula fotovoltaica monocristalino, CONNERA - Maba Water","isPartOf":{"@id":"https:\/\/mabawater.com\/#website"},"primaryImageOfPage":{"@id":"https:\/\/mabawater.com\/en\/product\/celula-fotovoltaica-monocristalino-connera-serie-astral-xhc-460-watts-144-celdas-marco-de-aluminio\/#primaryimage"},"image":{"@id":"https:\/\/mabawater.com\/en\/product\/celula-fotovoltaica-monocristalino-connera-serie-astral-xhc-460-watts-144-celdas-marco-de-aluminio\/#primaryimage"},"thumbnailUrl":"https:\/\/mabawater.com\/wp-content\/uploads\/2022\/08\/astral-duo-hc-460-m144-re-sin-fide-celdaa__1000_g-3-min.jpeg","datePublished":"2022-08-26T14:01:35+00:00","dateModified":"2025-06-09T22:30:43+00:00","description":"Ce\u0301lula fotovoltaica monocristalino CONNERA, Nuestra Ce\u0301lula fotovoltaica monocristalino, CONNERALa tecnolog\u00eda Half-Cell incrementa la eficiencia","breadcrumb":{"@id":"https:\/\/mabawater.com\/en\/product\/celula-fotovoltaica-monocristalino-connera-serie-astral-xhc-460-watts-144-celdas-marco-de-aluminio\/#breadcrumb"},"inLanguage":"en-US","potentialAction":[{"@type":"ReadAction","target":["https:\/\/mabawater.com\/en\/product\/celula-fotovoltaica-monocristalino-connera-serie-astral-xhc-460-watts-144-celdas-marco-de-aluminio\/"]}]},{"@type":"ImageObject","inLanguage":"en-US","@id":"https:\/\/mabawater.com\/en\/product\/celula-fotovoltaica-monocristalino-connera-serie-astral-xhc-460-watts-144-celdas-marco-de-aluminio\/#primaryimage","url":"https:\/\/mabawater.com\/wp-content\/uploads\/2022\/08\/astral-duo-hc-460-m144-re-sin-fide-celdaa__1000_g-3-min.jpeg","contentUrl":"https:\/\/mabawater.com\/wp-content\/uploads\/2022\/08\/astral-duo-hc-460-m144-re-sin-fide-celdaa__1000_g-3-min.jpeg","width":1000,"height":1000},{"@type":"BreadcrumbList","@id":"https:\/\/mabawater.com\/en\/product\/celula-fotovoltaica-monocristalino-connera-serie-astral-xhc-460-watts-144-celdas-marco-de-aluminio\/#breadcrumb","itemListElement":[{"@type":"ListItem","position":1,"name":"Portada","item":"https:\/\/mabawater.com\/"},{"@type":"ListItem","position":2,"name":"Productos Para La Calidad Del Agua","item":"https:\/\/mabawater.com\/productos-para-la-calidad-del-agua\/"},{"@type":"ListItem","position":3,"name":"Ce\u0301lula fotovoltaica monocristalino, CONNERA, serie ASTRAL XHC, 460 watts, 144 celdas, marco de aluminio"}]},{"@type":"WebSite","@id":"https:\/\/mabawater.com\/#website","url":"https:\/\/mabawater.com\/","name":"Maba Water","description":"Soluciones Hidr\u00e1ulicas Sustentables","publisher":{"@id":"https:\/\/mabawater.com\/#organization"},"potentialAction":[{"@type":"SearchAction","target":{"@type":"EntryPoint","urlTemplate":"https:\/\/mabawater.com\/?s={search_term_string}"},"query-input":{"@type":"PropertyValueSpecification","valueRequired":true,"valueName":"search_term_string"}}],"inLanguage":"en-US"},{"@type":"Organization","@id":"https:\/\/mabawater.com\/#organization","name":"Maba Water","url":"https:\/\/mabawater.com\/","logo":{"@type":"ImageObject","inLanguage":"en-US","@id":"https:\/\/mabawater.com\/#\/schema\/logo\/image\/","url":"https:\/\/mabawater.com\/wp-content\/uploads\/2021\/09\/water-icon.png","contentUrl":"https:\/\/mabawater.com\/wp-content\/uploads\/2021\/09\/water-icon.png","width":410,"height":176,"caption":"Maba Water"},"image":{"@id":"https:\/\/mabawater.com\/#\/schema\/logo\/image\/"},"sameAs":["https:\/\/www.facebook.com\/mabawater\/","https:\/\/www.instagram.com\/mabawater\/?hl=es-la"]}]}},"_links":{"self":[{"href":"https:\/\/mabawater.com\/en\/wp-json\/wp\/v2\/product\/20216","targetHints":{"allow":["GET"]}}],"collection":[{"href":"https:\/\/mabawater.com\/en\/wp-json\/wp\/v2\/product"}],"about":[{"href":"https:\/\/mabawater.com\/en\/wp-json\/wp\/v2\/types\/product"}],"replies":[{"embeddable":true,"href":"https:\/\/mabawater.com\/en\/wp-json\/wp\/v2\/comments?post=20216"}],"version-history":[{"count":6,"href":"https:\/\/mabawater.com\/en\/wp-json\/wp\/v2\/product\/20216\/revisions"}],"predecessor-version":[{"id":21957,"href":"https:\/\/mabawater.com\/en\/wp-json\/wp\/v2\/product\/20216\/revisions\/21957"}],"wp:featuredmedia":[{"embeddable":true,"href":"https:\/\/mabawater.com\/en\/wp-json\/wp\/v2\/media\/20217"}],"wp:attachment":[{"href":"https:\/\/mabawater.com\/en\/wp-json\/wp\/v2\/media?parent=20216"}],"wp:term":[{"taxonomy":"product_brand","embeddable":true,"href":"https:\/\/mabawater.com\/en\/wp-json\/wp\/v2\/product_brand?post=20216"},{"taxonomy":"product_cat","embeddable":true,"href":"https:\/\/mabawater.com\/en\/wp-json\/wp\/v2\/product_cat?post=20216"},{"taxonomy":"product_tag","embeddable":true,"href":"https:\/\/mabawater.com\/en\/wp-json\/wp\/v2\/product_tag?post=20216"}],"curies":[{"name":"wp","href":"https:\/\/api.w.org\/{rel}","templated":true}]}}