{"id":20223,"date":"2022-08-26T14:40:04","date_gmt":"2022-08-26T14:40:04","guid":{"rendered":"https:\/\/mabawater.com\/?post_type=product&#038;p=20223"},"modified":"2023-01-25T20:07:18","modified_gmt":"2023-01-25T20:07:18","slug":"presurizador-individual-tradicional-aqua-pak","status":"publish","type":"product","link":"https:\/\/mabawater.com\/en\/product\/presurizador-individual-tradicional-aqua-pak\/","title":{"rendered":"Presurizador individual tradicional AQUA PAK, 1 HP, 1 fase, 115 Volts, bomba STEP80 y tanque AQUAPAKPRO XLB20"},"content":{"rendered":"<h1>Presurizador individual tradicional AQUA PAK<\/h1>\n<p>Nuestro Presurizador individual tradicional AQUA PAK 1 HP, 1 fase, 115 Volts, bomba STEP80 y tanque AQUAPAKPRO XLB20<\/p>\n<p>La bomba multietapas serie STEP marca AQUA PAK nos ofrece confiabilidad y un bajo consumo energ\u00e9tico. Es ideal para el uso dom\u00e9stico, especialmente para la presurizaci\u00f3n y sistemas de irrigaci\u00f3n.<\/p>\n<p>Tanque precargado con dise\u00f1o de diafragma para sistemas hidroneum\u00e1ticos de agua a presi\u00f3n.<\/p>\n<p>Somos una empresa mexicana especializada en soluciones h\u00eddricas sustentables, implementamos proyectos y tecnolog\u00eda que garantice una gesti\u00f3n integral del agua con el objetivo de generar ahorro, uso y manejo responsable\u00a0 y eficiente del recurso, brindar seguridad, calidad y constancia en el suministro de agua potable y saneamiento.<\/p>\n<h2>\u00bfC\u00f3mo comprar?<\/h2>\n<p>En MabaWater, ofrecemos una amplia variedad de productos de calidad para el tratamiento de agua. Explora nuestro cat\u00e1logo y encuentra la opci\u00f3n perfecta para satisfacer tus necesidades. Si tienes alguna duda o necesitas m\u00e1s informaci\u00f3n, no dudes en contactarnos a trav\u00e9s del chat o registrandote en el formulario.<\/p>\n<p>Realizar la compra es f\u00e1cil y seguro en nuestra tienda. Aceptamos todas las tarjetas de cr\u00e9dito, dep\u00f3sitos bancarios y transferencias SPEI. Adem\u00e1s, proporcionando tu direcci\u00f3n completa, podremos calcular el costo del env\u00edo y asegurarnos de que tu producto llegue a tu hogar de manera r\u00e1pida y segura.<\/p>\n<p>En MabaWater, nos esforzamos por ofrecer un excelente servicio al cliente, por eso nos aseguramos de que nuestros productos cumplen con los est\u00e1ndares de calidad y esperamos que quedes completamente satisfecho con tu compra. Adem\u00e1s, Si necesitas asesoramiento para la selecci\u00f3n de productos o servicios de instalaci\u00f3n, nuestros expertos estar\u00e1n disponibles para ayudarte.<\/p>\n<h2>Nuestra garant\u00eda<\/h2>\n<p>1 a\u00f1o de garantia en funcionamiento1 mes de garantia en satisfacci\u00f3n<\/p>\n<h3>Encu\u00e9ntranos es:<\/h3>\n<p>Calzada Zavaleta #1302. local 101, 75150 Puebla de Zaragoza, M\u00e9xico<\/p>\n<h3>Ll\u00e1manos a:<\/h3>\n<p>Tel\u00e9fono: 222 369 0818Ventas &#8211; Ext 1Atenci\u00f3n a clientes &#8211; Ext 2Asistencia t\u00e9cnica y \u00e1rea de ingenieria &#8211; Ext 3<\/p>\n<p>Consulta m\u00e1s de nuestro aviso de privacidad <a href=\"https:\/\/mabawater.com\/en\/aviso-de-privacidad\/\">aqu\u00ed<\/a><\/p>\n<h3>Escribenos a:<\/h3>\n<p><a href=\"mailto:contacto@mabawater.com\">contacto@mabawater.com<\/a><\/p>\n<p>Un\u00a0<b>dep\u00f3sito de presi\u00f3n<\/b>\u00a0o\u00a0<b>presurizador<\/b>\u00a0se utiliza para mantener la\u00a0<a title=\"Presi\u00f3n\" href=\"https:\/\/es.wikipedia.org\/wiki\/Presi%C3%B3n\">presi\u00f3n<\/a>\u00a0deseada en un sistema de tuber\u00edas de agua. Entre las principales aplicaciones se encuentra la regulaci\u00f3n de la presi\u00f3n en circuitos de agua potable en los hogares o en los barcos, caravanas, etc&#8230;<sup id=\"cite_ref-Just_Water_Pumps_2022_1-0\" class=\"reference separada\"><a href=\"https:\/\/es.wikipedia.org\/wiki\/Dep%C3%B3sito_de_presi%C3%B3n#cite_note-Just_Water_Pumps_2022-1\">1<\/a><\/sup>\u200b<\/p>\n<p>Descarga las fichas t\u00e9cnicas aqu\u00ed de <a href=\"https:\/\/mabawater.com\/wp-content\/uploads\/2022\/08\/ftt_ficha_tecnica_tanque.pdf\">Tanque<\/a> y <a href=\"https:\/\/mabawater.com\/wp-content\/uploads\/2022\/08\/ft_ficha_tecnica_bomba-1.pdf\">Bomba<\/a><\/p>","protected":false},"excerpt":{"rendered":"<p>La bomba multietapas serie STEP marca AQUA PAK nos ofrece confiabilidad y un bajo consumo energ\u00e9tico. Es ideal para el uso dom\u00e9stico, especialmente para la presurizaci\u00f3n y sistemas de irrigaci\u00f3n.<\/p>\n<p>Tanque precargado con dise\u00f1o de diafragma para sistemas hidroneum\u00e1ticos de agua a presi\u00f3n.<\/p>","protected":false},"featured_media":20224,"comment_status":"open","ping_status":"closed","template":"","meta":[],"product_brand":[],"product_cat":[148,165],"product_tag":[491,319,513,521,1241,94,492,1231,522,1230,1417,1039,1232,494,1242],"class_list":{"0":"post-20223","1":"product","2":"type-product","3":"status-publish","4":"has-post-thumbnail","6":"product_cat-hidroneumaticos","7":"product_cat-aquapak","8":"product_tag-491","9":"product_tag-1-hp","10":"product_tag-513","11":"product_tag-aqua","12":"product_tag-aquapakpro","13":"product_tag-bomba","14":"product_tag-fase","15":"product_tag-individual","16":"product_tag-pak","17":"product_tag-presurizador","18":"product_tag-step80","19":"product_tag-tanque","20":"product_tag-tradicional","21":"product_tag-volts","22":"product_tag-xlb20","24":"first","25":"instock","26":"shipping-taxable","27":"product-type-simple"},"yoast_head":"<!-- This site is optimized with the Yoast SEO plugin v26.6 - https:\/\/yoast.com\/wordpress\/plugins\/seo\/ -->\n<title>Presurizador individual tradicional AQUA PAK, 1 HP - Maba Water<\/title>\n<meta name=\"description\" content=\"Presurizador individual tradicional AQUA PAK\u00a0La bomba multietapas serie STEP marca AQUA PAK nos ofrece confiabilidad y un bajo consumo energ\u00e9tico.\" \/>\n<meta name=\"robots\" content=\"index, follow, max-snippet:-1, max-image-preview:large, max-video-preview:-1\" \/>\n<link rel=\"canonical\" href=\"https:\/\/mabawater.com\/en\/product\/presurizador-individual-tradicional-aqua-pak\/\" \/>\n<meta property=\"og:locale\" content=\"en_US\" \/>\n<meta property=\"og:type\" content=\"article\" \/>\n<meta property=\"og:title\" content=\"Presurizador individual tradicional AQUA PAK, 1 HP - Maba Water\" \/>\n<meta property=\"og:description\" content=\"Presurizador individual tradicional AQUA PAK\u00a0La bomba multietapas serie STEP marca AQUA PAK nos ofrece confiabilidad y un bajo consumo energ\u00e9tico.\" \/>\n<meta property=\"og:url\" content=\"https:\/\/mabawater.com\/en\/product\/presurizador-individual-tradicional-aqua-pak\/\" \/>\n<meta property=\"og:site_name\" content=\"Maba Water\" \/>\n<meta property=\"article:publisher\" content=\"https:\/\/www.facebook.com\/mabawater\/\" \/>\n<meta property=\"article:modified_time\" content=\"2023-01-25T20:07:18+00:00\" \/>\n<meta property=\"og:image\" content=\"https:\/\/mabawater.com\/wp-content\/uploads\/2022\/08\/step_proxlb_20gal__1000__1.jpeg\" \/>\n\t<meta property=\"og:image:width\" content=\"1000\" \/>\n\t<meta property=\"og:image:height\" content=\"1000\" \/>\n\t<meta property=\"og:image:type\" content=\"image\/jpeg\" \/>\n<meta name=\"twitter:card\" content=\"summary_large_image\" \/>\n<meta name=\"twitter:label1\" content=\"Est. reading time\" \/>\n\t<meta name=\"twitter:data1\" content=\"2 minutes\" \/>\n<!-- \/ Yoast SEO plugin. -->","yoast_head_json":{"title":"Presurizador individual tradicional AQUA PAK, 1 HP - Maba Water","description":"Presurizador individual tradicional AQUA PAK\u00a0La bomba multietapas serie STEP marca AQUA PAK nos ofrece confiabilidad y un bajo consumo energ\u00e9tico.","robots":{"index":"index","follow":"follow","max-snippet":"max-snippet:-1","max-image-preview":"max-image-preview:large","max-video-preview":"max-video-preview:-1"},"canonical":"https:\/\/mabawater.com\/en\/product\/presurizador-individual-tradicional-aqua-pak\/","og_locale":"en_US","og_type":"article","og_title":"Presurizador individual tradicional AQUA PAK, 1 HP - Maba Water","og_description":"Presurizador individual tradicional AQUA PAK\u00a0La bomba multietapas serie STEP marca AQUA PAK nos ofrece confiabilidad y un bajo consumo energ\u00e9tico.","og_url":"https:\/\/mabawater.com\/en\/product\/presurizador-individual-tradicional-aqua-pak\/","og_site_name":"Maba Water","article_publisher":"https:\/\/www.facebook.com\/mabawater\/","article_modified_time":"2023-01-25T20:07:18+00:00","og_image":[{"width":1000,"height":1000,"url":"https:\/\/mabawater.com\/wp-content\/uploads\/2022\/08\/step_proxlb_20gal__1000__1.jpeg","type":"image\/jpeg"}],"twitter_card":"summary_large_image","twitter_misc":{"Est. reading time":"2 minutes"},"schema":{"@context":"https:\/\/schema.org","@graph":[{"@type":"WebPage","@id":"https:\/\/mabawater.com\/producto\/presurizador-individual-tradicional-aqua-pak\/","url":"https:\/\/mabawater.com\/producto\/presurizador-individual-tradicional-aqua-pak\/","name":"Presurizador individual tradicional AQUA PAK, 1 HP - Maba Water","isPartOf":{"@id":"https:\/\/mabawater.com\/#website"},"primaryImageOfPage":{"@id":"https:\/\/mabawater.com\/producto\/presurizador-individual-tradicional-aqua-pak\/#primaryimage"},"image":{"@id":"https:\/\/mabawater.com\/producto\/presurizador-individual-tradicional-aqua-pak\/#primaryimage"},"thumbnailUrl":"https:\/\/mabawater.com\/wp-content\/uploads\/2022\/08\/step_proxlb_20gal__1000__1.jpeg","datePublished":"2022-08-26T14:40:04+00:00","dateModified":"2023-01-25T20:07:18+00:00","description":"Presurizador individual tradicional AQUA PAK\u00a0La bomba multietapas serie STEP marca AQUA PAK nos ofrece confiabilidad y un bajo consumo energ\u00e9tico.","breadcrumb":{"@id":"https:\/\/mabawater.com\/producto\/presurizador-individual-tradicional-aqua-pak\/#breadcrumb"},"inLanguage":"en-US","potentialAction":[{"@type":"ReadAction","target":["https:\/\/mabawater.com\/producto\/presurizador-individual-tradicional-aqua-pak\/"]}]},{"@type":"ImageObject","inLanguage":"en-US","@id":"https:\/\/mabawater.com\/producto\/presurizador-individual-tradicional-aqua-pak\/#primaryimage","url":"https:\/\/mabawater.com\/wp-content\/uploads\/2022\/08\/step_proxlb_20gal__1000__1.jpeg","contentUrl":"https:\/\/mabawater.com\/wp-content\/uploads\/2022\/08\/step_proxlb_20gal__1000__1.jpeg","width":1000,"height":1000},{"@type":"BreadcrumbList","@id":"https:\/\/mabawater.com\/producto\/presurizador-individual-tradicional-aqua-pak\/#breadcrumb","itemListElement":[{"@type":"ListItem","position":1,"name":"Portada","item":"https:\/\/mabawater.com\/"},{"@type":"ListItem","position":2,"name":"Productos Para La Calidad Del Agua","item":"https:\/\/mabawater.com\/productos-para-la-calidad-del-agua\/"},{"@type":"ListItem","position":3,"name":"Presurizador individual tradicional AQUA PAK, 1 HP, 1 fase, 115 Volts, bomba STEP80 y tanque AQUAPAKPRO XLB20"}]},{"@type":"WebSite","@id":"https:\/\/mabawater.com\/#website","url":"https:\/\/mabawater.com\/","name":"Maba Water","description":"Soluciones Hidr\u00e1ulicas Sustentables","publisher":{"@id":"https:\/\/mabawater.com\/#organization"},"potentialAction":[{"@type":"SearchAction","target":{"@type":"EntryPoint","urlTemplate":"https:\/\/mabawater.com\/?s={search_term_string}"},"query-input":{"@type":"PropertyValueSpecification","valueRequired":true,"valueName":"search_term_string"}}],"inLanguage":"en-US"},{"@type":"Organization","@id":"https:\/\/mabawater.com\/#organization","name":"Maba Water","url":"https:\/\/mabawater.com\/","logo":{"@type":"ImageObject","inLanguage":"en-US","@id":"https:\/\/mabawater.com\/#\/schema\/logo\/image\/","url":"https:\/\/mabawater.com\/wp-content\/uploads\/2021\/09\/water-icon.png","contentUrl":"https:\/\/mabawater.com\/wp-content\/uploads\/2021\/09\/water-icon.png","width":410,"height":176,"caption":"Maba Water"},"image":{"@id":"https:\/\/mabawater.com\/#\/schema\/logo\/image\/"},"sameAs":["https:\/\/www.facebook.com\/mabawater\/","https:\/\/www.instagram.com\/mabawater\/?hl=es-la"]}]}},"_links":{"self":[{"href":"https:\/\/mabawater.com\/en\/wp-json\/wp\/v2\/product\/20223","targetHints":{"allow":["GET"]}}],"collection":[{"href":"https:\/\/mabawater.com\/en\/wp-json\/wp\/v2\/product"}],"about":[{"href":"https:\/\/mabawater.com\/en\/wp-json\/wp\/v2\/types\/product"}],"replies":[{"embeddable":true,"href":"https:\/\/mabawater.com\/en\/wp-json\/wp\/v2\/comments?post=20223"}],"version-history":[{"count":5,"href":"https:\/\/mabawater.com\/en\/wp-json\/wp\/v2\/product\/20223\/revisions"}],"predecessor-version":[{"id":21956,"href":"https:\/\/mabawater.com\/en\/wp-json\/wp\/v2\/product\/20223\/revisions\/21956"}],"wp:featuredmedia":[{"embeddable":true,"href":"https:\/\/mabawater.com\/en\/wp-json\/wp\/v2\/media\/20224"}],"wp:attachment":[{"href":"https:\/\/mabawater.com\/en\/wp-json\/wp\/v2\/media?parent=20223"}],"wp:term":[{"taxonomy":"product_brand","embeddable":true,"href":"https:\/\/mabawater.com\/en\/wp-json\/wp\/v2\/product_brand?post=20223"},{"taxonomy":"product_cat","embeddable":true,"href":"https:\/\/mabawater.com\/en\/wp-json\/wp\/v2\/product_cat?post=20223"},{"taxonomy":"product_tag","embeddable":true,"href":"https:\/\/mabawater.com\/en\/wp-json\/wp\/v2\/product_tag?post=20223"}],"curies":[{"name":"wp","href":"https:\/\/api.w.org\/{rel}","templated":true}]}}