{"id":20263,"date":"2022-08-26T17:23:54","date_gmt":"2022-08-26T17:23:54","guid":{"rendered":"https:\/\/mabawater.com\/?post_type=product&#038;p=20263"},"modified":"2026-03-09T23:08:17","modified_gmt":"2026-03-09T23:08:17","slug":"medidor-de-acidez-o-alcalinidad-ph-purikor-0-0-14-0","status":"publish","type":"product","link":"https:\/\/mabawater.com\/en\/product\/medidor-de-acidez-o-alcalinidad-ph-purikor-0-0-14-0\/","title":{"rendered":"Medidor de acidez o alcalinidad (pH), PURIKOR, 0.0 &#8211; 14.0"},"content":{"rendered":"<h2>Medidor de acidez o alcalinidad<\/h2>\n<p>Nuestro Medidor de acidez o alcalinidad (pH), PURIKOR, 0.0 &#8211; 14.0 Permite medir el grado de acidez o alcalinidad de una disoluci\u00f3n<\/p>\n<p>Pantalla digital LCD<\/p>\n<p>Dise\u00f1o peque\u00f1o y robusto<\/p>\n<p>Incluye estuche para transporte<\/p>\n<p>Bater\u00edas incluidas (3 x LR44 1.5V)<\/p>\n<p>Vida \u00fatil de la bater\u00eda: 150hrs (uso continuo)<\/p>\n<p>Valor de medici\u00f3n instant\u00e1neo<\/p>\n<p>Equipo calibrado de f\u00e1brica<\/p>\n<p>Somos una empresa mexicana especializada en soluciones h\u00eddricas sustentables, implementamos proyectos y tecnolog\u00eda que garantice una gesti\u00f3n integral del agua con el objetivo de generar ahorro, uso y manejo responsable\u00a0 y eficiente del recurso, brindar seguridad, calidad y constancia en el suministro de agua potable y saneamiento.<\/p>\n<h2>\u00bfC\u00f3mo comprar?<\/h2>\n<p>En MabaWater, ofrecemos una amplia variedad de productos de calidad para el tratamiento de agua. Explora nuestro cat\u00e1logo y encuentra la opci\u00f3n perfecta para satisfacer tus necesidades. Si tienes alguna duda o necesitas m\u00e1s informaci\u00f3n, no dudes en contactarnos a trav\u00e9s del chat o registrandote en el formulario.<\/p>\n<p>Realizar la compra es f\u00e1cil y seguro en nuestra tienda. Aceptamos todas las tarjetas de cr\u00e9dito, dep\u00f3sitos bancarios y transferencias SPEI. Adem\u00e1s, proporcionando tu direcci\u00f3n completa, podremos calcular el costo del env\u00edo y asegurarnos de que tu producto llegue a tu hogar de manera r\u00e1pida y segura.<\/p>\n<p>En MabaWater, nos esforzamos por ofrecer un excelente servicio al cliente, por eso nos aseguramos de que nuestros productos cumplen con los est\u00e1ndares de calidad y esperamos que quedes completamente satisfecho con tu compra. Adem\u00e1s, Si necesitas asesoramiento para la selecci\u00f3n de productos o servicios de instalaci\u00f3n, nuestros expertos estar\u00e1n disponibles para ayudarte.<\/p>\n<h2>Nuestra garant\u00eda<\/h2>\n<p>1 a\u00f1o de garantia en funcionamiento1 mes de garantia en satisfacci\u00f3n<\/p>\n<h3>Encu\u00e9ntranos es:<\/h3>\n<p>Calzada Zavaleta #1302. local 101, 75150 Puebla de Zaragoza, M\u00e9xico<\/p>\n<h3>Ll\u00e1manos a:<\/h3>\n<p>Tel\u00e9fono: 222 369 0818Ventas &#8211; Ext 1Atenci\u00f3n a clientes &#8211; Ext 2Asistencia t\u00e9cnica y \u00e1rea de ingenieria &#8211; Ext 3<\/p>\n<p>Consulta m\u00e1s de nuestro aviso de privacidad <a href=\"https:\/\/mabawater.com\/en\/aviso-de-privacidad\/\">aqu\u00ed<\/a><\/p>\n<h3>Escribenos a:<\/h3>\n<p><a href=\"mailto:contacto@mabawater.com\">contacto@mabawater.com<\/a><\/p>\n<p>Ver m\u00e1s acerca del tema, aqu\u00ed:<\/p>\n<p>La\u00a0<b>basicidad<\/b>\u00a0es la capacidad \u00e1cidoneutralizante de una\u00a0<a title=\"Sustancia qu\u00edmica\" href=\"https:\/\/es.wikipedia.org\/wiki\/Sustancia_qu%C3%ADmica\">sustancia qu\u00edmica<\/a>\u00a0en\u00a0<a title=\"Disoluci\u00f3n\" href=\"https:\/\/es.wikipedia.org\/wiki\/Disoluci%C3%B3n\">soluci\u00f3n<\/a>\u00a0acuosa.\u00a0<sup id=\"cite_ref-1\" class=\"reference separada\"><a href=\"https:\/\/es.wikipedia.org\/wiki\/Basicidad#cite_note-1\">1<\/a><\/sup>\u200b Esta alcalinidad de una\u00a0<a class=\"mw-disambig\" title=\"Sustancia\" href=\"https:\/\/es.wikipedia.org\/wiki\/Sustancia\">sustancia<\/a>\u00a0se expresa en equivalentes de base por\u00a0<a title=\"Litro\" href=\"https:\/\/es.wikipedia.org\/wiki\/Litro\">litro<\/a>\u00a0o en su equivalente de\u00a0<a class=\"new\" title=\"Carbonato c\u00e1lcico por pi (a\u00fan no redactado)\" href=\"https:\/\/es.wikipedia.org\/w\/index.php?title=Carbonato_c%C3%A1lcico_por_pi&amp;action=edit&amp;redlink=1\">carbonato c\u00e1lcico por pi<\/a>.<\/p>\n<p>Debido a que la basicidad de la mayor\u00eda de las aguas naturales est\u00e1 compuesta casi \u00edntegramente de\u00a0<a title=\"Ion\" href=\"https:\/\/es.wikipedia.org\/wiki\/Ion\">iones<\/a>\u00a0de\u00a0<a title=\"Bicarbonato\" href=\"https:\/\/es.wikipedia.org\/wiki\/Bicarbonato\">bicarbonato<\/a>\u00a0y de\u00a0<a title=\"Carbonato\" href=\"https:\/\/es.wikipedia.org\/wiki\/Carbonato\">carbonato<\/a>,\u00a0<sup id=\"cite_ref-2\" class=\"reference separada\"><a href=\"https:\/\/es.wikipedia.org\/wiki\/Basicidad#cite_note-2\">2<\/a><\/sup>\u200blas determinaciones de alcalinidad pueden dar estimaciones exactas de las concentraciones de estos iones.<\/p>\n<p>La basicidad es la medida de la capacidad\u00a0<a class=\"mw-redirect\" title=\"Tamp\u00f3n (qu\u00edmica)\" href=\"https:\/\/es.wikipedia.org\/wiki\/Tamp%C3%B3n_(qu%C3%ADmica)\">tamp\u00f3n<\/a>\u00a0de una disoluci\u00f3n acuosa, o lo que es lo mismo, la capacidad de esta para mantener su\u00a0<a title=\"PH\" href=\"https:\/\/es.wikipedia.org\/wiki\/PH\">pH<\/a>\u00a0estable frente a la adici\u00f3n de un\u00a0<a title=\"\u00c1cido\" href=\"https:\/\/es.wikipedia.org\/wiki\/%C3%81cido\">\u00e1cido<\/a>\u00a0o una\u00a0<a title=\"Base (qu\u00edmica)\" href=\"https:\/\/es.wikipedia.org\/wiki\/Base_(qu%C3%ADmica)\">base<\/a>.<\/p>\n<p>Consulta m\u00e1s de nuestro aviso de privacidad <a href=\"https:\/\/mabawater.com\/en\/aviso-de-privacidad\/\">aqu\u00ed<\/a><\/p>","protected":false},"excerpt":{"rendered":"<p>El <strong data-start=\"140\" data-end=\"181\"><span class=\"whitespace-normal\">Medidor de pH Purikor PK\u2011PH9<\/span><\/strong> es un instrumento digital dise\u00f1ado para <strong data-start=\"222\" data-end=\"301\">medir el nivel de acidez o alcalinidad del agua y otras soluciones l\u00edquidas<\/strong> de forma r\u00e1pida y precisa.<\/p>\n<ul>\n<li>Pantalla digital LCD<\/li>\n<li>Dise\u00f1o peque\u00f1o y robusto<\/li>\n<li>Incluye estuche para transporte<\/li>\n<li>Bater\u00edas incluidas (3 x LR44 1.5V)<\/li>\n<li>Vida \u00fatil de la bater\u00eda: 150hrs (uso continuo)<\/li>\n<li>Valor de medici\u00f3n instant\u00e1neo<\/li>\n<li>Equipo calibrado de f\u00e1brica<\/li>\n<\/ul>","protected":false},"featured_media":24308,"comment_status":"open","ping_status":"closed","template":"","meta":[],"product_brand":[],"product_cat":[145,153],"product_tag":[],"class_list":{"0":"post-20263","1":"product","2":"type-product","3":"status-publish","4":"has-post-thumbnail","6":"product_cat-tratamiento-de-agua","7":"product_cat-instrumentos-de-medicion","9":"first","10":"instock","11":"shipping-taxable","12":"product-type-simple"},"yoast_head":"<!-- This site is optimized with the Yoast SEO plugin v26.6 - https:\/\/yoast.com\/wordpress\/plugins\/seo\/ -->\n<title>Medidor de acidez o alcalinidad (pH), PURIKOR, 0.0 - 14.0 - Maba Water<\/title>\n<meta name=\"description\" content=\"El Medidor de pH Purikor PK\u2011PH9 es un instrumento digital dise\u00f1ado para medir el nivel de acidez o alcalinidad del agua y otras soluciones l\u00edquidas de forma r\u00e1pida y precisa.\" \/>\n<meta name=\"robots\" content=\"index, follow, max-snippet:-1, max-image-preview:large, max-video-preview:-1\" \/>\n<link rel=\"canonical\" href=\"https:\/\/mabawater.com\/en\/product\/medidor-de-acidez-o-alcalinidad-ph-purikor-0-0-14-0\/\" \/>\n<meta property=\"og:locale\" content=\"en_US\" \/>\n<meta property=\"og:type\" content=\"article\" \/>\n<meta property=\"og:title\" content=\"Medidor de acidez o alcalinidad (pH), PURIKOR, 0.0 - 14.0 - Maba Water\" \/>\n<meta property=\"og:description\" content=\"El Medidor de pH Purikor PK\u2011PH9 es un instrumento digital dise\u00f1ado para medir el nivel de acidez o alcalinidad del agua y otras soluciones l\u00edquidas de forma r\u00e1pida y precisa.\" \/>\n<meta property=\"og:url\" content=\"https:\/\/mabawater.com\/en\/product\/medidor-de-acidez-o-alcalinidad-ph-purikor-0-0-14-0\/\" \/>\n<meta property=\"og:site_name\" content=\"Maba Water\" \/>\n<meta property=\"article:publisher\" content=\"https:\/\/www.facebook.com\/mabawater\/\" \/>\n<meta property=\"article:modified_time\" content=\"2026-03-09T23:08:17+00:00\" \/>\n<meta property=\"og:image\" content=\"https:\/\/mabawater.com\/wp-content\/uploads\/2022\/08\/Medidor-de-acidez-o-alcalinidad.png\" \/>\n\t<meta property=\"og:image:width\" content=\"1000\" \/>\n\t<meta property=\"og:image:height\" content=\"1000\" \/>\n\t<meta property=\"og:image:type\" content=\"image\/png\" \/>\n<meta name=\"twitter:card\" content=\"summary_large_image\" \/>\n<meta name=\"twitter:label1\" content=\"Est. reading time\" \/>\n\t<meta name=\"twitter:data1\" content=\"2 minutes\" \/>\n<!-- \/ Yoast SEO plugin. -->","yoast_head_json":{"title":"Medidor de acidez o alcalinidad (pH), PURIKOR, 0.0 - 14.0 - Maba Water","description":"El Medidor de pH Purikor PK\u2011PH9 es un instrumento digital dise\u00f1ado para medir el nivel de acidez o alcalinidad del agua y otras soluciones l\u00edquidas de forma r\u00e1pida y precisa.","robots":{"index":"index","follow":"follow","max-snippet":"max-snippet:-1","max-image-preview":"max-image-preview:large","max-video-preview":"max-video-preview:-1"},"canonical":"https:\/\/mabawater.com\/en\/product\/medidor-de-acidez-o-alcalinidad-ph-purikor-0-0-14-0\/","og_locale":"en_US","og_type":"article","og_title":"Medidor de acidez o alcalinidad (pH), PURIKOR, 0.0 - 14.0 - Maba Water","og_description":"El Medidor de pH Purikor PK\u2011PH9 es un instrumento digital dise\u00f1ado para medir el nivel de acidez o alcalinidad del agua y otras soluciones l\u00edquidas de forma r\u00e1pida y precisa.","og_url":"https:\/\/mabawater.com\/en\/product\/medidor-de-acidez-o-alcalinidad-ph-purikor-0-0-14-0\/","og_site_name":"Maba Water","article_publisher":"https:\/\/www.facebook.com\/mabawater\/","article_modified_time":"2026-03-09T23:08:17+00:00","og_image":[{"width":1000,"height":1000,"url":"https:\/\/mabawater.com\/wp-content\/uploads\/2022\/08\/Medidor-de-acidez-o-alcalinidad.png","type":"image\/png"}],"twitter_card":"summary_large_image","twitter_misc":{"Est. reading time":"2 minutes"},"schema":{"@context":"https:\/\/schema.org","@graph":[{"@type":"WebPage","@id":"https:\/\/mabawater.com\/producto\/medidor-de-acidez-o-alcalinidad-ph-purikor-0-0-14-0\/","url":"https:\/\/mabawater.com\/producto\/medidor-de-acidez-o-alcalinidad-ph-purikor-0-0-14-0\/","name":"Medidor de acidez o alcalinidad (pH), PURIKOR, 0.0 - 14.0 - Maba Water","isPartOf":{"@id":"https:\/\/mabawater.com\/#website"},"primaryImageOfPage":{"@id":"https:\/\/mabawater.com\/producto\/medidor-de-acidez-o-alcalinidad-ph-purikor-0-0-14-0\/#primaryimage"},"image":{"@id":"https:\/\/mabawater.com\/producto\/medidor-de-acidez-o-alcalinidad-ph-purikor-0-0-14-0\/#primaryimage"},"thumbnailUrl":"https:\/\/mabawater.com\/wp-content\/uploads\/2022\/08\/Medidor-de-acidez-o-alcalinidad.png","datePublished":"2022-08-26T17:23:54+00:00","dateModified":"2026-03-09T23:08:17+00:00","description":"El Medidor de pH Purikor PK\u2011PH9 es un instrumento digital dise\u00f1ado para medir el nivel de acidez o alcalinidad del agua y otras soluciones l\u00edquidas de forma r\u00e1pida y precisa.","breadcrumb":{"@id":"https:\/\/mabawater.com\/producto\/medidor-de-acidez-o-alcalinidad-ph-purikor-0-0-14-0\/#breadcrumb"},"inLanguage":"en-US","potentialAction":[{"@type":"ReadAction","target":["https:\/\/mabawater.com\/producto\/medidor-de-acidez-o-alcalinidad-ph-purikor-0-0-14-0\/"]}]},{"@type":"ImageObject","inLanguage":"en-US","@id":"https:\/\/mabawater.com\/producto\/medidor-de-acidez-o-alcalinidad-ph-purikor-0-0-14-0\/#primaryimage","url":"https:\/\/mabawater.com\/wp-content\/uploads\/2022\/08\/Medidor-de-acidez-o-alcalinidad.png","contentUrl":"https:\/\/mabawater.com\/wp-content\/uploads\/2022\/08\/Medidor-de-acidez-o-alcalinidad.png","width":1000,"height":1000},{"@type":"BreadcrumbList","@id":"https:\/\/mabawater.com\/producto\/medidor-de-acidez-o-alcalinidad-ph-purikor-0-0-14-0\/#breadcrumb","itemListElement":[{"@type":"ListItem","position":1,"name":"Portada","item":"https:\/\/mabawater.com\/"},{"@type":"ListItem","position":2,"name":"Productos Para La Calidad Del Agua","item":"https:\/\/mabawater.com\/productos-para-la-calidad-del-agua\/"},{"@type":"ListItem","position":3,"name":"Medidor de acidez o alcalinidad (pH), PURIKOR, 0.0 &#8211; 14.0"}]},{"@type":"WebSite","@id":"https:\/\/mabawater.com\/#website","url":"https:\/\/mabawater.com\/","name":"Maba Water","description":"Soluciones Hidr\u00e1ulicas Sustentables","publisher":{"@id":"https:\/\/mabawater.com\/#organization"},"potentialAction":[{"@type":"SearchAction","target":{"@type":"EntryPoint","urlTemplate":"https:\/\/mabawater.com\/?s={search_term_string}"},"query-input":{"@type":"PropertyValueSpecification","valueRequired":true,"valueName":"search_term_string"}}],"inLanguage":"en-US"},{"@type":"Organization","@id":"https:\/\/mabawater.com\/#organization","name":"Maba Water","url":"https:\/\/mabawater.com\/","logo":{"@type":"ImageObject","inLanguage":"en-US","@id":"https:\/\/mabawater.com\/#\/schema\/logo\/image\/","url":"https:\/\/mabawater.com\/wp-content\/uploads\/2021\/09\/water-icon.png","contentUrl":"https:\/\/mabawater.com\/wp-content\/uploads\/2021\/09\/water-icon.png","width":410,"height":176,"caption":"Maba Water"},"image":{"@id":"https:\/\/mabawater.com\/#\/schema\/logo\/image\/"},"sameAs":["https:\/\/www.facebook.com\/mabawater\/","https:\/\/www.instagram.com\/mabawater\/?hl=es-la"]}]}},"_links":{"self":[{"href":"https:\/\/mabawater.com\/en\/wp-json\/wp\/v2\/product\/20263","targetHints":{"allow":["GET"]}}],"collection":[{"href":"https:\/\/mabawater.com\/en\/wp-json\/wp\/v2\/product"}],"about":[{"href":"https:\/\/mabawater.com\/en\/wp-json\/wp\/v2\/types\/product"}],"replies":[{"embeddable":true,"href":"https:\/\/mabawater.com\/en\/wp-json\/wp\/v2\/comments?post=20263"}],"version-history":[{"count":8,"href":"https:\/\/mabawater.com\/en\/wp-json\/wp\/v2\/product\/20263\/revisions"}],"predecessor-version":[{"id":30298,"href":"https:\/\/mabawater.com\/en\/wp-json\/wp\/v2\/product\/20263\/revisions\/30298"}],"wp:featuredmedia":[{"embeddable":true,"href":"https:\/\/mabawater.com\/en\/wp-json\/wp\/v2\/media\/24308"}],"wp:attachment":[{"href":"https:\/\/mabawater.com\/en\/wp-json\/wp\/v2\/media?parent=20263"}],"wp:term":[{"taxonomy":"product_brand","embeddable":true,"href":"https:\/\/mabawater.com\/en\/wp-json\/wp\/v2\/product_brand?post=20263"},{"taxonomy":"product_cat","embeddable":true,"href":"https:\/\/mabawater.com\/en\/wp-json\/wp\/v2\/product_cat?post=20263"},{"taxonomy":"product_tag","embeddable":true,"href":"https:\/\/mabawater.com\/en\/wp-json\/wp\/v2\/product_tag?post=20263"}],"curies":[{"name":"wp","href":"https:\/\/api.w.org\/{rel}","templated":true}]}}