{"id":20269,"date":"2022-08-26T18:32:54","date_gmt":"2022-08-26T18:32:54","guid":{"rendered":"https:\/\/mabawater.com\/?post_type=product&#038;p=20269"},"modified":"2025-11-02T19:40:47","modified_gmt":"2025-11-02T19:40:47","slug":"vaso-small-102-5-3-4npt","status":"publish","type":"product","link":"https:\/\/mabawater.com\/en\/product\/vaso-small-102-5-3-4npt\/","title":{"rendered":"Vaso Small 10&#8243;*2.5&#8243;, 3\/4NPT"},"content":{"rendered":"<h1><strong>Vaso Small 10&#8243;*2.5&#8243;, 3\/4NPT<\/strong><\/h1>\n<p>Nuestro Vaso Small 10&#8243;*2.5&#8243;, 3\/4NPT, acompa\u00f1alo del cartucho que requieras.<\/p>\n<p>Somos una empresa mexicana especializada en soluciones h\u00eddricas sustentables, implementamos proyectos y tecnolog\u00eda que garantice una gesti\u00f3n integral del agua con el objetivo de generar ahorro, uso y manejo responsable\u00a0 y eficiente del recurso, brindar seguridad, calidad y constancia en el suministro de agua potable y saneamiento.<\/p>\n<h2>\u00bfC\u00f3mo comprar?<\/h2>\n<p>En MabaWater, ofrecemos una amplia variedad de productos de calidad para el tratamiento de agua. Explora nuestro cat\u00e1logo y encuentra la opci\u00f3n perfecta para satisfacer tus necesidades. Si tienes alguna duda o necesitas m\u00e1s informaci\u00f3n, no dudes en contactarnos a trav\u00e9s del chat o registrandote en el formulario.<\/p>\n<p>Realizar la compra es f\u00e1cil y seguro en nuestra tienda. Aceptamos todas las tarjetas de cr\u00e9dito, dep\u00f3sitos bancarios y transferencias SPEI. Adem\u00e1s, proporcionando tu direcci\u00f3n completa, podremos calcular el costo del env\u00edo y asegurarnos de que tu producto llegue a tu hogar de manera r\u00e1pida y segura.<\/p>\n<p>En MabaWater, nos esforzamos por ofrecer un excelente servicio al cliente, por eso nos aseguramos de que nuestros productos cumplen con los est\u00e1ndares de calidad y esperamos que quedes completamente satisfecho con tu compra. Adem\u00e1s, Si necesitas asesoramiento para la selecci\u00f3n de productos o servicios de instalaci\u00f3n, nuestros expertos estar\u00e1n disponibles para ayudarte.<\/p>\n<h2>Nuestra garant\u00eda<\/h2>\n<p>1 a\u00f1o de garantia en funcionamiento1 mes de garantia en satisfacci\u00f3n<\/p>\n<h3>Encu\u00e9ntranos es:<\/h3>\n<p>Calzada Zavaleta #1302. local 101, 75150 Puebla de Zaragoza, M\u00e9xico<\/p>\n<h3>Ll\u00e1manos a:<\/h3>\n<p>Tel\u00e9fono: 222 369 0818Ventas &#8211; Ext 1Atenci\u00f3n a clientes &#8211; Ext 2Asistencia t\u00e9cnica y \u00e1rea de ingenieria &#8211; Ext 3<\/p>\n<p>Consulta m\u00e1s de nuestro aviso de privacidad <a href=\"https:\/\/mabawater.com\/en\/aviso-de-privacidad\/\">aqu\u00ed<\/a><\/p>\n<h3>Escribenos a:<\/h3>\n<p><a href=\"mailto:contacto@mabawater.com\">contacto@mabawater.com<\/a><\/p>\n<p>&nbsp;<\/p>","protected":false},"excerpt":{"rendered":"<p data-start=\"223\" data-end=\"564\">Este<strong> vaso de filtraci\u00f3n<\/strong> tipo \u201cSmall\u201d de 10 pulgadas de altura por 2.5 pulgadas de di\u00e1metro con rosca de conexi\u00f3n 3\/4\u201d NPT es la soluci\u00f3n compacta y eficiente para sistemas de <strong>tratamiento de agua<\/strong> residenciales o de bajo caudal. Fabricado en material resistente y pensado para una instalaci\u00f3n sencilla en l\u00ednea, ofrece las siguientes ventajas:<\/p>\n<ul>\n<li>Tama\u00f1o reducido: ideal para espacios confinados o instalaciones donde el espacio es limitado.<\/li>\n<li>Conexi\u00f3n est\u00e1ndar 3\/4\u201d NPT que facilita su integraci\u00f3n en tuber\u00edas comunes de agua.<\/li>\n<li>Compatible con<strong> filtros de sedimentos<\/strong>, cartuchos de carb\u00f3n activado o <strong>resinas de intercambio i\u00f3nico<\/strong> (ver compatibilidad seg\u00fan modelo).<\/li>\n<\/ul>","protected":false},"featured_media":12583,"comment_status":"open","ping_status":"closed","template":"","meta":[],"product_brand":[],"product_cat":[145,79],"product_tag":[],"class_list":{"0":"post-20269","1":"product","2":"type-product","3":"status-publish","4":"has-post-thumbnail","6":"product_cat-tratamiento-de-agua","7":"product_cat-maba-filtros","9":"first","10":"instock","11":"shipping-taxable","12":"product-type-simple"},"yoast_head":"<!-- This site is optimized with the Yoast SEO plugin v26.6 - https:\/\/yoast.com\/wordpress\/plugins\/seo\/ -->\n<title>Vaso Small 10&quot;*2.5&quot;, 3\/4NPT - Maba Water<\/title>\n<meta name=\"description\" content=\"Vaso Small 10&quot;*2.5&quot; 3\/4NPT Nuestro Vaso Small 10&quot;*2.5&quot;, 3\/4NPT, acompa\u00f1alo del cartucho que requieras.Somos una empresa mexicana especializada\" \/>\n<meta name=\"robots\" content=\"index, follow, max-snippet:-1, max-image-preview:large, max-video-preview:-1\" \/>\n<link rel=\"canonical\" href=\"https:\/\/mabawater.com\/en\/product\/vaso-small-102-5-3-4npt\/\" \/>\n<meta property=\"og:locale\" content=\"en_US\" \/>\n<meta property=\"og:type\" content=\"article\" \/>\n<meta property=\"og:title\" content=\"Vaso Small 10&quot;*2.5&quot;, 3\/4NPT - Maba Water\" \/>\n<meta property=\"og:description\" content=\"Vaso Small 10&quot;*2.5&quot; 3\/4NPT Nuestro Vaso Small 10&quot;*2.5&quot;, 3\/4NPT, acompa\u00f1alo del cartucho que requieras.Somos una empresa mexicana especializada\" \/>\n<meta property=\"og:url\" content=\"https:\/\/mabawater.com\/en\/product\/vaso-small-102-5-3-4npt\/\" \/>\n<meta property=\"og:site_name\" content=\"Maba Water\" \/>\n<meta property=\"article:publisher\" content=\"https:\/\/www.facebook.com\/mabawater\/\" \/>\n<meta property=\"article:modified_time\" content=\"2025-11-02T19:40:47+00:00\" \/>\n<meta property=\"og:image\" content=\"https:\/\/mabawater.com\/wp-content\/uploads\/2021\/09\/MABA34.jpg\" \/>\n\t<meta property=\"og:image:width\" content=\"1512\" \/>\n\t<meta property=\"og:image:height\" content=\"1512\" \/>\n\t<meta property=\"og:image:type\" content=\"image\/jpeg\" \/>\n<meta name=\"twitter:card\" content=\"summary_large_image\" \/>\n<meta name=\"twitter:label1\" content=\"Est. reading time\" \/>\n\t<meta name=\"twitter:data1\" content=\"1 minute\" \/>\n<!-- \/ Yoast SEO plugin. -->","yoast_head_json":{"title":"Vaso Small 10\"*2.5\", 3\/4NPT - Maba Water","description":"Vaso Small 10\"*2.5\" 3\/4NPT Nuestro Vaso Small 10\"*2.5\", 3\/4NPT, acompa\u00f1alo del cartucho que requieras.Somos una empresa mexicana especializada","robots":{"index":"index","follow":"follow","max-snippet":"max-snippet:-1","max-image-preview":"max-image-preview:large","max-video-preview":"max-video-preview:-1"},"canonical":"https:\/\/mabawater.com\/en\/product\/vaso-small-102-5-3-4npt\/","og_locale":"en_US","og_type":"article","og_title":"Vaso Small 10\"*2.5\", 3\/4NPT - Maba Water","og_description":"Vaso Small 10\"*2.5\" 3\/4NPT Nuestro Vaso Small 10\"*2.5\", 3\/4NPT, acompa\u00f1alo del cartucho que requieras.Somos una empresa mexicana especializada","og_url":"https:\/\/mabawater.com\/en\/product\/vaso-small-102-5-3-4npt\/","og_site_name":"Maba Water","article_publisher":"https:\/\/www.facebook.com\/mabawater\/","article_modified_time":"2025-11-02T19:40:47+00:00","og_image":[{"width":1512,"height":1512,"url":"https:\/\/mabawater.com\/wp-content\/uploads\/2021\/09\/MABA34.jpg","type":"image\/jpeg"}],"twitter_card":"summary_large_image","twitter_misc":{"Est. reading time":"1 minute"},"schema":{"@context":"https:\/\/schema.org","@graph":[{"@type":"WebPage","@id":"https:\/\/mabawater.com\/producto\/vaso-small-102-5-3-4npt\/","url":"https:\/\/mabawater.com\/producto\/vaso-small-102-5-3-4npt\/","name":"Vaso Small 10\"*2.5\", 3\/4NPT - Maba Water","isPartOf":{"@id":"https:\/\/mabawater.com\/#website"},"primaryImageOfPage":{"@id":"https:\/\/mabawater.com\/producto\/vaso-small-102-5-3-4npt\/#primaryimage"},"image":{"@id":"https:\/\/mabawater.com\/producto\/vaso-small-102-5-3-4npt\/#primaryimage"},"thumbnailUrl":"https:\/\/mabawater.com\/wp-content\/uploads\/2021\/09\/MABA34.jpg","datePublished":"2022-08-26T18:32:54+00:00","dateModified":"2025-11-02T19:40:47+00:00","description":"Vaso Small 10\"*2.5\" 3\/4NPT Nuestro Vaso Small 10\"*2.5\", 3\/4NPT, acompa\u00f1alo del cartucho que requieras.Somos una empresa mexicana especializada","breadcrumb":{"@id":"https:\/\/mabawater.com\/producto\/vaso-small-102-5-3-4npt\/#breadcrumb"},"inLanguage":"en-US","potentialAction":[{"@type":"ReadAction","target":["https:\/\/mabawater.com\/producto\/vaso-small-102-5-3-4npt\/"]}]},{"@type":"ImageObject","inLanguage":"en-US","@id":"https:\/\/mabawater.com\/producto\/vaso-small-102-5-3-4npt\/#primaryimage","url":"https:\/\/mabawater.com\/wp-content\/uploads\/2021\/09\/MABA34.jpg","contentUrl":"https:\/\/mabawater.com\/wp-content\/uploads\/2021\/09\/MABA34.jpg","width":1512,"height":1512,"caption":"Vaso Small 10\"*2.5\", 3\/4NPT"},{"@type":"BreadcrumbList","@id":"https:\/\/mabawater.com\/producto\/vaso-small-102-5-3-4npt\/#breadcrumb","itemListElement":[{"@type":"ListItem","position":1,"name":"Portada","item":"https:\/\/mabawater.com\/"},{"@type":"ListItem","position":2,"name":"Productos Para La Calidad Del Agua","item":"https:\/\/mabawater.com\/productos-para-la-calidad-del-agua\/"},{"@type":"ListItem","position":3,"name":"Vaso Small 10&#8243;*2.5&#8243;, 3\/4NPT"}]},{"@type":"WebSite","@id":"https:\/\/mabawater.com\/#website","url":"https:\/\/mabawater.com\/","name":"Maba Water","description":"Soluciones Hidr\u00e1ulicas Sustentables","publisher":{"@id":"https:\/\/mabawater.com\/#organization"},"potentialAction":[{"@type":"SearchAction","target":{"@type":"EntryPoint","urlTemplate":"https:\/\/mabawater.com\/?s={search_term_string}"},"query-input":{"@type":"PropertyValueSpecification","valueRequired":true,"valueName":"search_term_string"}}],"inLanguage":"en-US"},{"@type":"Organization","@id":"https:\/\/mabawater.com\/#organization","name":"Maba Water","url":"https:\/\/mabawater.com\/","logo":{"@type":"ImageObject","inLanguage":"en-US","@id":"https:\/\/mabawater.com\/#\/schema\/logo\/image\/","url":"https:\/\/mabawater.com\/wp-content\/uploads\/2021\/09\/water-icon.png","contentUrl":"https:\/\/mabawater.com\/wp-content\/uploads\/2021\/09\/water-icon.png","width":410,"height":176,"caption":"Maba Water"},"image":{"@id":"https:\/\/mabawater.com\/#\/schema\/logo\/image\/"},"sameAs":["https:\/\/www.facebook.com\/mabawater\/","https:\/\/www.instagram.com\/mabawater\/?hl=es-la"]}]}},"_links":{"self":[{"href":"https:\/\/mabawater.com\/en\/wp-json\/wp\/v2\/product\/20269","targetHints":{"allow":["GET"]}}],"collection":[{"href":"https:\/\/mabawater.com\/en\/wp-json\/wp\/v2\/product"}],"about":[{"href":"https:\/\/mabawater.com\/en\/wp-json\/wp\/v2\/types\/product"}],"replies":[{"embeddable":true,"href":"https:\/\/mabawater.com\/en\/wp-json\/wp\/v2\/comments?post=20269"}],"version-history":[{"count":8,"href":"https:\/\/mabawater.com\/en\/wp-json\/wp\/v2\/product\/20269\/revisions"}],"predecessor-version":[{"id":29827,"href":"https:\/\/mabawater.com\/en\/wp-json\/wp\/v2\/product\/20269\/revisions\/29827"}],"wp:featuredmedia":[{"embeddable":true,"href":"https:\/\/mabawater.com\/en\/wp-json\/wp\/v2\/media\/12583"}],"wp:attachment":[{"href":"https:\/\/mabawater.com\/en\/wp-json\/wp\/v2\/media?parent=20269"}],"wp:term":[{"taxonomy":"product_brand","embeddable":true,"href":"https:\/\/mabawater.com\/en\/wp-json\/wp\/v2\/product_brand?post=20269"},{"taxonomy":"product_cat","embeddable":true,"href":"https:\/\/mabawater.com\/en\/wp-json\/wp\/v2\/product_cat?post=20269"},{"taxonomy":"product_tag","embeddable":true,"href":"https:\/\/mabawater.com\/en\/wp-json\/wp\/v2\/product_tag?post=20269"}],"curies":[{"name":"wp","href":"https:\/\/api.w.org\/{rel}","templated":true}]}}