{"id":20271,"date":"2022-08-26T18:36:22","date_gmt":"2022-08-26T18:36:22","guid":{"rendered":"https:\/\/mabawater.com\/?post_type=product&#038;p=20271"},"modified":"2024-01-29T19:45:06","modified_gmt":"2024-01-29T19:45:06","slug":"vaso-smart-202-5-3-4%e2%80%b3npt","status":"publish","type":"product","link":"https:\/\/mabawater.com\/en\/product\/vaso-smart-202-5-3-4%e2%80%b3npt\/","title":{"rendered":"Vaso Smart 20&#8243;*2.5 3\/4\u2033NPT"},"content":{"rendered":"<h1>Vaso Smart 20&#8243;*2.5 3\/4\u2033NPT<\/h1>\n<p><a href=\"https:\/\/mabawater.sinclaire.com.mx\/wp-content\/uploads\/2021\/09\/descarga-24.png\" data-width=\"1050\" data-height=\"1401\" data-index=\"1\" data-elementor-open-lightbox=\"no\"><br \/>\n<img decoding=\"async\" src=\"https:\/\/mabawater.sinclaire.com.mx\/wp-content\/uploads\/2021\/09\/descarga-24-767x1024.png\" \/><br \/>\n<\/a><\/p>\n<p>&nbsp;<\/p>\n<p>Nuestro Vaso Smart 20&#8243;*2.5 3\/4\u2033NPT, acompa\u00f1alo del cartucho que requieras. Di\u00e1metro de conexi\u00f3n: 3\/4\u2033<\/p>\n<p>Somos una empresa mexicana especializada en soluciones h\u00eddricas sustentables, implementamos proyectos y tecnolog\u00eda que garantice una gesti\u00f3n integral del agua con el objetivo de generar ahorro, uso y manejo responsable\u00a0 y eficiente del recurso, brindar seguridad, calidad y constancia en el suministro de agua potable y saneamiento.<\/p>\n<h2>\u00bfC\u00f3mo comprar?<\/h2>\n<p>En MabaWater, ofrecemos una amplia variedad de productos de calidad para el tratamiento de agua. Explora nuestro cat\u00e1logo y encuentra la opci\u00f3n perfecta para satisfacer tus necesidades. Si tienes alguna duda o necesitas m\u00e1s informaci\u00f3n, no dudes en contactarnos a trav\u00e9s del chat o registrandote en el formulario.<\/p>\n<p>Realizar la compra es f\u00e1cil y seguro en nuestra tienda. Aceptamos todas las tarjetas de cr\u00e9dito, dep\u00f3sitos bancarios y transferencias SPEI. Adem\u00e1s, proporcionando tu direcci\u00f3n completa, podremos calcular el costo del env\u00edo y asegurarnos de que tu producto llegue a tu hogar de manera r\u00e1pida y segura.<\/p>\n<p>En MabaWater, nos esforzamos por ofrecer un excelente servicio al cliente, por eso nos aseguramos de que nuestros productos cumplen con los est\u00e1ndares de calidad y esperamos que quedes completamente satisfecho con tu compra. Adem\u00e1s, Si necesitas asesoramiento para la selecci\u00f3n de productos o servicios de instalaci\u00f3n, nuestros expertos estar\u00e1n disponibles para ayudarte.<\/p>\n<h2>Nuestra garant\u00eda<\/h2>\n<p>1 a\u00f1o de garantia en funcionamiento1 mes de garantia en satisfacci\u00f3n<\/p>\n<h3>Encu\u00e9ntranos es:<\/h3>\n<p>Calzada Zavaleta #1302. local 101, 75150 Puebla de Zaragoza, M\u00e9xico<\/p>\n<h3>Ll\u00e1manos a:<\/h3>\n<p>Tel\u00e9fono: 222 369 0818Ventas &#8211; Ext 1Atenci\u00f3n a clientes &#8211; Ext 2Asistencia t\u00e9cnica y \u00e1rea de ingenieria &#8211; Ext 3<\/p>\n<p>Consulta m\u00e1s de nuestro aviso de privacidad <a href=\"https:\/\/mabawater.com\/en\/aviso-de-privacidad\/\">aqu\u00ed<\/a><\/p>\n<h3>Escribenos a:<\/h3>\n<p><a href=\"mailto:contacto@mabawater.com\">contacto@mabawater.com<\/a><\/p>\n<p>Los filtros para los sistemas de captaci\u00f3n de agua lluvia que la OPS\/OMS ha distribuido, incorporan una vela de carb\u00f3n activado que coadyuva en la remoci\u00f3n de residuos producto de la degradaci\u00f3n de la capa biol\u00f3gica. En la actualidad los filtros que excluyen la arena, incorporan un sistema de filtraci\u00f3n compuesto por una vela de cer\u00e1mica porosa, carb\u00f3n activado y plata coloidal que tiene efecto microbicida al bloquear la enzima que los microorganismos aerobios necesitan para procesar el ox\u00edgeno requerido para su supervivencia.<sup id=\"cite_ref-1\" class=\"reference separada\"><a href=\"https:\/\/es.wikipedia.org\/wiki\/Desinfecci%C3%B3n_del_agua_potable#cite_note-1\">1<\/a><\/sup><\/p>\n<p>Consulta m\u00e1s de nuestro aviso de privacidad <a href=\"https:\/\/mabawater.com\/en\/aviso-de-privacidad\/\">aqu\u00ed<\/a><\/p>\n<p>&nbsp;<\/p>","protected":false},"excerpt":{"rendered":"<p>VASO SMART, acompa\u00f1alo del cartucho que requieras.<\/p>\n<p>Di\u00e1metro de conexi\u00f3n: 3\/4&#8243;<\/p>","protected":false},"featured_media":12501,"comment_status":"open","ping_status":"closed","template":"","meta":[],"product_brand":[],"product_cat":[145,79],"product_tag":[1432,1433,71,89,90],"class_list":{"0":"post-20271","1":"product","2":"type-product","3":"status-publish","4":"has-post-thumbnail","6":"product_cat-tratamiento-de-agua","7":"product_cat-maba-filtros","8":"product_tag-202-5","9":"product_tag-3-4npt","10":"product_tag-filtro","11":"product_tag-smart","12":"product_tag-vaso","14":"first","15":"instock","16":"shipping-taxable","17":"product-type-simple"},"yoast_head":"<!-- This site is optimized with the Yoast SEO plugin v26.6 - https:\/\/yoast.com\/wordpress\/plugins\/seo\/ -->\n<title>Vaso Smart 20&quot;*2.5 3\/4\u2033NPT - Maba Water<\/title>\n<meta name=\"description\" content=\"Vaso Smart 20&quot;*2.5 3\/4\u2033NPT, Di\u00e1metro de conexi\u00f3n: 3\/4\u2033. Acomp\u00e1\u00f1alo del cartucho que requieras. Brindamos seguridad, calidad y constancia.\" \/>\n<meta name=\"robots\" content=\"index, follow, max-snippet:-1, max-image-preview:large, max-video-preview:-1\" \/>\n<link rel=\"canonical\" href=\"https:\/\/mabawater.com\/en\/product\/vaso-smart-202-5-3-4\u2033npt\/\" \/>\n<meta property=\"og:locale\" content=\"en_US\" \/>\n<meta property=\"og:type\" content=\"article\" \/>\n<meta property=\"og:title\" content=\"Vaso Smart 20&quot;*2.5 3\/4\u2033NPT - Maba Water\" \/>\n<meta property=\"og:description\" content=\"Vaso Smart 20&quot;*2.5 3\/4\u2033NPT, Di\u00e1metro de conexi\u00f3n: 3\/4\u2033. Acomp\u00e1\u00f1alo del cartucho que requieras. Brindamos seguridad, calidad y constancia.\" \/>\n<meta property=\"og:url\" content=\"https:\/\/mabawater.com\/en\/product\/vaso-smart-202-5-3-4\u2033npt\/\" \/>\n<meta property=\"og:site_name\" content=\"Maba Water\" \/>\n<meta property=\"article:publisher\" content=\"https:\/\/www.facebook.com\/mabawater\/\" \/>\n<meta property=\"article:modified_time\" content=\"2024-01-29T19:45:06+00:00\" \/>\n<meta property=\"og:image\" content=\"https:\/\/mabawater.com\/wp-content\/uploads\/2021\/09\/MABA51.jpg\" \/>\n\t<meta property=\"og:image:width\" content=\"1512\" \/>\n\t<meta property=\"og:image:height\" content=\"1512\" \/>\n\t<meta property=\"og:image:type\" content=\"image\/jpeg\" \/>\n<meta name=\"twitter:card\" content=\"summary_large_image\" \/>\n<meta name=\"twitter:label1\" content=\"Est. reading time\" \/>\n\t<meta name=\"twitter:data1\" content=\"2 minutes\" \/>\n<!-- \/ Yoast SEO plugin. -->","yoast_head_json":{"title":"Vaso Smart 20\"*2.5 3\/4\u2033NPT - Maba Water","description":"Vaso Smart 20\"*2.5 3\/4\u2033NPT, Di\u00e1metro de conexi\u00f3n: 3\/4\u2033. Acomp\u00e1\u00f1alo del cartucho que requieras. Brindamos seguridad, calidad y constancia.","robots":{"index":"index","follow":"follow","max-snippet":"max-snippet:-1","max-image-preview":"max-image-preview:large","max-video-preview":"max-video-preview:-1"},"canonical":"https:\/\/mabawater.com\/en\/product\/vaso-smart-202-5-3-4\u2033npt\/","og_locale":"en_US","og_type":"article","og_title":"Vaso Smart 20\"*2.5 3\/4\u2033NPT - Maba Water","og_description":"Vaso Smart 20\"*2.5 3\/4\u2033NPT, Di\u00e1metro de conexi\u00f3n: 3\/4\u2033. Acomp\u00e1\u00f1alo del cartucho que requieras. Brindamos seguridad, calidad y constancia.","og_url":"https:\/\/mabawater.com\/en\/product\/vaso-smart-202-5-3-4\u2033npt\/","og_site_name":"Maba Water","article_publisher":"https:\/\/www.facebook.com\/mabawater\/","article_modified_time":"2024-01-29T19:45:06+00:00","og_image":[{"width":1512,"height":1512,"url":"https:\/\/mabawater.com\/wp-content\/uploads\/2021\/09\/MABA51.jpg","type":"image\/jpeg"}],"twitter_card":"summary_large_image","twitter_misc":{"Est. reading time":"2 minutes"},"schema":{"@context":"https:\/\/schema.org","@graph":[{"@type":"WebPage","@id":"https:\/\/mabawater.com\/producto\/vaso-smart-202-5-3-4%e2%80%b3npt\/","url":"https:\/\/mabawater.com\/producto\/vaso-smart-202-5-3-4%e2%80%b3npt\/","name":"Vaso Smart 20\"*2.5 3\/4\u2033NPT - Maba Water","isPartOf":{"@id":"https:\/\/mabawater.com\/#website"},"primaryImageOfPage":{"@id":"https:\/\/mabawater.com\/producto\/vaso-smart-202-5-3-4%e2%80%b3npt\/#primaryimage"},"image":{"@id":"https:\/\/mabawater.com\/producto\/vaso-smart-202-5-3-4%e2%80%b3npt\/#primaryimage"},"thumbnailUrl":"https:\/\/mabawater.com\/wp-content\/uploads\/2021\/09\/MABA51.jpg","datePublished":"2022-08-26T18:36:22+00:00","dateModified":"2024-01-29T19:45:06+00:00","description":"Vaso Smart 20\"*2.5 3\/4\u2033NPT, Di\u00e1metro de conexi\u00f3n: 3\/4\u2033. Acomp\u00e1\u00f1alo del cartucho que requieras. Brindamos seguridad, calidad y constancia.","breadcrumb":{"@id":"https:\/\/mabawater.com\/producto\/vaso-smart-202-5-3-4%e2%80%b3npt\/#breadcrumb"},"inLanguage":"en-US","potentialAction":[{"@type":"ReadAction","target":["https:\/\/mabawater.com\/producto\/vaso-smart-202-5-3-4%e2%80%b3npt\/"]}]},{"@type":"ImageObject","inLanguage":"en-US","@id":"https:\/\/mabawater.com\/producto\/vaso-smart-202-5-3-4%e2%80%b3npt\/#primaryimage","url":"https:\/\/mabawater.com\/wp-content\/uploads\/2021\/09\/MABA51.jpg","contentUrl":"https:\/\/mabawater.com\/wp-content\/uploads\/2021\/09\/MABA51.jpg","width":1512,"height":1512,"caption":"Vaso Smart 20\"*2.5 3\/4\u2033NPT"},{"@type":"BreadcrumbList","@id":"https:\/\/mabawater.com\/producto\/vaso-smart-202-5-3-4%e2%80%b3npt\/#breadcrumb","itemListElement":[{"@type":"ListItem","position":1,"name":"Portada","item":"https:\/\/mabawater.com\/"},{"@type":"ListItem","position":2,"name":"Productos Para La Calidad Del Agua","item":"https:\/\/mabawater.com\/productos-para-la-calidad-del-agua\/"},{"@type":"ListItem","position":3,"name":"Vaso Smart 20&#8243;*2.5 3\/4\u2033NPT"}]},{"@type":"WebSite","@id":"https:\/\/mabawater.com\/#website","url":"https:\/\/mabawater.com\/","name":"Maba Water","description":"Soluciones Hidr\u00e1ulicas Sustentables","publisher":{"@id":"https:\/\/mabawater.com\/#organization"},"potentialAction":[{"@type":"SearchAction","target":{"@type":"EntryPoint","urlTemplate":"https:\/\/mabawater.com\/?s={search_term_string}"},"query-input":{"@type":"PropertyValueSpecification","valueRequired":true,"valueName":"search_term_string"}}],"inLanguage":"en-US"},{"@type":"Organization","@id":"https:\/\/mabawater.com\/#organization","name":"Maba Water","url":"https:\/\/mabawater.com\/","logo":{"@type":"ImageObject","inLanguage":"en-US","@id":"https:\/\/mabawater.com\/#\/schema\/logo\/image\/","url":"https:\/\/mabawater.com\/wp-content\/uploads\/2021\/09\/water-icon.png","contentUrl":"https:\/\/mabawater.com\/wp-content\/uploads\/2021\/09\/water-icon.png","width":410,"height":176,"caption":"Maba Water"},"image":{"@id":"https:\/\/mabawater.com\/#\/schema\/logo\/image\/"},"sameAs":["https:\/\/www.facebook.com\/mabawater\/","https:\/\/www.instagram.com\/mabawater\/?hl=es-la"]}]}},"_links":{"self":[{"href":"https:\/\/mabawater.com\/en\/wp-json\/wp\/v2\/product\/20271","targetHints":{"allow":["GET"]}}],"collection":[{"href":"https:\/\/mabawater.com\/en\/wp-json\/wp\/v2\/product"}],"about":[{"href":"https:\/\/mabawater.com\/en\/wp-json\/wp\/v2\/types\/product"}],"replies":[{"embeddable":true,"href":"https:\/\/mabawater.com\/en\/wp-json\/wp\/v2\/comments?post=20271"}],"version-history":[{"count":7,"href":"https:\/\/mabawater.com\/en\/wp-json\/wp\/v2\/product\/20271\/revisions"}],"predecessor-version":[{"id":24265,"href":"https:\/\/mabawater.com\/en\/wp-json\/wp\/v2\/product\/20271\/revisions\/24265"}],"wp:featuredmedia":[{"embeddable":true,"href":"https:\/\/mabawater.com\/en\/wp-json\/wp\/v2\/media\/12501"}],"wp:attachment":[{"href":"https:\/\/mabawater.com\/en\/wp-json\/wp\/v2\/media?parent=20271"}],"wp:term":[{"taxonomy":"product_brand","embeddable":true,"href":"https:\/\/mabawater.com\/en\/wp-json\/wp\/v2\/product_brand?post=20271"},{"taxonomy":"product_cat","embeddable":true,"href":"https:\/\/mabawater.com\/en\/wp-json\/wp\/v2\/product_cat?post=20271"},{"taxonomy":"product_tag","embeddable":true,"href":"https:\/\/mabawater.com\/en\/wp-json\/wp\/v2\/product_tag?post=20271"}],"curies":[{"name":"wp","href":"https:\/\/api.w.org\/{rel}","templated":true}]}}