{"id":20275,"date":"2022-08-26T18:42:37","date_gmt":"2022-08-26T18:42:37","guid":{"rendered":"https:\/\/mabawater.com\/?post_type=product&#038;p=20275"},"modified":"2025-11-02T19:58:58","modified_gmt":"2025-11-02T19:58:58","slug":"vaso-bang-204-5-1-1-2-npt","status":"publish","type":"product","link":"https:\/\/mabawater.com\/en\/product\/vaso-bang-204-5-1-1-2-npt\/","title":{"rendered":"Vaso BANG 20&#8243;*4.5&#8243;, 1 1\/2&#8243; NPT"},"content":{"rendered":"<h1>Vaso BANG 20&#8243;*4.5&#8243;, 1 1\/2&#8243; NPT<\/h1>\n<p>Nuestro Vaso BANG 20&#8243;*4.5&#8243;, 1 1\/2&#8243; NPT es IDEAL PARA EVITAR SUCIEDAD EN EL AGUA para casa o departamentos peque\u00f1os. Nuestro filtro Small es ideal para una vivienda de 1 a 2 personas. Ayuda a evitar sedimentos en el agua y retener impurezas. Si tienes problemas de agua sucia, esta es la soluci\u00f3n!<\/p>\n<h2 class=\"title-after_title set-cont-mb-s reset-last-child wd-fontsize-s\">\u00bfC\u00f3mo comprar?<\/h2>\n<div>\n<p>En MabaWater, ofrecemos una amplia variedad de productos de calidad para el tratamiento de agua. Explora nuestro cat\u00e1logo y encuentra la opci\u00f3n perfecta para satisfacer tus necesidades. Si tienes alguna duda o necesitas m\u00e1s informaci\u00f3n, no dudes en contactarnos a trav\u00e9s del chat o registrandote en el formulario.<\/p>\n<p>Realizar la compra es f\u00e1cil y seguro en nuestra tienda. Aceptamos todas las tarjetas de cr\u00e9dito, dep\u00f3sitos bancarios y transferencias SPEI. Adem\u00e1s, proporcionando tu direcci\u00f3n completa, podremos calcular el costo del env\u00edo y asegurarnos de que tu producto llegue a tu hogar de manera r\u00e1pida y segura.<\/p>\n<p>En MabaWater, nos esforzamos por ofrecer un excelente servicio al cliente, por eso nos aseguramos de que nuestros productos cumplen con los est\u00e1ndares de calidad y esperamos que quedes completamente satisfecho con tu compra. Adem\u00e1s, Si necesitas asesoramiento para la selecci\u00f3n de productos o servicios de instalaci\u00f3n, nuestros expertos estar\u00e1n disponibles para ayudarte.<\/p>\n<\/div>\n<h2>Nuestra garant\u00eda<\/h2>\n<p>1 a\u00f1o de garantia en funcionamiento1 mes de garantia en satisfacci\u00f3n<\/p>\n<h3>Encu\u00e9ntranos es:<\/h3>\n<p>Calzada Zavaleta #1302. local 101, 75150 Puebla de Zaragoza, M\u00e9xico<\/p>\n<h3>Ll\u00e1manos a:<\/h3>\n<p>Tel\u00e9fono: 222 369 0818Ventas &#8211; Ext 1Atenci\u00f3n a clientes &#8211; Ext 2Asistencia t\u00e9cnica y \u00e1rea de ingenieria &#8211; Ext 3<\/p>\n<h3>Escribenos a:<\/h3>\n<p><a href=\"mailto:contacto@mabawater.com\">contacto@mabawater.com<\/a><\/p>\n<p>La\u00a0<b>desinfecci\u00f3n del agua para uso humano<\/b>\u00a0tiene por finalidad la eliminaci\u00f3n de los\u00a0<a title=\"Microorganismo\" href=\"https:\/\/es.wikipedia.org\/wiki\/Microorganismo#microorganismo_pat%C3%B3geno\">microorganismos pat\u00f3genos<\/a>\u00a0contenidos en el\u00a0<a title=\"Agua\" href=\"https:\/\/es.wikipedia.org\/wiki\/Agua\">agua<\/a>\u00a0que no han sido eliminados en las fases iniciales del tratamiento del agua.<\/p>\n<p>La desinfecci\u00f3n del agua es una operaci\u00f3n necesaria en la\u00a0<a class=\"mw-redirect\" title=\"Planta de tratamiento de agua potable\" href=\"https:\/\/es.wikipedia.org\/wiki\/Planta_de_tratamiento_de_agua_potable\">planta de tratamiento de agua potable<\/a>, para prevenir que esta sea da\u00f1ina para nuestra salud. Muchas veces, trat\u00e1ndose de agua de\u00a0<a title=\"Manantial\" href=\"https:\/\/es.wikipedia.org\/wiki\/Manantial\">manantiales<\/a>\u00a0naturales o de\u00a0<a title=\"Pozo\" href=\"https:\/\/es.wikipedia.org\/wiki\/Pozo\">pozo<\/a>, la\u00a0<a title=\"Desinfecci\u00f3n\" href=\"https:\/\/es.wikipedia.org\/wiki\/Desinfecci%C3%B3n\">desinfecci\u00f3n<\/a>\u00a0es el \u00fanico tratamiento que se le da al agua para obtener\u00a0<a title=\"Agua potable\" href=\"https:\/\/es.wikipedia.org\/wiki\/Agua_potable\">agua potable<\/a>\u00a0debido a que constituye una barrera eficaz para la destrucci\u00f3n de microorganismos pat\u00f3genos (especialmente las bacterias).La desinfecci\u00f3n puede hacerse por medios qu\u00edmicos o f\u00edsicos y debe utilizarse tanto en aguas superficiales como en aguas subterr\u00e1neas.<\/p>\n<p>Ver m\u00e1s acerca del tema, <a href=\"https:\/\/es.wikipedia.org\/wiki\/Desinfecci%C3%B3n_del_agua_potable\">aqu\u00ed<\/a><\/p>\n<p>Consulta m\u00e1s de nuestro aviso de privacidad <a href=\"https:\/\/mabawater.com\/en\/aviso-de-privacidad\/\">aqu\u00ed<\/a><\/p>","protected":false},"excerpt":{"rendered":"<p>Optimice su <strong>sistema de tratamiento de agua<\/strong> con este <strong>vaso de filtraci\u00f3n<\/strong> modelo 204 de la marca BANG, dise\u00f1ado para ofrecer una soluci\u00f3n de alto flujo y rendimiento confiable. Fabricado para instalaciones residenciales, comerciales o industriales ligeras, este <strong>portafiltro<\/strong> proporciona capacidad superior para <strong>cartuchos de filtraci\u00f3n<\/strong> de gran volumen y conexiones robustas de 1 \u00bd\u2033 NPT.<\/p>","protected":false},"featured_media":12539,"comment_status":"open","ping_status":"closed","template":"","meta":[],"product_brand":[],"product_cat":[145,79],"product_tag":[],"class_list":{"0":"post-20275","1":"product","2":"type-product","3":"status-publish","4":"has-post-thumbnail","6":"product_cat-tratamiento-de-agua","7":"product_cat-maba-filtros","9":"first","10":"instock","11":"shipping-taxable","12":"product-type-simple"},"yoast_head":"<!-- This site is optimized with the Yoast SEO plugin v26.6 - https:\/\/yoast.com\/wordpress\/plugins\/seo\/ -->\n<title>Vaso BANG 20&quot;*4.5&quot;, 1 1\/2&quot; NPT - Maba Water<\/title>\n<meta name=\"description\" content=\"Nuestro Vaso BANG 20&quot; es IDEAL PARA EVITAR SUCIEDAD EN EL AGUA para casa o departamentos peque\u00f1os. Perfecto para una vivienda de 1 a 2 personas.\" \/>\n<meta name=\"robots\" content=\"index, follow, max-snippet:-1, max-image-preview:large, max-video-preview:-1\" \/>\n<link rel=\"canonical\" href=\"https:\/\/mabawater.com\/en\/product\/vaso-bang-204-5-1-1-2-npt\/\" \/>\n<meta property=\"og:locale\" content=\"en_US\" \/>\n<meta property=\"og:type\" content=\"article\" \/>\n<meta property=\"og:title\" content=\"Vaso BANG 20&quot;*4.5&quot;, 1 1\/2&quot; NPT - Maba Water\" \/>\n<meta property=\"og:description\" content=\"Nuestro Vaso BANG 20&quot; es IDEAL PARA EVITAR SUCIEDAD EN EL AGUA para casa o departamentos peque\u00f1os. Perfecto para una vivienda de 1 a 2 personas.\" \/>\n<meta property=\"og:url\" content=\"https:\/\/mabawater.com\/en\/product\/vaso-bang-204-5-1-1-2-npt\/\" \/>\n<meta property=\"og:site_name\" content=\"Maba Water\" \/>\n<meta property=\"article:publisher\" content=\"https:\/\/www.facebook.com\/mabawater\/\" \/>\n<meta property=\"article:modified_time\" content=\"2025-11-02T19:58:58+00:00\" \/>\n<meta property=\"og:image\" content=\"https:\/\/mabawater.com\/wp-content\/uploads\/2021\/09\/Diapositiva41.jpg\" \/>\n\t<meta property=\"og:image:width\" content=\"1512\" \/>\n\t<meta property=\"og:image:height\" content=\"1512\" \/>\n\t<meta property=\"og:image:type\" content=\"image\/jpeg\" \/>\n<meta name=\"twitter:card\" content=\"summary_large_image\" \/>\n<meta name=\"twitter:label1\" content=\"Est. reading time\" \/>\n\t<meta name=\"twitter:data1\" content=\"2 minutes\" \/>\n<!-- \/ Yoast SEO plugin. -->","yoast_head_json":{"title":"Vaso BANG 20\"*4.5\", 1 1\/2\" NPT - Maba Water","description":"Nuestro Vaso BANG 20\" es IDEAL PARA EVITAR SUCIEDAD EN EL AGUA para casa o departamentos peque\u00f1os. Perfecto para una vivienda de 1 a 2 personas.","robots":{"index":"index","follow":"follow","max-snippet":"max-snippet:-1","max-image-preview":"max-image-preview:large","max-video-preview":"max-video-preview:-1"},"canonical":"https:\/\/mabawater.com\/en\/product\/vaso-bang-204-5-1-1-2-npt\/","og_locale":"en_US","og_type":"article","og_title":"Vaso BANG 20\"*4.5\", 1 1\/2\" NPT - Maba Water","og_description":"Nuestro Vaso BANG 20\" es IDEAL PARA EVITAR SUCIEDAD EN EL AGUA para casa o departamentos peque\u00f1os. Perfecto para una vivienda de 1 a 2 personas.","og_url":"https:\/\/mabawater.com\/en\/product\/vaso-bang-204-5-1-1-2-npt\/","og_site_name":"Maba Water","article_publisher":"https:\/\/www.facebook.com\/mabawater\/","article_modified_time":"2025-11-02T19:58:58+00:00","og_image":[{"width":1512,"height":1512,"url":"https:\/\/mabawater.com\/wp-content\/uploads\/2021\/09\/Diapositiva41.jpg","type":"image\/jpeg"}],"twitter_card":"summary_large_image","twitter_misc":{"Est. reading time":"2 minutes"},"schema":{"@context":"https:\/\/schema.org","@graph":[{"@type":"WebPage","@id":"https:\/\/mabawater.com\/producto\/vaso-bang-204-5-1-1-2-npt\/","url":"https:\/\/mabawater.com\/producto\/vaso-bang-204-5-1-1-2-npt\/","name":"Vaso BANG 20\"*4.5\", 1 1\/2\" NPT - Maba Water","isPartOf":{"@id":"https:\/\/mabawater.com\/#website"},"primaryImageOfPage":{"@id":"https:\/\/mabawater.com\/producto\/vaso-bang-204-5-1-1-2-npt\/#primaryimage"},"image":{"@id":"https:\/\/mabawater.com\/producto\/vaso-bang-204-5-1-1-2-npt\/#primaryimage"},"thumbnailUrl":"https:\/\/mabawater.com\/wp-content\/uploads\/2021\/09\/Diapositiva41.jpg","datePublished":"2022-08-26T18:42:37+00:00","dateModified":"2025-11-02T19:58:58+00:00","description":"Nuestro Vaso BANG 20\" es IDEAL PARA EVITAR SUCIEDAD EN EL AGUA para casa o departamentos peque\u00f1os. Perfecto para una vivienda de 1 a 2 personas.","breadcrumb":{"@id":"https:\/\/mabawater.com\/producto\/vaso-bang-204-5-1-1-2-npt\/#breadcrumb"},"inLanguage":"en-US","potentialAction":[{"@type":"ReadAction","target":["https:\/\/mabawater.com\/producto\/vaso-bang-204-5-1-1-2-npt\/"]}]},{"@type":"ImageObject","inLanguage":"en-US","@id":"https:\/\/mabawater.com\/producto\/vaso-bang-204-5-1-1-2-npt\/#primaryimage","url":"https:\/\/mabawater.com\/wp-content\/uploads\/2021\/09\/Diapositiva41.jpg","contentUrl":"https:\/\/mabawater.com\/wp-content\/uploads\/2021\/09\/Diapositiva41.jpg","width":1512,"height":1512},{"@type":"BreadcrumbList","@id":"https:\/\/mabawater.com\/producto\/vaso-bang-204-5-1-1-2-npt\/#breadcrumb","itemListElement":[{"@type":"ListItem","position":1,"name":"Portada","item":"https:\/\/mabawater.com\/"},{"@type":"ListItem","position":2,"name":"Productos Para La Calidad Del Agua","item":"https:\/\/mabawater.com\/productos-para-la-calidad-del-agua\/"},{"@type":"ListItem","position":3,"name":"Vaso BANG 20&#8243;*4.5&#8243;, 1 1\/2&#8243; NPT"}]},{"@type":"WebSite","@id":"https:\/\/mabawater.com\/#website","url":"https:\/\/mabawater.com\/","name":"Maba Water","description":"Soluciones Hidr\u00e1ulicas Sustentables","publisher":{"@id":"https:\/\/mabawater.com\/#organization"},"potentialAction":[{"@type":"SearchAction","target":{"@type":"EntryPoint","urlTemplate":"https:\/\/mabawater.com\/?s={search_term_string}"},"query-input":{"@type":"PropertyValueSpecification","valueRequired":true,"valueName":"search_term_string"}}],"inLanguage":"en-US"},{"@type":"Organization","@id":"https:\/\/mabawater.com\/#organization","name":"Maba Water","url":"https:\/\/mabawater.com\/","logo":{"@type":"ImageObject","inLanguage":"en-US","@id":"https:\/\/mabawater.com\/#\/schema\/logo\/image\/","url":"https:\/\/mabawater.com\/wp-content\/uploads\/2021\/09\/water-icon.png","contentUrl":"https:\/\/mabawater.com\/wp-content\/uploads\/2021\/09\/water-icon.png","width":410,"height":176,"caption":"Maba Water"},"image":{"@id":"https:\/\/mabawater.com\/#\/schema\/logo\/image\/"},"sameAs":["https:\/\/www.facebook.com\/mabawater\/","https:\/\/www.instagram.com\/mabawater\/?hl=es-la"]}]}},"_links":{"self":[{"href":"https:\/\/mabawater.com\/en\/wp-json\/wp\/v2\/product\/20275","targetHints":{"allow":["GET"]}}],"collection":[{"href":"https:\/\/mabawater.com\/en\/wp-json\/wp\/v2\/product"}],"about":[{"href":"https:\/\/mabawater.com\/en\/wp-json\/wp\/v2\/types\/product"}],"replies":[{"embeddable":true,"href":"https:\/\/mabawater.com\/en\/wp-json\/wp\/v2\/comments?post=20275"}],"version-history":[{"count":6,"href":"https:\/\/mabawater.com\/en\/wp-json\/wp\/v2\/product\/20275\/revisions"}],"predecessor-version":[{"id":29828,"href":"https:\/\/mabawater.com\/en\/wp-json\/wp\/v2\/product\/20275\/revisions\/29828"}],"wp:featuredmedia":[{"embeddable":true,"href":"https:\/\/mabawater.com\/en\/wp-json\/wp\/v2\/media\/12539"}],"wp:attachment":[{"href":"https:\/\/mabawater.com\/en\/wp-json\/wp\/v2\/media?parent=20275"}],"wp:term":[{"taxonomy":"product_brand","embeddable":true,"href":"https:\/\/mabawater.com\/en\/wp-json\/wp\/v2\/product_brand?post=20275"},{"taxonomy":"product_cat","embeddable":true,"href":"https:\/\/mabawater.com\/en\/wp-json\/wp\/v2\/product_cat?post=20275"},{"taxonomy":"product_tag","embeddable":true,"href":"https:\/\/mabawater.com\/en\/wp-json\/wp\/v2\/product_tag?post=20275"}],"curies":[{"name":"wp","href":"https:\/\/api.w.org\/{rel}","templated":true}]}}