{"id":20695,"date":"2022-10-20T23:20:53","date_gmt":"2022-10-20T23:20:53","guid":{"rendered":"https:\/\/mabawater.com\/?post_type=product&#038;p=20695"},"modified":"2026-03-09T20:29:31","modified_gmt":"2026-03-09T20:29:31","slug":"paquetren-pro","status":"publish","type":"product","link":"https:\/\/mabawater.com\/en\/product\/paquetren-pro\/","title":{"rendered":"Paquetren Pro &#8211; Producto para eliminar el sarro"},"content":{"rendered":"<h2>Paquetren Pro &#8211; Producto para eliminar el sarro<\/h2>\n<p><span data-sheets-value=\"{&quot;1&quot;:2,&quot;2&quot;:&quot;PAQUETREN - PRO. INCLUYE: FILTRO SMART 20\\&quot; CAB, DOSCIFICADOR DE CLORO Y PASTILLAS PARA 1 A\u00d1O, ACONDICIONADOR MAXI 1\/2\\&quot; Y BOLSA ANTISARRO 3KG&quot;}\" data-sheets-userformat=\"{&quot;2&quot;:15233,&quot;3&quot;:{&quot;1&quot;:0},&quot;10&quot;:2,&quot;11&quot;:0,&quot;12&quot;:0,&quot;14&quot;:{&quot;1&quot;:2,&quot;2&quot;:0},&quot;15&quot;:&quot;Arial, sans-serif&quot;,&quot;16&quot;:12}\">El Paquetren Pro &#8211; Producto para eliminar el sarro es un producto integran que te ayuda a descalcificar las tuver\u00edas y a mejorar el agua de tu casa incluye los siguientes art\u00edculos:<\/span><\/p>\n<p><span data-sheets-value=\"{&quot;1&quot;:2,&quot;2&quot;:&quot;PAQUETREN - PRO. INCLUYE: FILTRO SMART 20\\&quot; CAB, DOSCIFICADOR DE CLORO Y PASTILLAS PARA 1 A\u00d1O, ACONDICIONADOR MAXI 1\/2\\&quot; Y BOLSA ANTISARRO 3KG&quot;}\" data-sheets-userformat=\"{&quot;2&quot;:15233,&quot;3&quot;:{&quot;1&quot;:0},&quot;10&quot;:2,&quot;11&quot;:0,&quot;12&quot;:0,&quot;14&quot;:{&quot;1&quot;:2,&quot;2&quot;:0},&quot;15&quot;:&quot;Arial, sans-serif&quot;,&quot;16&quot;:12}\">INCLUYE: FILTRO SMART 20&#8243; CAB, <\/span><\/p>\n<p><span data-sheets-value=\"{&quot;1&quot;:2,&quot;2&quot;:&quot;PAQUETREN - PRO. INCLUYE: FILTRO SMART 20\\&quot; CAB, DOSCIFICADOR DE CLORO Y PASTILLAS PARA 1 A\u00d1O, ACONDICIONADOR MAXI 1\/2\\&quot; Y BOLSA ANTISARRO 3KG&quot;}\" data-sheets-userformat=\"{&quot;2&quot;:15233,&quot;3&quot;:{&quot;1&quot;:0},&quot;10&quot;:2,&quot;11&quot;:0,&quot;12&quot;:0,&quot;14&quot;:{&quot;1&quot;:2,&quot;2&quot;:0},&quot;15&quot;:&quot;Arial, sans-serif&quot;,&quot;16&quot;:12}\">DOSCIFICADOR DE CLORO Y PASTILLAS PARA 1 A\u00d1O, <\/span><\/p>\n<p><span data-sheets-value=\"{&quot;1&quot;:2,&quot;2&quot;:&quot;PAQUETREN - PRO. INCLUYE: FILTRO SMART 20\\&quot; CAB, DOSCIFICADOR DE CLORO Y PASTILLAS PARA 1 A\u00d1O, ACONDICIONADOR MAXI 1\/2\\&quot; Y BOLSA ANTISARRO 3KG&quot;}\" data-sheets-userformat=\"{&quot;2&quot;:15233,&quot;3&quot;:{&quot;1&quot;:0},&quot;10&quot;:2,&quot;11&quot;:0,&quot;12&quot;:0,&quot;14&quot;:{&quot;1&quot;:2,&quot;2&quot;:0},&quot;15&quot;:&quot;Arial, sans-serif&quot;,&quot;16&quot;:12}\">ACONDICIONADOR MAXI 1\/2&#8243; Y BOLSA ANTISARRO 3KG<\/span><\/p>\n<h2 class=\"title-after_title set-cont-mb-s reset-last-child wd-fontsize-s\">\u00bfC\u00f3mo comprar?<\/h2>\n<div>\n<p>En MabaWater, ofrecemos una amplia variedad de productos de calidad para el tratamiento de agua. Explora nuestro cat\u00e1logo y encuentra la opci\u00f3n perfecta para satisfacer tus necesidades. Si tienes alguna duda o necesitas m\u00e1s informaci\u00f3n, no dudes en contactarnos a trav\u00e9s del chat o registrandote en el formulario.<\/p>\n<p>Realizar la compra es f\u00e1cil y seguro en nuestra tienda. Aceptamos todas las tarjetas de cr\u00e9dito, dep\u00f3sitos bancarios y transferencias SPEI. Adem\u00e1s, proporcionando tu direcci\u00f3n completa, podremos calcular el costo del env\u00edo y asegurarnos de que tu producto llegue a tu hogar de manera r\u00e1pida y segura.<\/p>\n<p>En MabaWater, nos esforzamos por ofrecer un excelente servicio al cliente, por eso nos aseguramos de que nuestros productos cumplen con los est\u00e1ndares de calidad y esperamos que quedes completamente satisfecho con tu compra. Adem\u00e1s, Si necesitas asesoramiento para la selecci\u00f3n de productos o servicios de instalaci\u00f3n, nuestros expertos estar\u00e1n disponibles para ayudarte.<\/p>\n<\/div>\n<h2>Nuestra garant\u00eda<\/h2>\n<p>1 a\u00f1o de garantia en funcionamiento1 mes de garantia en satisfacci\u00f3n<\/p>\n<h3>Encu\u00e9ntranos es:<\/h3>\n<p>Calzada Zavaleta #1302. local 101, 75150 Puebla de Zaragoza, M\u00e9xico<\/p>\n<h3>Ll\u00e1manos a:<\/h3>\n<p>Tel\u00e9fono: 222 369 0818Ventas &#8211; Ext 1Atenci\u00f3n a clientes &#8211; Ext 2Asistencia t\u00e9cnica y \u00e1rea de ingenieria &#8211; Ext 3<\/p>\n<h3>Escribenos a:<\/h3>\n<p><a href=\"mailto:contacto@mabawater.com\">contacto@mabawater.com<\/a><\/p>\n<p>Consulta m\u00e1s de nuestro aviso de privacidad <a class=\"notion-link-token notion-enable-hover\" href=\"https:\/\/mabawater.com\/en\/aviso-de-privacidad\/\" target=\"_blank\" rel=\"noopener noreferrer\" data-token-index=\"1\" data-reactroot=\"\"><span class=\"link-annotation-unknown-block-id--652522920\">aqu\u00ed<\/span><\/a><\/p>\n<p>Te gustar\u00eda saber m\u00e1s acerca del sarro :<\/p>\n<p>El agua con alto contenido de sales de\u00a0<a title=\"Calcio\" href=\"https:\/\/es.wikipedia.org\/wiki\/Calcio\">calcio<\/a>\u00a0o\u00a0<a title=\"Magnesio\" href=\"https:\/\/es.wikipedia.org\/wiki\/Magnesio\">magnesio<\/a>\u00a0(<a title=\"Agua dura\" href=\"https:\/\/es.wikipedia.org\/wiki\/Agua_dura\">agua dura<\/a>) tiende a formar incrustaciones minerales en las paredes de las tuber\u00edas. En algunos casos bloquean casi la totalidad de la secci\u00f3n del tubo.<\/p>\n<p>Las sales se adhieren con m\u00e1s frecuencia a las tuber\u00edas de agua caliente as\u00ed como a las superficies de las\u00a0<a title=\"M\u00e1quina\" href=\"https:\/\/es.wikipedia.org\/wiki\/M%C3%A1quina\">m\u00e1quinas<\/a>\u00a0que trabajen o produzcan agua caliente. Un ejemplo de esto son las\u00a0<a title=\"Cafetera\" href=\"https:\/\/es.wikipedia.org\/wiki\/Cafetera\">cafeteras<\/a>\u00a0y los\u00a0<a title=\"Calentador de agua\" href=\"https:\/\/es.wikipedia.org\/wiki\/Calentador_de_agua\">calentadores de agua<\/a>. El calcio y magnesio al adherirse a las\u00a0<a title=\"Resistencia calentadora\" href=\"https:\/\/es.wikipedia.org\/wiki\/Resistencia_calentadora\">resistencias calentadores<\/a>\u00a0forma una capa que evita el contacto del agua con las resistencias, causando un sobrecalentamiento y la ruptura de la resistencia.<\/p>\n<p>Las aguas duras, cuando entran en contacto con el\u00a0<a title=\"Jab\u00f3n\" href=\"https:\/\/es.wikipedia.org\/wiki\/Jab%C3%B3n\">jab\u00f3n<\/a>, reducen su capacidad de crear espuma, obligando a aumentar el tiempo de uso. Los\u00a0<a title=\"Detergente\" href=\"https:\/\/es.wikipedia.org\/wiki\/Detergente\">detergentes<\/a>\u00a0tambi\u00e9n son afectados, forzando a emplear mayor concentraci\u00f3n del producto para cumplir con su misi\u00f3n de lavado.<\/p>\n<p>Ver m\u00e1s <a href=\"https:\/\/es.wikipedia.org\/wiki\/Descalcificador_de_agua\">aqu\u00ed<\/a><\/p>","protected":false},"excerpt":{"rendered":"<p>El <strong data-start=\"196\" data-end=\"213\">Paquetren Pro<\/strong> es un sistema integral dise\u00f1ado para <strong data-start=\"251\" data-end=\"330\">eliminar el sarro y mejorar la calidad del agua en instalaciones dom\u00e9sticas<\/strong>.<\/p>\n<p>Este equipo combina diferentes tecnolog\u00edas de filtraci\u00f3n y acondicionamiento del agua para <strong data-start=\"423\" data-end=\"486\">proteger tuber\u00edas, calentadores, llaves y electrodom\u00e9sticos<\/strong> que pueden verse afectados por la acumulaci\u00f3n de minerales presentes en el agua dura.<\/p>","protected":false},"featured_media":20696,"comment_status":"open","ping_status":"closed","template":"","meta":[],"product_brand":[],"product_cat":[76],"product_tag":[],"class_list":{"0":"post-20695","1":"product","2":"type-product","3":"status-publish","4":"has-post-thumbnail","6":"product_cat-linea-anti-sarro","8":"first","9":"onbackorder","10":"shipping-taxable","11":"product-type-simple"},"yoast_head":"<!-- This site is optimized with the Yoast SEO plugin v26.6 - https:\/\/yoast.com\/wordpress\/plugins\/seo\/ -->\n<title>Paquetren Pro - Producto para eliminar el sarro - Maba Water<\/title>\n<meta name=\"description\" content=\"Paquetren Pro - Producto para eliminar el sarro PAQUETREN - PRO.INCLUYE: FILTRO SMART 20&quot; CAB,DOSCIFICADOR DE CLORO Y PASTILLAS PARA 1 A\u00d1O,ACONDICIONADOR\" \/>\n<meta name=\"robots\" content=\"index, follow, max-snippet:-1, max-image-preview:large, max-video-preview:-1\" \/>\n<link rel=\"canonical\" href=\"https:\/\/mabawater.com\/en\/product\/paquetren-pro\/\" \/>\n<meta property=\"og:locale\" content=\"en_US\" \/>\n<meta property=\"og:type\" content=\"article\" \/>\n<meta property=\"og:title\" content=\"Paquetren Pro - Producto para eliminar el sarro - Maba Water\" \/>\n<meta property=\"og:description\" content=\"Paquetren Pro - Producto para eliminar el sarro PAQUETREN - PRO.INCLUYE: FILTRO SMART 20&quot; CAB,DOSCIFICADOR DE CLORO Y PASTILLAS PARA 1 A\u00d1O,ACONDICIONADOR\" \/>\n<meta property=\"og:url\" content=\"https:\/\/mabawater.com\/en\/product\/paquetren-pro\/\" \/>\n<meta property=\"og:site_name\" content=\"Maba Water\" \/>\n<meta property=\"article:publisher\" content=\"https:\/\/www.facebook.com\/mabawater\/\" \/>\n<meta property=\"article:modified_time\" content=\"2026-03-09T20:29:31+00:00\" \/>\n<meta property=\"og:image\" content=\"https:\/\/mabawater.com\/wp-content\/uploads\/2022\/10\/PaquetrenPro.png\" \/>\n\t<meta property=\"og:image:width\" content=\"2000\" \/>\n\t<meta property=\"og:image:height\" content=\"2000\" \/>\n\t<meta property=\"og:image:type\" content=\"image\/png\" \/>\n<meta name=\"twitter:card\" content=\"summary_large_image\" \/>\n<meta name=\"twitter:label1\" content=\"Est. reading time\" \/>\n\t<meta name=\"twitter:data1\" content=\"2 minutes\" \/>\n<!-- \/ Yoast SEO plugin. -->","yoast_head_json":{"title":"Paquetren Pro - Producto para eliminar el sarro - Maba Water","description":"Paquetren Pro - Producto para eliminar el sarro PAQUETREN - PRO.INCLUYE: FILTRO SMART 20\" CAB,DOSCIFICADOR DE CLORO Y PASTILLAS PARA 1 A\u00d1O,ACONDICIONADOR","robots":{"index":"index","follow":"follow","max-snippet":"max-snippet:-1","max-image-preview":"max-image-preview:large","max-video-preview":"max-video-preview:-1"},"canonical":"https:\/\/mabawater.com\/en\/product\/paquetren-pro\/","og_locale":"en_US","og_type":"article","og_title":"Paquetren Pro - Producto para eliminar el sarro - Maba Water","og_description":"Paquetren Pro - Producto para eliminar el sarro PAQUETREN - PRO.INCLUYE: FILTRO SMART 20\" CAB,DOSCIFICADOR DE CLORO Y PASTILLAS PARA 1 A\u00d1O,ACONDICIONADOR","og_url":"https:\/\/mabawater.com\/en\/product\/paquetren-pro\/","og_site_name":"Maba Water","article_publisher":"https:\/\/www.facebook.com\/mabawater\/","article_modified_time":"2026-03-09T20:29:31+00:00","og_image":[{"width":2000,"height":2000,"url":"https:\/\/mabawater.com\/wp-content\/uploads\/2022\/10\/PaquetrenPro.png","type":"image\/png"}],"twitter_card":"summary_large_image","twitter_misc":{"Est. reading time":"2 minutes"},"schema":{"@context":"https:\/\/schema.org","@graph":[{"@type":"WebPage","@id":"https:\/\/mabawater.com\/producto\/paquetren-pro\/","url":"https:\/\/mabawater.com\/producto\/paquetren-pro\/","name":"Paquetren Pro - Producto para eliminar el sarro - Maba Water","isPartOf":{"@id":"https:\/\/mabawater.com\/#website"},"primaryImageOfPage":{"@id":"https:\/\/mabawater.com\/producto\/paquetren-pro\/#primaryimage"},"image":{"@id":"https:\/\/mabawater.com\/producto\/paquetren-pro\/#primaryimage"},"thumbnailUrl":"https:\/\/mabawater.com\/wp-content\/uploads\/2022\/10\/PaquetrenPro.png","datePublished":"2022-10-20T23:20:53+00:00","dateModified":"2026-03-09T20:29:31+00:00","description":"Paquetren Pro - Producto para eliminar el sarro PAQUETREN - PRO.INCLUYE: FILTRO SMART 20\" CAB,DOSCIFICADOR DE CLORO Y PASTILLAS PARA 1 A\u00d1O,ACONDICIONADOR","breadcrumb":{"@id":"https:\/\/mabawater.com\/producto\/paquetren-pro\/#breadcrumb"},"inLanguage":"en-US","potentialAction":[{"@type":"ReadAction","target":["https:\/\/mabawater.com\/producto\/paquetren-pro\/"]}]},{"@type":"ImageObject","inLanguage":"en-US","@id":"https:\/\/mabawater.com\/producto\/paquetren-pro\/#primaryimage","url":"https:\/\/mabawater.com\/wp-content\/uploads\/2022\/10\/PaquetrenPro.png","contentUrl":"https:\/\/mabawater.com\/wp-content\/uploads\/2022\/10\/PaquetrenPro.png","width":2000,"height":2000,"caption":"Paquetren Pro - Producto para eliminar el sarro PAQUETREN - PRO. INCLUYE: FILTRO SMART 20\" CAB, DOSCIFICADOR DE CLORO Y PASTILLAS PARA 1 A\u00d1O, ACONDICIONADOR MAXI 1\/2\" Y BOLSA ANTISARRO 3KG"},{"@type":"BreadcrumbList","@id":"https:\/\/mabawater.com\/producto\/paquetren-pro\/#breadcrumb","itemListElement":[{"@type":"ListItem","position":1,"name":"Portada","item":"https:\/\/mabawater.com\/"},{"@type":"ListItem","position":2,"name":"Productos Para La Calidad Del Agua","item":"https:\/\/mabawater.com\/productos-para-la-calidad-del-agua\/"},{"@type":"ListItem","position":3,"name":"Paquetren Pro &#8211; Producto para eliminar el sarro"}]},{"@type":"WebSite","@id":"https:\/\/mabawater.com\/#website","url":"https:\/\/mabawater.com\/","name":"Maba Water","description":"Soluciones Hidr\u00e1ulicas Sustentables","publisher":{"@id":"https:\/\/mabawater.com\/#organization"},"potentialAction":[{"@type":"SearchAction","target":{"@type":"EntryPoint","urlTemplate":"https:\/\/mabawater.com\/?s={search_term_string}"},"query-input":{"@type":"PropertyValueSpecification","valueRequired":true,"valueName":"search_term_string"}}],"inLanguage":"en-US"},{"@type":"Organization","@id":"https:\/\/mabawater.com\/#organization","name":"Maba Water","url":"https:\/\/mabawater.com\/","logo":{"@type":"ImageObject","inLanguage":"en-US","@id":"https:\/\/mabawater.com\/#\/schema\/logo\/image\/","url":"https:\/\/mabawater.com\/wp-content\/uploads\/2021\/09\/water-icon.png","contentUrl":"https:\/\/mabawater.com\/wp-content\/uploads\/2021\/09\/water-icon.png","width":410,"height":176,"caption":"Maba Water"},"image":{"@id":"https:\/\/mabawater.com\/#\/schema\/logo\/image\/"},"sameAs":["https:\/\/www.facebook.com\/mabawater\/","https:\/\/www.instagram.com\/mabawater\/?hl=es-la"]}]}},"_links":{"self":[{"href":"https:\/\/mabawater.com\/en\/wp-json\/wp\/v2\/product\/20695","targetHints":{"allow":["GET"]}}],"collection":[{"href":"https:\/\/mabawater.com\/en\/wp-json\/wp\/v2\/product"}],"about":[{"href":"https:\/\/mabawater.com\/en\/wp-json\/wp\/v2\/types\/product"}],"replies":[{"embeddable":true,"href":"https:\/\/mabawater.com\/en\/wp-json\/wp\/v2\/comments?post=20695"}],"version-history":[{"count":7,"href":"https:\/\/mabawater.com\/en\/wp-json\/wp\/v2\/product\/20695\/revisions"}],"predecessor-version":[{"id":30290,"href":"https:\/\/mabawater.com\/en\/wp-json\/wp\/v2\/product\/20695\/revisions\/30290"}],"wp:featuredmedia":[{"embeddable":true,"href":"https:\/\/mabawater.com\/en\/wp-json\/wp\/v2\/media\/20696"}],"wp:attachment":[{"href":"https:\/\/mabawater.com\/en\/wp-json\/wp\/v2\/media?parent=20695"}],"wp:term":[{"taxonomy":"product_brand","embeddable":true,"href":"https:\/\/mabawater.com\/en\/wp-json\/wp\/v2\/product_brand?post=20695"},{"taxonomy":"product_cat","embeddable":true,"href":"https:\/\/mabawater.com\/en\/wp-json\/wp\/v2\/product_cat?post=20695"},{"taxonomy":"product_tag","embeddable":true,"href":"https:\/\/mabawater.com\/en\/wp-json\/wp\/v2\/product_tag?post=20695"}],"curies":[{"name":"wp","href":"https:\/\/api.w.org\/{rel}","templated":true}]}}