{"id":20962,"date":"2022-11-22T23:25:19","date_gmt":"2022-11-22T23:25:19","guid":{"rendered":"https:\/\/mabawater.com\/?post_type=product&#038;p=20962"},"modified":"2025-11-02T20:00:21","modified_gmt":"2025-11-02T20:00:21","slug":"vaso-jumbito-104-5-3-4%e2%80%b3npt","status":"publish","type":"product","link":"https:\/\/mabawater.com\/en\/product\/vaso-jumbito-104-5-3-4%e2%80%b3npt\/","title":{"rendered":"Vaso Jumbito 10&#8243;*4.5 3\/4\u2033NPT"},"content":{"rendered":"<h2>Vaso Jumbito 10&#8243;*4.5 3\/4\u2033NPT<\/h2>\n<p><span data-sheets-value=\"{&quot;1&quot;:2,&quot;2&quot;:&quot;Compacto y eficiente, el filtro jumbito ofrece una excelente superficie de filtraci\u00f3n. Es el filtrom\u00e1s vendido a nivel residencial.&quot;}\" data-sheets-userformat=\"{&quot;2&quot;:14337,&quot;3&quot;:{&quot;1&quot;:0,&quot;3&quot;:1},&quot;14&quot;:{&quot;1&quot;:2,&quot;2&quot;:0},&quot;15&quot;:&quot;Calibri&quot;,&quot;16&quot;:12}\">Compacto y eficiente, el Vaso Jumbito 10&#8243;*4.5 3\/4\u2033NPT ofrece una excelente superficie de filtraci\u00f3n. Es el filtro m\u00e1s vendido a nivel residencial.<\/span><\/p>\n<p>Vaso Jumbito es un vaso para filtro con dimensiones de 10&#8243; x 4.4&#8243; 4\/4 NPT.<\/p>\n<div>\n<h2 class=\"title-after_title set-cont-mb-s reset-last-child wd-fontsize-s\">\u00bfC\u00f3mo comprar?<\/h2>\n<div>\n<p>En MabaWater, ofrecemos una amplia variedad de productos de calidad para el tratamiento de agua. Explora nuestro cat\u00e1logo y encuentra la opci\u00f3n perfecta para satisfacer tus necesidades. Si tienes alguna duda o necesitas m\u00e1s informaci\u00f3n, no dudes en contactarnos a trav\u00e9s del chat o registr\u00e1ndote en el formulario.<\/p>\n<p>Realizar la compra es f\u00e1cil y seguro en nuestra tienda. Aceptamos todas las tarjetas de cr\u00e9dito, dep\u00f3sitos bancarios y transferencias SPEI. Adem\u00e1s, proporcionando tu direcci\u00f3n completa, podremos calcular el costo del env\u00edo y asegurarnos de que tu producto llegue a tu hogar de manera r\u00e1pida y segura.<\/p>\n<p>En MabaWater, nos esforzamos por ofrecer un excelente servicio al cliente, por eso nos aseguramos de que nuestros productos cumplen con los est\u00e1ndares de calidad y esperamos que quedes completamente satisfecho con tu compra. Adem\u00e1s, Si necesitas asesoramiento para la selecci\u00f3n de productos o servicios de instalaci\u00f3n, nuestros expertos estar\u00e1n disponibles para ayudarte.<\/p>\n<\/div>\n<\/div>\n<h2>Nuestra garant\u00eda<\/h2>\n<p>1 a\u00f1o de garantia en funcionamiento1 mes de garantia en satisfacci\u00f3n<\/p>\n<h3>Encu\u00e9ntranos es:<\/h3>\n<p>Calzada Zavaleta #1302. local 101, 75150 Puebla de Zaragoza, M\u00e9xico<\/p>\n<h3>Ll\u00e1manos a:<\/h3>\n<p>Tel\u00e9fono: 222 369 0818Ventas &#8211; Ext 1Atenci\u00f3n a clientes &#8211; Ext 2Asistencia t\u00e9cnica y \u00e1rea de ingenieria &#8211; Ext 3<\/p>\n<h3>Escribenos a:<\/h3>\n<p><a href=\"mailto:contacto@mabawater.com\">contacto@mabawater.com<\/a><\/p>\n<p>Te gustar\u00eda saber m\u00e1s acerca los filtros:<\/p>\n<p>La variedad de dispositivos de filtraci\u00f3n o\u00a0<a title=\"Filtro (hidr\u00e1ulica)\" href=\"https:\/\/es.wikipedia.org\/wiki\/Filtro_(hidr%C3%A1ulica)\">filtros<\/a>\u00a0es tan extensa como las variedades de materiales porosos disponibles como medios filtrantes y las condiciones particulares de cada aplicaci\u00f3n: desde sencillos dispositivos, como los filtros dom\u00e9sticos de\u00a0<a title=\"Caf\u00e9\" href=\"https:\/\/es.wikipedia.org\/wiki\/Caf%C3%A9\">caf\u00e9<\/a>\u00a0o los\u00a0<a title=\"Embudo B\u00fcchner\" href=\"https:\/\/es.wikipedia.org\/wiki\/Embudo_B%C3%BCchner\">embudos de filtraci\u00f3n<\/a>\u00a0para separaciones de laboratorio, hasta grandes sistemas complejos de elevada automatizaci\u00f3n como los empleados en las industrias\u00a0<a title=\"Petroqu\u00edmica\" href=\"https:\/\/es.wikipedia.org\/wiki\/Petroqu%C3%ADmica\">petroqu\u00edmicas<\/a>\u00a0y de\u00a0<a title=\"Refiner\u00eda de petr\u00f3leo\" href=\"https:\/\/es.wikipedia.org\/wiki\/Refiner%C3%ADa_de_petr%C3%B3leo\">refino<\/a>\u00a0para la recuperaci\u00f3n de\u00a0<a title=\"Cat\u00e1lisis\" href=\"https:\/\/es.wikipedia.org\/wiki\/Cat%C3%A1lisis\">catalizadores<\/a>\u00a0de alto valor, o los\u00a0<a title=\"Estaci\u00f3n de tratamiento de agua potable\" href=\"https:\/\/es.wikipedia.org\/wiki\/Estaci%C3%B3n_de_tratamiento_de_agua_potable\">sistemas de tratamiento de agua potable<\/a>\u00a0destinada al suministro urbano.<\/p>\n<p>Consulta m\u00e1s de nuestro aviso de privacidad <a href=\"https:\/\/mabawater.com\/en\/aviso-de-privacidad\/\">aqu\u00ed<\/a><\/p>\n<p><a href=\"https:\/\/mabawater.com\/wp-content\/uploads\/2021\/09\/descarga-24.png\" data-width=\"1050\" data-height=\"1401\" data-index=\"1\" data-elementor-open-lightbox=\"no\">\u00a0<\/a><\/p>\n<p>Compacto y eficiente, el filtro jumbito ofrece una excelente superficie de filtraci\u00f3n. Es el filtrom\u00e1s vendido a nivel residencial.<\/p>\n<p>Vaso Jumbito.Vaso para filtro con dimensiones de 10&#8243; x 4.4&#8243; 4\/4 NPT.<\/p>\n<p>Somos una empresa mexicana especializada en soluciones h\u00eddricas sustentables, implementamos proyectos y tecnolog\u00eda que garantice una gesti\u00f3n integral del agua con el objetivo de generar ahorro, uso y manejo responsable\u00a0 y eficiente del recurso, brindar seguridad, calidad y constancia en el suministro de agua potable y saneamiento.<\/p>\n<p><strong>Nuestra Misi\u00f3n<\/strong><\/p>\n<p>Promover el desarrollo sustentable mediante la utilizaci\u00f3n de ecotecnolog\u00edas y dise\u00f1o sostenible, dirigido al sector urbano y comercial, fomentando una cultura ecol\u00f3gica en nuestros clientes ofertando y desarrollando productos y sistemas que otorguen los beneficios de: ahorro de energ\u00eda, reducci\u00f3n del impacto ambiental, gesti\u00f3n sustentable de los recursos h\u00eddricos, optimizaci\u00f3n de los recursos y energ\u00edas renovables.<\/p>\n<p><strong>Nuestra Visi\u00f3n<\/strong><\/p>\n<p>MabaWater es una empresa de alta confianza, responsabilidad y profesionalismo en el \u00e1mbito del desarrollo sustentable, con base en el desarrollo e implementaci\u00f3n de la m\u00e1s alta tecnolog\u00eda en sinergia con programas y campa\u00f1as para cultura de cuidado del medio ambiente.<\/p>\n<p>Nuestra garant\u00eda<\/p>\n<p>1 a\u00f1o de garantia en funcionamiento1 mes de garantia en satisfacci\u00f3n<\/p>\n<h3>Encu\u00e9ntranos es:<\/h3>\n<p>Calzada Zavaleta #1302. local 101, 75150 Puebla de Zaragoza, M\u00e9xico<\/p>\n<h3>Ll\u00e1manos a:<\/h3>\n<p>Tel\u00e9fono: 222 369 0818Ventas &#8211; Ext 1Atenci\u00f3n a clientes &#8211; Ext 2Asistencia t\u00e9cnica y \u00e1rea de ingenieria &#8211; Ext 3<\/p>\n<h3>Escribenos a:<\/h3>\n<p><a href=\"mailto:contacto@mabawater.com\">contacto@mabawater.com<\/a><\/p>\n<p>Te gustar\u00eda saber m\u00e1s acerca<\/p>\n<p>Consulta m\u00e1s de nuestro aviso de privacidad <a href=\"https:\/\/mabawater.com\/en\/aviso-de-privacidad\/\">aqu\u00ed<\/a><\/p>","protected":false},"excerpt":{"rendered":"<p data-start=\"232\" data-end=\"566\">Optimice su <strong>sistema de tratamiento de agua<\/strong> con esta<strong> carcasa de filtro<\/strong> modelo <strong>Jumbito<\/strong> 104, dise\u00f1ada para combinar compacidad con alto rendimiento. Con su altura de 5 pulgadas y conexi\u00f3n est\u00e1ndar de \u00be\u2033 NPT, es ideal para instalaciones residenciales, oficinas o cualquier entorno que requiera un equipo confiable de mantenimiento m\u00ednimo.<\/p>\n<p data-start=\"568\" data-end=\"592\">","protected":false},"featured_media":20964,"comment_status":"open","ping_status":"closed","template":"","meta":[],"product_brand":[],"product_cat":[145,79],"product_tag":[],"class_list":{"0":"post-20962","1":"product","2":"type-product","3":"status-publish","4":"has-post-thumbnail","6":"product_cat-tratamiento-de-agua","7":"product_cat-maba-filtros","9":"first","10":"instock","11":"shipping-taxable","12":"product-type-simple"},"yoast_head":"<!-- This site is optimized with the Yoast SEO plugin v26.6 - https:\/\/yoast.com\/wordpress\/plugins\/seo\/ -->\n<title>Vaso Jumbito 10&quot;*4.5 3\/4\u2033NPT - Maba Water<\/title>\n<meta name=\"description\" content=\"Compacto y eficiente, el filtro jumbito ofrece una excelente superficie de filtraci\u00f3n. Es el filtro m\u00e1s vendido a nivel residencial.\" \/>\n<meta name=\"robots\" content=\"index, follow, max-snippet:-1, max-image-preview:large, max-video-preview:-1\" \/>\n<link rel=\"canonical\" href=\"https:\/\/mabawater.com\/en\/product\/vaso-jumbito-104-5-3-4\u2033npt\/\" \/>\n<meta property=\"og:locale\" content=\"en_US\" \/>\n<meta property=\"og:type\" content=\"article\" \/>\n<meta property=\"og:title\" content=\"Vaso Jumbito 10&quot;*4.5 3\/4\u2033NPT - Maba Water\" \/>\n<meta property=\"og:description\" content=\"Compacto y eficiente, el filtro jumbito ofrece una excelente superficie de filtraci\u00f3n. Es el filtro m\u00e1s vendido a nivel residencial.\" \/>\n<meta property=\"og:url\" content=\"https:\/\/mabawater.com\/en\/product\/vaso-jumbito-104-5-3-4\u2033npt\/\" \/>\n<meta property=\"og:site_name\" content=\"Maba Water\" \/>\n<meta property=\"article:publisher\" content=\"https:\/\/www.facebook.com\/mabawater\/\" \/>\n<meta property=\"article:modified_time\" content=\"2025-11-02T20:00:21+00:00\" \/>\n<meta property=\"og:image\" content=\"https:\/\/mabawater.com\/wp-content\/uploads\/2022\/11\/jumbito_vaso-1024x1024.png\" \/>\n\t<meta property=\"og:image:width\" content=\"1024\" \/>\n\t<meta property=\"og:image:height\" content=\"1024\" \/>\n\t<meta property=\"og:image:type\" content=\"image\/png\" \/>\n<meta name=\"twitter:card\" content=\"summary_large_image\" \/>\n<meta name=\"twitter:label1\" content=\"Est. reading time\" \/>\n\t<meta name=\"twitter:data1\" content=\"3 minutes\" \/>\n<!-- \/ Yoast SEO plugin. -->","yoast_head_json":{"title":"Vaso Jumbito 10\"*4.5 3\/4\u2033NPT - Maba Water","description":"Compacto y eficiente, el filtro jumbito ofrece una excelente superficie de filtraci\u00f3n. Es el filtro m\u00e1s vendido a nivel residencial.","robots":{"index":"index","follow":"follow","max-snippet":"max-snippet:-1","max-image-preview":"max-image-preview:large","max-video-preview":"max-video-preview:-1"},"canonical":"https:\/\/mabawater.com\/en\/product\/vaso-jumbito-104-5-3-4\u2033npt\/","og_locale":"en_US","og_type":"article","og_title":"Vaso Jumbito 10\"*4.5 3\/4\u2033NPT - Maba Water","og_description":"Compacto y eficiente, el filtro jumbito ofrece una excelente superficie de filtraci\u00f3n. Es el filtro m\u00e1s vendido a nivel residencial.","og_url":"https:\/\/mabawater.com\/en\/product\/vaso-jumbito-104-5-3-4\u2033npt\/","og_site_name":"Maba Water","article_publisher":"https:\/\/www.facebook.com\/mabawater\/","article_modified_time":"2025-11-02T20:00:21+00:00","og_image":[{"width":1024,"height":1024,"url":"https:\/\/mabawater.com\/wp-content\/uploads\/2022\/11\/jumbito_vaso-1024x1024.png","type":"image\/png"}],"twitter_card":"summary_large_image","twitter_misc":{"Est. reading time":"3 minutes"},"schema":{"@context":"https:\/\/schema.org","@graph":[{"@type":"WebPage","@id":"https:\/\/mabawater.com\/producto\/vaso-jumbito-104-5-3-4%e2%80%b3npt\/","url":"https:\/\/mabawater.com\/producto\/vaso-jumbito-104-5-3-4%e2%80%b3npt\/","name":"Vaso Jumbito 10\"*4.5 3\/4\u2033NPT - Maba Water","isPartOf":{"@id":"https:\/\/mabawater.com\/#website"},"primaryImageOfPage":{"@id":"https:\/\/mabawater.com\/producto\/vaso-jumbito-104-5-3-4%e2%80%b3npt\/#primaryimage"},"image":{"@id":"https:\/\/mabawater.com\/producto\/vaso-jumbito-104-5-3-4%e2%80%b3npt\/#primaryimage"},"thumbnailUrl":"https:\/\/mabawater.com\/wp-content\/uploads\/2022\/11\/jumbito_vaso.png","datePublished":"2022-11-22T23:25:19+00:00","dateModified":"2025-11-02T20:00:21+00:00","description":"Compacto y eficiente, el filtro jumbito ofrece una excelente superficie de filtraci\u00f3n. Es el filtro m\u00e1s vendido a nivel residencial.","breadcrumb":{"@id":"https:\/\/mabawater.com\/producto\/vaso-jumbito-104-5-3-4%e2%80%b3npt\/#breadcrumb"},"inLanguage":"en-US","potentialAction":[{"@type":"ReadAction","target":["https:\/\/mabawater.com\/producto\/vaso-jumbito-104-5-3-4%e2%80%b3npt\/"]}]},{"@type":"ImageObject","inLanguage":"en-US","@id":"https:\/\/mabawater.com\/producto\/vaso-jumbito-104-5-3-4%e2%80%b3npt\/#primaryimage","url":"https:\/\/mabawater.com\/wp-content\/uploads\/2022\/11\/jumbito_vaso.png","contentUrl":"https:\/\/mabawater.com\/wp-content\/uploads\/2022\/11\/jumbito_vaso.png","width":2000,"height":2000,"caption":"Vaso Jumbito 10\"*4.5 3\/4\u2033NPT"},{"@type":"BreadcrumbList","@id":"https:\/\/mabawater.com\/producto\/vaso-jumbito-104-5-3-4%e2%80%b3npt\/#breadcrumb","itemListElement":[{"@type":"ListItem","position":1,"name":"Portada","item":"https:\/\/mabawater.com\/"},{"@type":"ListItem","position":2,"name":"Productos Para La Calidad Del Agua","item":"https:\/\/mabawater.com\/productos-para-la-calidad-del-agua\/"},{"@type":"ListItem","position":3,"name":"Vaso Jumbito 10&#8243;*4.5 3\/4\u2033NPT"}]},{"@type":"WebSite","@id":"https:\/\/mabawater.com\/#website","url":"https:\/\/mabawater.com\/","name":"Maba Water","description":"Soluciones Hidr\u00e1ulicas Sustentables","publisher":{"@id":"https:\/\/mabawater.com\/#organization"},"potentialAction":[{"@type":"SearchAction","target":{"@type":"EntryPoint","urlTemplate":"https:\/\/mabawater.com\/?s={search_term_string}"},"query-input":{"@type":"PropertyValueSpecification","valueRequired":true,"valueName":"search_term_string"}}],"inLanguage":"en-US"},{"@type":"Organization","@id":"https:\/\/mabawater.com\/#organization","name":"Maba Water","url":"https:\/\/mabawater.com\/","logo":{"@type":"ImageObject","inLanguage":"en-US","@id":"https:\/\/mabawater.com\/#\/schema\/logo\/image\/","url":"https:\/\/mabawater.com\/wp-content\/uploads\/2021\/09\/water-icon.png","contentUrl":"https:\/\/mabawater.com\/wp-content\/uploads\/2021\/09\/water-icon.png","width":410,"height":176,"caption":"Maba Water"},"image":{"@id":"https:\/\/mabawater.com\/#\/schema\/logo\/image\/"},"sameAs":["https:\/\/www.facebook.com\/mabawater\/","https:\/\/www.instagram.com\/mabawater\/?hl=es-la"]}]}},"_links":{"self":[{"href":"https:\/\/mabawater.com\/en\/wp-json\/wp\/v2\/product\/20962","targetHints":{"allow":["GET"]}}],"collection":[{"href":"https:\/\/mabawater.com\/en\/wp-json\/wp\/v2\/product"}],"about":[{"href":"https:\/\/mabawater.com\/en\/wp-json\/wp\/v2\/types\/product"}],"replies":[{"embeddable":true,"href":"https:\/\/mabawater.com\/en\/wp-json\/wp\/v2\/comments?post=20962"}],"version-history":[{"count":19,"href":"https:\/\/mabawater.com\/en\/wp-json\/wp\/v2\/product\/20962\/revisions"}],"predecessor-version":[{"id":29829,"href":"https:\/\/mabawater.com\/en\/wp-json\/wp\/v2\/product\/20962\/revisions\/29829"}],"wp:featuredmedia":[{"embeddable":true,"href":"https:\/\/mabawater.com\/en\/wp-json\/wp\/v2\/media\/20964"}],"wp:attachment":[{"href":"https:\/\/mabawater.com\/en\/wp-json\/wp\/v2\/media?parent=20962"}],"wp:term":[{"taxonomy":"product_brand","embeddable":true,"href":"https:\/\/mabawater.com\/en\/wp-json\/wp\/v2\/product_brand?post=20962"},{"taxonomy":"product_cat","embeddable":true,"href":"https:\/\/mabawater.com\/en\/wp-json\/wp\/v2\/product_cat?post=20962"},{"taxonomy":"product_tag","embeddable":true,"href":"https:\/\/mabawater.com\/en\/wp-json\/wp\/v2\/product_tag?post=20962"}],"curies":[{"name":"wp","href":"https:\/\/api.w.org\/{rel}","templated":true}]}}