{"id":21264,"date":"2022-11-28T18:45:39","date_gmt":"2022-11-28T18:45:39","guid":{"rendered":"https:\/\/mabawater.com\/?post_type=product&#038;p=21264"},"modified":"2023-01-10T18:11:54","modified_gmt":"2023-01-10T18:11:54","slug":"filtro-cartucho-plegable-de-polipropileno-marca-purikor","status":"publish","type":"product","link":"https:\/\/mabawater.com\/en\/product\/filtro-cartucho-plegable-de-polipropileno-marca-purikor\/","title":{"rendered":"Filtro cartucho plegable de Polipropileno marca PURIKOR con dimensiones de 2.5\u2033 x 20\u2033 para filtrado de 10 micras"},"content":{"rendered":"<h1>Filtro cartucho plegable de Polipropileno marca PURIKOR<\/h1>\n<p><span data-sheets-value=\"{&quot;1&quot;:2,&quot;2&quot;:&quot;\u00a1El mejor cartucho para evitar sedimentos suspendidos en el agua!. Si tienes problema de lodos o tierra, esta es tu mejor opci\u00f3n.&quot;}\">\u00a1El mejor filtro cartucho <\/span>plegable de Polipropileno marca PURIKOR <span data-sheets-value=\"{&quot;1&quot;:2,&quot;2&quot;:&quot;\u00a1El mejor cartucho para evitar sedimentos suspendidos en el agua!. Si tienes problema de lodos o tierra, esta es tu mejor opci\u00f3n.&quot;}\">para evitar sedimentos suspendidos en el agua!. Si tienes problema de lodos o tierra, esta es tu mejor opci\u00f3n.<\/span><\/p>\n<p>PURIKOR le ofrece una serie de filtros plegable de alta eficiencia, con dise\u00f1o plegable para la reducci\u00f3n de sedimentos en el agua para 10 micras<\/p>\n<h2>\u00bfC\u00f3mo comprar?<\/h2>\n<p>En MabaWater, ofrecemos una amplia variedad de productos de calidad para el tratamiento de agua. Explora nuestro cat\u00e1logo y encuentra la opci\u00f3n perfecta para satisfacer tus necesidades. Si tienes alguna duda o necesitas m\u00e1s informaci\u00f3n, no dudes en contactarnos a trav\u00e9s del chat o registrandote en el formulario.<\/p>\n<p>Realizar la compra es f\u00e1cil y seguro en nuestra tienda. Aceptamos todas las tarjetas de cr\u00e9dito, dep\u00f3sitos bancarios y transferencias SPEI. Adem\u00e1s, proporcionando tu direcci\u00f3n completa, podremos calcular el costo del env\u00edo y asegurarnos de que tu producto llegue a tu hogar de manera r\u00e1pida y segura.<\/p>\n<p>En MabaWater, nos esforzamos por ofrecer un excelente servicio al cliente, por eso nos aseguramos de que nuestros productos cumplen con los est\u00e1ndares de calidad y esperamos que quedes completamente satisfecho con tu compra. Adem\u00e1s, Si necesitas asesoramiento para la selecci\u00f3n de productos o servicios de instalaci\u00f3n, nuestros expertos estar\u00e1n disponibles para ayudarte.<\/p>\n<h2>Nuestra garant\u00eda<\/h2>\n<p>1 a\u00f1o de garantia en funcionamiento1 mes de garantia en satisfacci\u00f3n<\/p>\n<h3>Encu\u00e9ntranos es:<\/h3>\n<p>Calzada Zavaleta #1302. local 101, 75150 Puebla de Zaragoza, M\u00e9xico<\/p>\n<h3>Ll\u00e1manos a:<\/h3>\n<p>Tel\u00e9fono: 222 369 0818Ventas &#8211; Ext 1Atenci\u00f3n a clientes &#8211; Ext 2Asistencia t\u00e9cnica y \u00e1rea de ingenieria &#8211; Ext 3<\/p>\n<h3>Escribenos a:<\/h3>\n<p><a href=\"mailto:contacto@mabawater.com\">contacto@mabawater.com<\/a><\/p>\n<p>\u00bfTe gustar\u00eda saber m\u00e1s acerca del Polipropileno?:<\/p>\n<p>El\u00a0<b>polipropileno<\/b>\u00a0(<b>PP<\/b>) es el\u00a0<a title=\"Pol\u00edmero\" href=\"https:\/\/es.wikipedia.org\/wiki\/Pol%C3%ADmero\">pol\u00edmero<\/a>\u00a0<a title=\"Termopl\u00e1stico\" href=\"https:\/\/es.wikipedia.org\/wiki\/Termopl%C3%A1stico\">termopl\u00e1stico<\/a>, parcialmente\u00a0<a title=\"Cristal\" href=\"https:\/\/es.wikipedia.org\/wiki\/Cristal\">cristalino<\/a>, que se obtiene de la\u00a0<a title=\"Polimerizaci\u00f3n\" href=\"https:\/\/es.wikipedia.org\/wiki\/Polimerizaci%C3%B3n\">polimerizaci\u00f3n<\/a>\u00a0del\u00a0<a title=\"Propileno\" href=\"https:\/\/es.wikipedia.org\/wiki\/Propileno\">propileno<\/a>\u00a0(o propeno). Pertenece al grupo de las\u00a0<a class=\"mw-redirect\" title=\"Polioleofina\" href=\"https:\/\/es.wikipedia.org\/wiki\/Polioleofina\">poliolefinas<\/a>\u00a0y es utilizado en una amplia variedad de aplicaciones que incluyen empaques para alimentos, tejidos, equipo de laboratorio, componentes automotrices y pel\u00edculas transparentes. Tiene gran resistencia contra diversos solventes qu\u00edmicos, as\u00ed como contra\u00a0<a class=\"mw-redirect\" title=\"\u00c1lcali\" href=\"https:\/\/es.wikipedia.org\/wiki\/%C3%81lcali\">\u00e1lcalis<\/a>\u00a0y\u00a0<a class=\"mw-redirect\" title=\"\u00c1cidos\" href=\"https:\/\/es.wikipedia.org\/wiki\/%C3%81cidos\">\u00e1cidos<\/a>.<\/p>\n<p>Ver toda la informaci\u00f3n <a href=\"https:\/\/es.wikipedia.org\/wiki\/Polipropileno\">aqu\u00ed<\/a><\/p>\n<p>Consulta m\u00e1s de nuestro aviso de privacidad <a class=\"notion-link-token notion-enable-hover\" href=\"https:\/\/mabawater.com\/en\/aviso-de-privacidad\/\" target=\"_blank\" rel=\"noopener noreferrer\" data-token-index=\"1\" data-reactroot=\"\"><span class=\"link-annotation-unknown-block-id--652522920\">aqu\u00ed<\/span><\/a><\/p>","protected":false},"excerpt":{"rendered":"<p>PURIKOR le ofrece una serie de filtros plegable de alta eficiencia, con dise\u00f1o plegable para la reducci\u00f3n de sedimentos en el agua para 10 micras<\/p>\n<p>Filtro cartucho plegable de Polipropileno marca PURIKOR con dimensiones de 2.5\u2033 x 20\u2033 para filtrado de 10 micras<\/p>","protected":false},"featured_media":21253,"comment_status":"open","ping_status":"closed","template":"","meta":[],"product_brand":[],"product_cat":[145,180],"product_tag":[1445,1447,1444,1446,1261],"class_list":{"0":"post-21264","1":"product","2":"type-product","3":"status-publish","4":"has-post-thumbnail","6":"product_cat-tratamiento-de-agua","7":"product_cat-filtros","8":"product_tag-10-micras","9":"product_tag-2-5x20","10":"product_tag-cartucho-plegable","11":"product_tag-cartucho-plegable-2-5x20","12":"product_tag-polipropileno","14":"first","15":"instock","16":"shipping-taxable","17":"product-type-simple"},"yoast_head":"<!-- This site is optimized with the Yoast SEO plugin v26.6 - https:\/\/yoast.com\/wordpress\/plugins\/seo\/ -->\n<title>Filtro cartucho propileno 2.5&quot; x 20&quot; - Maba Water<\/title>\n<meta name=\"description\" content=\"Filtro cartucho plegable de Polipropileno marca PURIKOR con dimensiones de 2.5\u2033 x 20\u2033 para filtrado de 10 micrasPURIKOR le ofrece una serie de filtros\" \/>\n<meta name=\"robots\" content=\"index, follow, max-snippet:-1, max-image-preview:large, max-video-preview:-1\" \/>\n<link rel=\"canonical\" href=\"https:\/\/mabawater.com\/en\/product\/filtro-cartucho-plegable-de-polipropileno-marca-purikor\/\" \/>\n<meta property=\"og:locale\" content=\"en_US\" \/>\n<meta property=\"og:type\" content=\"article\" \/>\n<meta property=\"og:title\" content=\"Filtro cartucho propileno 2.5&quot; x 20&quot; - Maba Water\" \/>\n<meta property=\"og:description\" content=\"Filtro cartucho plegable de Polipropileno marca PURIKOR con dimensiones de 2.5\u2033 x 20\u2033 para filtrado de 10 micrasPURIKOR le ofrece una serie de filtros\" \/>\n<meta property=\"og:url\" content=\"https:\/\/mabawater.com\/en\/product\/filtro-cartucho-plegable-de-polipropileno-marca-purikor\/\" \/>\n<meta property=\"og:site_name\" content=\"Maba Water\" \/>\n<meta property=\"article:publisher\" content=\"https:\/\/www.facebook.com\/mabawater\/\" \/>\n<meta property=\"article:modified_time\" content=\"2023-01-10T18:11:54+00:00\" \/>\n<meta property=\"og:image\" content=\"https:\/\/mabawater.com\/wp-content\/uploads\/2022\/11\/Polipropileno_para10micras.webp\" \/>\n\t<meta property=\"og:image:width\" content=\"1000\" \/>\n\t<meta property=\"og:image:height\" content=\"1000\" \/>\n\t<meta property=\"og:image:type\" content=\"image\/webp\" \/>\n<meta name=\"twitter:card\" content=\"summary_large_image\" \/>\n<meta name=\"twitter:label1\" content=\"Est. reading time\" \/>\n\t<meta name=\"twitter:data1\" content=\"2 minutes\" \/>\n<!-- \/ Yoast SEO plugin. -->","yoast_head_json":{"title":"Filtro cartucho propileno 2.5\" x 20\" - Maba Water","description":"Filtro cartucho plegable de Polipropileno marca PURIKOR con dimensiones de 2.5\u2033 x 20\u2033 para filtrado de 10 micrasPURIKOR le ofrece una serie de filtros","robots":{"index":"index","follow":"follow","max-snippet":"max-snippet:-1","max-image-preview":"max-image-preview:large","max-video-preview":"max-video-preview:-1"},"canonical":"https:\/\/mabawater.com\/en\/product\/filtro-cartucho-plegable-de-polipropileno-marca-purikor\/","og_locale":"en_US","og_type":"article","og_title":"Filtro cartucho propileno 2.5\" x 20\" - Maba Water","og_description":"Filtro cartucho plegable de Polipropileno marca PURIKOR con dimensiones de 2.5\u2033 x 20\u2033 para filtrado de 10 micrasPURIKOR le ofrece una serie de filtros","og_url":"https:\/\/mabawater.com\/en\/product\/filtro-cartucho-plegable-de-polipropileno-marca-purikor\/","og_site_name":"Maba Water","article_publisher":"https:\/\/www.facebook.com\/mabawater\/","article_modified_time":"2023-01-10T18:11:54+00:00","og_image":[{"width":1000,"height":1000,"url":"https:\/\/mabawater.com\/wp-content\/uploads\/2022\/11\/Polipropileno_para10micras.webp","type":"image\/webp"}],"twitter_card":"summary_large_image","twitter_misc":{"Est. reading time":"2 minutes"},"schema":{"@context":"https:\/\/schema.org","@graph":[{"@type":"WebPage","@id":"https:\/\/mabawater.com\/en\/product\/filtro-cartucho-plegable-de-polipropileno-marca-purikor\/","url":"https:\/\/mabawater.com\/en\/product\/filtro-cartucho-plegable-de-polipropileno-marca-purikor\/","name":"Filtro cartucho propileno 2.5\" x 20\" - Maba Water","isPartOf":{"@id":"https:\/\/mabawater.com\/#website"},"primaryImageOfPage":{"@id":"https:\/\/mabawater.com\/en\/product\/filtro-cartucho-plegable-de-polipropileno-marca-purikor\/#primaryimage"},"image":{"@id":"https:\/\/mabawater.com\/en\/product\/filtro-cartucho-plegable-de-polipropileno-marca-purikor\/#primaryimage"},"thumbnailUrl":"https:\/\/mabawater.com\/wp-content\/uploads\/2022\/11\/Polipropileno_para10micras.webp","datePublished":"2022-11-28T18:45:39+00:00","dateModified":"2023-01-10T18:11:54+00:00","description":"Filtro cartucho plegable de Polipropileno marca PURIKOR con dimensiones de 2.5\u2033 x 20\u2033 para filtrado de 10 micrasPURIKOR le ofrece una serie de filtros","breadcrumb":{"@id":"https:\/\/mabawater.com\/en\/product\/filtro-cartucho-plegable-de-polipropileno-marca-purikor\/#breadcrumb"},"inLanguage":"en-US","potentialAction":[{"@type":"ReadAction","target":["https:\/\/mabawater.com\/en\/product\/filtro-cartucho-plegable-de-polipropileno-marca-purikor\/"]}]},{"@type":"ImageObject","inLanguage":"en-US","@id":"https:\/\/mabawater.com\/en\/product\/filtro-cartucho-plegable-de-polipropileno-marca-purikor\/#primaryimage","url":"https:\/\/mabawater.com\/wp-content\/uploads\/2022\/11\/Polipropileno_para10micras.webp","contentUrl":"https:\/\/mabawater.com\/wp-content\/uploads\/2022\/11\/Polipropileno_para10micras.webp","width":1000,"height":1000,"caption":"Filtro cartucho plegable de Polipropileno marca PURIKOR"},{"@type":"BreadcrumbList","@id":"https:\/\/mabawater.com\/en\/product\/filtro-cartucho-plegable-de-polipropileno-marca-purikor\/#breadcrumb","itemListElement":[{"@type":"ListItem","position":1,"name":"Portada","item":"https:\/\/mabawater.com\/"},{"@type":"ListItem","position":2,"name":"Productos Para La Calidad Del Agua","item":"https:\/\/mabawater.com\/productos-para-la-calidad-del-agua\/"},{"@type":"ListItem","position":3,"name":"Filtro cartucho plegable de Polipropileno marca PURIKOR con dimensiones de 2.5\u2033 x 20\u2033 para filtrado de 10 micras"}]},{"@type":"WebSite","@id":"https:\/\/mabawater.com\/#website","url":"https:\/\/mabawater.com\/","name":"Maba Water","description":"Soluciones Hidr\u00e1ulicas Sustentables","publisher":{"@id":"https:\/\/mabawater.com\/#organization"},"potentialAction":[{"@type":"SearchAction","target":{"@type":"EntryPoint","urlTemplate":"https:\/\/mabawater.com\/?s={search_term_string}"},"query-input":{"@type":"PropertyValueSpecification","valueRequired":true,"valueName":"search_term_string"}}],"inLanguage":"en-US"},{"@type":"Organization","@id":"https:\/\/mabawater.com\/#organization","name":"Maba Water","url":"https:\/\/mabawater.com\/","logo":{"@type":"ImageObject","inLanguage":"en-US","@id":"https:\/\/mabawater.com\/#\/schema\/logo\/image\/","url":"https:\/\/mabawater.com\/wp-content\/uploads\/2021\/09\/water-icon.png","contentUrl":"https:\/\/mabawater.com\/wp-content\/uploads\/2021\/09\/water-icon.png","width":410,"height":176,"caption":"Maba Water"},"image":{"@id":"https:\/\/mabawater.com\/#\/schema\/logo\/image\/"},"sameAs":["https:\/\/www.facebook.com\/mabawater\/","https:\/\/www.instagram.com\/mabawater\/?hl=es-la"]}]}},"_links":{"self":[{"href":"https:\/\/mabawater.com\/en\/wp-json\/wp\/v2\/product\/21264","targetHints":{"allow":["GET"]}}],"collection":[{"href":"https:\/\/mabawater.com\/en\/wp-json\/wp\/v2\/product"}],"about":[{"href":"https:\/\/mabawater.com\/en\/wp-json\/wp\/v2\/types\/product"}],"replies":[{"embeddable":true,"href":"https:\/\/mabawater.com\/en\/wp-json\/wp\/v2\/comments?post=21264"}],"version-history":[{"count":7,"href":"https:\/\/mabawater.com\/en\/wp-json\/wp\/v2\/product\/21264\/revisions"}],"predecessor-version":[{"id":21636,"href":"https:\/\/mabawater.com\/en\/wp-json\/wp\/v2\/product\/21264\/revisions\/21636"}],"wp:featuredmedia":[{"embeddable":true,"href":"https:\/\/mabawater.com\/en\/wp-json\/wp\/v2\/media\/21253"}],"wp:attachment":[{"href":"https:\/\/mabawater.com\/en\/wp-json\/wp\/v2\/media?parent=21264"}],"wp:term":[{"taxonomy":"product_brand","embeddable":true,"href":"https:\/\/mabawater.com\/en\/wp-json\/wp\/v2\/product_brand?post=21264"},{"taxonomy":"product_cat","embeddable":true,"href":"https:\/\/mabawater.com\/en\/wp-json\/wp\/v2\/product_cat?post=21264"},{"taxonomy":"product_tag","embeddable":true,"href":"https:\/\/mabawater.com\/en\/wp-json\/wp\/v2\/product_tag?post=21264"}],"curies":[{"name":"wp","href":"https:\/\/api.w.org\/{rel}","templated":true}]}}