{"id":24551,"date":"2024-02-26T19:26:36","date_gmt":"2024-02-26T19:26:36","guid":{"rendered":"https:\/\/mabawater.com\/?post_type=product&#038;p=24551"},"modified":"2024-03-26T17:21:25","modified_gmt":"2024-03-26T17:21:25","slug":"timer-mecanico-120v-con-gabinete-metalico","status":"publish","type":"product","link":"https:\/\/mabawater.com\/en\/product\/timer-mecanico-120v-con-gabinete-metalico\/","title":{"rendered":"Timer mec\u00e1nico 120V con gabinete met\u00e1lico"},"content":{"rendered":"","protected":false},"excerpt":{"rendered":"<p>Timer mec\u00e1nico 120V con gabinete met\u00e1lico<\/p>","protected":false},"featured_media":24552,"comment_status":"open","ping_status":"closed","template":"","meta":[],"product_brand":[],"product_cat":[1460,1461,150],"product_tag":[],"class_list":{"0":"post-24551","1":"product","2":"type-product","3":"status-publish","4":"has-post-thumbnail","6":"product_cat-automatizacion","7":"product_cat-equipo-de-automatizacion-y-control","8":"product_cat-piscinas-y-spa","10":"first","11":"instock","12":"shipping-taxable","13":"product-type-simple"},"yoast_head":"<!-- This site is optimized with the Yoast SEO plugin v26.6 - https:\/\/yoast.com\/wordpress\/plugins\/seo\/ -->\n<title>Timer mec\u00e1nico 120V con gabinete met\u00e1lico - Maba Water<\/title>\n<meta name=\"description\" content=\"Timer mec\u00e1nico 120V con gabinete met\u00e1lico\" \/>\n<meta name=\"robots\" content=\"index, follow, max-snippet:-1, max-image-preview:large, max-video-preview:-1\" \/>\n<link rel=\"canonical\" href=\"https:\/\/mabawater.com\/en\/product\/timer-mecanico-120v-con-gabinete-metalico\/\" \/>\n<meta property=\"og:locale\" content=\"en_US\" \/>\n<meta property=\"og:type\" content=\"article\" \/>\n<meta property=\"og:title\" content=\"Timer mec\u00e1nico 120V con gabinete met\u00e1lico - Maba Water\" \/>\n<meta property=\"og:description\" content=\"Timer mec\u00e1nico 120V con gabinete met\u00e1lico\" \/>\n<meta property=\"og:url\" content=\"https:\/\/mabawater.com\/en\/product\/timer-mecanico-120v-con-gabinete-metalico\/\" \/>\n<meta property=\"og:site_name\" content=\"Maba Water\" \/>\n<meta property=\"article:publisher\" content=\"https:\/\/www.facebook.com\/mabawater\/\" \/>\n<meta property=\"article:modified_time\" content=\"2024-03-26T17:21:25+00:00\" \/>\n<meta property=\"og:image\" content=\"https:\/\/mabawater.com\/wp-content\/uploads\/2024\/02\/timer-mecanico-120v.png\" \/>\n\t<meta property=\"og:image:width\" content=\"839\" \/>\n\t<meta property=\"og:image:height\" content=\"597\" \/>\n\t<meta property=\"og:image:type\" content=\"image\/png\" \/>\n<meta name=\"twitter:card\" content=\"summary_large_image\" \/>\n<!-- \/ Yoast SEO plugin. -->","yoast_head_json":{"title":"Timer mec\u00e1nico 120V con gabinete met\u00e1lico - Maba Water","description":"Timer mec\u00e1nico 120V con gabinete met\u00e1lico","robots":{"index":"index","follow":"follow","max-snippet":"max-snippet:-1","max-image-preview":"max-image-preview:large","max-video-preview":"max-video-preview:-1"},"canonical":"https:\/\/mabawater.com\/en\/product\/timer-mecanico-120v-con-gabinete-metalico\/","og_locale":"en_US","og_type":"article","og_title":"Timer mec\u00e1nico 120V con gabinete met\u00e1lico - Maba Water","og_description":"Timer mec\u00e1nico 120V con gabinete met\u00e1lico","og_url":"https:\/\/mabawater.com\/en\/product\/timer-mecanico-120v-con-gabinete-metalico\/","og_site_name":"Maba Water","article_publisher":"https:\/\/www.facebook.com\/mabawater\/","article_modified_time":"2024-03-26T17:21:25+00:00","og_image":[{"width":839,"height":597,"url":"https:\/\/mabawater.com\/wp-content\/uploads\/2024\/02\/timer-mecanico-120v.png","type":"image\/png"}],"twitter_card":"summary_large_image","schema":{"@context":"https:\/\/schema.org","@graph":[{"@type":"WebPage","@id":"https:\/\/mabawater.com\/producto\/timer-mecanico-120v-con-gabinete-metalico\/","url":"https:\/\/mabawater.com\/producto\/timer-mecanico-120v-con-gabinete-metalico\/","name":"Timer mec\u00e1nico 120V con gabinete met\u00e1lico - Maba Water","isPartOf":{"@id":"https:\/\/mabawater.com\/#website"},"primaryImageOfPage":{"@id":"https:\/\/mabawater.com\/producto\/timer-mecanico-120v-con-gabinete-metalico\/#primaryimage"},"image":{"@id":"https:\/\/mabawater.com\/producto\/timer-mecanico-120v-con-gabinete-metalico\/#primaryimage"},"thumbnailUrl":"https:\/\/mabawater.com\/wp-content\/uploads\/2024\/02\/timer-mecanico-120v.png","datePublished":"2024-02-26T19:26:36+00:00","dateModified":"2024-03-26T17:21:25+00:00","description":"Timer mec\u00e1nico 120V con gabinete met\u00e1lico","breadcrumb":{"@id":"https:\/\/mabawater.com\/producto\/timer-mecanico-120v-con-gabinete-metalico\/#breadcrumb"},"inLanguage":"en-US","potentialAction":[{"@type":"ReadAction","target":["https:\/\/mabawater.com\/producto\/timer-mecanico-120v-con-gabinete-metalico\/"]}]},{"@type":"ImageObject","inLanguage":"en-US","@id":"https:\/\/mabawater.com\/producto\/timer-mecanico-120v-con-gabinete-metalico\/#primaryimage","url":"https:\/\/mabawater.com\/wp-content\/uploads\/2024\/02\/timer-mecanico-120v.png","contentUrl":"https:\/\/mabawater.com\/wp-content\/uploads\/2024\/02\/timer-mecanico-120v.png","width":839,"height":597},{"@type":"BreadcrumbList","@id":"https:\/\/mabawater.com\/producto\/timer-mecanico-120v-con-gabinete-metalico\/#breadcrumb","itemListElement":[{"@type":"ListItem","position":1,"name":"Portada","item":"https:\/\/mabawater.com\/"},{"@type":"ListItem","position":2,"name":"Productos Para La Calidad Del Agua","item":"https:\/\/mabawater.com\/productos-para-la-calidad-del-agua\/"},{"@type":"ListItem","position":3,"name":"Timer mec\u00e1nico 120V con gabinete met\u00e1lico"}]},{"@type":"WebSite","@id":"https:\/\/mabawater.com\/#website","url":"https:\/\/mabawater.com\/","name":"Maba Water","description":"Soluciones Hidr\u00e1ulicas Sustentables","publisher":{"@id":"https:\/\/mabawater.com\/#organization"},"potentialAction":[{"@type":"SearchAction","target":{"@type":"EntryPoint","urlTemplate":"https:\/\/mabawater.com\/?s={search_term_string}"},"query-input":{"@type":"PropertyValueSpecification","valueRequired":true,"valueName":"search_term_string"}}],"inLanguage":"en-US"},{"@type":"Organization","@id":"https:\/\/mabawater.com\/#organization","name":"Maba Water","url":"https:\/\/mabawater.com\/","logo":{"@type":"ImageObject","inLanguage":"en-US","@id":"https:\/\/mabawater.com\/#\/schema\/logo\/image\/","url":"https:\/\/mabawater.com\/wp-content\/uploads\/2021\/09\/water-icon.png","contentUrl":"https:\/\/mabawater.com\/wp-content\/uploads\/2021\/09\/water-icon.png","width":410,"height":176,"caption":"Maba Water"},"image":{"@id":"https:\/\/mabawater.com\/#\/schema\/logo\/image\/"},"sameAs":["https:\/\/www.facebook.com\/mabawater\/","https:\/\/www.instagram.com\/mabawater\/?hl=es-la"]}]}},"_links":{"self":[{"href":"https:\/\/mabawater.com\/en\/wp-json\/wp\/v2\/product\/24551","targetHints":{"allow":["GET"]}}],"collection":[{"href":"https:\/\/mabawater.com\/en\/wp-json\/wp\/v2\/product"}],"about":[{"href":"https:\/\/mabawater.com\/en\/wp-json\/wp\/v2\/types\/product"}],"replies":[{"embeddable":true,"href":"https:\/\/mabawater.com\/en\/wp-json\/wp\/v2\/comments?post=24551"}],"version-history":[{"count":1,"href":"https:\/\/mabawater.com\/en\/wp-json\/wp\/v2\/product\/24551\/revisions"}],"predecessor-version":[{"id":24553,"href":"https:\/\/mabawater.com\/en\/wp-json\/wp\/v2\/product\/24551\/revisions\/24553"}],"wp:featuredmedia":[{"embeddable":true,"href":"https:\/\/mabawater.com\/en\/wp-json\/wp\/v2\/media\/24552"}],"wp:attachment":[{"href":"https:\/\/mabawater.com\/en\/wp-json\/wp\/v2\/media?parent=24551"}],"wp:term":[{"taxonomy":"product_brand","embeddable":true,"href":"https:\/\/mabawater.com\/en\/wp-json\/wp\/v2\/product_brand?post=24551"},{"taxonomy":"product_cat","embeddable":true,"href":"https:\/\/mabawater.com\/en\/wp-json\/wp\/v2\/product_cat?post=24551"},{"taxonomy":"product_tag","embeddable":true,"href":"https:\/\/mabawater.com\/en\/wp-json\/wp\/v2\/product_tag?post=24551"}],"curies":[{"name":"wp","href":"https:\/\/api.w.org\/{rel}","templated":true}]}}