{"id":24967,"date":"2024-03-25T15:51:59","date_gmt":"2024-03-25T15:51:59","guid":{"rendered":"https:\/\/mabawater.com\/?post_type=product&#038;p=24967"},"modified":"2024-03-25T15:52:02","modified_gmt":"2024-03-25T15:52:02","slug":"bomba-pp6-fo-fo-7-5hp-60-gpm-5-etapas-3-desc-para-motor-6","status":"publish","type":"product","link":"https:\/\/mabawater.com\/en\/product\/bomba-pp6-fo-fo-7-5hp-60-gpm-5-etapas-3-desc-para-motor-6\/","title":{"rendered":"BOMBA PP6&#8243; FO.FO 7.5HP 60 GPM 5 ETAPAS 3&#8243; DESC PARA MOTOR 6&#8243;"},"content":{"rendered":"","protected":false},"excerpt":{"rendered":"<p>Las <strong>bombas sumergibles pozo profundo semiaxiales<\/strong> de 6\u2019\u2019 de <strong>SAER<\/strong> est\u00e1n dise\u00f1adas para un trabajo robusto duradero. Todos sus componentes son fabricados en Italia bajo los m\u00e1s altos est\u00e1ndares de calidad. Manejo de caudales de 60 GPM hasta 380 GPM y una presi\u00f3n m\u00e1xima de 800 Ft<\/p>\n<p>Construidas para una amplia gama de aplicaciones como:<\/p>\n<ul>\n<li>Civiles<\/li>\n<li>Industriales<\/li>\n<li>Miner\u00eda<\/li>\n<li>Agricultura y off shore.<\/li>\n<\/ul>\n<p><a href=\"https:\/\/mabawater.com\/wp-content\/uploads\/2024\/03\/ficha-tecnica-pp6-fofo.pdf\">Ver ficha t\u00e9cnica aqu\u00ed\u00a0<\/a><\/p>","protected":false},"featured_media":24969,"comment_status":"open","ping_status":"closed","template":"","meta":[],"product_brand":[],"product_cat":[146,102],"product_tag":[],"class_list":{"0":"post-24967","1":"product","2":"type-product","3":"status-publish","4":"has-post-thumbnail","6":"product_cat-bombeo","7":"product_cat-sumergibles-residencial-para-pozo-y-de-achique","9":"first","10":"instock","11":"shipping-taxable","12":"product-type-simple"},"yoast_head":"<!-- This site is optimized with the Yoast SEO plugin v26.6 - https:\/\/yoast.com\/wordpress\/plugins\/seo\/ -->\n<title>BOMBA PP6&quot; FO.FO 7.5HP 60 GPM 5 ETAPAS 3&quot; DESC PARA MOTOR 6&quot; - Maba Water<\/title>\n<meta name=\"description\" content=\"Bomba Pp6&quot; Fo.Fo 7.5hp 60 Gpm 5 Etapas 3&quot; Desc Para Motor 6&quot;. Dise\u00f1adas para un trabajo robusto duradero. Componentes fabricados en Italia.\" \/>\n<meta name=\"robots\" content=\"index, follow, max-snippet:-1, max-image-preview:large, max-video-preview:-1\" \/>\n<link rel=\"canonical\" href=\"https:\/\/mabawater.com\/en\/product\/bomba-pp6-fo-fo-7-5hp-60-gpm-5-etapas-3-desc-para-motor-6\/\" \/>\n<meta property=\"og:locale\" content=\"en_US\" \/>\n<meta property=\"og:type\" content=\"article\" \/>\n<meta property=\"og:title\" content=\"BOMBA PP6&quot; FO.FO 7.5HP 60 GPM 5 ETAPAS 3&quot; DESC PARA MOTOR 6&quot; - Maba Water\" \/>\n<meta property=\"og:description\" content=\"Bomba Pp6&quot; Fo.Fo 7.5hp 60 Gpm 5 Etapas 3&quot; Desc Para Motor 6&quot;. Dise\u00f1adas para un trabajo robusto duradero. Componentes fabricados en Italia.\" \/>\n<meta property=\"og:url\" content=\"https:\/\/mabawater.com\/en\/product\/bomba-pp6-fo-fo-7-5hp-60-gpm-5-etapas-3-desc-para-motor-6\/\" \/>\n<meta property=\"og:site_name\" content=\"Maba Water\" \/>\n<meta property=\"article:publisher\" content=\"https:\/\/www.facebook.com\/mabawater\/\" \/>\n<meta property=\"article:modified_time\" content=\"2024-03-25T15:52:02+00:00\" \/>\n<meta property=\"og:image\" content=\"https:\/\/mabawater.com\/wp-content\/uploads\/2024\/03\/bomba-pp6-fofo.png\" \/>\n\t<meta property=\"og:image:width\" content=\"940\" \/>\n\t<meta property=\"og:image:height\" content=\"788\" \/>\n\t<meta property=\"og:image:type\" content=\"image\/png\" \/>\n<meta name=\"twitter:card\" content=\"summary_large_image\" \/>\n<!-- \/ Yoast SEO plugin. -->","yoast_head_json":{"title":"BOMBA PP6\" FO.FO 7.5HP 60 GPM 5 ETAPAS 3\" DESC PARA MOTOR 6\" - Maba Water","description":"Bomba Pp6\" Fo.Fo 7.5hp 60 Gpm 5 Etapas 3\" Desc Para Motor 6\". Dise\u00f1adas para un trabajo robusto duradero. Componentes fabricados en Italia.","robots":{"index":"index","follow":"follow","max-snippet":"max-snippet:-1","max-image-preview":"max-image-preview:large","max-video-preview":"max-video-preview:-1"},"canonical":"https:\/\/mabawater.com\/en\/product\/bomba-pp6-fo-fo-7-5hp-60-gpm-5-etapas-3-desc-para-motor-6\/","og_locale":"en_US","og_type":"article","og_title":"BOMBA PP6\" FO.FO 7.5HP 60 GPM 5 ETAPAS 3\" DESC PARA MOTOR 6\" - Maba Water","og_description":"Bomba Pp6\" Fo.Fo 7.5hp 60 Gpm 5 Etapas 3\" Desc Para Motor 6\". Dise\u00f1adas para un trabajo robusto duradero. Componentes fabricados en Italia.","og_url":"https:\/\/mabawater.com\/en\/product\/bomba-pp6-fo-fo-7-5hp-60-gpm-5-etapas-3-desc-para-motor-6\/","og_site_name":"Maba Water","article_publisher":"https:\/\/www.facebook.com\/mabawater\/","article_modified_time":"2024-03-25T15:52:02+00:00","og_image":[{"width":940,"height":788,"url":"https:\/\/mabawater.com\/wp-content\/uploads\/2024\/03\/bomba-pp6-fofo.png","type":"image\/png"}],"twitter_card":"summary_large_image","schema":{"@context":"https:\/\/schema.org","@graph":[{"@type":"WebPage","@id":"https:\/\/mabawater.com\/producto\/bomba-pp6-fo-fo-7-5hp-60-gpm-5-etapas-3-desc-para-motor-6\/","url":"https:\/\/mabawater.com\/producto\/bomba-pp6-fo-fo-7-5hp-60-gpm-5-etapas-3-desc-para-motor-6\/","name":"BOMBA PP6\" FO.FO 7.5HP 60 GPM 5 ETAPAS 3\" DESC PARA MOTOR 6\" - Maba Water","isPartOf":{"@id":"https:\/\/mabawater.com\/#website"},"primaryImageOfPage":{"@id":"https:\/\/mabawater.com\/producto\/bomba-pp6-fo-fo-7-5hp-60-gpm-5-etapas-3-desc-para-motor-6\/#primaryimage"},"image":{"@id":"https:\/\/mabawater.com\/producto\/bomba-pp6-fo-fo-7-5hp-60-gpm-5-etapas-3-desc-para-motor-6\/#primaryimage"},"thumbnailUrl":"https:\/\/mabawater.com\/wp-content\/uploads\/2024\/03\/bomba-pp6-fofo.png","datePublished":"2024-03-25T15:51:59+00:00","dateModified":"2024-03-25T15:52:02+00:00","description":"Bomba Pp6\" Fo.Fo 7.5hp 60 Gpm 5 Etapas 3\" Desc Para Motor 6\". Dise\u00f1adas para un trabajo robusto duradero. Componentes fabricados en Italia.","breadcrumb":{"@id":"https:\/\/mabawater.com\/producto\/bomba-pp6-fo-fo-7-5hp-60-gpm-5-etapas-3-desc-para-motor-6\/#breadcrumb"},"inLanguage":"en-US","potentialAction":[{"@type":"ReadAction","target":["https:\/\/mabawater.com\/producto\/bomba-pp6-fo-fo-7-5hp-60-gpm-5-etapas-3-desc-para-motor-6\/"]}]},{"@type":"ImageObject","inLanguage":"en-US","@id":"https:\/\/mabawater.com\/producto\/bomba-pp6-fo-fo-7-5hp-60-gpm-5-etapas-3-desc-para-motor-6\/#primaryimage","url":"https:\/\/mabawater.com\/wp-content\/uploads\/2024\/03\/bomba-pp6-fofo.png","contentUrl":"https:\/\/mabawater.com\/wp-content\/uploads\/2024\/03\/bomba-pp6-fofo.png","width":940,"height":788},{"@type":"BreadcrumbList","@id":"https:\/\/mabawater.com\/producto\/bomba-pp6-fo-fo-7-5hp-60-gpm-5-etapas-3-desc-para-motor-6\/#breadcrumb","itemListElement":[{"@type":"ListItem","position":1,"name":"Portada","item":"https:\/\/mabawater.com\/"},{"@type":"ListItem","position":2,"name":"Productos Para La Calidad Del Agua","item":"https:\/\/mabawater.com\/productos-para-la-calidad-del-agua\/"},{"@type":"ListItem","position":3,"name":"BOMBA PP6&#8243; FO.FO 7.5HP 60 GPM 5 ETAPAS 3&#8243; DESC PARA MOTOR 6&#8243;"}]},{"@type":"WebSite","@id":"https:\/\/mabawater.com\/#website","url":"https:\/\/mabawater.com\/","name":"Maba Water","description":"Soluciones Hidr\u00e1ulicas Sustentables","publisher":{"@id":"https:\/\/mabawater.com\/#organization"},"potentialAction":[{"@type":"SearchAction","target":{"@type":"EntryPoint","urlTemplate":"https:\/\/mabawater.com\/?s={search_term_string}"},"query-input":{"@type":"PropertyValueSpecification","valueRequired":true,"valueName":"search_term_string"}}],"inLanguage":"en-US"},{"@type":"Organization","@id":"https:\/\/mabawater.com\/#organization","name":"Maba Water","url":"https:\/\/mabawater.com\/","logo":{"@type":"ImageObject","inLanguage":"en-US","@id":"https:\/\/mabawater.com\/#\/schema\/logo\/image\/","url":"https:\/\/mabawater.com\/wp-content\/uploads\/2021\/09\/water-icon.png","contentUrl":"https:\/\/mabawater.com\/wp-content\/uploads\/2021\/09\/water-icon.png","width":410,"height":176,"caption":"Maba Water"},"image":{"@id":"https:\/\/mabawater.com\/#\/schema\/logo\/image\/"},"sameAs":["https:\/\/www.facebook.com\/mabawater\/","https:\/\/www.instagram.com\/mabawater\/?hl=es-la"]}]}},"_links":{"self":[{"href":"https:\/\/mabawater.com\/en\/wp-json\/wp\/v2\/product\/24967","targetHints":{"allow":["GET"]}}],"collection":[{"href":"https:\/\/mabawater.com\/en\/wp-json\/wp\/v2\/product"}],"about":[{"href":"https:\/\/mabawater.com\/en\/wp-json\/wp\/v2\/types\/product"}],"replies":[{"embeddable":true,"href":"https:\/\/mabawater.com\/en\/wp-json\/wp\/v2\/comments?post=24967"}],"version-history":[{"count":1,"href":"https:\/\/mabawater.com\/en\/wp-json\/wp\/v2\/product\/24967\/revisions"}],"predecessor-version":[{"id":24970,"href":"https:\/\/mabawater.com\/en\/wp-json\/wp\/v2\/product\/24967\/revisions\/24970"}],"wp:featuredmedia":[{"embeddable":true,"href":"https:\/\/mabawater.com\/en\/wp-json\/wp\/v2\/media\/24969"}],"wp:attachment":[{"href":"https:\/\/mabawater.com\/en\/wp-json\/wp\/v2\/media?parent=24967"}],"wp:term":[{"taxonomy":"product_brand","embeddable":true,"href":"https:\/\/mabawater.com\/en\/wp-json\/wp\/v2\/product_brand?post=24967"},{"taxonomy":"product_cat","embeddable":true,"href":"https:\/\/mabawater.com\/en\/wp-json\/wp\/v2\/product_cat?post=24967"},{"taxonomy":"product_tag","embeddable":true,"href":"https:\/\/mabawater.com\/en\/wp-json\/wp\/v2\/product_tag?post=24967"}],"curies":[{"name":"wp","href":"https:\/\/api.w.org\/{rel}","templated":true}]}}