{"id":25008,"date":"2024-03-26T15:46:07","date_gmt":"2024-03-26T15:46:07","guid":{"rendered":"https:\/\/mabawater.com\/?post_type=product&#038;p=25008"},"modified":"2024-03-26T15:56:26","modified_gmt":"2024-03-26T15:56:26","slug":"bomba-pp6-fo-fo-25hp-130-gpm-11-etapas-3-desc-para-motor-6","status":"publish","type":"product","link":"https:\/\/mabawater.com\/en\/product\/bomba-pp6-fo-fo-25hp-130-gpm-11-etapas-3-desc-para-motor-6\/","title":{"rendered":"BOMBA PP6&#8243; FO.FO. 25HP 130 GPM 11 ETAPAS 3&#8243; DESC PARA MOTOR 6&#8243;"},"content":{"rendered":"","protected":false},"excerpt":{"rendered":"<p>Las <strong>bombas sumergibles pozo profundo<\/strong> semiaxiales de 6\u2019\u2019 de SAER est\u00e1n dise\u00f1adas para un trabajo robusto duradero. Todos sus componentes son fabricados en Italia bajo los m\u00e1s altos est\u00e1ndares de calidad. Construidas para una amplia gama de aplicaciones que van desde aplicaciones civiles e industriales hasta miner\u00eda, agricultura y off shore.<\/p>\n<ul>\n<li>Manejo de caudales de 60 GPM hasta 380 GPM<\/li>\n<li>Presi\u00f3n m\u00e1xima de 800 Ft.<\/li>\n<\/ul>\n<p><a href=\"https:\/\/mabawater.com\/wp-content\/uploads\/2024\/03\/ficha-tecnica-bomba.pdf\">Ver ficha T\u00e9cnica<\/a><\/p>","protected":false},"featured_media":25000,"comment_status":"open","ping_status":"closed","template":"","meta":[],"product_brand":[],"product_cat":[146,102],"product_tag":[],"class_list":{"0":"post-25008","1":"product","2":"type-product","3":"status-publish","4":"has-post-thumbnail","6":"product_cat-bombeo","7":"product_cat-sumergibles-residencial-para-pozo-y-de-achique","9":"first","10":"instock","11":"shipping-taxable","12":"product-type-simple"},"yoast_head":"<!-- This site is optimized with the Yoast SEO plugin v26.6 - https:\/\/yoast.com\/wordpress\/plugins\/seo\/ -->\n<title>BOMBA PP6&quot; FO.FO. 25HP 130 GPM 11 ETAPAS 3&quot; DESC PARA MOTOR 6&quot; - Maba Water<\/title>\n<meta name=\"description\" content=\"BOMBA PP6&quot; FO.FO. 25HP 130 GPM 11 ETAPAS 3&quot; DESC PARA MOTOR 6&quot;. Las bombas sumergibles pozo profundo de 6\u2019\u2019 est\u00e1n dise\u00f1adas para un trabajo robusto.\" \/>\n<meta name=\"robots\" content=\"index, follow, max-snippet:-1, max-image-preview:large, max-video-preview:-1\" \/>\n<link rel=\"canonical\" href=\"https:\/\/mabawater.com\/en\/product\/bomba-pp6-fo-fo-25hp-130-gpm-11-etapas-3-desc-para-motor-6\/\" \/>\n<meta property=\"og:locale\" content=\"en_US\" \/>\n<meta property=\"og:type\" content=\"article\" \/>\n<meta property=\"og:title\" content=\"BOMBA PP6&quot; FO.FO. 25HP 130 GPM 11 ETAPAS 3&quot; DESC PARA MOTOR 6&quot; - Maba Water\" \/>\n<meta property=\"og:description\" content=\"BOMBA PP6&quot; FO.FO. 25HP 130 GPM 11 ETAPAS 3&quot; DESC PARA MOTOR 6&quot;. Las bombas sumergibles pozo profundo de 6\u2019\u2019 est\u00e1n dise\u00f1adas para un trabajo robusto.\" \/>\n<meta property=\"og:url\" content=\"https:\/\/mabawater.com\/en\/product\/bomba-pp6-fo-fo-25hp-130-gpm-11-etapas-3-desc-para-motor-6\/\" \/>\n<meta property=\"og:site_name\" content=\"Maba Water\" \/>\n<meta property=\"article:publisher\" content=\"https:\/\/www.facebook.com\/mabawater\/\" \/>\n<meta property=\"article:modified_time\" content=\"2024-03-26T15:56:26+00:00\" \/>\n<meta property=\"og:image\" content=\"https:\/\/mabawater.com\/wp-content\/uploads\/2024\/03\/4.png\" \/>\n\t<meta property=\"og:image:width\" content=\"940\" \/>\n\t<meta property=\"og:image:height\" content=\"788\" \/>\n\t<meta property=\"og:image:type\" content=\"image\/png\" \/>\n<meta name=\"twitter:card\" content=\"summary_large_image\" \/>\n<!-- \/ Yoast SEO plugin. -->","yoast_head_json":{"title":"BOMBA PP6\" FO.FO. 25HP 130 GPM 11 ETAPAS 3\" DESC PARA MOTOR 6\" - Maba Water","description":"BOMBA PP6\" FO.FO. 25HP 130 GPM 11 ETAPAS 3\" DESC PARA MOTOR 6\". Las bombas sumergibles pozo profundo de 6\u2019\u2019 est\u00e1n dise\u00f1adas para un trabajo robusto.","robots":{"index":"index","follow":"follow","max-snippet":"max-snippet:-1","max-image-preview":"max-image-preview:large","max-video-preview":"max-video-preview:-1"},"canonical":"https:\/\/mabawater.com\/en\/product\/bomba-pp6-fo-fo-25hp-130-gpm-11-etapas-3-desc-para-motor-6\/","og_locale":"en_US","og_type":"article","og_title":"BOMBA PP6\" FO.FO. 25HP 130 GPM 11 ETAPAS 3\" DESC PARA MOTOR 6\" - Maba Water","og_description":"BOMBA PP6\" FO.FO. 25HP 130 GPM 11 ETAPAS 3\" DESC PARA MOTOR 6\". Las bombas sumergibles pozo profundo de 6\u2019\u2019 est\u00e1n dise\u00f1adas para un trabajo robusto.","og_url":"https:\/\/mabawater.com\/en\/product\/bomba-pp6-fo-fo-25hp-130-gpm-11-etapas-3-desc-para-motor-6\/","og_site_name":"Maba Water","article_publisher":"https:\/\/www.facebook.com\/mabawater\/","article_modified_time":"2024-03-26T15:56:26+00:00","og_image":[{"width":940,"height":788,"url":"https:\/\/mabawater.com\/wp-content\/uploads\/2024\/03\/4.png","type":"image\/png"}],"twitter_card":"summary_large_image","schema":{"@context":"https:\/\/schema.org","@graph":[{"@type":"WebPage","@id":"https:\/\/mabawater.com\/producto\/bomba-pp6-fo-fo-25hp-130-gpm-11-etapas-3-desc-para-motor-6\/","url":"https:\/\/mabawater.com\/producto\/bomba-pp6-fo-fo-25hp-130-gpm-11-etapas-3-desc-para-motor-6\/","name":"BOMBA PP6\" FO.FO. 25HP 130 GPM 11 ETAPAS 3\" DESC PARA MOTOR 6\" - Maba Water","isPartOf":{"@id":"https:\/\/mabawater.com\/#website"},"primaryImageOfPage":{"@id":"https:\/\/mabawater.com\/producto\/bomba-pp6-fo-fo-25hp-130-gpm-11-etapas-3-desc-para-motor-6\/#primaryimage"},"image":{"@id":"https:\/\/mabawater.com\/producto\/bomba-pp6-fo-fo-25hp-130-gpm-11-etapas-3-desc-para-motor-6\/#primaryimage"},"thumbnailUrl":"https:\/\/mabawater.com\/wp-content\/uploads\/2024\/03\/4.png","datePublished":"2024-03-26T15:46:07+00:00","dateModified":"2024-03-26T15:56:26+00:00","description":"BOMBA PP6\" FO.FO. 25HP 130 GPM 11 ETAPAS 3\" DESC PARA MOTOR 6\". Las bombas sumergibles pozo profundo de 6\u2019\u2019 est\u00e1n dise\u00f1adas para un trabajo robusto.","breadcrumb":{"@id":"https:\/\/mabawater.com\/producto\/bomba-pp6-fo-fo-25hp-130-gpm-11-etapas-3-desc-para-motor-6\/#breadcrumb"},"inLanguage":"en-US","potentialAction":[{"@type":"ReadAction","target":["https:\/\/mabawater.com\/producto\/bomba-pp6-fo-fo-25hp-130-gpm-11-etapas-3-desc-para-motor-6\/"]}]},{"@type":"ImageObject","inLanguage":"en-US","@id":"https:\/\/mabawater.com\/producto\/bomba-pp6-fo-fo-25hp-130-gpm-11-etapas-3-desc-para-motor-6\/#primaryimage","url":"https:\/\/mabawater.com\/wp-content\/uploads\/2024\/03\/4.png","contentUrl":"https:\/\/mabawater.com\/wp-content\/uploads\/2024\/03\/4.png","width":940,"height":788},{"@type":"BreadcrumbList","@id":"https:\/\/mabawater.com\/producto\/bomba-pp6-fo-fo-25hp-130-gpm-11-etapas-3-desc-para-motor-6\/#breadcrumb","itemListElement":[{"@type":"ListItem","position":1,"name":"Portada","item":"https:\/\/mabawater.com\/"},{"@type":"ListItem","position":2,"name":"Productos Para La Calidad Del Agua","item":"https:\/\/mabawater.com\/productos-para-la-calidad-del-agua\/"},{"@type":"ListItem","position":3,"name":"BOMBA PP6&#8243; FO.FO. 25HP 130 GPM 11 ETAPAS 3&#8243; DESC PARA MOTOR 6&#8243;"}]},{"@type":"WebSite","@id":"https:\/\/mabawater.com\/#website","url":"https:\/\/mabawater.com\/","name":"Maba Water","description":"Soluciones Hidr\u00e1ulicas Sustentables","publisher":{"@id":"https:\/\/mabawater.com\/#organization"},"potentialAction":[{"@type":"SearchAction","target":{"@type":"EntryPoint","urlTemplate":"https:\/\/mabawater.com\/?s={search_term_string}"},"query-input":{"@type":"PropertyValueSpecification","valueRequired":true,"valueName":"search_term_string"}}],"inLanguage":"en-US"},{"@type":"Organization","@id":"https:\/\/mabawater.com\/#organization","name":"Maba Water","url":"https:\/\/mabawater.com\/","logo":{"@type":"ImageObject","inLanguage":"en-US","@id":"https:\/\/mabawater.com\/#\/schema\/logo\/image\/","url":"https:\/\/mabawater.com\/wp-content\/uploads\/2021\/09\/water-icon.png","contentUrl":"https:\/\/mabawater.com\/wp-content\/uploads\/2021\/09\/water-icon.png","width":410,"height":176,"caption":"Maba Water"},"image":{"@id":"https:\/\/mabawater.com\/#\/schema\/logo\/image\/"},"sameAs":["https:\/\/www.facebook.com\/mabawater\/","https:\/\/www.instagram.com\/mabawater\/?hl=es-la"]}]}},"_links":{"self":[{"href":"https:\/\/mabawater.com\/en\/wp-json\/wp\/v2\/product\/25008","targetHints":{"allow":["GET"]}}],"collection":[{"href":"https:\/\/mabawater.com\/en\/wp-json\/wp\/v2\/product"}],"about":[{"href":"https:\/\/mabawater.com\/en\/wp-json\/wp\/v2\/types\/product"}],"replies":[{"embeddable":true,"href":"https:\/\/mabawater.com\/en\/wp-json\/wp\/v2\/comments?post=25008"}],"version-history":[{"count":1,"href":"https:\/\/mabawater.com\/en\/wp-json\/wp\/v2\/product\/25008\/revisions"}],"predecessor-version":[{"id":25009,"href":"https:\/\/mabawater.com\/en\/wp-json\/wp\/v2\/product\/25008\/revisions\/25009"}],"wp:featuredmedia":[{"embeddable":true,"href":"https:\/\/mabawater.com\/en\/wp-json\/wp\/v2\/media\/25000"}],"wp:attachment":[{"href":"https:\/\/mabawater.com\/en\/wp-json\/wp\/v2\/media?parent=25008"}],"wp:term":[{"taxonomy":"product_brand","embeddable":true,"href":"https:\/\/mabawater.com\/en\/wp-json\/wp\/v2\/product_brand?post=25008"},{"taxonomy":"product_cat","embeddable":true,"href":"https:\/\/mabawater.com\/en\/wp-json\/wp\/v2\/product_cat?post=25008"},{"taxonomy":"product_tag","embeddable":true,"href":"https:\/\/mabawater.com\/en\/wp-json\/wp\/v2\/product_tag?post=25008"}],"curies":[{"name":"wp","href":"https:\/\/api.w.org\/{rel}","templated":true}]}}