{"id":25124,"date":"2024-04-01T16:20:32","date_gmt":"2024-04-01T16:20:32","guid":{"rendered":"https:\/\/mabawater.com\/?post_type=product&#038;p=25124"},"modified":"2024-04-01T16:22:32","modified_gmt":"2024-04-01T16:22:32","slug":"motor-sumergible-saer-6-7-5hp-3f-60hz-230v-bano-aceite","status":"publish","type":"product","link":"https:\/\/mabawater.com\/en\/product\/motor-sumergible-saer-6-7-5hp-3f-60hz-230v-bano-aceite\/","title":{"rendered":"MOTOR SUMERGIBLE SAER 6&#8243; 7.5HP 3F\/60HZ\/230V BA\u00d1O ACEITE"},"content":{"rendered":"","protected":false},"excerpt":{"rendered":"<p>Los<strong> motores sumergibles SAER<\/strong> ba\u00f1o en aceite para pozo profundo de 6\u00b4\u00b4 de di\u00e1metro son dise\u00f1ados, fabricados y probados al 100% en Italia, lo que garantiza un uso duradero y eficiente a una temperatura m\u00e1xima de 35\u00b0C.<\/p>\n<p>Con su nuevo sistema de empuje axial, totalmente rebobinable y hecho con acero inoxidable y fundici\u00f3n gris, se aseguran los m\u00e1s altos est\u00e1ndares de calidad.<\/p>\n<p><a href=\"https:\/\/mabawater.com\/wp-content\/uploads\/2024\/04\/ft_motorsumergible6__cl_compressed.pdf\">Ver ficha t\u00e9cnica<\/a><\/p>","protected":false},"featured_media":25096,"comment_status":"open","ping_status":"closed","template":"","meta":[],"product_brand":[],"product_cat":[146,102],"product_tag":[],"class_list":{"0":"post-25124","1":"product","2":"type-product","3":"status-publish","4":"has-post-thumbnail","6":"product_cat-bombeo","7":"product_cat-sumergibles-residencial-para-pozo-y-de-achique","9":"first","10":"instock","11":"shipping-taxable","12":"product-type-simple"},"yoast_head":"<!-- This site is optimized with the Yoast SEO plugin v26.6 - https:\/\/yoast.com\/wordpress\/plugins\/seo\/ -->\n<title>MOTOR SUMERGIBLE SAER 6&quot; 7.5HP 3F\/60HZ\/230V BA\u00d1O ACEITE - Maba Water<\/title>\n<meta name=\"description\" content=\"Los motores sumergibles SAER ba\u00f1o en aceite son dise\u00f1ados, fabricados y probados al 100% en Italia, lo que garantiza un uso duradero y eficiente.\" \/>\n<meta name=\"robots\" content=\"index, follow, max-snippet:-1, max-image-preview:large, max-video-preview:-1\" \/>\n<link rel=\"canonical\" href=\"https:\/\/mabawater.com\/en\/product\/motor-sumergible-saer-6-7-5hp-3f-60hz-230v-bano-aceite\/\" \/>\n<meta property=\"og:locale\" content=\"en_US\" \/>\n<meta property=\"og:type\" content=\"article\" \/>\n<meta property=\"og:title\" content=\"MOTOR SUMERGIBLE SAER 6&quot; 7.5HP 3F\/60HZ\/230V BA\u00d1O ACEITE - Maba Water\" \/>\n<meta property=\"og:description\" content=\"Los motores sumergibles SAER ba\u00f1o en aceite son dise\u00f1ados, fabricados y probados al 100% en Italia, lo que garantiza un uso duradero y eficiente.\" \/>\n<meta property=\"og:url\" content=\"https:\/\/mabawater.com\/en\/product\/motor-sumergible-saer-6-7-5hp-3f-60hz-230v-bano-aceite\/\" \/>\n<meta property=\"og:site_name\" content=\"Maba Water\" \/>\n<meta property=\"article:publisher\" content=\"https:\/\/www.facebook.com\/mabawater\/\" \/>\n<meta property=\"article:modified_time\" content=\"2024-04-01T16:22:32+00:00\" \/>\n<meta property=\"og:image\" content=\"https:\/\/mabawater.com\/wp-content\/uploads\/2024\/03\/Quotes-Daily-Facebook-Post-43.png\" \/>\n\t<meta property=\"og:image:width\" content=\"940\" \/>\n\t<meta property=\"og:image:height\" content=\"788\" \/>\n\t<meta property=\"og:image:type\" content=\"image\/png\" \/>\n<meta name=\"twitter:card\" content=\"summary_large_image\" \/>\n<!-- \/ Yoast SEO plugin. -->","yoast_head_json":{"title":"MOTOR SUMERGIBLE SAER 6\" 7.5HP 3F\/60HZ\/230V BA\u00d1O ACEITE - Maba Water","description":"Los motores sumergibles SAER ba\u00f1o en aceite son dise\u00f1ados, fabricados y probados al 100% en Italia, lo que garantiza un uso duradero y eficiente.","robots":{"index":"index","follow":"follow","max-snippet":"max-snippet:-1","max-image-preview":"max-image-preview:large","max-video-preview":"max-video-preview:-1"},"canonical":"https:\/\/mabawater.com\/en\/product\/motor-sumergible-saer-6-7-5hp-3f-60hz-230v-bano-aceite\/","og_locale":"en_US","og_type":"article","og_title":"MOTOR SUMERGIBLE SAER 6\" 7.5HP 3F\/60HZ\/230V BA\u00d1O ACEITE - Maba Water","og_description":"Los motores sumergibles SAER ba\u00f1o en aceite son dise\u00f1ados, fabricados y probados al 100% en Italia, lo que garantiza un uso duradero y eficiente.","og_url":"https:\/\/mabawater.com\/en\/product\/motor-sumergible-saer-6-7-5hp-3f-60hz-230v-bano-aceite\/","og_site_name":"Maba Water","article_publisher":"https:\/\/www.facebook.com\/mabawater\/","article_modified_time":"2024-04-01T16:22:32+00:00","og_image":[{"width":940,"height":788,"url":"https:\/\/mabawater.com\/wp-content\/uploads\/2024\/03\/Quotes-Daily-Facebook-Post-43.png","type":"image\/png"}],"twitter_card":"summary_large_image","schema":{"@context":"https:\/\/schema.org","@graph":[{"@type":"WebPage","@id":"https:\/\/mabawater.com\/producto\/motor-sumergible-saer-6-7-5hp-3f-60hz-230v-bano-aceite\/","url":"https:\/\/mabawater.com\/producto\/motor-sumergible-saer-6-7-5hp-3f-60hz-230v-bano-aceite\/","name":"MOTOR SUMERGIBLE SAER 6\" 7.5HP 3F\/60HZ\/230V BA\u00d1O ACEITE - Maba Water","isPartOf":{"@id":"https:\/\/mabawater.com\/#website"},"primaryImageOfPage":{"@id":"https:\/\/mabawater.com\/producto\/motor-sumergible-saer-6-7-5hp-3f-60hz-230v-bano-aceite\/#primaryimage"},"image":{"@id":"https:\/\/mabawater.com\/producto\/motor-sumergible-saer-6-7-5hp-3f-60hz-230v-bano-aceite\/#primaryimage"},"thumbnailUrl":"https:\/\/mabawater.com\/wp-content\/uploads\/2024\/03\/Quotes-Daily-Facebook-Post-43.png","datePublished":"2024-04-01T16:20:32+00:00","dateModified":"2024-04-01T16:22:32+00:00","description":"Los motores sumergibles SAER ba\u00f1o en aceite son dise\u00f1ados, fabricados y probados al 100% en Italia, lo que garantiza un uso duradero y eficiente.","breadcrumb":{"@id":"https:\/\/mabawater.com\/producto\/motor-sumergible-saer-6-7-5hp-3f-60hz-230v-bano-aceite\/#breadcrumb"},"inLanguage":"en-US","potentialAction":[{"@type":"ReadAction","target":["https:\/\/mabawater.com\/producto\/motor-sumergible-saer-6-7-5hp-3f-60hz-230v-bano-aceite\/"]}]},{"@type":"ImageObject","inLanguage":"en-US","@id":"https:\/\/mabawater.com\/producto\/motor-sumergible-saer-6-7-5hp-3f-60hz-230v-bano-aceite\/#primaryimage","url":"https:\/\/mabawater.com\/wp-content\/uploads\/2024\/03\/Quotes-Daily-Facebook-Post-43.png","contentUrl":"https:\/\/mabawater.com\/wp-content\/uploads\/2024\/03\/Quotes-Daily-Facebook-Post-43.png","width":940,"height":788},{"@type":"BreadcrumbList","@id":"https:\/\/mabawater.com\/producto\/motor-sumergible-saer-6-7-5hp-3f-60hz-230v-bano-aceite\/#breadcrumb","itemListElement":[{"@type":"ListItem","position":1,"name":"Portada","item":"https:\/\/mabawater.com\/"},{"@type":"ListItem","position":2,"name":"Productos Para La Calidad Del Agua","item":"https:\/\/mabawater.com\/productos-para-la-calidad-del-agua\/"},{"@type":"ListItem","position":3,"name":"MOTOR SUMERGIBLE SAER 6&#8243; 7.5HP 3F\/60HZ\/230V BA\u00d1O ACEITE"}]},{"@type":"WebSite","@id":"https:\/\/mabawater.com\/#website","url":"https:\/\/mabawater.com\/","name":"Maba Water","description":"Soluciones Hidr\u00e1ulicas Sustentables","publisher":{"@id":"https:\/\/mabawater.com\/#organization"},"potentialAction":[{"@type":"SearchAction","target":{"@type":"EntryPoint","urlTemplate":"https:\/\/mabawater.com\/?s={search_term_string}"},"query-input":{"@type":"PropertyValueSpecification","valueRequired":true,"valueName":"search_term_string"}}],"inLanguage":"en-US"},{"@type":"Organization","@id":"https:\/\/mabawater.com\/#organization","name":"Maba Water","url":"https:\/\/mabawater.com\/","logo":{"@type":"ImageObject","inLanguage":"en-US","@id":"https:\/\/mabawater.com\/#\/schema\/logo\/image\/","url":"https:\/\/mabawater.com\/wp-content\/uploads\/2021\/09\/water-icon.png","contentUrl":"https:\/\/mabawater.com\/wp-content\/uploads\/2021\/09\/water-icon.png","width":410,"height":176,"caption":"Maba Water"},"image":{"@id":"https:\/\/mabawater.com\/#\/schema\/logo\/image\/"},"sameAs":["https:\/\/www.facebook.com\/mabawater\/","https:\/\/www.instagram.com\/mabawater\/?hl=es-la"]}]}},"_links":{"self":[{"href":"https:\/\/mabawater.com\/en\/wp-json\/wp\/v2\/product\/25124","targetHints":{"allow":["GET"]}}],"collection":[{"href":"https:\/\/mabawater.com\/en\/wp-json\/wp\/v2\/product"}],"about":[{"href":"https:\/\/mabawater.com\/en\/wp-json\/wp\/v2\/types\/product"}],"replies":[{"embeddable":true,"href":"https:\/\/mabawater.com\/en\/wp-json\/wp\/v2\/comments?post=25124"}],"version-history":[{"count":1,"href":"https:\/\/mabawater.com\/en\/wp-json\/wp\/v2\/product\/25124\/revisions"}],"predecessor-version":[{"id":25125,"href":"https:\/\/mabawater.com\/en\/wp-json\/wp\/v2\/product\/25124\/revisions\/25125"}],"wp:featuredmedia":[{"embeddable":true,"href":"https:\/\/mabawater.com\/en\/wp-json\/wp\/v2\/media\/25096"}],"wp:attachment":[{"href":"https:\/\/mabawater.com\/en\/wp-json\/wp\/v2\/media?parent=25124"}],"wp:term":[{"taxonomy":"product_brand","embeddable":true,"href":"https:\/\/mabawater.com\/en\/wp-json\/wp\/v2\/product_brand?post=25124"},{"taxonomy":"product_cat","embeddable":true,"href":"https:\/\/mabawater.com\/en\/wp-json\/wp\/v2\/product_cat?post=25124"},{"taxonomy":"product_tag","embeddable":true,"href":"https:\/\/mabawater.com\/en\/wp-json\/wp\/v2\/product_tag?post=25124"}],"curies":[{"name":"wp","href":"https:\/\/api.w.org\/{rel}","templated":true}]}}