{"id":25148,"date":"2024-04-01T21:07:32","date_gmt":"2024-04-01T21:07:32","guid":{"rendered":"https:\/\/mabawater.com\/?post_type=product&#038;p=25148"},"modified":"2026-04-10T23:18:42","modified_gmt":"2026-04-10T23:18:42","slug":"bomba-circuladora-taco-1-25hp-1-60-115v-alto-flujo","status":"publish","type":"product","link":"https:\/\/mabawater.com\/en\/product\/bomba-circuladora-taco-1-25hp-1-60-115v-alto-flujo\/","title":{"rendered":"BOMBA CIRCULADORA TACO 1\/25HP 1\/60\/115V ALTO FLUJO"},"content":{"rendered":"","protected":false},"excerpt":{"rendered":"<p>Las <strong>bombas recirculadoras<\/strong> de cartucho Taco Serie 00 son robustas, vers\u00e1tiles para una instalaci\u00f3n f\u00e1cil y r\u00e1pida.<\/p>\n<p>Con su dise\u00f1o autolubricante y sin sello mec\u00e1nico, proporcionan una confiabilidad incomparable que hace que no requieran mantenimiento; estas <strong>bombas de agua<\/strong>\u00a0cuentan con un cartucho reemplazable que contiene todas las partes m\u00f3viles (rotor, flecha e impulsor).<\/p>\n<p><a href=\"https:\/\/mabawater.com\/wp-content\/uploads\/2024\/04\/ft-sbo-taco-serie000-2023_1.pdf\">Descarga la ficha t\u00e9cnica<\/a><\/p>","protected":false},"featured_media":25146,"comment_status":"open","ping_status":"closed","template":"","meta":[],"product_brand":[],"product_cat":[146,160],"product_tag":[],"class_list":{"0":"post-25148","1":"product","2":"type-product","3":"status-publish","4":"has-post-thumbnail","6":"product_cat-bombeo","7":"product_cat-industrial-y-multietapas","9":"first","10":"instock","11":"shipping-taxable","12":"product-type-simple"},"yoast_head":"<!-- This site is optimized with the Yoast SEO plugin v26.6 - https:\/\/yoast.com\/wordpress\/plugins\/seo\/ -->\n<title>BOMBA CIRCULADORA TACO 1\/25HP 1\/60\/115V ALTO FLUJO - Maba Water<\/title>\n<meta name=\"description\" content=\"Las bombas recirculadoras de cartucho Taco Serie 00 son robustas, vers\u00e1tiles para una instalaci\u00f3n f\u00e1cil, r\u00e1pida y con su dise\u00f1o auto lubricante.\" \/>\n<meta name=\"robots\" content=\"index, follow, max-snippet:-1, max-image-preview:large, max-video-preview:-1\" \/>\n<link rel=\"canonical\" href=\"https:\/\/mabawater.com\/en\/product\/bomba-circuladora-taco-1-25hp-1-60-115v-alto-flujo\/\" \/>\n<meta property=\"og:locale\" content=\"en_US\" \/>\n<meta property=\"og:type\" content=\"article\" \/>\n<meta property=\"og:title\" content=\"BOMBA CIRCULADORA TACO 1\/25HP 1\/60\/115V ALTO FLUJO - Maba Water\" \/>\n<meta property=\"og:description\" content=\"Las bombas recirculadoras de cartucho Taco Serie 00 son robustas, vers\u00e1tiles para una instalaci\u00f3n f\u00e1cil, r\u00e1pida y con su dise\u00f1o auto lubricante.\" \/>\n<meta property=\"og:url\" content=\"https:\/\/mabawater.com\/en\/product\/bomba-circuladora-taco-1-25hp-1-60-115v-alto-flujo\/\" \/>\n<meta property=\"og:site_name\" content=\"Maba Water\" \/>\n<meta property=\"article:publisher\" content=\"https:\/\/www.facebook.com\/mabawater\/\" \/>\n<meta property=\"article:modified_time\" content=\"2026-04-10T23:18:42+00:00\" \/>\n<meta property=\"og:image\" content=\"https:\/\/mabawater.com\/wp-content\/uploads\/2024\/04\/Quotes-Daily-Facebook-Post-44.png\" \/>\n\t<meta property=\"og:image:width\" content=\"940\" \/>\n\t<meta property=\"og:image:height\" content=\"788\" \/>\n\t<meta property=\"og:image:type\" content=\"image\/png\" \/>\n<meta name=\"twitter:card\" content=\"summary_large_image\" \/>\n<!-- \/ Yoast SEO plugin. -->","yoast_head_json":{"title":"BOMBA CIRCULADORA TACO 1\/25HP 1\/60\/115V ALTO FLUJO - Maba Water","description":"Las bombas recirculadoras de cartucho Taco Serie 00 son robustas, vers\u00e1tiles para una instalaci\u00f3n f\u00e1cil, r\u00e1pida y con su dise\u00f1o auto lubricante.","robots":{"index":"index","follow":"follow","max-snippet":"max-snippet:-1","max-image-preview":"max-image-preview:large","max-video-preview":"max-video-preview:-1"},"canonical":"https:\/\/mabawater.com\/en\/product\/bomba-circuladora-taco-1-25hp-1-60-115v-alto-flujo\/","og_locale":"en_US","og_type":"article","og_title":"BOMBA CIRCULADORA TACO 1\/25HP 1\/60\/115V ALTO FLUJO - Maba Water","og_description":"Las bombas recirculadoras de cartucho Taco Serie 00 son robustas, vers\u00e1tiles para una instalaci\u00f3n f\u00e1cil, r\u00e1pida y con su dise\u00f1o auto lubricante.","og_url":"https:\/\/mabawater.com\/en\/product\/bomba-circuladora-taco-1-25hp-1-60-115v-alto-flujo\/","og_site_name":"Maba Water","article_publisher":"https:\/\/www.facebook.com\/mabawater\/","article_modified_time":"2026-04-10T23:18:42+00:00","og_image":[{"width":940,"height":788,"url":"https:\/\/mabawater.com\/wp-content\/uploads\/2024\/04\/Quotes-Daily-Facebook-Post-44.png","type":"image\/png"}],"twitter_card":"summary_large_image","schema":{"@context":"https:\/\/schema.org","@graph":[{"@type":"WebPage","@id":"https:\/\/mabawater.com\/producto\/bomba-circuladora-taco-1-25hp-1-60-115v-alto-flujo\/","url":"https:\/\/mabawater.com\/producto\/bomba-circuladora-taco-1-25hp-1-60-115v-alto-flujo\/","name":"BOMBA CIRCULADORA TACO 1\/25HP 1\/60\/115V ALTO FLUJO - Maba Water","isPartOf":{"@id":"https:\/\/mabawater.com\/#website"},"primaryImageOfPage":{"@id":"https:\/\/mabawater.com\/producto\/bomba-circuladora-taco-1-25hp-1-60-115v-alto-flujo\/#primaryimage"},"image":{"@id":"https:\/\/mabawater.com\/producto\/bomba-circuladora-taco-1-25hp-1-60-115v-alto-flujo\/#primaryimage"},"thumbnailUrl":"https:\/\/mabawater.com\/wp-content\/uploads\/2024\/04\/Quotes-Daily-Facebook-Post-44.png","datePublished":"2024-04-01T21:07:32+00:00","dateModified":"2026-04-10T23:18:42+00:00","description":"Las bombas recirculadoras de cartucho Taco Serie 00 son robustas, vers\u00e1tiles para una instalaci\u00f3n f\u00e1cil, r\u00e1pida y con su dise\u00f1o auto lubricante.","breadcrumb":{"@id":"https:\/\/mabawater.com\/producto\/bomba-circuladora-taco-1-25hp-1-60-115v-alto-flujo\/#breadcrumb"},"inLanguage":"en-US","potentialAction":[{"@type":"ReadAction","target":["https:\/\/mabawater.com\/producto\/bomba-circuladora-taco-1-25hp-1-60-115v-alto-flujo\/"]}]},{"@type":"ImageObject","inLanguage":"en-US","@id":"https:\/\/mabawater.com\/producto\/bomba-circuladora-taco-1-25hp-1-60-115v-alto-flujo\/#primaryimage","url":"https:\/\/mabawater.com\/wp-content\/uploads\/2024\/04\/Quotes-Daily-Facebook-Post-44.png","contentUrl":"https:\/\/mabawater.com\/wp-content\/uploads\/2024\/04\/Quotes-Daily-Facebook-Post-44.png","width":940,"height":788},{"@type":"BreadcrumbList","@id":"https:\/\/mabawater.com\/producto\/bomba-circuladora-taco-1-25hp-1-60-115v-alto-flujo\/#breadcrumb","itemListElement":[{"@type":"ListItem","position":1,"name":"Portada","item":"https:\/\/mabawater.com\/"},{"@type":"ListItem","position":2,"name":"Productos Para La Calidad Del Agua","item":"https:\/\/mabawater.com\/productos-para-la-calidad-del-agua\/"},{"@type":"ListItem","position":3,"name":"BOMBA CIRCULADORA TACO 1\/25HP 1\/60\/115V ALTO FLUJO"}]},{"@type":"WebSite","@id":"https:\/\/mabawater.com\/#website","url":"https:\/\/mabawater.com\/","name":"Maba Water","description":"Soluciones Hidr\u00e1ulicas Sustentables","publisher":{"@id":"https:\/\/mabawater.com\/#organization"},"potentialAction":[{"@type":"SearchAction","target":{"@type":"EntryPoint","urlTemplate":"https:\/\/mabawater.com\/?s={search_term_string}"},"query-input":{"@type":"PropertyValueSpecification","valueRequired":true,"valueName":"search_term_string"}}],"inLanguage":"en-US"},{"@type":"Organization","@id":"https:\/\/mabawater.com\/#organization","name":"Maba Water","url":"https:\/\/mabawater.com\/","logo":{"@type":"ImageObject","inLanguage":"en-US","@id":"https:\/\/mabawater.com\/#\/schema\/logo\/image\/","url":"https:\/\/mabawater.com\/wp-content\/uploads\/2021\/09\/water-icon.png","contentUrl":"https:\/\/mabawater.com\/wp-content\/uploads\/2021\/09\/water-icon.png","width":410,"height":176,"caption":"Maba Water"},"image":{"@id":"https:\/\/mabawater.com\/#\/schema\/logo\/image\/"},"sameAs":["https:\/\/www.facebook.com\/mabawater\/","https:\/\/www.instagram.com\/mabawater\/?hl=es-la"]}]}},"_links":{"self":[{"href":"https:\/\/mabawater.com\/en\/wp-json\/wp\/v2\/product\/25148","targetHints":{"allow":["GET"]}}],"collection":[{"href":"https:\/\/mabawater.com\/en\/wp-json\/wp\/v2\/product"}],"about":[{"href":"https:\/\/mabawater.com\/en\/wp-json\/wp\/v2\/types\/product"}],"replies":[{"embeddable":true,"href":"https:\/\/mabawater.com\/en\/wp-json\/wp\/v2\/comments?post=25148"}],"version-history":[{"count":2,"href":"https:\/\/mabawater.com\/en\/wp-json\/wp\/v2\/product\/25148\/revisions"}],"predecessor-version":[{"id":25240,"href":"https:\/\/mabawater.com\/en\/wp-json\/wp\/v2\/product\/25148\/revisions\/25240"}],"wp:featuredmedia":[{"embeddable":true,"href":"https:\/\/mabawater.com\/en\/wp-json\/wp\/v2\/media\/25146"}],"wp:attachment":[{"href":"https:\/\/mabawater.com\/en\/wp-json\/wp\/v2\/media?parent=25148"}],"wp:term":[{"taxonomy":"product_brand","embeddable":true,"href":"https:\/\/mabawater.com\/en\/wp-json\/wp\/v2\/product_brand?post=25148"},{"taxonomy":"product_cat","embeddable":true,"href":"https:\/\/mabawater.com\/en\/wp-json\/wp\/v2\/product_cat?post=25148"},{"taxonomy":"product_tag","embeddable":true,"href":"https:\/\/mabawater.com\/en\/wp-json\/wp\/v2\/product_tag?post=25148"}],"curies":[{"name":"wp","href":"https:\/\/api.w.org\/{rel}","templated":true}]}}