{"id":25254,"date":"2024-04-03T23:04:25","date_gmt":"2024-04-03T23:04:25","guid":{"rendered":"https:\/\/mabawater.com\/?post_type=product&#038;p=25254"},"modified":"2025-06-08T20:46:47","modified_gmt":"2025-06-08T20:46:47","slug":"bomba-centrifuga-autocebante-vsc20-10hp-3450rpm-2x2-npt-3f-60hz-230-460v","status":"publish","type":"product","link":"https:\/\/mabawater.com\/en\/product\/bomba-centrifuga-autocebante-vsc20-10hp-3450rpm-2x2-npt-3f-60hz-230-460v\/","title":{"rendered":"BOMBA CENTRIFUGA AUTOCEBANTE VSC20 10HP 3450RPM 2&#8243;X2&#8243; NPT 3F\/60HZ\/230-460V"},"content":{"rendered":"","protected":false},"excerpt":{"rendered":"<p>La nueva familia serie VSC20 son <strong>bombas<\/strong> del tipo autocebante, est\u00e1n dise\u00f1adas para operar autom\u00e1ticamente una vez que la voluta sea llenada con agua en el primer arranque. Cuentan con un impulsor Semi abierto, son ideales para el<strong> manejo de aguas con s\u00f3lidos en suspensi\u00f3n<\/strong>. Su acoplamiento es directo a motor TEFC de alta eficiencia.<\/p>\n<ul>\n<li><strong>Bomba Centrifuga Autocebante<\/strong> Vsc20<\/li>\n<li>10hp<\/li>\n<li>3450rpm<\/li>\n<li>2&#8243;X2&#8243; Npt<\/li>\n<li>3f\/60hz\/230-460v<\/li>\n<\/ul>\n<p><a href=\"https:\/\/mabawater.com\/wp-content\/uploads\/2024\/04\/ficha-bomba-centrifuga-autocebante.pdf\">Descarga la ficha t\u00e9cnica<\/a><\/p>","protected":false},"featured_media":0,"comment_status":"open","ping_status":"closed","template":"","meta":[],"product_brand":[],"product_cat":[146,160],"product_tag":[],"class_list":{"0":"post-25254","1":"product","2":"type-product","3":"status-publish","5":"product_cat-bombeo","6":"product_cat-industrial-y-multietapas","8":"first","9":"instock","10":"shipping-taxable","11":"product-type-simple"},"yoast_head":"<!-- This site is optimized with the Yoast SEO plugin v26.6 - https:\/\/yoast.com\/wordpress\/plugins\/seo\/ -->\n<title>BOMBA CENTRIFUGA AUTOCEBANTE VSC20 10HP 3450RPM 2&quot;X2&quot; NPT 3F\/60HZ\/230-460V - Maba Water<\/title>\n<meta name=\"description\" content=\"BOMBA CENTRIFUGA AUTOCEBANTE VSC20 10HP, con un impulsor Semi abierto. Bombas ideales para el manejo de aguas con s\u00f3lidos en suspensi\u00f3n\" \/>\n<meta name=\"robots\" content=\"index, follow, max-snippet:-1, max-image-preview:large, max-video-preview:-1\" \/>\n<link rel=\"canonical\" href=\"https:\/\/mabawater.com\/en\/product\/bomba-centrifuga-autocebante-vsc20-10hp-3450rpm-2x2-npt-3f-60hz-230-460v\/\" \/>\n<meta property=\"og:locale\" content=\"en_US\" \/>\n<meta property=\"og:type\" content=\"article\" \/>\n<meta property=\"og:title\" content=\"BOMBA CENTRIFUGA AUTOCEBANTE VSC20 10HP 3450RPM 2&quot;X2&quot; NPT 3F\/60HZ\/230-460V - Maba Water\" \/>\n<meta property=\"og:description\" content=\"BOMBA CENTRIFUGA AUTOCEBANTE VSC20 10HP, con un impulsor Semi abierto. Bombas ideales para el manejo de aguas con s\u00f3lidos en suspensi\u00f3n\" \/>\n<meta property=\"og:url\" content=\"https:\/\/mabawater.com\/en\/product\/bomba-centrifuga-autocebante-vsc20-10hp-3450rpm-2x2-npt-3f-60hz-230-460v\/\" \/>\n<meta property=\"og:site_name\" content=\"Maba Water\" \/>\n<meta property=\"article:publisher\" content=\"https:\/\/www.facebook.com\/mabawater\/\" \/>\n<meta property=\"article:modified_time\" content=\"2025-06-08T20:46:47+00:00\" \/>\n<meta property=\"og:image\" content=\"https:\/\/mabawater.com\/wp-content\/uploads\/2024\/04\/BOMBA-CENTRIFUGA-AUTOCEBANTE.png\" \/>\n\t<meta property=\"og:image:width\" content=\"940\" \/>\n\t<meta property=\"og:image:height\" content=\"788\" \/>\n\t<meta property=\"og:image:type\" content=\"image\/png\" \/>\n<meta name=\"twitter:card\" content=\"summary_large_image\" \/>\n<!-- \/ Yoast SEO plugin. -->","yoast_head_json":{"title":"BOMBA CENTRIFUGA AUTOCEBANTE VSC20 10HP 3450RPM 2\"X2\" NPT 3F\/60HZ\/230-460V - Maba Water","description":"BOMBA CENTRIFUGA AUTOCEBANTE VSC20 10HP, con un impulsor Semi abierto. Bombas ideales para el manejo de aguas con s\u00f3lidos en suspensi\u00f3n","robots":{"index":"index","follow":"follow","max-snippet":"max-snippet:-1","max-image-preview":"max-image-preview:large","max-video-preview":"max-video-preview:-1"},"canonical":"https:\/\/mabawater.com\/en\/product\/bomba-centrifuga-autocebante-vsc20-10hp-3450rpm-2x2-npt-3f-60hz-230-460v\/","og_locale":"en_US","og_type":"article","og_title":"BOMBA CENTRIFUGA AUTOCEBANTE VSC20 10HP 3450RPM 2\"X2\" NPT 3F\/60HZ\/230-460V - Maba Water","og_description":"BOMBA CENTRIFUGA AUTOCEBANTE VSC20 10HP, con un impulsor Semi abierto. Bombas ideales para el manejo de aguas con s\u00f3lidos en suspensi\u00f3n","og_url":"https:\/\/mabawater.com\/en\/product\/bomba-centrifuga-autocebante-vsc20-10hp-3450rpm-2x2-npt-3f-60hz-230-460v\/","og_site_name":"Maba Water","article_publisher":"https:\/\/www.facebook.com\/mabawater\/","article_modified_time":"2025-06-08T20:46:47+00:00","og_image":[{"width":940,"height":788,"url":"https:\/\/mabawater.com\/wp-content\/uploads\/2024\/04\/BOMBA-CENTRIFUGA-AUTOCEBANTE.png","type":"image\/png"}],"twitter_card":"summary_large_image","schema":{"@context":"https:\/\/schema.org","@graph":[{"@type":"WebPage","@id":"https:\/\/mabawater.com\/producto\/bomba-centrifuga-autocebante-vsc20-10hp-3450rpm-2x2-npt-3f-60hz-230-460v\/","url":"https:\/\/mabawater.com\/producto\/bomba-centrifuga-autocebante-vsc20-10hp-3450rpm-2x2-npt-3f-60hz-230-460v\/","name":"BOMBA CENTRIFUGA AUTOCEBANTE VSC20 10HP 3450RPM 2\"X2\" NPT 3F\/60HZ\/230-460V - Maba Water","isPartOf":{"@id":"https:\/\/mabawater.com\/#website"},"datePublished":"2024-04-03T23:04:25+00:00","dateModified":"2025-06-08T20:46:47+00:00","description":"BOMBA CENTRIFUGA AUTOCEBANTE VSC20 10HP, con un impulsor Semi abierto. Bombas ideales para el manejo de aguas con s\u00f3lidos en suspensi\u00f3n","breadcrumb":{"@id":"https:\/\/mabawater.com\/producto\/bomba-centrifuga-autocebante-vsc20-10hp-3450rpm-2x2-npt-3f-60hz-230-460v\/#breadcrumb"},"inLanguage":"en-US","potentialAction":[{"@type":"ReadAction","target":["https:\/\/mabawater.com\/producto\/bomba-centrifuga-autocebante-vsc20-10hp-3450rpm-2x2-npt-3f-60hz-230-460v\/"]}]},{"@type":"BreadcrumbList","@id":"https:\/\/mabawater.com\/producto\/bomba-centrifuga-autocebante-vsc20-10hp-3450rpm-2x2-npt-3f-60hz-230-460v\/#breadcrumb","itemListElement":[{"@type":"ListItem","position":1,"name":"Portada","item":"https:\/\/mabawater.com\/"},{"@type":"ListItem","position":2,"name":"Productos Para La Calidad Del Agua","item":"https:\/\/mabawater.com\/productos-para-la-calidad-del-agua\/"},{"@type":"ListItem","position":3,"name":"BOMBA CENTRIFUGA AUTOCEBANTE VSC20 10HP 3450RPM 2&#8243;X2&#8243; NPT 3F\/60HZ\/230-460V"}]},{"@type":"WebSite","@id":"https:\/\/mabawater.com\/#website","url":"https:\/\/mabawater.com\/","name":"Maba Water","description":"Soluciones Hidr\u00e1ulicas Sustentables","publisher":{"@id":"https:\/\/mabawater.com\/#organization"},"potentialAction":[{"@type":"SearchAction","target":{"@type":"EntryPoint","urlTemplate":"https:\/\/mabawater.com\/?s={search_term_string}"},"query-input":{"@type":"PropertyValueSpecification","valueRequired":true,"valueName":"search_term_string"}}],"inLanguage":"en-US"},{"@type":"Organization","@id":"https:\/\/mabawater.com\/#organization","name":"Maba Water","url":"https:\/\/mabawater.com\/","logo":{"@type":"ImageObject","inLanguage":"en-US","@id":"https:\/\/mabawater.com\/#\/schema\/logo\/image\/","url":"https:\/\/mabawater.com\/wp-content\/uploads\/2021\/09\/water-icon.png","contentUrl":"https:\/\/mabawater.com\/wp-content\/uploads\/2021\/09\/water-icon.png","width":410,"height":176,"caption":"Maba Water"},"image":{"@id":"https:\/\/mabawater.com\/#\/schema\/logo\/image\/"},"sameAs":["https:\/\/www.facebook.com\/mabawater\/","https:\/\/www.instagram.com\/mabawater\/?hl=es-la"]}]}},"_links":{"self":[{"href":"https:\/\/mabawater.com\/en\/wp-json\/wp\/v2\/product\/25254","targetHints":{"allow":["GET"]}}],"collection":[{"href":"https:\/\/mabawater.com\/en\/wp-json\/wp\/v2\/product"}],"about":[{"href":"https:\/\/mabawater.com\/en\/wp-json\/wp\/v2\/types\/product"}],"replies":[{"embeddable":true,"href":"https:\/\/mabawater.com\/en\/wp-json\/wp\/v2\/comments?post=25254"}],"version-history":[{"count":1,"href":"https:\/\/mabawater.com\/en\/wp-json\/wp\/v2\/product\/25254\/revisions"}],"predecessor-version":[{"id":25257,"href":"https:\/\/mabawater.com\/en\/wp-json\/wp\/v2\/product\/25254\/revisions\/25257"}],"wp:attachment":[{"href":"https:\/\/mabawater.com\/en\/wp-json\/wp\/v2\/media?parent=25254"}],"wp:term":[{"taxonomy":"product_brand","embeddable":true,"href":"https:\/\/mabawater.com\/en\/wp-json\/wp\/v2\/product_brand?post=25254"},{"taxonomy":"product_cat","embeddable":true,"href":"https:\/\/mabawater.com\/en\/wp-json\/wp\/v2\/product_cat?post=25254"},{"taxonomy":"product_tag","embeddable":true,"href":"https:\/\/mabawater.com\/en\/wp-json\/wp\/v2\/product_tag?post=25254"}],"curies":[{"name":"wp","href":"https:\/\/api.w.org\/{rel}","templated":true}]}}