{"id":25273,"date":"2024-04-04T01:26:35","date_gmt":"2024-04-04T01:26:35","guid":{"rendered":"https:\/\/mabawater.com\/?post_type=product&#038;p=25273"},"modified":"2024-04-05T23:22:06","modified_gmt":"2024-04-05T23:22:06","slug":"bomba-centrifuga-autocebante-vsc20-3hp-3450rpm-2x2npt-3f-60hz-230-460v","status":"publish","type":"product","link":"https:\/\/mabawater.com\/en\/product\/bomba-centrifuga-autocebante-vsc20-3hp-3450rpm-2x2npt-3f-60hz-230-460v\/","title":{"rendered":"BOMBA CENTRIFUGA AUTOCEBANTE VSC20 3HP 3450RPM 2&#8243;X2&#8243;NPT 3F\/60HZ\/230-460V"},"content":{"rendered":"","protected":false},"excerpt":{"rendered":"<p>La nueva familia serie VSC20 son <strong>bombas del tipo autocebante<\/strong>, est\u00e1n dise\u00f1adas para operar autom\u00e1ticamente una vez que la voluta sea llenada con agua en el primer arranque.<\/p>\n<p>Cuentan con un impulsor Semi abierto, son ideales para el <strong>manejo de aguas con s\u00f3lidos en suspensi\u00f3n<\/strong>. Su acoplamiento es directo a motor TEFC de alta eficiencia.<\/p>\n<p><a href=\"https:\/\/mabawater.com\/wp-content\/uploads\/2024\/04\/ficha-tecnica-1.pdf\">Descarga Ficha T\u00e9cnica<\/a><\/p>","protected":false},"featured_media":25271,"comment_status":"open","ping_status":"closed","template":"","meta":[],"product_brand":[],"product_cat":[146,160],"product_tag":[],"class_list":{"0":"post-25273","1":"product","2":"type-product","3":"status-publish","4":"has-post-thumbnail","6":"product_cat-bombeo","7":"product_cat-industrial-y-multietapas","9":"first","10":"instock","11":"shipping-taxable","12":"product-type-simple"},"yoast_head":"<!-- This site is optimized with the Yoast SEO plugin v26.6 - https:\/\/yoast.com\/wordpress\/plugins\/seo\/ -->\n<title>BOMBA CENTRIFUGA AUTOCEBANTE VSC20 3HP 3450RPM 2&quot;X2&quot;NPT 3F\/60HZ\/230-460V - Maba Water<\/title>\n<meta name=\"description\" content=\"La nueva familia serie VSC20 son bombas del tipo autocebante, est\u00e1n dise\u00f1adas para operar autom\u00e1ticamente una vez que la voluta sea llenada con agua en el primer arranque.\" \/>\n<meta name=\"robots\" content=\"index, follow, max-snippet:-1, max-image-preview:large, max-video-preview:-1\" \/>\n<link rel=\"canonical\" href=\"https:\/\/mabawater.com\/en\/product\/bomba-centrifuga-autocebante-vsc20-3hp-3450rpm-2x2npt-3f-60hz-230-460v\/\" \/>\n<meta property=\"og:locale\" content=\"en_US\" \/>\n<meta property=\"og:type\" content=\"article\" \/>\n<meta property=\"og:title\" content=\"BOMBA CENTRIFUGA AUTOCEBANTE VSC20 3HP 3450RPM 2&quot;X2&quot;NPT 3F\/60HZ\/230-460V - Maba Water\" \/>\n<meta property=\"og:description\" content=\"La nueva familia serie VSC20 son bombas del tipo autocebante, est\u00e1n dise\u00f1adas para operar autom\u00e1ticamente una vez que la voluta sea llenada con agua en el primer arranque.\" \/>\n<meta property=\"og:url\" content=\"https:\/\/mabawater.com\/en\/product\/bomba-centrifuga-autocebante-vsc20-3hp-3450rpm-2x2npt-3f-60hz-230-460v\/\" \/>\n<meta property=\"og:site_name\" content=\"Maba Water\" \/>\n<meta property=\"article:publisher\" content=\"https:\/\/www.facebook.com\/mabawater\/\" \/>\n<meta property=\"article:modified_time\" content=\"2024-04-05T23:22:06+00:00\" \/>\n<meta property=\"og:image\" content=\"https:\/\/mabawater.com\/wp-content\/uploads\/2024\/04\/BOMBA-CENTRIFUGA-AUTOCEBANTE.png\" \/>\n\t<meta property=\"og:image:width\" content=\"940\" \/>\n\t<meta property=\"og:image:height\" content=\"788\" \/>\n\t<meta property=\"og:image:type\" content=\"image\/png\" \/>\n<meta name=\"twitter:card\" content=\"summary_large_image\" \/>\n<!-- \/ Yoast SEO plugin. -->","yoast_head_json":{"title":"BOMBA CENTRIFUGA AUTOCEBANTE VSC20 3HP 3450RPM 2\"X2\"NPT 3F\/60HZ\/230-460V - Maba Water","description":"La nueva familia serie VSC20 son bombas del tipo autocebante, est\u00e1n dise\u00f1adas para operar autom\u00e1ticamente una vez que la voluta sea llenada con agua en el primer arranque.","robots":{"index":"index","follow":"follow","max-snippet":"max-snippet:-1","max-image-preview":"max-image-preview:large","max-video-preview":"max-video-preview:-1"},"canonical":"https:\/\/mabawater.com\/en\/product\/bomba-centrifuga-autocebante-vsc20-3hp-3450rpm-2x2npt-3f-60hz-230-460v\/","og_locale":"en_US","og_type":"article","og_title":"BOMBA CENTRIFUGA AUTOCEBANTE VSC20 3HP 3450RPM 2\"X2\"NPT 3F\/60HZ\/230-460V - Maba Water","og_description":"La nueva familia serie VSC20 son bombas del tipo autocebante, est\u00e1n dise\u00f1adas para operar autom\u00e1ticamente una vez que la voluta sea llenada con agua en el primer arranque.","og_url":"https:\/\/mabawater.com\/en\/product\/bomba-centrifuga-autocebante-vsc20-3hp-3450rpm-2x2npt-3f-60hz-230-460v\/","og_site_name":"Maba Water","article_publisher":"https:\/\/www.facebook.com\/mabawater\/","article_modified_time":"2024-04-05T23:22:06+00:00","og_image":[{"width":940,"height":788,"url":"https:\/\/mabawater.com\/wp-content\/uploads\/2024\/04\/BOMBA-CENTRIFUGA-AUTOCEBANTE.png","type":"image\/png"}],"twitter_card":"summary_large_image","schema":{"@context":"https:\/\/schema.org","@graph":[{"@type":"WebPage","@id":"https:\/\/mabawater.com\/producto\/bomba-centrifuga-autocebante-vsc20-3hp-3450rpm-2x2npt-3f-60hz-230-460v\/","url":"https:\/\/mabawater.com\/producto\/bomba-centrifuga-autocebante-vsc20-3hp-3450rpm-2x2npt-3f-60hz-230-460v\/","name":"BOMBA CENTRIFUGA AUTOCEBANTE VSC20 3HP 3450RPM 2\"X2\"NPT 3F\/60HZ\/230-460V - Maba Water","isPartOf":{"@id":"https:\/\/mabawater.com\/#website"},"primaryImageOfPage":{"@id":"https:\/\/mabawater.com\/producto\/bomba-centrifuga-autocebante-vsc20-3hp-3450rpm-2x2npt-3f-60hz-230-460v\/#primaryimage"},"image":{"@id":"https:\/\/mabawater.com\/producto\/bomba-centrifuga-autocebante-vsc20-3hp-3450rpm-2x2npt-3f-60hz-230-460v\/#primaryimage"},"thumbnailUrl":"https:\/\/mabawater.com\/wp-content\/uploads\/2024\/04\/BOMBA-CENTRIFUGA-AUTOCEBANTE.png","datePublished":"2024-04-04T01:26:35+00:00","dateModified":"2024-04-05T23:22:06+00:00","description":"La nueva familia serie VSC20 son bombas del tipo autocebante, est\u00e1n dise\u00f1adas para operar autom\u00e1ticamente una vez que la voluta sea llenada con agua en el primer arranque.","breadcrumb":{"@id":"https:\/\/mabawater.com\/producto\/bomba-centrifuga-autocebante-vsc20-3hp-3450rpm-2x2npt-3f-60hz-230-460v\/#breadcrumb"},"inLanguage":"en-US","potentialAction":[{"@type":"ReadAction","target":["https:\/\/mabawater.com\/producto\/bomba-centrifuga-autocebante-vsc20-3hp-3450rpm-2x2npt-3f-60hz-230-460v\/"]}]},{"@type":"ImageObject","inLanguage":"en-US","@id":"https:\/\/mabawater.com\/producto\/bomba-centrifuga-autocebante-vsc20-3hp-3450rpm-2x2npt-3f-60hz-230-460v\/#primaryimage","url":"https:\/\/mabawater.com\/wp-content\/uploads\/2024\/04\/BOMBA-CENTRIFUGA-AUTOCEBANTE.png","contentUrl":"https:\/\/mabawater.com\/wp-content\/uploads\/2024\/04\/BOMBA-CENTRIFUGA-AUTOCEBANTE.png","width":940,"height":788},{"@type":"BreadcrumbList","@id":"https:\/\/mabawater.com\/producto\/bomba-centrifuga-autocebante-vsc20-3hp-3450rpm-2x2npt-3f-60hz-230-460v\/#breadcrumb","itemListElement":[{"@type":"ListItem","position":1,"name":"Portada","item":"https:\/\/mabawater.com\/"},{"@type":"ListItem","position":2,"name":"Productos Para La Calidad Del Agua","item":"https:\/\/mabawater.com\/productos-para-la-calidad-del-agua\/"},{"@type":"ListItem","position":3,"name":"BOMBA CENTRIFUGA AUTOCEBANTE VSC20 3HP 3450RPM 2&#8243;X2&#8243;NPT 3F\/60HZ\/230-460V"}]},{"@type":"WebSite","@id":"https:\/\/mabawater.com\/#website","url":"https:\/\/mabawater.com\/","name":"Maba Water","description":"Soluciones Hidr\u00e1ulicas Sustentables","publisher":{"@id":"https:\/\/mabawater.com\/#organization"},"potentialAction":[{"@type":"SearchAction","target":{"@type":"EntryPoint","urlTemplate":"https:\/\/mabawater.com\/?s={search_term_string}"},"query-input":{"@type":"PropertyValueSpecification","valueRequired":true,"valueName":"search_term_string"}}],"inLanguage":"en-US"},{"@type":"Organization","@id":"https:\/\/mabawater.com\/#organization","name":"Maba Water","url":"https:\/\/mabawater.com\/","logo":{"@type":"ImageObject","inLanguage":"en-US","@id":"https:\/\/mabawater.com\/#\/schema\/logo\/image\/","url":"https:\/\/mabawater.com\/wp-content\/uploads\/2021\/09\/water-icon.png","contentUrl":"https:\/\/mabawater.com\/wp-content\/uploads\/2021\/09\/water-icon.png","width":410,"height":176,"caption":"Maba Water"},"image":{"@id":"https:\/\/mabawater.com\/#\/schema\/logo\/image\/"},"sameAs":["https:\/\/www.facebook.com\/mabawater\/","https:\/\/www.instagram.com\/mabawater\/?hl=es-la"]}]}},"_links":{"self":[{"href":"https:\/\/mabawater.com\/en\/wp-json\/wp\/v2\/product\/25273","targetHints":{"allow":["GET"]}}],"collection":[{"href":"https:\/\/mabawater.com\/en\/wp-json\/wp\/v2\/product"}],"about":[{"href":"https:\/\/mabawater.com\/en\/wp-json\/wp\/v2\/types\/product"}],"replies":[{"embeddable":true,"href":"https:\/\/mabawater.com\/en\/wp-json\/wp\/v2\/comments?post=25273"}],"version-history":[{"count":2,"href":"https:\/\/mabawater.com\/en\/wp-json\/wp\/v2\/product\/25273\/revisions"}],"predecessor-version":[{"id":25345,"href":"https:\/\/mabawater.com\/en\/wp-json\/wp\/v2\/product\/25273\/revisions\/25345"}],"wp:featuredmedia":[{"embeddable":true,"href":"https:\/\/mabawater.com\/en\/wp-json\/wp\/v2\/media\/25271"}],"wp:attachment":[{"href":"https:\/\/mabawater.com\/en\/wp-json\/wp\/v2\/media?parent=25273"}],"wp:term":[{"taxonomy":"product_brand","embeddable":true,"href":"https:\/\/mabawater.com\/en\/wp-json\/wp\/v2\/product_brand?post=25273"},{"taxonomy":"product_cat","embeddable":true,"href":"https:\/\/mabawater.com\/en\/wp-json\/wp\/v2\/product_cat?post=25273"},{"taxonomy":"product_tag","embeddable":true,"href":"https:\/\/mabawater.com\/en\/wp-json\/wp\/v2\/product_tag?post=25273"}],"curies":[{"name":"wp","href":"https:\/\/api.w.org\/{rel}","templated":true}]}}