{"id":25371,"date":"2024-04-08T23:50:16","date_gmt":"2024-04-08T23:50:16","guid":{"rendered":"https:\/\/mabawater.com\/?post_type=product&#038;p=25371"},"modified":"2024-04-08T23:57:33","modified_gmt":"2024-04-08T23:57:33","slug":"sistema-de-presion-e-sybox-mini-850w-115-220v-50-60hz-npt-ipx4","status":"publish","type":"product","link":"https:\/\/mabawater.com\/en\/product\/sistema-de-presion-e-sybox-mini-850w-115-220v-50-60hz-npt-ipx4\/","title":{"rendered":"SISTEMA DE PRESI\u00d3N E.SYBOX MINI 850W 115\/220V 50\/60Hz NPT IPX4"},"content":{"rendered":"","protected":false},"excerpt":{"rendered":"<p><strong> E.SYBOX MINI<\/strong> es un <strong>sistema de presurizaci\u00f3n<\/strong> DAB\u00ae compacto y autom\u00e1tico para el s<strong>uministro de agua residencial<\/strong>.<\/p>\n<p>Garantiza la comodidad de <strong>presi\u00f3n constante<\/strong> (ajustable de 15 psi &#8211; 75 psi) del sistema y ahorro de energ\u00eda gracias a la tecnolog\u00eda inverter. Adecuado para su uso con <strong>agua potable<\/strong>, en los sistemas dom\u00e9sticos y en aplicaciones de jardiner\u00eda.<\/p>\n<p><a href=\"https:\/\/mabawater.com\/wp-content\/uploads\/2024\/04\/ficha-tecnica-esybox-mini.pdf\">Descarga la ficha t\u00e9cnica<\/a><\/p>","protected":false},"featured_media":25375,"comment_status":"open","ping_status":"closed","template":"","meta":[],"product_brand":[],"product_cat":[146,93],"product_tag":[],"class_list":{"0":"post-25371","1":"product","2":"type-product","3":"status-publish","4":"has-post-thumbnail","6":"product_cat-bombeo","7":"product_cat-de-superficie","9":"first","10":"instock","11":"shipping-taxable","12":"product-type-simple"},"yoast_head":"<!-- This site is optimized with the Yoast SEO plugin v26.6 - https:\/\/yoast.com\/wordpress\/plugins\/seo\/ -->\n<title>SISTEMA DE PRESI\u00d3N E.SYBOX MINI 850W 115\/220V 50\/60Hz NPT IPX4 - Maba Water<\/title>\n<meta name=\"description\" content=\"E.SYBOX MINI es un sistema de presurizaci\u00f3n compacto y autom\u00e1tico para el suministro de agua residencial. Garantiza la comodidad de presi\u00f3n constante.\" \/>\n<meta name=\"robots\" content=\"index, follow, max-snippet:-1, max-image-preview:large, max-video-preview:-1\" \/>\n<link rel=\"canonical\" href=\"https:\/\/mabawater.com\/en\/product\/sistema-de-presion-e-sybox-mini-850w-115-220v-50-60hz-npt-ipx4\/\" \/>\n<meta property=\"og:locale\" content=\"en_US\" \/>\n<meta property=\"og:type\" content=\"article\" \/>\n<meta property=\"og:title\" content=\"SISTEMA DE PRESI\u00d3N E.SYBOX MINI 850W 115\/220V 50\/60Hz NPT IPX4 - Maba Water\" \/>\n<meta property=\"og:description\" content=\"E.SYBOX MINI es un sistema de presurizaci\u00f3n compacto y autom\u00e1tico para el suministro de agua residencial. Garantiza la comodidad de presi\u00f3n constante.\" \/>\n<meta property=\"og:url\" content=\"https:\/\/mabawater.com\/en\/product\/sistema-de-presion-e-sybox-mini-850w-115-220v-50-60hz-npt-ipx4\/\" \/>\n<meta property=\"og:site_name\" content=\"Maba Water\" \/>\n<meta property=\"article:publisher\" content=\"https:\/\/www.facebook.com\/mabawater\/\" \/>\n<meta property=\"article:modified_time\" content=\"2024-04-08T23:57:33+00:00\" \/>\n<meta property=\"og:image\" content=\"https:\/\/mabawater.com\/wp-content\/uploads\/2024\/04\/SISTEMA-DE-PRESION-EASY.png\" \/>\n\t<meta property=\"og:image:width\" content=\"940\" \/>\n\t<meta property=\"og:image:height\" content=\"788\" \/>\n\t<meta property=\"og:image:type\" content=\"image\/png\" \/>\n<meta name=\"twitter:card\" content=\"summary_large_image\" \/>\n<!-- \/ Yoast SEO plugin. -->","yoast_head_json":{"title":"SISTEMA DE PRESI\u00d3N E.SYBOX MINI 850W 115\/220V 50\/60Hz NPT IPX4 - Maba Water","description":"E.SYBOX MINI es un sistema de presurizaci\u00f3n compacto y autom\u00e1tico para el suministro de agua residencial. Garantiza la comodidad de presi\u00f3n constante.","robots":{"index":"index","follow":"follow","max-snippet":"max-snippet:-1","max-image-preview":"max-image-preview:large","max-video-preview":"max-video-preview:-1"},"canonical":"https:\/\/mabawater.com\/en\/product\/sistema-de-presion-e-sybox-mini-850w-115-220v-50-60hz-npt-ipx4\/","og_locale":"en_US","og_type":"article","og_title":"SISTEMA DE PRESI\u00d3N E.SYBOX MINI 850W 115\/220V 50\/60Hz NPT IPX4 - Maba Water","og_description":"E.SYBOX MINI es un sistema de presurizaci\u00f3n compacto y autom\u00e1tico para el suministro de agua residencial. Garantiza la comodidad de presi\u00f3n constante.","og_url":"https:\/\/mabawater.com\/en\/product\/sistema-de-presion-e-sybox-mini-850w-115-220v-50-60hz-npt-ipx4\/","og_site_name":"Maba Water","article_publisher":"https:\/\/www.facebook.com\/mabawater\/","article_modified_time":"2024-04-08T23:57:33+00:00","og_image":[{"width":940,"height":788,"url":"https:\/\/mabawater.com\/wp-content\/uploads\/2024\/04\/SISTEMA-DE-PRESION-EASY.png","type":"image\/png"}],"twitter_card":"summary_large_image","schema":{"@context":"https:\/\/schema.org","@graph":[{"@type":"WebPage","@id":"https:\/\/mabawater.com\/producto\/sistema-de-presion-e-sybox-mini-850w-115-220v-50-60hz-npt-ipx4\/","url":"https:\/\/mabawater.com\/producto\/sistema-de-presion-e-sybox-mini-850w-115-220v-50-60hz-npt-ipx4\/","name":"SISTEMA DE PRESI\u00d3N E.SYBOX MINI 850W 115\/220V 50\/60Hz NPT IPX4 - Maba Water","isPartOf":{"@id":"https:\/\/mabawater.com\/#website"},"primaryImageOfPage":{"@id":"https:\/\/mabawater.com\/producto\/sistema-de-presion-e-sybox-mini-850w-115-220v-50-60hz-npt-ipx4\/#primaryimage"},"image":{"@id":"https:\/\/mabawater.com\/producto\/sistema-de-presion-e-sybox-mini-850w-115-220v-50-60hz-npt-ipx4\/#primaryimage"},"thumbnailUrl":"https:\/\/mabawater.com\/wp-content\/uploads\/2024\/04\/SISTEMA-DE-PRESION-EASY.png","datePublished":"2024-04-08T23:50:16+00:00","dateModified":"2024-04-08T23:57:33+00:00","description":"E.SYBOX MINI es un sistema de presurizaci\u00f3n compacto y autom\u00e1tico para el suministro de agua residencial. Garantiza la comodidad de presi\u00f3n constante.","breadcrumb":{"@id":"https:\/\/mabawater.com\/producto\/sistema-de-presion-e-sybox-mini-850w-115-220v-50-60hz-npt-ipx4\/#breadcrumb"},"inLanguage":"en-US","potentialAction":[{"@type":"ReadAction","target":["https:\/\/mabawater.com\/producto\/sistema-de-presion-e-sybox-mini-850w-115-220v-50-60hz-npt-ipx4\/"]}]},{"@type":"ImageObject","inLanguage":"en-US","@id":"https:\/\/mabawater.com\/producto\/sistema-de-presion-e-sybox-mini-850w-115-220v-50-60hz-npt-ipx4\/#primaryimage","url":"https:\/\/mabawater.com\/wp-content\/uploads\/2024\/04\/SISTEMA-DE-PRESION-EASY.png","contentUrl":"https:\/\/mabawater.com\/wp-content\/uploads\/2024\/04\/SISTEMA-DE-PRESION-EASY.png","width":940,"height":788},{"@type":"BreadcrumbList","@id":"https:\/\/mabawater.com\/producto\/sistema-de-presion-e-sybox-mini-850w-115-220v-50-60hz-npt-ipx4\/#breadcrumb","itemListElement":[{"@type":"ListItem","position":1,"name":"Portada","item":"https:\/\/mabawater.com\/"},{"@type":"ListItem","position":2,"name":"Productos Para La Calidad Del Agua","item":"https:\/\/mabawater.com\/productos-para-la-calidad-del-agua\/"},{"@type":"ListItem","position":3,"name":"SISTEMA DE PRESI\u00d3N E.SYBOX MINI 850W 115\/220V 50\/60Hz NPT IPX4"}]},{"@type":"WebSite","@id":"https:\/\/mabawater.com\/#website","url":"https:\/\/mabawater.com\/","name":"Maba Water","description":"Soluciones Hidr\u00e1ulicas Sustentables","publisher":{"@id":"https:\/\/mabawater.com\/#organization"},"potentialAction":[{"@type":"SearchAction","target":{"@type":"EntryPoint","urlTemplate":"https:\/\/mabawater.com\/?s={search_term_string}"},"query-input":{"@type":"PropertyValueSpecification","valueRequired":true,"valueName":"search_term_string"}}],"inLanguage":"en-US"},{"@type":"Organization","@id":"https:\/\/mabawater.com\/#organization","name":"Maba Water","url":"https:\/\/mabawater.com\/","logo":{"@type":"ImageObject","inLanguage":"en-US","@id":"https:\/\/mabawater.com\/#\/schema\/logo\/image\/","url":"https:\/\/mabawater.com\/wp-content\/uploads\/2021\/09\/water-icon.png","contentUrl":"https:\/\/mabawater.com\/wp-content\/uploads\/2021\/09\/water-icon.png","width":410,"height":176,"caption":"Maba Water"},"image":{"@id":"https:\/\/mabawater.com\/#\/schema\/logo\/image\/"},"sameAs":["https:\/\/www.facebook.com\/mabawater\/","https:\/\/www.instagram.com\/mabawater\/?hl=es-la"]}]}},"_links":{"self":[{"href":"https:\/\/mabawater.com\/en\/wp-json\/wp\/v2\/product\/25371","targetHints":{"allow":["GET"]}}],"collection":[{"href":"https:\/\/mabawater.com\/en\/wp-json\/wp\/v2\/product"}],"about":[{"href":"https:\/\/mabawater.com\/en\/wp-json\/wp\/v2\/types\/product"}],"replies":[{"embeddable":true,"href":"https:\/\/mabawater.com\/en\/wp-json\/wp\/v2\/comments?post=25371"}],"version-history":[{"count":1,"href":"https:\/\/mabawater.com\/en\/wp-json\/wp\/v2\/product\/25371\/revisions"}],"predecessor-version":[{"id":25376,"href":"https:\/\/mabawater.com\/en\/wp-json\/wp\/v2\/product\/25371\/revisions\/25376"}],"wp:featuredmedia":[{"embeddable":true,"href":"https:\/\/mabawater.com\/en\/wp-json\/wp\/v2\/media\/25375"}],"wp:attachment":[{"href":"https:\/\/mabawater.com\/en\/wp-json\/wp\/v2\/media?parent=25371"}],"wp:term":[{"taxonomy":"product_brand","embeddable":true,"href":"https:\/\/mabawater.com\/en\/wp-json\/wp\/v2\/product_brand?post=25371"},{"taxonomy":"product_cat","embeddable":true,"href":"https:\/\/mabawater.com\/en\/wp-json\/wp\/v2\/product_cat?post=25371"},{"taxonomy":"product_tag","embeddable":true,"href":"https:\/\/mabawater.com\/en\/wp-json\/wp\/v2\/product_tag?post=25371"}],"curies":[{"name":"wp","href":"https:\/\/api.w.org\/{rel}","templated":true}]}}