{"id":25411,"date":"2024-04-09T01:13:56","date_gmt":"2024-04-09T01:13:56","guid":{"rendered":"https:\/\/mabawater.com\/?post_type=product&#038;p=25411"},"modified":"2024-04-09T01:13:59","modified_gmt":"2024-04-09T01:13:59","slug":"sistema-de-presion-esybox-max-4-7hp-3f-50-60hz-380-480v-4-etapas","status":"publish","type":"product","link":"https:\/\/mabawater.com\/en\/product\/sistema-de-presion-esybox-max-4-7hp-3f-50-60hz-380-480v-4-etapas\/","title":{"rendered":"SISTEMA DE PRESI\u00d3N ESYBOX MAX 4.7HP 3F\/50-60HZ\/380-480V 4 ETAPAS"},"content":{"rendered":"","protected":false},"excerpt":{"rendered":"<p>ESYBOX MAX puede configurarse modularmente con las bases ESYDOCK MAX en sistemas individuales, dobles, triples o cu\u00e1druples, obteniendo as\u00ed un sistema completo capaz de abastecer las necesidades h\u00eddricas de un edificio de departamentos de hasta 14 pisos o incluso hoteles cubriendo 200 puntos de salida de agua simult\u00e1neos con una presi\u00f3n constante de 50 PSI*<\/p>\n<p><a href=\"https:\/\/mabawater.com\/wp-content\/uploads\/2024\/04\/ficha-tecnica-1-1.pdf\">Descarga Ficha T\u00e9cnica<\/a><\/p>","protected":false},"featured_media":25412,"comment_status":"open","ping_status":"closed","template":"","meta":[],"product_brand":[],"product_cat":[146,93],"product_tag":[],"class_list":{"0":"post-25411","1":"product","2":"type-product","3":"status-publish","4":"has-post-thumbnail","6":"product_cat-bombeo","7":"product_cat-de-superficie","9":"first","10":"instock","11":"shipping-taxable","12":"product-type-simple"},"yoast_head":"<!-- This site is optimized with the Yoast SEO plugin v26.6 - https:\/\/yoast.com\/wordpress\/plugins\/seo\/ -->\n<title>SISTEMA DE PRESI\u00d3N ESYBOX MAX 4.7HP 3F\/50-60HZ\/380-480V 4 ETAPAS - Maba Water<\/title>\n<meta name=\"description\" content=\"ESYBOX MAX es el nuevo sistema de presuri-zaci\u00f3n con INVERTER INTEGRADO idealmentedise\u00f1ado para edificaciones comerciales yresidenciales.\" \/>\n<meta name=\"robots\" content=\"index, follow, max-snippet:-1, max-image-preview:large, max-video-preview:-1\" \/>\n<link rel=\"canonical\" href=\"https:\/\/mabawater.com\/en\/product\/sistema-de-presion-esybox-max-4-7hp-3f-50-60hz-380-480v-4-etapas\/\" \/>\n<meta property=\"og:locale\" content=\"en_US\" \/>\n<meta property=\"og:type\" content=\"article\" \/>\n<meta property=\"og:title\" content=\"SISTEMA DE PRESI\u00d3N ESYBOX MAX 4.7HP 3F\/50-60HZ\/380-480V 4 ETAPAS - Maba Water\" \/>\n<meta property=\"og:description\" content=\"ESYBOX MAX es el nuevo sistema de presuri-zaci\u00f3n con INVERTER INTEGRADO idealmentedise\u00f1ado para edificaciones comerciales yresidenciales.\" \/>\n<meta property=\"og:url\" content=\"https:\/\/mabawater.com\/en\/product\/sistema-de-presion-esybox-max-4-7hp-3f-50-60hz-380-480v-4-etapas\/\" \/>\n<meta property=\"og:site_name\" content=\"Maba Water\" \/>\n<meta property=\"article:publisher\" content=\"https:\/\/www.facebook.com\/mabawater\/\" \/>\n<meta property=\"article:modified_time\" content=\"2024-04-09T01:13:59+00:00\" \/>\n<meta property=\"og:image\" content=\"https:\/\/mabawater.com\/wp-content\/uploads\/2024\/04\/SISTEMA-DE-PRESION-EASY-BOX.png\" \/>\n\t<meta property=\"og:image:width\" content=\"940\" \/>\n\t<meta property=\"og:image:height\" content=\"788\" \/>\n\t<meta property=\"og:image:type\" content=\"image\/png\" \/>\n<meta name=\"twitter:card\" content=\"summary_large_image\" \/>\n<!-- \/ Yoast SEO plugin. -->","yoast_head_json":{"title":"SISTEMA DE PRESI\u00d3N ESYBOX MAX 4.7HP 3F\/50-60HZ\/380-480V 4 ETAPAS - Maba Water","description":"ESYBOX MAX es el nuevo sistema de presuri-zaci\u00f3n con INVERTER INTEGRADO idealmentedise\u00f1ado para edificaciones comerciales yresidenciales.","robots":{"index":"index","follow":"follow","max-snippet":"max-snippet:-1","max-image-preview":"max-image-preview:large","max-video-preview":"max-video-preview:-1"},"canonical":"https:\/\/mabawater.com\/en\/product\/sistema-de-presion-esybox-max-4-7hp-3f-50-60hz-380-480v-4-etapas\/","og_locale":"en_US","og_type":"article","og_title":"SISTEMA DE PRESI\u00d3N ESYBOX MAX 4.7HP 3F\/50-60HZ\/380-480V 4 ETAPAS - Maba Water","og_description":"ESYBOX MAX es el nuevo sistema de presuri-zaci\u00f3n con INVERTER INTEGRADO idealmentedise\u00f1ado para edificaciones comerciales yresidenciales.","og_url":"https:\/\/mabawater.com\/en\/product\/sistema-de-presion-esybox-max-4-7hp-3f-50-60hz-380-480v-4-etapas\/","og_site_name":"Maba Water","article_publisher":"https:\/\/www.facebook.com\/mabawater\/","article_modified_time":"2024-04-09T01:13:59+00:00","og_image":[{"width":940,"height":788,"url":"https:\/\/mabawater.com\/wp-content\/uploads\/2024\/04\/SISTEMA-DE-PRESION-EASY-BOX.png","type":"image\/png"}],"twitter_card":"summary_large_image","schema":{"@context":"https:\/\/schema.org","@graph":[{"@type":"WebPage","@id":"https:\/\/mabawater.com\/producto\/sistema-de-presion-esybox-max-4-7hp-3f-50-60hz-380-480v-4-etapas\/","url":"https:\/\/mabawater.com\/producto\/sistema-de-presion-esybox-max-4-7hp-3f-50-60hz-380-480v-4-etapas\/","name":"SISTEMA DE PRESI\u00d3N ESYBOX MAX 4.7HP 3F\/50-60HZ\/380-480V 4 ETAPAS - Maba Water","isPartOf":{"@id":"https:\/\/mabawater.com\/#website"},"primaryImageOfPage":{"@id":"https:\/\/mabawater.com\/producto\/sistema-de-presion-esybox-max-4-7hp-3f-50-60hz-380-480v-4-etapas\/#primaryimage"},"image":{"@id":"https:\/\/mabawater.com\/producto\/sistema-de-presion-esybox-max-4-7hp-3f-50-60hz-380-480v-4-etapas\/#primaryimage"},"thumbnailUrl":"https:\/\/mabawater.com\/wp-content\/uploads\/2024\/04\/SISTEMA-DE-PRESION-EASY-BOX.png","datePublished":"2024-04-09T01:13:56+00:00","dateModified":"2024-04-09T01:13:59+00:00","description":"ESYBOX MAX es el nuevo sistema de presuri-zaci\u00f3n con INVERTER INTEGRADO idealmentedise\u00f1ado para edificaciones comerciales yresidenciales.","breadcrumb":{"@id":"https:\/\/mabawater.com\/producto\/sistema-de-presion-esybox-max-4-7hp-3f-50-60hz-380-480v-4-etapas\/#breadcrumb"},"inLanguage":"en-US","potentialAction":[{"@type":"ReadAction","target":["https:\/\/mabawater.com\/producto\/sistema-de-presion-esybox-max-4-7hp-3f-50-60hz-380-480v-4-etapas\/"]}]},{"@type":"ImageObject","inLanguage":"en-US","@id":"https:\/\/mabawater.com\/producto\/sistema-de-presion-esybox-max-4-7hp-3f-50-60hz-380-480v-4-etapas\/#primaryimage","url":"https:\/\/mabawater.com\/wp-content\/uploads\/2024\/04\/SISTEMA-DE-PRESION-EASY-BOX.png","contentUrl":"https:\/\/mabawater.com\/wp-content\/uploads\/2024\/04\/SISTEMA-DE-PRESION-EASY-BOX.png","width":940,"height":788},{"@type":"BreadcrumbList","@id":"https:\/\/mabawater.com\/producto\/sistema-de-presion-esybox-max-4-7hp-3f-50-60hz-380-480v-4-etapas\/#breadcrumb","itemListElement":[{"@type":"ListItem","position":1,"name":"Portada","item":"https:\/\/mabawater.com\/"},{"@type":"ListItem","position":2,"name":"Productos Para La Calidad Del Agua","item":"https:\/\/mabawater.com\/productos-para-la-calidad-del-agua\/"},{"@type":"ListItem","position":3,"name":"SISTEMA DE PRESI\u00d3N ESYBOX MAX 4.7HP 3F\/50-60HZ\/380-480V 4 ETAPAS"}]},{"@type":"WebSite","@id":"https:\/\/mabawater.com\/#website","url":"https:\/\/mabawater.com\/","name":"Maba Water","description":"Soluciones Hidr\u00e1ulicas Sustentables","publisher":{"@id":"https:\/\/mabawater.com\/#organization"},"potentialAction":[{"@type":"SearchAction","target":{"@type":"EntryPoint","urlTemplate":"https:\/\/mabawater.com\/?s={search_term_string}"},"query-input":{"@type":"PropertyValueSpecification","valueRequired":true,"valueName":"search_term_string"}}],"inLanguage":"en-US"},{"@type":"Organization","@id":"https:\/\/mabawater.com\/#organization","name":"Maba Water","url":"https:\/\/mabawater.com\/","logo":{"@type":"ImageObject","inLanguage":"en-US","@id":"https:\/\/mabawater.com\/#\/schema\/logo\/image\/","url":"https:\/\/mabawater.com\/wp-content\/uploads\/2021\/09\/water-icon.png","contentUrl":"https:\/\/mabawater.com\/wp-content\/uploads\/2021\/09\/water-icon.png","width":410,"height":176,"caption":"Maba Water"},"image":{"@id":"https:\/\/mabawater.com\/#\/schema\/logo\/image\/"},"sameAs":["https:\/\/www.facebook.com\/mabawater\/","https:\/\/www.instagram.com\/mabawater\/?hl=es-la"]}]}},"_links":{"self":[{"href":"https:\/\/mabawater.com\/en\/wp-json\/wp\/v2\/product\/25411","targetHints":{"allow":["GET"]}}],"collection":[{"href":"https:\/\/mabawater.com\/en\/wp-json\/wp\/v2\/product"}],"about":[{"href":"https:\/\/mabawater.com\/en\/wp-json\/wp\/v2\/types\/product"}],"replies":[{"embeddable":true,"href":"https:\/\/mabawater.com\/en\/wp-json\/wp\/v2\/comments?post=25411"}],"version-history":[{"count":1,"href":"https:\/\/mabawater.com\/en\/wp-json\/wp\/v2\/product\/25411\/revisions"}],"predecessor-version":[{"id":25413,"href":"https:\/\/mabawater.com\/en\/wp-json\/wp\/v2\/product\/25411\/revisions\/25413"}],"wp:featuredmedia":[{"embeddable":true,"href":"https:\/\/mabawater.com\/en\/wp-json\/wp\/v2\/media\/25412"}],"wp:attachment":[{"href":"https:\/\/mabawater.com\/en\/wp-json\/wp\/v2\/media?parent=25411"}],"wp:term":[{"taxonomy":"product_brand","embeddable":true,"href":"https:\/\/mabawater.com\/en\/wp-json\/wp\/v2\/product_brand?post=25411"},{"taxonomy":"product_cat","embeddable":true,"href":"https:\/\/mabawater.com\/en\/wp-json\/wp\/v2\/product_cat?post=25411"},{"taxonomy":"product_tag","embeddable":true,"href":"https:\/\/mabawater.com\/en\/wp-json\/wp\/v2\/product_tag?post=25411"}],"curies":[{"name":"wp","href":"https:\/\/api.w.org\/{rel}","templated":true}]}}