{"id":25484,"date":"2024-04-10T22:50:11","date_gmt":"2024-04-10T22:50:11","guid":{"rendered":"https:\/\/mabawater.com\/?post_type=product&#038;p=25484"},"modified":"2024-04-10T22:51:04","modified_gmt":"2024-04-10T22:51:04","slug":"bomba-jet-fo-fo-dab-0-8hp-1f-60hz-115-127v","status":"publish","type":"product","link":"https:\/\/mabawater.com\/en\/product\/bomba-jet-fo-fo-dab-0-8hp-1f-60hz-115-127v\/","title":{"rendered":"BOMBA JET FO.FO. DAB 0.8HP 1F 60HZ 115-127V"},"content":{"rendered":"","protected":false},"excerpt":{"rendered":"<p>Las bombas centrifugas autocebantes JET de DAB cuentan con una excelente capacidad de aspiraci\u00f3n incluso si hay burbujas de aire en la succi\u00f3n. Poseen un cuerpo robusto construido en hierro fundido. Es adecuada para el suministro de agua en instalaciones dom\u00e9sticas, peque\u00f1a agricultura, jardiner\u00eda y cuando es necesaria la funci\u00f3n de auto aspiraci\u00f3n, para l\u00edquidos limpios libres de sustancias s\u00f3lidas o abrasivas, no viscosas, qu\u00edmicamente neutras.<\/p>\n<p><a href=\"https:\/\/mabawater.com\/wp-content\/uploads\/2024\/04\/jets_dab.pdf\">Descarga Ficha T\u00e9cnica<\/a><\/p>","protected":false},"featured_media":25478,"comment_status":"open","ping_status":"closed","template":"","meta":[],"product_brand":[],"product_cat":[146,93],"product_tag":[],"class_list":{"0":"post-25484","1":"product","2":"type-product","3":"status-publish","4":"has-post-thumbnail","6":"product_cat-bombeo","7":"product_cat-de-superficie","9":"first","10":"instock","11":"shipping-taxable","12":"product-type-simple"},"yoast_head":"<!-- This site is optimized with the Yoast SEO plugin v26.6 - https:\/\/yoast.com\/wordpress\/plugins\/seo\/ -->\n<title>BOMBA JET FO.FO. DAB 0.8HP 1F 60HZ 115-127V - Maba Water<\/title>\n<meta name=\"description\" content=\"Las bombas centrifugas autocebantes JET de DAB cuentan con una excelente capacidad de aspiraci\u00f3n incluso si hay burbujas de aire en la succi\u00f3n.\" \/>\n<meta name=\"robots\" content=\"index, follow, max-snippet:-1, max-image-preview:large, max-video-preview:-1\" \/>\n<link rel=\"canonical\" href=\"https:\/\/mabawater.com\/en\/product\/bomba-jet-fo-fo-dab-0-8hp-1f-60hz-115-127v\/\" \/>\n<meta property=\"og:locale\" content=\"en_US\" \/>\n<meta property=\"og:type\" content=\"article\" \/>\n<meta property=\"og:title\" content=\"BOMBA JET FO.FO. DAB 0.8HP 1F 60HZ 115-127V - Maba Water\" \/>\n<meta property=\"og:description\" content=\"Las bombas centrifugas autocebantes JET de DAB cuentan con una excelente capacidad de aspiraci\u00f3n incluso si hay burbujas de aire en la succi\u00f3n.\" \/>\n<meta property=\"og:url\" content=\"https:\/\/mabawater.com\/en\/product\/bomba-jet-fo-fo-dab-0-8hp-1f-60hz-115-127v\/\" \/>\n<meta property=\"og:site_name\" content=\"Maba Water\" \/>\n<meta property=\"article:publisher\" content=\"https:\/\/www.facebook.com\/mabawater\/\" \/>\n<meta property=\"article:modified_time\" content=\"2024-04-10T22:51:04+00:00\" \/>\n<meta property=\"og:image\" content=\"https:\/\/mabawater.com\/wp-content\/uploads\/2024\/04\/BOMBA-JET-1.png\" \/>\n\t<meta property=\"og:image:width\" content=\"940\" \/>\n\t<meta property=\"og:image:height\" content=\"788\" \/>\n\t<meta property=\"og:image:type\" content=\"image\/png\" \/>\n<meta name=\"twitter:card\" content=\"summary_large_image\" \/>\n<!-- \/ Yoast SEO plugin. -->","yoast_head_json":{"title":"BOMBA JET FO.FO. DAB 0.8HP 1F 60HZ 115-127V - Maba Water","description":"Las bombas centrifugas autocebantes JET de DAB cuentan con una excelente capacidad de aspiraci\u00f3n incluso si hay burbujas de aire en la succi\u00f3n.","robots":{"index":"index","follow":"follow","max-snippet":"max-snippet:-1","max-image-preview":"max-image-preview:large","max-video-preview":"max-video-preview:-1"},"canonical":"https:\/\/mabawater.com\/en\/product\/bomba-jet-fo-fo-dab-0-8hp-1f-60hz-115-127v\/","og_locale":"en_US","og_type":"article","og_title":"BOMBA JET FO.FO. DAB 0.8HP 1F 60HZ 115-127V - Maba Water","og_description":"Las bombas centrifugas autocebantes JET de DAB cuentan con una excelente capacidad de aspiraci\u00f3n incluso si hay burbujas de aire en la succi\u00f3n.","og_url":"https:\/\/mabawater.com\/en\/product\/bomba-jet-fo-fo-dab-0-8hp-1f-60hz-115-127v\/","og_site_name":"Maba Water","article_publisher":"https:\/\/www.facebook.com\/mabawater\/","article_modified_time":"2024-04-10T22:51:04+00:00","og_image":[{"width":940,"height":788,"url":"https:\/\/mabawater.com\/wp-content\/uploads\/2024\/04\/BOMBA-JET-1.png","type":"image\/png"}],"twitter_card":"summary_large_image","schema":{"@context":"https:\/\/schema.org","@graph":[{"@type":"WebPage","@id":"https:\/\/mabawater.com\/producto\/bomba-jet-fo-fo-dab-0-8hp-1f-60hz-115-127v\/","url":"https:\/\/mabawater.com\/producto\/bomba-jet-fo-fo-dab-0-8hp-1f-60hz-115-127v\/","name":"BOMBA JET FO.FO. DAB 0.8HP 1F 60HZ 115-127V - Maba Water","isPartOf":{"@id":"https:\/\/mabawater.com\/#website"},"primaryImageOfPage":{"@id":"https:\/\/mabawater.com\/producto\/bomba-jet-fo-fo-dab-0-8hp-1f-60hz-115-127v\/#primaryimage"},"image":{"@id":"https:\/\/mabawater.com\/producto\/bomba-jet-fo-fo-dab-0-8hp-1f-60hz-115-127v\/#primaryimage"},"thumbnailUrl":"https:\/\/mabawater.com\/wp-content\/uploads\/2024\/04\/BOMBA-JET-1.png","datePublished":"2024-04-10T22:50:11+00:00","dateModified":"2024-04-10T22:51:04+00:00","description":"Las bombas centrifugas autocebantes JET de DAB cuentan con una excelente capacidad de aspiraci\u00f3n incluso si hay burbujas de aire en la succi\u00f3n.","breadcrumb":{"@id":"https:\/\/mabawater.com\/producto\/bomba-jet-fo-fo-dab-0-8hp-1f-60hz-115-127v\/#breadcrumb"},"inLanguage":"en-US","potentialAction":[{"@type":"ReadAction","target":["https:\/\/mabawater.com\/producto\/bomba-jet-fo-fo-dab-0-8hp-1f-60hz-115-127v\/"]}]},{"@type":"ImageObject","inLanguage":"en-US","@id":"https:\/\/mabawater.com\/producto\/bomba-jet-fo-fo-dab-0-8hp-1f-60hz-115-127v\/#primaryimage","url":"https:\/\/mabawater.com\/wp-content\/uploads\/2024\/04\/BOMBA-JET-1.png","contentUrl":"https:\/\/mabawater.com\/wp-content\/uploads\/2024\/04\/BOMBA-JET-1.png","width":940,"height":788},{"@type":"BreadcrumbList","@id":"https:\/\/mabawater.com\/producto\/bomba-jet-fo-fo-dab-0-8hp-1f-60hz-115-127v\/#breadcrumb","itemListElement":[{"@type":"ListItem","position":1,"name":"Portada","item":"https:\/\/mabawater.com\/"},{"@type":"ListItem","position":2,"name":"Productos Para La Calidad Del Agua","item":"https:\/\/mabawater.com\/productos-para-la-calidad-del-agua\/"},{"@type":"ListItem","position":3,"name":"BOMBA JET FO.FO. DAB 0.8HP 1F 60HZ 115-127V"}]},{"@type":"WebSite","@id":"https:\/\/mabawater.com\/#website","url":"https:\/\/mabawater.com\/","name":"Maba Water","description":"Soluciones Hidr\u00e1ulicas Sustentables","publisher":{"@id":"https:\/\/mabawater.com\/#organization"},"potentialAction":[{"@type":"SearchAction","target":{"@type":"EntryPoint","urlTemplate":"https:\/\/mabawater.com\/?s={search_term_string}"},"query-input":{"@type":"PropertyValueSpecification","valueRequired":true,"valueName":"search_term_string"}}],"inLanguage":"en-US"},{"@type":"Organization","@id":"https:\/\/mabawater.com\/#organization","name":"Maba Water","url":"https:\/\/mabawater.com\/","logo":{"@type":"ImageObject","inLanguage":"en-US","@id":"https:\/\/mabawater.com\/#\/schema\/logo\/image\/","url":"https:\/\/mabawater.com\/wp-content\/uploads\/2021\/09\/water-icon.png","contentUrl":"https:\/\/mabawater.com\/wp-content\/uploads\/2021\/09\/water-icon.png","width":410,"height":176,"caption":"Maba Water"},"image":{"@id":"https:\/\/mabawater.com\/#\/schema\/logo\/image\/"},"sameAs":["https:\/\/www.facebook.com\/mabawater\/","https:\/\/www.instagram.com\/mabawater\/?hl=es-la"]}]}},"_links":{"self":[{"href":"https:\/\/mabawater.com\/en\/wp-json\/wp\/v2\/product\/25484","targetHints":{"allow":["GET"]}}],"collection":[{"href":"https:\/\/mabawater.com\/en\/wp-json\/wp\/v2\/product"}],"about":[{"href":"https:\/\/mabawater.com\/en\/wp-json\/wp\/v2\/types\/product"}],"replies":[{"embeddable":true,"href":"https:\/\/mabawater.com\/en\/wp-json\/wp\/v2\/comments?post=25484"}],"version-history":[{"count":1,"href":"https:\/\/mabawater.com\/en\/wp-json\/wp\/v2\/product\/25484\/revisions"}],"predecessor-version":[{"id":25485,"href":"https:\/\/mabawater.com\/en\/wp-json\/wp\/v2\/product\/25484\/revisions\/25485"}],"wp:featuredmedia":[{"embeddable":true,"href":"https:\/\/mabawater.com\/en\/wp-json\/wp\/v2\/media\/25478"}],"wp:attachment":[{"href":"https:\/\/mabawater.com\/en\/wp-json\/wp\/v2\/media?parent=25484"}],"wp:term":[{"taxonomy":"product_brand","embeddable":true,"href":"https:\/\/mabawater.com\/en\/wp-json\/wp\/v2\/product_brand?post=25484"},{"taxonomy":"product_cat","embeddable":true,"href":"https:\/\/mabawater.com\/en\/wp-json\/wp\/v2\/product_cat?post=25484"},{"taxonomy":"product_tag","embeddable":true,"href":"https:\/\/mabawater.com\/en\/wp-json\/wp\/v2\/product_tag?post=25484"}],"curies":[{"name":"wp","href":"https:\/\/api.w.org\/{rel}","templated":true}]}}