{"id":25527,"date":"2024-04-12T00:21:45","date_gmt":"2024-04-12T00:21:45","guid":{"rendered":"https:\/\/mabawater.com\/?post_type=product&#038;p=25527"},"modified":"2024-04-12T00:23:37","modified_gmt":"2024-04-12T00:23:37","slug":"bomba-para-drenaje-srm4t-20-fo-fo-myers-4-10-hp-115v-automatica-2-desc","status":"publish","type":"product","link":"https:\/\/mabawater.com\/en\/product\/bomba-para-drenaje-srm4t-20-fo-fo-myers-4-10-hp-115v-automatica-2-desc\/","title":{"rendered":"BOMBA PARA DRENAJE (SRM4T-20) FO.FO. MYERS 4\/10 HP 115V AUTOM\u00c1TICA 2&#8243; DESC"},"content":{"rendered":"","protected":false},"excerpt":{"rendered":"<p>La <strong>bomba sumergible de aguas residuales<\/strong> SRM4PC-1 es una bomba de gran durabilidad, alto flujo, baja carga y bajo consumo de energ\u00eda.<\/p>\n<p>Re\u00fane varias caracter\u00edsticas de las <strong>bombas inatascables<\/strong> en peque\u00f1o tama\u00f1o, lo que la hace una de las m\u00e1s \u00fatiles bombas en campo por su confiabilidad.<\/p>\n<p><a href=\"https:\/\/mabawater.com\/wp-content\/uploads\/2024\/04\/ft-sbo-myers-srm4pc-2023_1_compressed.pdf\">Ver ficha t\u00e9cnica aqu\u00ed<\/a><\/p>","protected":false},"featured_media":25529,"comment_status":"open","ping_status":"closed","template":"","meta":[],"product_brand":[],"product_cat":[146,612],"product_tag":[],"class_list":{"0":"post-25527","1":"product","2":"type-product","3":"status-publish","4":"has-post-thumbnail","6":"product_cat-bombeo","7":"product_cat-lodos-y-achique","9":"first","10":"instock","11":"shipping-taxable","12":"product-type-simple"},"yoast_head":"<!-- This site is optimized with the Yoast SEO plugin v26.6 - https:\/\/yoast.com\/wordpress\/plugins\/seo\/ -->\n<title>BOMBA PARA DRENAJE (SRM4T-20) FO.FO. MYERS 4\/10 HP 115V AUTOM\u00c1TICA 2&quot; DESC - Maba Water<\/title>\n<meta name=\"robots\" content=\"index, follow, max-snippet:-1, max-image-preview:large, max-video-preview:-1\" \/>\n<link rel=\"canonical\" href=\"https:\/\/mabawater.com\/en\/product\/bomba-para-drenaje-srm4t-20-fo-fo-myers-4-10-hp-115v-automatica-2-desc\/\" \/>\n<meta property=\"og:locale\" content=\"en_US\" \/>\n<meta property=\"og:type\" content=\"article\" \/>\n<meta property=\"og:title\" content=\"BOMBA PARA DRENAJE (SRM4T-20) FO.FO. MYERS 4\/10 HP 115V AUTOM\u00c1TICA 2&quot; DESC - Maba Water\" \/>\n<meta property=\"og:description\" content=\"La bomba sumergible de aguas residuales SRM4PC-1 es una bomba de gran durabilidad, alto flujo, baja carga y bajo consumo de energ\u00eda.  Re\u00fane varias caracter\u00edsticas de las bombas inatascables en peque\u00f1o tama\u00f1o, lo que la hace una de las m\u00e1s \u00fatiles bombas en campo por su confiabilidad.  Ver ficha t\u00e9cnica aqu\u00ed\" \/>\n<meta property=\"og:url\" content=\"https:\/\/mabawater.com\/en\/product\/bomba-para-drenaje-srm4t-20-fo-fo-myers-4-10-hp-115v-automatica-2-desc\/\" \/>\n<meta property=\"og:site_name\" content=\"Maba Water\" \/>\n<meta property=\"article:publisher\" content=\"https:\/\/www.facebook.com\/mabawater\/\" \/>\n<meta property=\"article:modified_time\" content=\"2024-04-12T00:23:37+00:00\" \/>\n<meta property=\"og:image\" content=\"https:\/\/mabawater.com\/wp-content\/uploads\/2024\/04\/Quotes-Daily-Facebook-Post-47-1.png\" \/>\n\t<meta property=\"og:image:width\" content=\"940\" \/>\n\t<meta property=\"og:image:height\" content=\"788\" \/>\n\t<meta property=\"og:image:type\" content=\"image\/png\" \/>\n<meta name=\"twitter:card\" content=\"summary_large_image\" \/>\n<!-- \/ Yoast SEO plugin. -->","yoast_head_json":{"title":"BOMBA PARA DRENAJE (SRM4T-20) FO.FO. MYERS 4\/10 HP 115V AUTOM\u00c1TICA 2\" DESC - Maba Water","robots":{"index":"index","follow":"follow","max-snippet":"max-snippet:-1","max-image-preview":"max-image-preview:large","max-video-preview":"max-video-preview:-1"},"canonical":"https:\/\/mabawater.com\/en\/product\/bomba-para-drenaje-srm4t-20-fo-fo-myers-4-10-hp-115v-automatica-2-desc\/","og_locale":"en_US","og_type":"article","og_title":"BOMBA PARA DRENAJE (SRM4T-20) FO.FO. MYERS 4\/10 HP 115V AUTOM\u00c1TICA 2\" DESC - Maba Water","og_description":"La bomba sumergible de aguas residuales SRM4PC-1 es una bomba de gran durabilidad, alto flujo, baja carga y bajo consumo de energ\u00eda.  Re\u00fane varias caracter\u00edsticas de las bombas inatascables en peque\u00f1o tama\u00f1o, lo que la hace una de las m\u00e1s \u00fatiles bombas en campo por su confiabilidad.  Ver ficha t\u00e9cnica aqu\u00ed","og_url":"https:\/\/mabawater.com\/en\/product\/bomba-para-drenaje-srm4t-20-fo-fo-myers-4-10-hp-115v-automatica-2-desc\/","og_site_name":"Maba Water","article_publisher":"https:\/\/www.facebook.com\/mabawater\/","article_modified_time":"2024-04-12T00:23:37+00:00","og_image":[{"width":940,"height":788,"url":"https:\/\/mabawater.com\/wp-content\/uploads\/2024\/04\/Quotes-Daily-Facebook-Post-47-1.png","type":"image\/png"}],"twitter_card":"summary_large_image","schema":{"@context":"https:\/\/schema.org","@graph":[{"@type":"WebPage","@id":"https:\/\/mabawater.com\/producto\/bomba-para-drenaje-srm4t-20-fo-fo-myers-4-10-hp-115v-automatica-2-desc\/","url":"https:\/\/mabawater.com\/producto\/bomba-para-drenaje-srm4t-20-fo-fo-myers-4-10-hp-115v-automatica-2-desc\/","name":"BOMBA PARA DRENAJE (SRM4T-20) FO.FO. MYERS 4\/10 HP 115V AUTOM\u00c1TICA 2\" DESC - Maba Water","isPartOf":{"@id":"https:\/\/mabawater.com\/#website"},"primaryImageOfPage":{"@id":"https:\/\/mabawater.com\/producto\/bomba-para-drenaje-srm4t-20-fo-fo-myers-4-10-hp-115v-automatica-2-desc\/#primaryimage"},"image":{"@id":"https:\/\/mabawater.com\/producto\/bomba-para-drenaje-srm4t-20-fo-fo-myers-4-10-hp-115v-automatica-2-desc\/#primaryimage"},"thumbnailUrl":"https:\/\/mabawater.com\/wp-content\/uploads\/2024\/04\/Quotes-Daily-Facebook-Post-47-1.png","datePublished":"2024-04-12T00:21:45+00:00","dateModified":"2024-04-12T00:23:37+00:00","breadcrumb":{"@id":"https:\/\/mabawater.com\/producto\/bomba-para-drenaje-srm4t-20-fo-fo-myers-4-10-hp-115v-automatica-2-desc\/#breadcrumb"},"inLanguage":"en-US","potentialAction":[{"@type":"ReadAction","target":["https:\/\/mabawater.com\/producto\/bomba-para-drenaje-srm4t-20-fo-fo-myers-4-10-hp-115v-automatica-2-desc\/"]}]},{"@type":"ImageObject","inLanguage":"en-US","@id":"https:\/\/mabawater.com\/producto\/bomba-para-drenaje-srm4t-20-fo-fo-myers-4-10-hp-115v-automatica-2-desc\/#primaryimage","url":"https:\/\/mabawater.com\/wp-content\/uploads\/2024\/04\/Quotes-Daily-Facebook-Post-47-1.png","contentUrl":"https:\/\/mabawater.com\/wp-content\/uploads\/2024\/04\/Quotes-Daily-Facebook-Post-47-1.png","width":940,"height":788},{"@type":"BreadcrumbList","@id":"https:\/\/mabawater.com\/producto\/bomba-para-drenaje-srm4t-20-fo-fo-myers-4-10-hp-115v-automatica-2-desc\/#breadcrumb","itemListElement":[{"@type":"ListItem","position":1,"name":"Portada","item":"https:\/\/mabawater.com\/"},{"@type":"ListItem","position":2,"name":"Productos Para La Calidad Del Agua","item":"https:\/\/mabawater.com\/productos-para-la-calidad-del-agua\/"},{"@type":"ListItem","position":3,"name":"BOMBA PARA DRENAJE (SRM4T-20) FO.FO. MYERS 4\/10 HP 115V AUTOM\u00c1TICA 2&#8243; DESC"}]},{"@type":"WebSite","@id":"https:\/\/mabawater.com\/#website","url":"https:\/\/mabawater.com\/","name":"Maba Water","description":"Soluciones Hidr\u00e1ulicas Sustentables","publisher":{"@id":"https:\/\/mabawater.com\/#organization"},"potentialAction":[{"@type":"SearchAction","target":{"@type":"EntryPoint","urlTemplate":"https:\/\/mabawater.com\/?s={search_term_string}"},"query-input":{"@type":"PropertyValueSpecification","valueRequired":true,"valueName":"search_term_string"}}],"inLanguage":"en-US"},{"@type":"Organization","@id":"https:\/\/mabawater.com\/#organization","name":"Maba Water","url":"https:\/\/mabawater.com\/","logo":{"@type":"ImageObject","inLanguage":"en-US","@id":"https:\/\/mabawater.com\/#\/schema\/logo\/image\/","url":"https:\/\/mabawater.com\/wp-content\/uploads\/2021\/09\/water-icon.png","contentUrl":"https:\/\/mabawater.com\/wp-content\/uploads\/2021\/09\/water-icon.png","width":410,"height":176,"caption":"Maba Water"},"image":{"@id":"https:\/\/mabawater.com\/#\/schema\/logo\/image\/"},"sameAs":["https:\/\/www.facebook.com\/mabawater\/","https:\/\/www.instagram.com\/mabawater\/?hl=es-la"]}]}},"_links":{"self":[{"href":"https:\/\/mabawater.com\/en\/wp-json\/wp\/v2\/product\/25527","targetHints":{"allow":["GET"]}}],"collection":[{"href":"https:\/\/mabawater.com\/en\/wp-json\/wp\/v2\/product"}],"about":[{"href":"https:\/\/mabawater.com\/en\/wp-json\/wp\/v2\/types\/product"}],"replies":[{"embeddable":true,"href":"https:\/\/mabawater.com\/en\/wp-json\/wp\/v2\/comments?post=25527"}],"version-history":[{"count":1,"href":"https:\/\/mabawater.com\/en\/wp-json\/wp\/v2\/product\/25527\/revisions"}],"predecessor-version":[{"id":25530,"href":"https:\/\/mabawater.com\/en\/wp-json\/wp\/v2\/product\/25527\/revisions\/25530"}],"wp:featuredmedia":[{"embeddable":true,"href":"https:\/\/mabawater.com\/en\/wp-json\/wp\/v2\/media\/25529"}],"wp:attachment":[{"href":"https:\/\/mabawater.com\/en\/wp-json\/wp\/v2\/media?parent=25527"}],"wp:term":[{"taxonomy":"product_brand","embeddable":true,"href":"https:\/\/mabawater.com\/en\/wp-json\/wp\/v2\/product_brand?post=25527"},{"taxonomy":"product_cat","embeddable":true,"href":"https:\/\/mabawater.com\/en\/wp-json\/wp\/v2\/product_cat?post=25527"},{"taxonomy":"product_tag","embeddable":true,"href":"https:\/\/mabawater.com\/en\/wp-json\/wp\/v2\/product_tag?post=25527"}],"curies":[{"name":"wp","href":"https:\/\/api.w.org\/{rel}","templated":true}]}}